{"id":617,"date":"2024-09-17T07:25:26","date_gmt":"2024-09-17T05:25:26","guid":{"rendered":"https:\/\/www.barcelonacard.org\/tr\/?page_id=617"},"modified":"2025-10-27T20:25:46","modified_gmt":"2025-10-27T19:25:46","slug":"iletisim","status":"publish","type":"page","link":"https:\/\/www.barcelonacard.org\/tr\/iletisim\/","title":{"rendered":"\u0130leti\u015fim"},"content":{"rendered":"\n<h3 class=\"wp-block-heading\">Bilet Sorular\u0131n\u0131z \u0130\u00e7in<\/h3>\n\n\n\n<p>Biletler veya mevcut rezervasyonlar\u0131n\u0131zla ilgili her t\u00fcrl\u00fc sorunuz i\u00e7in l\u00fctfen bilet orta\u011f\u0131m\u0131zla ileti\u015fime ge\u00e7in:<\/p>\n\n\n\n<p>E-posta: info@ticketbar.eu<\/p>\n\n\n\n<p>Telefon: +44 2035142614<\/p>\n\n\n\n<hr class=\"wp-block-separator has-alpha-channel-opacity\" \/>\n\n\n\n<h3 class=\"wp-block-heading\">Ziyaret\u00e7i Bilgileri \u0130\u00e7in<\/h3>\n\n\n\n<p>Turlar, turistik yerler, k\u00fclt\u00fcrel etkinlikler veya otel rezervasyonlar\u0131 hakk\u0131nda bilgi almak isterseniz, Barselona&#8217;n\u0131n resmi turizm ofisi Turisme de Barcelona ile ileti\u015fime ge\u00e7ebilirsiniz.<\/p>\n\n\n\n<ul class=\"wp-block-list\">\n<li>E-posta: info@barcelonaturisme.com<\/li>\n<\/ul>\n\n\n\n<ul class=\"wp-block-list\">\n<li>Telefon: +34 932 853 832 (her g\u00fcn 08:00-20:00 saatleri aras\u0131nda hizmet vermektedir)<\/li>\n<\/ul>\n\n\n\n<p>E\u011fer zaten Barselona&#8217;daysan\u0131z, havaliman\u0131nda veya \u015fehirde bulunan resmi turizm ofislerinden birini ziyaret edebilirsiniz. Ofislerin tam listesine <a href=\"https:\/\/www.barcelonaturisme.com\/wv3\/en\/page\/38\/tourist-information-points.html\" target=\"_blank\" rel=\"noreferrer noopener nofollow\">bu ba\u011flant\u0131dan<\/a> ula\u015fabilirsiniz. <\/p>\n\n\n\n<hr class=\"wp-block-separator has-alpha-channel-opacity\" \/>\n\n\n\n<h3 class=\"wp-block-heading\"><strong>Web Sitesi Deste\u011fi \u0130\u00e7in<\/strong><\/h3>\n\n\n\n<p>Bu web sitesi ile ilgili her t\u00fcrl\u00fc sorunuz i\u00e7in l\u00fctfen do\u011frudan bizimle ileti\u015fime ge\u00e7in:<\/p>\n\n\n\n<ul class=\"wp-block-list\">\n<li>E-posta: info@moonshot.media<\/li>\n<\/ul>\n\n\n\n<p><\/p>\n","protected":false},"excerpt":{"rendered":"","protected":false},"author":4,"featured_media":0,"parent":0,"menu_order":1,"comment_status":"closed","ping_status":"closed","template":"","meta":{"_acf_changed":false,"footnotes":"","button_url":"https:\/\/www.tiqets.com\/en\/barcelona-attractions-c66342\/tickets-for-barcelona-card-72-Hour-96-Hour-120-Hour-p975758\/?partner=barcelonacard","ms_product_id":"","ms_product_name":"","ms_price":"","ms_currency":"","ms_rating_value":"","ms_review_count":"","rank_math_title":"%title% %sep% %sitename%","rank_math_description":"Barselona Kart\u0131n\u0131zla ilgili yard\u0131ma m\u0131 ihtiyac\u0131n\u0131z var? Bilet veya rezervasyonla ilgili sorular\u0131n\u0131z i\u00e7in bilet orta\u011f\u0131m\u0131zla ileti\u015fime ge\u00e7in."},"post-style":[],"producer":[],"class_list":["post-617","page","type-page","status-publish","has-post-thumbnail"],"acf":[],"product_schema":{"ms_product_id":"","ms_product_name":"","ms_price":"","ms_currency":"","ms_rating_value":"","ms_review_count":""},"_links":{"self":[{"href":"https:\/\/www.barcelonacard.org\/tr\/wp-json\/wp\/v2\/pages\/617","targetHints":{"allow":["GET"]}}],"collection":[{"href":"https:\/\/www.barcelonacard.org\/tr\/wp-json\/wp\/v2\/pages"}],"about":[{"href":"https:\/\/www.barcelonacard.org\/tr\/wp-json\/wp\/v2\/types\/page"}],"author":[{"embeddable":true,"href":"https:\/\/www.barcelonacard.org\/tr\/wp-json\/wp\/v2\/users\/4"}],"replies":[{"embeddable":true,"href":"https:\/\/www.barcelonacard.org\/tr\/wp-json\/wp\/v2\/comments?post=617"}],"version-history":[{"count":3,"href":"https:\/\/www.barcelonacard.org\/tr\/wp-json\/wp\/v2\/pages\/617\/revisions"}],"predecessor-version":[{"id":1156,"href":"https:\/\/www.barcelonacard.org\/tr\/wp-json\/wp\/v2\/pages\/617\/revisions\/1156"}],"wp:attachment":[{"href":"https:\/\/www.barcelonacard.org\/tr\/wp-json\/wp\/v2\/media?parent=617"}],"wp:term":[{"taxonomy":"post-style","embeddable":true,"href":"https:\/\/www.barcelonacard.org\/tr\/wp-json\/wp\/v2\/post-style?post=617"},{"taxonomy":"producer","embeddable":true,"href":"https:\/\/www.barcelonacard.org\/tr\/wp-json\/wp\/v2\/producer?post=617"}],"curies":[{"name":"wp","href":"https:\/\/api.w.org\/{rel}","templated":true}]}}