{"id":13,"date":"2013-10-25T17:23:53","date_gmt":"2013-10-25T15:23:53","guid":{"rendered":"https:\/\/www.barcelonacard.org\/tr\/?page_id=13"},"modified":"2025-10-27T20:26:32","modified_gmt":"2025-10-27T19:26:32","slug":"turizm-danisma-ofisi","status":"publish","type":"page","link":"https:\/\/www.barcelonacard.org\/tr\/turizm-danisma-ofisi\/","title":{"rendered":"Turist Bilgi Ofisleri"},"content":{"rendered":"\n<p>Barselona&#8217;da nerede olursan\u0131z olun, yak\u0131n\u0131n\u0131zda mutlaka bir turizm ofisi bulabilirsiniz. Ana ofis Pla\u00e7a de Catalunya&#8217;da yer alsa da, \u015fehrin d\u00f6rt bir yan\u0131nda \u00e7ok say\u0131da bilgi noktas\u0131 mevcuttur.<\/p>\n\n\n\n<p>Barselona Havaliman\u0131&#8217;n\u0131n her iki terminalinde de ofisler bulunur. Barcelona Kart&#8217;\u0131n\u0131z\u0131 online olarak \u00f6nceden sat\u0131n al\u0131p, havaliman\u0131ndan kolayca teslim alabilirsiniz. Ayr\u0131ca havaliman\u0131 trenini kullanarak \u015fehir merkezine ula\u015fma imkan\u0131n\u0131z da cabas\u0131!<\/p>\n\n\n\n<p>A\u015fa\u011f\u0131da, ileti\u015fim bilgileri, adresleri ve \u00e7al\u0131\u015fma saatleri ile birlikte turistik bilgi noktalar\u0131n\u0131n bir listesini bulabilirsiniz:<\/p>\n\n\n\n<h3 class=\"wp-block-heading\">Pla\u00e7a de Catalunya<\/h3>\n\n\n\n<p>Barselona&#8217;n\u0131n tam kalbinde bulunan bu ofis, \u00e7ok dilli destek, hediyelik e\u015fya d\u00fckkan\u0131 ve KDV iadesi gibi hizmetler sunar. Ayn\u0131 zamanda <a href=\"https:\/\/www.tiqets.com\/en\/barcelona-attractions-c66342\/tickets-for-picasso-walking-tour-picasso-museum-skip-the-line-p977198\/?partner=barcelonacard&amp;tq_campaign=S-en--P-tourist-information-offices--L-mc--A-tl\" rel=\"nofollow noopener\">Picasso Y\u00fcr\u00fcy\u00fc\u015f Turu + Picasso M\u00fczesi H\u0131zl\u0131 Giri\u015f<\/a> bileti i\u00e7in bulu\u015fma noktas\u0131d\u0131r.<\/p>\n\n\n\n<ul class=\"wp-block-list\">\n<li>Adres: Pla\u00e7a de Catalunya, 17-S, 08002, Barselona.<\/li>\n\n\n\n<li>Telefon: 932 853 834<\/li>\n\n\n\n<li>\u00c7al\u0131\u015fma saatleri: Her g\u00fcn, 08:30\u201320:30.<\/li>\n<\/ul>\n\n\n\n<h3 class=\"wp-block-heading\">Havaliman\u0131 Terminalleri 1 &amp; 2<\/h3>\n\n\n\n<p>Barselona \u2013 El Prat Havaliman\u0131 i\u00e7inde yer alan kullan\u0131\u015fl\u0131 bir bilgi noktas\u0131d\u0131r.<\/p>\n\n\n\n<ul class=\"wp-block-list\">\n<li>Adres: Aeroport del Prat &#8211; Terminal 1 i 2 (B)<\/li>\n<\/ul>\n\n\n\n<ul class=\"wp-block-list\">\n<li>\u00c7al\u0131\u015fma saatleri:<\/li>\n<\/ul>\n\n\n\n<p>T1: Pazartesi\u2013Pazar, 08:30\u201319:30. T2: Pazartesi\u2013Pazar, 08:30\u201319:30.<\/p>\n\n\n\n<h3 class=\"wp-block-heading\">Barselona Havaliman\u0131 Terminalleri Metro L9 Lobisi<\/h3>\n\n\n\n<p>Barselona Havaliman\u0131 (T1 ve T2) lobisinde, Metro L9 hatt\u0131n\u0131n yan\u0131nda yer alan bilgi standlar\u0131d\u0131r.<\/p>\n\n\n\n<ul class=\"wp-block-list\">\n<li>Adres: Aeroport del Prat &#8211; Metro L9, Barselona.<\/li>\n<\/ul>\n\n\n\n<ul class=\"wp-block-list\">\n<li>\u00c7al\u0131\u015fma saatleri:<\/li>\n<\/ul>\n\n\n\n<p>T1: Pazartesi\u2013Pazar, 08:30\u201314:30. T2: Pazartesi\u2013Pazar, 08:30\u201314:30.<\/p>\n\n\n\n<h3 class=\"wp-block-heading\">Oficina Catedral<\/h3>\n\n\n\n<p>Gotik Mahalle&#8217;de, Barselona Katedrali&#8217;nin hemen yan\u0131nda bulunan bir bilgi noktas\u0131d\u0131r.<\/p>\n\n\n\n<ul class=\"wp-block-list\">\n<li>Adres: Pla de la Seu s\/n, Barselona.<\/li>\n<\/ul>\n\n\n\n<ul class=\"wp-block-list\">\n<li>\u00c7al\u0131\u015fma saatleri:<\/li>\n<\/ul>\n\n\n\n<p>Pazartesi\u2013Cumartesi: 09:00\u201317:00.<\/p>\n\n\n\n<p>Pazar: Kapal\u0131.<\/p>\n\n\n\n<h3 class=\"wp-block-heading\">Mirador de Colom<\/h3>\n\n\n\n<p>Eski liman\u0131n hemen yan\u0131nda, y\u00fcr\u00fcy\u00fc\u015f i\u00e7in harika bir b\u00f6lgede bulunan Kolomb An\u0131t\u0131&#8217;n\u0131n i\u00e7indeki turistik ofistir. Burada yard\u0131m alabilir, bilet sat\u0131n alabilir ve tur \u00f6nerileri edinebilirsiniz.<\/p>\n\n\n\n<ul class=\"wp-block-list\">\n<li>Adres: Pla\u00e7a del Portal de la Pau, s\/n, 08002, Barselona.<\/li>\n\n\n\n<li>\u00c7al\u0131\u015fma saatleri: Pazartesi\u2013Pazar, 08:30\u201314:30.<\/li>\n\n\n\n<li>Mirador&#8217;a son giri\u015f, kapan\u0131\u015f saatinden 30 dakika \u00f6ncedir.<\/li>\n<\/ul>\n\n\n\n<h3 class=\"wp-block-heading\">Estaci\u00f3 del Nord<\/h3>\n\n\n\n<p>Otob\u00fcsle geliyorsan\u0131z, Estaci\u00f3 del Nord&#8217;daki l&#8217;Espai Mediterr\u00e0nia&#8217;da bir bilgi noktas\u0131 bulabilirsiniz.<\/p>\n\n\n\n<ul class=\"wp-block-list\">\n<li>Adres: Estaci\u00f3 del Nord &#8211; Espai Mediterr\u00e0nia, 08013, Barselona.<\/li>\n\n\n\n<li>\u00c7al\u0131\u015fma saatleri: Pazartesi\u2013Pazar, 08:30\u201314:00.<\/li>\n<\/ul>\n\n\n\n<div class=\"ms-p ms-rounded ms-mb-last-child-0 ms-mb-children-condensed ms-mb-block ms-alert--neutral\">\n<h4 class=\"gb-text-8c5919a0\"><span class=\"gb-shape\"><svg viewBox=\"0 0 256 256\" fill=\"#000000\" height=\"32\" width=\"32\" xmlns=\"http:\/\/www.w3.org\/2000\/svg\"><path d=\"M108,84a16,16,0,1,1,16,16A16,16,0,0,1,108,84Zm128,44A108,108,0,1,1,128,20,108.12,108.12,0,0,1,236,128Zm-24,0a84,84,0,1,0-84,84A84.09,84.09,0,0,0,212,128Zm-72,36.68V132a20,20,0,0,0-20-20,12,12,0,0,0-4,23.32V168a20,20,0,0,0,20,20,12,12,0,0,0,4-23.32Z\"><\/path><\/svg><\/span><span class=\"gb-text\">\u00d6nemli Not<\/span><\/h4>\n\n\n\n<p class=\"gb-text\">3 \u015eubat&#8217;tan itibaren Estaci\u00f3 del Nord ofisi yenileme \u00e7al\u0131\u015fmalar\u0131 nedeniyle kapal\u0131 olacakt\u0131r.<\/p>\n\n\n\n<p class=\"gb-text\">Daha fazla bilgi i\u00e7in <a href=\"https:\/\/www.barcelonaturisme.com\/wv3\/en\/page\/38\/tourist-information-points.html\" data-type=\"link\" data-id=\"https:\/\/www.barcelonaturisme.com\/wv3\/en\/page\/38\/tourist-information-points.html\" target=\"_blank\" rel=\"noreferrer noopener nofollow\">buraya t\u0131klay\u0131n\u0131z<\/a>. <\/p>\n<\/div>\n\n\n\n<h3 class=\"wp-block-heading\">Turist Bilgi Stantlar\u0131<\/h3>\n\n\n\n<p>Barselona&#8217;n\u0131n \u00f6nemli noktalar\u0131nda turistik bilgi stantlar\u0131 da yer almaktad\u0131r. Bu stantlardaki personel, ki\u015fisel tavsiye ve ipu\u00e7lar\u0131 vererek size yard\u0131mc\u0131 olmaya haz\u0131rd\u0131r.<\/p>\n\n\n\n<ul class=\"wp-block-list\">\n<li><strong>Cabina Colom<\/strong><\/li>\n<\/ul>\n\n\n\n<p>Adres: Pla\u00e7a Portal de la Pau, s\/n.<\/p>\n\n\n\n<p>\u00c7al\u0131\u015fma saatleri: Pazartesi\u2013Pazar, 08:30\u201314:30.<\/p>\n\n\n\n<ul class=\"wp-block-list\">\n<li><strong>Cabina Pla\u00e7a Catalunya Bergara<\/strong><\/li>\n<\/ul>\n\n\n\n<p>Adres: Pla\u00e7a de Catalunya, s\/n.<\/p>\n\n\n\n<p>\u00c7al\u0131\u015fma saatleri: Pazartesi\u2013Pazar, 08:30\u201320:00.<\/p>\n\n\n\n<ul class=\"wp-block-list\">\n<li><strong>Cabina Pla\u00e7a de Catalunya Nord<\/strong><\/li>\n<\/ul>\n\n\n\n<p>Adres: Pla\u00e7a de Catalunya, s\/n (El Corte Ingl\u00e9s&#8217;in \u00f6n\u00fcnde).<\/p>\n\n\n\n<p>\u00c7al\u0131\u015fma saatleri: Pazartesi ve Pazar, 08:30\u201314:30. Sal\u0131\u2013Cumartesi, 08:30\u201320:00.<\/p>\n\n\n\n<ul class=\"wp-block-list\">\n<li><strong>Cabina Pla\u00e7a de Catalunya Sud<\/strong><\/li>\n<\/ul>\n\n\n\n<p>Adres: Pla\u00e7a de Catalunya, s\/n (El Triangle&#8217;\u0131n \u00f6n\u00fcnde).<\/p>\n\n\n\n<p>\u00c7al\u0131\u015fma saatleri: Pazartesi\u2013Pazar, 08:30\u201320:00.<\/p>\n\n\n\n<ul class=\"wp-block-list\">\n<li><strong>Cabina Pla\u00e7a Espanya<\/strong><\/li>\n<\/ul>\n\n\n\n<p>Adres: Pla\u00e7a Espanya\/ Maria Cristina Av.<\/p>\n\n\n\n<p>\u00c7al\u0131\u015fma saatleri: Pazartesi\u2013Pazar, 08:30\u201314:30.<\/p>\n\n\n\n<ul class=\"wp-block-list\">\n<li><strong>Cabina Sagrada Fam\u00edlia<\/strong><\/li>\n<\/ul>\n\n\n\n<p>Adres: Pla\u00e7a de la Sagrada Fam\u00edlia.<\/p>\n\n\n\n<p>\u00c7al\u0131\u015fma saatleri: Pazartesi\u2013Pazar, 08:30\u201320:00.<\/p>\n\n\n\n<ul class=\"wp-block-list\">\n<li><strong>Cabina Sagrada Fam\u00edlia 2<\/strong><\/li>\n<\/ul>\n\n\n\n<p>Adres: Pla\u00e7a de la Sagrada Fam\u00edlia.<\/p>\n\n\n\n<p>\u00c7al\u0131\u015fma saatleri: Pazartesi\u2013Cumartesi, 08:30\u201320:00. Pazar, 08:30\u201314:30.<\/p>\n\n\n\n<div class=\"ms-p ms-rounded ms-mb-last-child-0 ms-mb-children-condensed ms-mb-block ms-alert--neutral\">\n<h4 class=\"gb-text-2314d7d2\"><span class=\"gb-shape\"><svg viewBox=\"0 0 256 256\" fill=\"#000000\" height=\"32\" width=\"32\" xmlns=\"http:\/\/www.w3.org\/2000\/svg\"><path d=\"M108,84a16,16,0,1,1,16,16A16,16,0,0,1,108,84Zm128,44A108,108,0,1,1,128,20,108.12,108.12,0,0,1,236,128Zm-24,0a84,84,0,1,0-84,84A84.09,84.09,0,0,0,212,128Zm-72,36.68V132a20,20,0,0,0-20-20,12,12,0,0,0-4,23.32V168a20,20,0,0,0,20,20,12,12,0,0,0,4-23.32Z\"><\/path><\/svg><\/span><span class=\"gb-text\">\u00d6nemli Not<\/span><\/h4>\n\n\n\n<p class=\"gb-text\">Turist ofislerinin \u00e7al\u0131\u015fma saatleri, Barselona Turizm Ofisi&#8217;nin kontrol\u00fc d\u0131\u015f\u0131ndaki durumlar nedeniyle de\u011fi\u015fiklik g\u00f6sterebilir.<\/p>\n\n\n\n<p class=\"gb-text\">Daha fazla bilgi i\u00e7in <a href=\"https:\/\/www.barcelonaturisme.com\/wv3\/en\/page\/38\/tourist-information-points.html\" target=\"_blank\" rel=\"noreferrer noopener nofollow\">buraya t\u0131klay\u0131n\u0131z<\/a>. <\/p>\n<\/div>\n\n\n\n<p><\/p>\n","protected":false},"excerpt":{"rendered":"","protected":false},"author":4,"featured_media":0,"parent":0,"menu_order":6,"comment_status":"closed","ping_status":"closed","template":"","meta":{"_acf_changed":false,"footnotes":"","button_url":"https:\/\/www.tiqets.com\/en\/barcelona-attractions-c66342\/tickets-for-barcelona-card-72-Hour-96-Hour-120-Hour-p975758\/?partner=barcelonacard","ms_product_id":"","ms_product_name":"","ms_price":"","ms_currency":"","ms_rating_value":"","ms_review_count":"","rank_math_title":"%title% %sep% %sitename%","rank_math_description":"Barselona'daki Turist Bilgilendirme Ofislerinin Listesi."},"post-style":[],"producer":[],"class_list":["post-13","page","type-page","status-publish","has-post-thumbnail"],"acf":[],"product_schema":{"ms_product_id":"","ms_product_name":"","ms_price":"","ms_currency":"","ms_rating_value":"","ms_review_count":""},"_links":{"self":[{"href":"https:\/\/www.barcelonacard.org\/tr\/wp-json\/wp\/v2\/pages\/13","targetHints":{"allow":["GET"]}}],"collection":[{"href":"https:\/\/www.barcelonacard.org\/tr\/wp-json\/wp\/v2\/pages"}],"about":[{"href":"https:\/\/www.barcelonacard.org\/tr\/wp-json\/wp\/v2\/types\/page"}],"author":[{"embeddable":true,"href":"https:\/\/www.barcelonacard.org\/tr\/wp-json\/wp\/v2\/users\/4"}],"replies":[{"embeddable":true,"href":"https:\/\/www.barcelonacard.org\/tr\/wp-json\/wp\/v2\/comments?post=13"}],"version-history":[{"count":3,"href":"https:\/\/www.barcelonacard.org\/tr\/wp-json\/wp\/v2\/pages\/13\/revisions"}],"predecessor-version":[{"id":1167,"href":"https:\/\/www.barcelonacard.org\/tr\/wp-json\/wp\/v2\/pages\/13\/revisions\/1167"}],"wp:attachment":[{"href":"https:\/\/www.barcelonacard.org\/tr\/wp-json\/wp\/v2\/media?parent=13"}],"wp:term":[{"taxonomy":"post-style","embeddable":true,"href":"https:\/\/www.barcelonacard.org\/tr\/wp-json\/wp\/v2\/post-style?post=13"},{"taxonomy":"producer","embeddable":true,"href":"https:\/\/www.barcelonacard.org\/tr\/wp-json\/wp\/v2\/producer?post=13"}],"curies":[{"name":"wp","href":"https:\/\/api.w.org\/{rel}","templated":true}]}}