{"id":7,"date":"2013-10-20T16:23:00","date_gmt":"2013-10-20T14:23:00","guid":{"rendered":"https:\/\/www.barcelonacard.org\/sv\/?page_id=7"},"modified":"2025-08-27T21:39:26","modified_gmt":"2025-08-27T19:39:26","slug":"faq","status":"publish","type":"page","link":"https:\/\/www.barcelonacard.org\/sv\/faq\/","title":{"rendered":"Vanliga fr\u00e5gor"},"content":{"rendered":"<div id=\"rank-math-faq\" class=\"rank-math-block\">\n<div class=\"rank-math-list \">\n<div id=\"faq-question-1717062476605\" class=\"rank-math-list-item\">\n<h3 class=\"rank-math-question \">Vad \u00e4r Barcelona Card?<\/h3>\n<div class=\"rank-math-answer \">\n\n<p>Barcelona Card \u00e4r Barcelonas officiella turistkort. Kortet \u00e4r i grunden ett 3-i-1-kort som fungerar som <strong>transportkort<\/strong>, <strong>museikort <\/strong>och <strong>rabattkort<\/strong>. I paketet ing\u00e5r \u00e4ven en gratis karta och en liten reseguide. Sammanfattningsvis hj\u00e4lper kortet dig som bes\u00f6kare att <strong>spara b\u00e5de tid och pengar<\/strong> under din resa i Barcelona.<\/p>\n\n<\/div>\n<\/div>\n<div id=\"faq-question-1717062505033\" class=\"rank-math-list-item\">\n<h3 class=\"rank-math-question \">Vilka \u00e4r f\u00f6rdelarna med Barcelona Card?<\/h3>\n<div class=\"rank-math-answer \">\n\n<p>Med Barcelona Card kan du <strong>spara pengar<\/strong> p\u00e5 transport, intr\u00e4desavgifter, underh\u00e5llning och shopping. Du <strong>sparar ocks\u00e5 tid<\/strong> genom att slippa l\u00e5nga k\u00f6er vid popul\u00e4ra attraktioner och kan uppleva <strong>mer<\/strong> med ett totalt v\u00e4rde p\u00e5 \u00f6ver 320 euro i erbjudanden och rabatter.<\/p>\n\n<\/div>\n<\/div>\n<div id=\"faq-question-1717062519392\" class=\"rank-math-list-item\">\n<h3 class=\"rank-math-question \"><strong>Vilka rabatter ing\u00e5r i Barcelona Card?<\/strong><\/h3>\n<div class=\"rank-math-answer \">\n\n<p>Kortet ger dig \u00f6ver 70 rabatter p\u00e5 attraktioner och museer, turer, fritidsaktiviteter, underh\u00e5llning, barer, restauranger, transport och shopping. Det totala v\u00e4rdet av alla rabatter \u00e4r \u00f6ver 320 euro. Du kan se hela listan med rabatter <a href=\"https:\/\/www.barcelonacard.org\/sv\/discounts\/\" target=\"_blank\" rel=\"noreferrer noopener\">h\u00e4r<\/a>.\u00a0<\/p>\n\n<\/div>\n<\/div>\n<div id=\"faq-question-1726543860899\" class=\"rank-math-list-item\">\n<h3 class=\"rank-math-question \"><strong>\u00c4r Barcelona Card v\u00e4rt att k\u00f6pa?<\/strong><\/h3>\n<div class=\"rank-math-answer \">\n\n<p>Om Barcelona Card \u00e4r v\u00e4rt att k\u00f6pa beror fr\u00e4mst p\u00e5 dina resplaner och hur viktigt det \u00e4r f\u00f6r dig med bekv\u00e4mlighet. En bra tumregel \u00e4r att kortet \u00e4r en bra investering om du planerar att resa mycket med kollektivtrafiken och bes\u00f6ka flera museer och attraktioner varje dag. H\u00e4r \u00e4r n\u00e5gra saker att t\u00e4nka p\u00e5:<\/p>\n<p><strong>1. <strong>Kortets kostnad<\/strong><\/strong><br \/>Det enda s\u00e4ttet att veta s\u00e4kert om kortet \u00e4r v\u00e4rt det \u00e4r att r\u00e4kna p\u00e5 dina planerade utgifter f\u00f6r intr\u00e4den, turer och transport. J\u00e4mf\u00f6r den totala kostnaden med vad Barcelona Card kostar per dag f\u00f6r att se om det l\u00f6nar sig. T\u00e4nk p\u00e5 att 4- och 5-dagarspaketen ger b\u00e4st valuta f\u00f6r pengarna.<\/p>\n<p><strong>2. Tidsbesparingar<\/strong><br \/>Kortet handlar inte bara om pengar; det hj\u00e4lper dig ocks\u00e5 att spara tid eftersom du slipper st\u00e5 i k\u00f6 vid popul\u00e4ra attraktioner och kollektivtrafikstationer.<\/p>\n<p><strong>3. Frihet och flexibilitet<\/strong><br \/>I m\u00e5nga fall handlar Barcelona Card om bekv\u00e4mlighet \u2013 kortet l\u00e5ter dig g\u00f6ra vad du vill, n\u00e4r du vill, utan att du beh\u00f6ver oroa dig f\u00f6r att k\u00f6pa extra biljetter till museum eller kollektivtrafik.<br \/>Sammanfattningsvis, om du reser till Barcelona p\u00e5 en begr\u00e4nsad budget, r\u00e4kna p\u00e5 kostnaden och se om besparingarna g\u00f6r det v\u00e4rt det. Men om du v\u00e4rdes\u00e4tter <strong>frihet<\/strong>, <strong>flexibilitet <\/strong>och <strong>bekv\u00e4mlighet <\/strong>\u00e4r Barcelona Card f\u00f6rmodligen ett bra k\u00f6p.<\/p>\n\n<\/div>\n<\/div>\n<div id=\"faq-question-1726543883267\" class=\"rank-math-list-item\">\n<h3 class=\"rank-math-question \">Vad \u00e4r skillnaden mellan Barcelona Card och T-casual Card?<\/h3>\n<div class=\"rank-math-answer \">\n\n<p>T-casual Card \u00e4r endast ett transportkort som ger dig 10 resor med Barcelonas kollektivtrafik. Barcelona Card \u00e4r ett mycket mer omfattande turistkort. Det ger dig inte bara obegr\u00e4nsade resor med kollektivtrafiken utan ocks\u00e5 gratis intr\u00e4de till m\u00e5nga museer och \u00f6ver 70 rabatter.<\/p>\n\n<\/div>\n<\/div>\n<div id=\"faq-question-1726543889362\" class=\"rank-math-list-item\">\n<h3 class=\"rank-math-question \">Vad \u00e4r skillnaden mellan Barcelona Card och turistbussen?<\/h3>\n<div class=\"rank-math-answer \">\n\n<p>Med Barcelona Card kan du resa gratis med allm\u00e4n kollektivtrafik, inklusive bussar, tunnelbana, sp\u00e5rvagnar, regionalt\u00e5g och flygplatst\u00e5g. Sightseeingbussarna fr\u00e5n <a href=\"https:\/\/www.hoponhopoffbarcelona.org\/\" target=\"_blank\" rel=\"noreferrer noopener\">Barcelona Bus Turist\u00edc<\/a> ing\u00e5r inte i Barcelona Card.<\/p>\n\n<\/div>\n<\/div>\n<div id=\"faq-question-1726543893043\" class=\"rank-math-list-item\">\n<h3 class=\"rank-math-question \">Vad kostar Barcelona Card?<\/h3>\n<div class=\"rank-math-answer \">\n\n<p>Priset p\u00e5 Barcelona Card beror p\u00e5 hur m\u00e5nga dagar det \u00e4r giltigt. Barn f\u00e5r ytterligare rabatt.<br \/>N\u00e4r du j\u00e4mf\u00f6r de olika korten kan det vara smart att titta p\u00e5 priset per dag. Ett 5-dagarskort \u00e4r till exempel 2,90 \u20ac billigare per dag \u00e4n ett 3-dagarskort. Se <a href=\"https:\/\/www.barcelonacard.org\/sv\/prices\/\" target=\"_blank\" rel=\"noreferrer noopener\">prislistan<\/a> f\u00f6r att se alla priser f\u00f6r Barcelona Card.<\/p>\n\n<\/div>\n<\/div>\n<div id=\"faq-question-1726543901952\" class=\"rank-math-list-item\">\n<h3 class=\"rank-math-question \">Var kan jag h\u00e4mta mitt Barcelona Card?<\/h3>\n<div class=\"rank-math-answer \">\n\n<p>Efter k\u00f6pet kan du h\u00e4mta ditt Barcelona Card p\u00e5 ett av <a href=\"https:\/\/www.barcelonacard.org\/sv\/tourist-information-offices\/\" target=\"_blank\" rel=\"noreferrer noopener\">turistinformationskontoren<\/a> i Barcelona eller p\u00e5 Barcelonas flygplats. Gl\u00f6m inte att ta med dig den kupong du fick via e-post och en giltig legitimation.<\/p>\n\n<\/div>\n<\/div>\n<\/div>\n<\/div>\n\n\n<p><\/p>\n","protected":false},"excerpt":{"rendered":"","protected":false},"author":4,"featured_media":0,"parent":0,"menu_order":5,"comment_status":"closed","ping_status":"closed","template":"","meta":{"_acf_changed":false,"footnotes":"","button_url":"https:\/\/www.tiqets.com\/sv\/barcelona-attractions-c66342\/tickets-for-barcelona-card-72-Hour-96-Hour-120-Hour-p975758\/?partner=barcelonacard","ms_product_id":"","ms_product_name":"","ms_price":"","ms_currency":"","ms_rating_value":"","ms_review_count":"","rank_math_title":"%title% %sep% %sitename%","rank_math_description":"Vanliga fr\u00e5gor om Barcelona-kortet: vilka rabatter erbjuder kortet, hur mycket kostar det och \u00e4r det v\u00e4rt det?"},"post-style":[],"producer":[],"class_list":["post-7","page","type-page","status-publish","has-post-thumbnail"],"acf":[],"product_schema":{"ms_product_id":"","ms_product_name":"","ms_price":"","ms_currency":"","ms_rating_value":"","ms_review_count":""},"_links":{"self":[{"href":"https:\/\/www.barcelonacard.org\/sv\/wp-json\/wp\/v2\/pages\/7","targetHints":{"allow":["GET"]}}],"collection":[{"href":"https:\/\/www.barcelonacard.org\/sv\/wp-json\/wp\/v2\/pages"}],"about":[{"href":"https:\/\/www.barcelonacard.org\/sv\/wp-json\/wp\/v2\/types\/page"}],"author":[{"embeddable":true,"href":"https:\/\/www.barcelonacard.org\/sv\/wp-json\/wp\/v2\/users\/4"}],"replies":[{"embeddable":true,"href":"https:\/\/www.barcelonacard.org\/sv\/wp-json\/wp\/v2\/comments?post=7"}],"version-history":[{"count":3,"href":"https:\/\/www.barcelonacard.org\/sv\/wp-json\/wp\/v2\/pages\/7\/revisions"}],"predecessor-version":[{"id":1165,"href":"https:\/\/www.barcelonacard.org\/sv\/wp-json\/wp\/v2\/pages\/7\/revisions\/1165"}],"wp:attachment":[{"href":"https:\/\/www.barcelonacard.org\/sv\/wp-json\/wp\/v2\/media?parent=7"}],"wp:term":[{"taxonomy":"post-style","embeddable":true,"href":"https:\/\/www.barcelonacard.org\/sv\/wp-json\/wp\/v2\/post-style?post=7"},{"taxonomy":"producer","embeddable":true,"href":"https:\/\/www.barcelonacard.org\/sv\/wp-json\/wp\/v2\/producer?post=7"}],"curies":[{"name":"wp","href":"https:\/\/api.w.org\/{rel}","templated":true}]}}