{"id":617,"date":"2024-09-17T07:25:26","date_gmt":"2024-09-17T05:25:26","guid":{"rendered":"https:\/\/www.barcelonacard.org\/sv\/?page_id=617"},"modified":"2025-10-27T20:21:59","modified_gmt":"2025-10-27T19:21:59","slug":"kontakt","status":"publish","type":"page","link":"https:\/\/www.barcelonacard.org\/sv\/kontakt\/","title":{"rendered":"Kontakt"},"content":{"rendered":"\n<h3 class=\"wp-block-heading\">Biljettf\u00f6rfr\u00e5gningar<\/h3>\n\n\n\n<p>Har du fr\u00e5gor om biljetter eller en befintlig bokning? V\u00e4nligen kontakta v\u00e5r biljettpartner direkt:<\/p>\n\n\n\n<ul class=\"wp-block-list\">\n<li>E-post: info@ticketbar.eu<\/li>\n\n\n\n<li>Telefon: +44 2035142614<\/li>\n<\/ul>\n\n\n\n<hr class=\"wp-block-separator has-alpha-channel-opacity\" \/>\n\n\n\n<h3 class=\"wp-block-heading\">Bes\u00f6ksinformation<\/h3>\n\n\n\n<p>F\u00f6r fr\u00e5gor om turer, sev\u00e4rdheter, kulturevenemang eller hotellbokningar kan du kontakta Barcelonas officiella turistbyr\u00e5, Turisme de Barcelona.<\/p>\n\n\n\n<ul class=\"wp-block-list\">\n<li>E-post: info@barcelonaturisme.com<\/li>\n\n\n\n<li>Telefon: +34 932 853 832 (\u00f6ppet dagligen mellan 08:00 och 20:00)<\/li>\n<\/ul>\n\n\n\n<p>Om du redan befinner dig i Barcelona kan du bes\u00f6ka n\u00e5got av deras officiella turistkontor. De finns b\u00e5de p\u00e5 flygplatsen och runt om i staden. F\u00f6r en komplett lista \u00f6ver kontor, klicka p\u00e5 <a href=\"https:\/\/www.barcelonaturisme.com\/wv3\/en\/page\/38\/tourist-information-points.html\" target=\"_blank\" rel=\"noreferrer noopener nofollow\">den h\u00e4r l\u00e4nken<\/a>. <\/p>\n\n\n\n<hr class=\"wp-block-separator has-alpha-channel-opacity\" \/>\n\n\n\n<h3 class=\"wp-block-heading\">Webbplatssupport<\/h3>\n\n\n\n<p>Har du fr\u00e5gor som r\u00f6r denna webbplats? Kontakta oss direkt:<\/p>\n\n\n\n<ul class=\"wp-block-list\">\n<li>E-post: info@moonshot.media<\/li>\n<\/ul>\n\n\n\n<p><\/p>\n","protected":false},"excerpt":{"rendered":"","protected":false},"author":4,"featured_media":0,"parent":0,"menu_order":1,"comment_status":"closed","ping_status":"closed","template":"","meta":{"_acf_changed":false,"footnotes":"","button_url":"https:\/\/www.tiqets.com\/sv\/barcelona-attractions-c66342\/tickets-for-barcelona-card-72-Hour-96-Hour-120-Hour-p975758\/?partner=barcelonacard","ms_product_id":"","ms_product_name":"","ms_price":"","ms_currency":"","ms_rating_value":"","ms_review_count":"","rank_math_title":"%title% %sep% %sitename%","rank_math_description":"Beh\u00f6ver du hj\u00e4lp med ditt Barcelona Card? Kontakta v\u00e5r biljettpartner f\u00f6r att f\u00e5 hj\u00e4lp med alla fr\u00e5gor som r\u00f6r biljetter eller bokningar."},"post-style":[],"producer":[],"class_list":["post-617","page","type-page","status-publish","has-post-thumbnail"],"acf":[],"product_schema":{"ms_product_id":"","ms_product_name":"","ms_price":"","ms_currency":"","ms_rating_value":"","ms_review_count":""},"_links":{"self":[{"href":"https:\/\/www.barcelonacard.org\/sv\/wp-json\/wp\/v2\/pages\/617","targetHints":{"allow":["GET"]}}],"collection":[{"href":"https:\/\/www.barcelonacard.org\/sv\/wp-json\/wp\/v2\/pages"}],"about":[{"href":"https:\/\/www.barcelonacard.org\/sv\/wp-json\/wp\/v2\/types\/page"}],"author":[{"embeddable":true,"href":"https:\/\/www.barcelonacard.org\/sv\/wp-json\/wp\/v2\/users\/4"}],"replies":[{"embeddable":true,"href":"https:\/\/www.barcelonacard.org\/sv\/wp-json\/wp\/v2\/comments?post=617"}],"version-history":[{"count":3,"href":"https:\/\/www.barcelonacard.org\/sv\/wp-json\/wp\/v2\/pages\/617\/revisions"}],"predecessor-version":[{"id":1160,"href":"https:\/\/www.barcelonacard.org\/sv\/wp-json\/wp\/v2\/pages\/617\/revisions\/1160"}],"wp:attachment":[{"href":"https:\/\/www.barcelonacard.org\/sv\/wp-json\/wp\/v2\/media?parent=617"}],"wp:term":[{"taxonomy":"post-style","embeddable":true,"href":"https:\/\/www.barcelonacard.org\/sv\/wp-json\/wp\/v2\/post-style?post=617"},{"taxonomy":"producer","embeddable":true,"href":"https:\/\/www.barcelonacard.org\/sv\/wp-json\/wp\/v2\/producer?post=617"}],"curies":[{"name":"wp","href":"https:\/\/api.w.org\/{rel}","templated":true}]}}