{"id":6,"date":"2013-10-20T16:22:05","date_gmt":"2013-10-20T14:22:05","guid":{"rendered":"https:\/\/www.barcelonacard.org\/sv\/?page_id=6"},"modified":"2026-01-08T18:19:55","modified_gmt":"2026-01-08T17:19:55","slug":"priser","status":"publish","type":"page","link":"https:\/\/www.barcelonacard.org\/sv\/priser\/","title":{"rendered":"Barcelona Card-priser"},"content":{"rendered":"\n<p>Priset f\u00f6r Barcelona Card beror p\u00e5 hur m\u00e5nga dagar kortet \u00e4r giltigt. Priserna varierar fr\u00e5n 59 \u20ac f\u00f6r ett 3-dagars kort (72 timmar) till 79 \u20ac f\u00f6r ett 5-dagars kort (120 timmar).<\/p>\n\n\n<div class=\"gb-container gb-container-7d45ff9c ms-alert--primary ms-p ms-rounded ms-mb-last-child-0 ms-mb-children-condensed ms-mb-block\">\n\n<p>5-dagarskortet \u00e4r det mest prisv\u00e4rda: det kostar bara 15,80 \u20ac per dag.<\/p>\n\n<\/div>\n\n\n<p>Barn mellan 4 och 12 \u00e5r f\u00e5r specialrabatt, och barn under 3 \u00e5r reser gratis.<\/p>\n\n\n\n<h3 class=\"wp-block-heading\"><span class=\"notion-enable-hover\" data-token-index=\"0\">Prislista<\/span><\/h3>\n\n\n<div class=\"ms-table\"><table><tr><th><\/th><th>72 timmar<\/th><th>96 timmar<\/th><th>120 timmar<\/th><\/tr><tr><td>Vuxna<\/td><td>59,00 \u20ac (19,67 \u20ac per dag)<\/td><td>69,00 \u20ac (17,25 \u20ac per dag)<\/td><td>79,00 \u20ac (15,80 \u20ac per dag)<\/td><\/tr><tr><td>Barn<\/td><td>37,00 \u20ac (12,33 \u20ac per dag)<\/td><td>46,00 \u20ac (11,50 \u20ac per dag)<\/td><td>54,00 \u20ac (10,80 \u20ac per dag)<\/td><\/tr><\/table><\/div>","protected":false},"excerpt":{"rendered":"","protected":false},"author":4,"featured_media":0,"parent":0,"menu_order":4,"comment_status":"closed","ping_status":"closed","template":"","meta":{"_acf_changed":false,"footnotes":"","button_url":"https:\/\/www.tiqets.com\/sv\/barcelona-attractions-c66342\/tickets-for-barcelona-card-72-Hour-96-Hour-120-Hour-p975758\/?partner=barcelonacard","ms_product_id":"","ms_product_name":"","ms_price":"","ms_currency":"","ms_rating_value":"","ms_review_count":"","rank_math_title":"Barcelona-kortet - Priser \u00e5r %currentyear%","rank_math_description":"Vad kostar Barcelona-kortet? Se aktuella priser f\u00f6r Barcelona-kortet."},"post-style":[],"producer":[],"class_list":["post-6","page","type-page","status-publish","has-post-thumbnail"],"acf":[],"product_schema":{"ms_product_id":"","ms_product_name":"","ms_price":"","ms_currency":"","ms_rating_value":"","ms_review_count":""},"_links":{"self":[{"href":"https:\/\/www.barcelonacard.org\/sv\/wp-json\/wp\/v2\/pages\/6","targetHints":{"allow":["GET"]}}],"collection":[{"href":"https:\/\/www.barcelonacard.org\/sv\/wp-json\/wp\/v2\/pages"}],"about":[{"href":"https:\/\/www.barcelonacard.org\/sv\/wp-json\/wp\/v2\/types\/page"}],"author":[{"embeddable":true,"href":"https:\/\/www.barcelonacard.org\/sv\/wp-json\/wp\/v2\/users\/4"}],"replies":[{"embeddable":true,"href":"https:\/\/www.barcelonacard.org\/sv\/wp-json\/wp\/v2\/comments?post=6"}],"version-history":[{"count":3,"href":"https:\/\/www.barcelonacard.org\/sv\/wp-json\/wp\/v2\/pages\/6\/revisions"}],"predecessor-version":[{"id":1226,"href":"https:\/\/www.barcelonacard.org\/sv\/wp-json\/wp\/v2\/pages\/6\/revisions\/1226"}],"wp:attachment":[{"href":"https:\/\/www.barcelonacard.org\/sv\/wp-json\/wp\/v2\/media?parent=6"}],"wp:term":[{"taxonomy":"post-style","embeddable":true,"href":"https:\/\/www.barcelonacard.org\/sv\/wp-json\/wp\/v2\/post-style?post=6"},{"taxonomy":"producer","embeddable":true,"href":"https:\/\/www.barcelonacard.org\/sv\/wp-json\/wp\/v2\/producer?post=6"}],"curies":[{"name":"wp","href":"https:\/\/api.w.org\/{rel}","templated":true}]}}