{"id":587,"date":"2013-10-20T14:05:29","date_gmt":"2013-10-20T14:05:29","guid":{"rendered":"https:\/\/www.barcelonacard.org\/sv\/?page_id=4"},"modified":"2026-04-20T18:58:50","modified_gmt":"2026-04-20T16:58:50","slug":"barcelona-card","status":"publish","type":"page","link":"https:\/\/www.barcelonacard.org\/sv\/","title":{"rendered":"Barcelona Card"},"content":{"rendered":"\n<figure><div class=\"ms-credits\">\n<img decoding=\"async\" class=\"gb-media-25603cfa\" alt=\"Aerial view of Barcelona\" src=\"https:\/\/www.barcelonacard.org\/sv\/wp-content\/uploads\/sites\/23\/barcelona-card-homepage-1746806969.jpg\" title=\"barcelona-card-homepage-1746806969\"\/>\n<span class='ms-credits__info' id='media932'><svg xmlns=\"http:\/\/www.w3.org\/2000\/svg\" width=\"20\" height=\"22\" fill=\"#000000\" viewBox=\"0 0 256 256\"><path d=\"M128,24A104,104,0,1,0,232,128,104.11,104.11,0,0,0,128,24Zm0,192a88,88,0,1,1,88-88A88.1,88.1,0,0,1,128,216ZM96,128a32,32,0,0,0,57.6,19.2,8,8,0,0,1,12.8,9.61,48,48,0,1,1,0-57.62,8,8,0,0,1-12.8,9.61A32,32,0,0,0,96,128Z\"><\/path><\/svg>rabbit75_dep\/<a href=https:\/\/depositphotos.com\/editorial\/sagrada-familia-basilica-aerial-view-famous-landmark-barcelona-spain-374286208.html rel='nofollow' target='_blank'>Depositphotos<\/a><\/span><span class='ms-credits__btn' id='btn_media932' onclick='ms_credits_trigger(\"#media932\", this)'><svg xmlns=\"http:\/\/www.w3.org\/2000\/svg\" class=\"info_icon\" width=\"28\" height=\"28\" fill=\"#FFF\" viewBox=\"0 0 256 256\"><path d=\"M128,24A104,104,0,1,0,232,128,104.11,104.11,0,0,0,128,24Zm0,192a88,88,0,1,1,88-88A88.1,88.1,0,0,1,128,216Zm16-40a8,8,0,0,1-8,8,16,16,0,0,1-16-16V128a8,8,0,0,1,0-16,16,16,0,0,1,16,16v40A8,8,0,0,1,144,176ZM112,84a12,12,0,1,1,12,12A12,12,0,0,1,112,84Z\"><\/path><\/svg><svg xmlns=\"http:\/\/www.w3.org\/2000\/svg\" class=\"close_icon\" width=\"28\" height=\"28\" fill=\"#FFF\" viewBox=\"0 0 256 256\"><path d=\"M165.66,101.66,139.31,128l26.35,26.34a8,8,0,0,1-11.32,11.32L128,139.31l-26.34,26.35a8,8,0,0,1-11.32-11.32L116.69,128,90.34,101.66a8,8,0,0,1,11.32-11.32L128,116.69l26.34-26.35a8,8,0,0,1,11.32,11.32ZM232,128A104,104,0,1,1,128,24,104.11,104.11,0,0,1,232,128Zm-16,0a88,88,0,1,0-88,88A88.1,88.1,0,0,0,216,128Z\"><\/path><\/svg><\/span><\/div><\/figure>\n\n\n\n<h1 class=\"gb-headline gb-headline-1c55328e gb-headline-text\">Barcelona Card<br><strong><strong><mark style=\"background-color:var(--ms-color-white)\" class=\"has-inline-color has-ms-color-neutral-darker-color\">Spara tid och pengar med Barcelona Card!<\/mark><\/strong><\/strong><\/h1>\n\n\n\n<p class=\"gb-headline gb-headline-1b19673b gb-headline-text\">Uppt\u00e4ck det b\u00e4sta av Barcelona med Barcelona Card. Njut av obegr\u00e4nsad och gratis anv\u00e4ndning av kollektivtrafiken (inklusive flygplatst\u00e5g och tunnelbana), fri entr\u00e9 till stadens b\u00e4sta museer, och exklusiva erbjudanden och rabatter.<\/p>\n\n\n\n<div class=\"ms-p ms-rounded ms-mb-last-child-0 ms-mb-children-condensed ms-alert--contrast ms-mb-block\">\n<h4 class=\"gb-text-26a71c5b\"><span class=\"gb-shape\"><svg viewBox=\"0 0 256 256\" fill=\"#000000\" height=\"32\" width=\"32\" xmlns=\"http:\/\/www.w3.org\/2000\/svg\"><path d=\"M108,84a16,16,0,1,1,16,16A16,16,0,0,1,108,84Zm128,44A108,108,0,1,1,128,20,108.12,108.12,0,0,1,236,128Zm-24,0a84,84,0,1,0-84,84A84.09,84.09,0,0,0,212,128Zm-72,36.68V132a20,20,0,0,0-20-20,12,12,0,0,0-4,23.32V168a20,20,0,0,0,20,20,12,12,0,0,0,4-23.32Z\"><\/path><\/svg><\/span><span class=\"gb-text\"><strong>NYTT: Spara \u00e4nnu mer med Barcelona Card!<\/strong><\/span><\/h4>\n\n\n\n<p class=\"gb-text gb-text-2c41ecab\">N\u00e4r du k\u00f6per ditt Barcelona Card kan du \u00e4ven l\u00e4gga till biljetter till Sagrada Familia och Park G\u00fcell i kassan och f\u00e5 rabatt. Observera att detta erbjudande g\u00e4ller i m\u00e5n av tillg\u00e4nglighet.<\/p>\n\n\n\n<p class=\"gb-text gb-text-0788af3c\"><a href=\"https:\/\/www.tiqets.com\/sv\/barcelona-attractions-c66342\/tickets-for-barcelona-card-72-hour-96-hour-120-hour-p975758\/?partner=barcelonacard\" data-type=\"link\" data-id=\"https:\/\/www.tiqets.com\/en\/barcelona-attractions-c66342\/tickets-for-barcelona-card-72-hour-96-hour-120-hour-p975758\/?partner=barcelonacard\" rel=\"nofollow noopener\">Kontrollera tillg\u00e4nglighet nu<\/a> \u00bb<\/p>\n<\/div>\n\n\n<div class=\"gb-container gb-container-1e1905d6 gb-tabs\" role=\"tablist\" data-opened-tab=\"1\">\n<div class=\"gb-container gb-container-c0d25ee5 gb-tabs__buttons\" role=\"list\">\n\n<button class=\"gb-button gb-button-38b6d7d4 gb-button-text gb-tabs__button gb-block-is-current\" id=\"gb-tab-button-38b6d7d4\" role=\"tab\">F\u00f6rdelar<\/button>\n\n\n\n<button class=\"gb-button gb-button-c40a7253 gb-button-text gb-tabs__button\" id=\"gb-tab-button-c40a7253\" role=\"tab\"><strong>Vad \u00e4r<\/strong><\/button>\n\n\n\n<button class=\"gb-button gb-button-5c438a47 gb-button-text gb-tabs__button\" id=\"gb-tab-button-5c438a47\" role=\"tab\">Var kan man k\u00f6pa <\/button>\n\n\n\n<button class=\"gb-button gb-button-7d2dbf03 gb-button-text gb-tabs__button\" id=\"gb-tab-button-7d2dbf03\" role=\"tab\"><strong>Hur man anv\u00e4nder<\/strong><\/button>\n\n<\/div>\n\n<div class=\"gb-container gb-container-8fcce89b gb-tabs__items\">\n<div class=\"gb-container gb-container-2e268732 gb-tabs__item gb-tabs__item-open\" id=\"gb-tab-item-2e268732\" role=\"tabpanel\">\n<div class=\"gb-grid-wrapper gb-grid-wrapper-b173452e\">\n<div class=\"gb-grid-column gb-grid-column-2d6c95fd\"><div class=\"gb-container gb-container-2d6c95fd\">\n\n<h5 class=\"gb-headline gb-headline-f5371835\"><span class=\"gb-icon\"><svg viewBox=\"0 0 256 256\" fill=\"#000000\" height=\"32\" width=\"32\" xmlns=\"http:\/\/www.w3.org\/2000\/svg\"><path d=\"M232.49,80.49l-128,128a12,12,0,0,1-17,0l-56-56a12,12,0,1,1,17-17L96,183,215.51,63.51a12,12,0,0,1,17,17Z\"><\/path><\/svg><\/span><span class=\"gb-headline-text\"><strong>Gratis resor<\/strong><\/span><\/h5>\n\n\n\n<p>Obegr\u00e4nsade gratisresor med buss, tunnelbana, flygplats och t\u00e5g.<\/p>\n\n<\/div><\/div>\n\n<div class=\"gb-grid-column gb-grid-column-d53518b7\"><div class=\"gb-container gb-container-d53518b7\">\n\n<h5 class=\"gb-headline gb-headline-fa732612\"><span class=\"gb-icon\"><svg viewBox=\"0 0 256 256\" fill=\"#000000\" height=\"32\" width=\"32\" xmlns=\"http:\/\/www.w3.org\/2000\/svg\"><path d=\"M232.49,80.49l-128,128a12,12,0,0,1-17,0l-56-56a12,12,0,1,1,17-17L96,183,215.51,63.51a12,12,0,0,1,17,17Z\"><\/path><\/svg><\/span><span class=\"gb-headline-text\"><strong>Fri entr\u00e9<\/strong><\/span><\/h5>\n\n\n\n<p>Bes\u00f6k \u00f6ver 25 av Barcelonas b\u00e4sta sev\u00e4rdheter helt gratis.<\/p>\n\n<\/div><\/div>\n\n<div class=\"gb-grid-column gb-grid-column-6dad0888\"><div class=\"gb-container gb-container-6dad0888\">\n\n<h5 class=\"gb-headline gb-headline-97f3175e\"><span class=\"gb-icon\"><svg viewBox=\"0 0 256 256\" fill=\"#000000\" height=\"32\" width=\"32\" xmlns=\"http:\/\/www.w3.org\/2000\/svg\"><path d=\"M232.49,80.49l-128,128a12,12,0,0,1-17,0l-56-56a12,12,0,1,1,17-17L96,183,215.51,63.51a12,12,0,0,1,17,17Z\"><\/path><\/svg><\/span><span class=\"gb-headline-text\"><strong>\u00d6ver 70 rabatter<\/strong><\/span><\/h5>\n\n\n\n<p>Spara upp till 350 \u20ac p\u00e5 turer, shopping, restauranger och underh\u00e5llning.<\/p>\n\n<\/div><\/div>\n\n<div class=\"gb-grid-column gb-grid-column-d82be486\"><div class=\"gb-container gb-container-d82be486\">\n\n<p class=\"gb-headline gb-headline-c0e8b836\"><span class=\"gb-icon\"><svg viewBox=\"0 0 256 256\" fill=\"#000000\" height=\"32\" width=\"32\" xmlns=\"http:\/\/www.w3.org\/2000\/svg\"><path d=\"M232.49,80.49l-128,128a12,12,0,0,1-17,0l-56-56a12,12,0,1,1,17-17L96,183,215.51,63.51a12,12,0,0,1,17,17Z\"><\/path><\/svg><\/span><span class=\"gb-headline-text\"><strong>Gratis reseguide<\/strong><\/span><\/p>\n\n\n\n<p>En guide p\u00e5 sex spr\u00e5k som inkluderar information om alla gratiserbjudanden och rabatter.<\/p>\n\n<\/div><\/div>\n\n<div class=\"gb-grid-column gb-grid-column-3cecd77c\"><div class=\"gb-container gb-container-3cecd77c\">\n\n<h5 class=\"gb-headline gb-headline-cd1f3d4e\"><span class=\"gb-icon\"><svg viewBox=\"0 0 256 256\" fill=\"#000000\" height=\"32\" width=\"32\" xmlns=\"http:\/\/www.w3.org\/2000\/svg\"><path d=\"M232.49,80.49l-128,128a12,12,0,0,1-17,0l-56-56a12,12,0,1,1,17-17L96,183,215.51,63.51a12,12,0,0,1,17,17Z\"><\/path><\/svg><\/span><span class=\"gb-headline-text\"><strong>Slipp k\u00f6erna<\/strong><\/span><\/h5>\n\n\n\n<p>Undvik k\u00f6erna till Barcelonas mest popul\u00e4ra museer och sev\u00e4rdheter.<\/p>\n\n<\/div><\/div>\n\n<div class=\"gb-grid-column gb-grid-column-ff07f982\"><div class=\"gb-container gb-container-ff07f982\">\n\n<h5 class=\"gb-headline gb-headline-d7adc504\"><span class=\"gb-icon\"><svg viewBox=\"0 0 256 256\" fill=\"#000000\" height=\"32\" width=\"32\" xmlns=\"http:\/\/www.w3.org\/2000\/svg\"><path d=\"M232.49,80.49l-128,128a12,12,0,0,1-17,0l-56-56a12,12,0,1,1,17-17L96,183,215.51,63.51a12,12,0,0,1,17,17Z\"><\/path><\/svg><\/span><span class=\"gb-headline-text\"><strong>Flexibel bokning<\/strong><\/span><\/h5>\n\n\n\n<p>K\u00f6p online och avboka kostnadsfritt fram till dagen innan ditt bes\u00f6k.<\/p>\n\n<\/div><\/div>\n<\/div>\n<\/div>\n\n<div class=\"gb-container gb-container-3bccd8b9 gb-tabs__item\" id=\"gb-tab-item-3bccd8b9\" role=\"tabpanel\">\n\n<p>Barcelona Card \u00e4r Barcelonas officiella turistkort. Det ser ut som ett kreditkort, \u00e4r otroligt enkelt att k\u00f6pa och hj\u00e4lper dig som resen\u00e4r att <strong>spara b\u00e5de tid och pengar<\/strong> under semestern.<\/p>\n\n\n<div class=\"gb-container gb-container-50c2abda ms-alert--primary ms-p ms-rounded ms-mb-last-child-0 ms-mb-children-condensed ms-mb-block\">\n\n<p>Kortet \u00e4r ett 3-i-1-kort som fungerar som <strong>transportkort<\/strong>, <strong>museikort <\/strong>och <strong>rabattkort<\/strong>.<\/p>\n\n<\/div>\n\n\n<p>Som innehavare av Barcelona Card f\u00e5r du obegr\u00e4nsade <strong>gratisresor<\/strong> med kollektivtrafiken, <strong>fri entr\u00e9<\/strong> till \u00f6ver 25 av Barcelonas b\u00e4sta museer och kulturinstitutioner, samt <strong>\u00f6ver 70 erbjudanden och rabatter<\/strong> p\u00e5 bes\u00f6k, turer, underh\u00e5llning, shopping, restauranger och nattliv.<\/p>\n\n\n\n<p>Det h\u00e4r eftertraktade kortet ger dig inte bara tillg\u00e5ng till Barcelonas fantastiska attraktioner, utan hj\u00e4lper dig ocks\u00e5 att helt <strong>slippa k\u00f6erna<\/strong> vid m\u00e5nga av stadens mest popul\u00e4ra sev\u00e4rdheter. Det sparar v\u00e4rdefull tid p\u00e5 en fullsp\u00e4ckad resa!<\/p>\n\n\n\n<p>Dessutom ing\u00e5r en praktisk <strong>stadsguide<\/strong> p\u00e5 sex olika spr\u00e5k som beskriver alla fantastiska erbjudanden (till exempel f\u00f6r Gaud\u00eds monument, Casa Amatller och L&#8217;Aqu\u00e0rium). Guiden inneh\u00e5ller \u00e4ven en karta \u00f6ver tunnelbanen\u00e4tet som hj\u00e4lper dig att hitta.<\/p>\n\n\n\n<p>Totalt sett kan kortet ge \u00f6ver <strong>350 \u20ac <\/strong>i besparingar f\u00f6r den engagerade resen\u00e4ren som verkligen utnyttjar det.<\/p>\n\n<\/div>\n\n<div class=\"gb-container gb-container-b7be09ec gb-tabs__item\" id=\"gb-tab-item-b7be09ec\" role=\"tabpanel\">\n\n<p>Att k\u00f6pa ett Barcelona Card \u00e4r enkelt och bekv\u00e4mt.<\/p>\n\n\n\n<ol class=\"wp-block-list\">\n<li>Du kan k\u00f6pa det online till rabatterat pris f\u00f6re resan eller p\u00e5 <strong><a href=\"https:\/\/www.barcelonacard.org\/sv\/tourist-information-offices\/\" data-type=\"link\" data-id=\"https:\/\/www.barcelonacard.org\/sv\/tourist-information-offices\/\">Turistinformationskontor<\/a><\/strong> i Barcelona till fullt pris.<\/li>\n\n\n\n<li>Anv\u00e4nd bokningsmodulen f\u00f6r att g\u00f6ra en snabb, s\u00e4ker best\u00e4llning.<\/li>\n\n\n\n<li>Efter k\u00f6pet f\u00e5r du en voucher via e-post som du kan skriva ut och byta mot det fysiska kortet. G\u00e5 till en av upph\u00e4mtningsplatserna och visa din smartphone-voucher f\u00f6r att f\u00e5 ditt Barcelona Card: <\/li>\n<\/ol>\n\n\n\n<p class=\"gb-text-6f121588\"><span class=\"gb-shape\"><svg viewBox=\"0 0 256 256\" fill=\"#000000\" height=\"32\" width=\"32\" xmlns=\"http:\/\/www.w3.org\/2000\/svg\"><path d=\"M128,60a44,44,0,1,0,44,44A44.05,44.05,0,0,0,128,60Zm0,64a20,20,0,1,1,20-20A20,20,0,0,1,128,124Zm0-112a92.1,92.1,0,0,0-92,92c0,77.36,81.64,135.4,85.12,137.83a12,12,0,0,0,13.76,0,259,259,0,0,0,42.18-39C205.15,170.57,220,136.37,220,104A92.1,92.1,0,0,0,128,12Zm31.3,174.71A249.35,249.35,0,0,1,128,216.89a249.35,249.35,0,0,1-31.3-30.18C80,167.37,60,137.31,60,104a68,68,0,0,1,136,0C196,137.31,176,167.37,159.3,186.71Z\"><\/path><\/svg><\/span><span class=\"gb-text\"><strong>Barcelona Flygplatskontor<\/strong><\/span><\/p>\n\n\n\n<ul class=\"wp-block-list\">\n<li><strong>Flygplats Terminal T1 (Tunnelbanestation):<\/strong> Barcelona Flygplats, Terminal T1 Tunnelbana | \u00d6ppettider: Dagligen 8.30 \u2013 14.30<\/li>\n\n\n\n<li><strong>Flygplats Terminal T2 (Tunnelbanestation):<\/strong> Barcelona Flygplats, Terminal T2 Tunnelbana | \u00d6ppettider: Dagligen 8.30 \u2013 14.30<\/li>\n\n\n\n<li><strong>Flygplats Terminal T1 (Huvudterminal):<\/strong> Barcelona Flygplats, Terminal T1 | \u00d6ppettider: Dagligen 8.30 \u2013 19.30<\/li>\n\n\n\n<li><strong>Flygplats Terminal T2 (Huvudterminal):<\/strong> Barcelona Flygplats, Terminal T2 | \u00d6ppettider: Dagligen 8.30 \u2013 19.30<\/li>\n<\/ul>\n\n\n\n<p class=\"gb-text-ad1a384b\"><span class=\"gb-shape\"><svg viewBox=\"0 0 256 256\" fill=\"#000000\" height=\"32\" width=\"32\" xmlns=\"http:\/\/www.w3.org\/2000\/svg\"><path d=\"M128,60a44,44,0,1,0,44,44A44.05,44.05,0,0,0,128,60Zm0,64a20,20,0,1,1,20-20A20,20,0,0,1,128,124Zm0-112a92.1,92.1,0,0,0-92,92c0,77.36,81.64,135.4,85.12,137.83a12,12,0,0,0,13.76,0,259,259,0,0,0,42.18-39C205.15,170.57,220,136.37,220,104A92.1,92.1,0,0,0,128,12Zm31.3,174.71A249.35,249.35,0,0,1,128,216.89a249.35,249.35,0,0,1-31.3-30.18C80,167.37,60,137.31,60,104a68,68,0,0,1,136,0C196,137.31,176,167.37,159.3,186.71Z\"><\/path><\/svg><\/span><span class=\"gb-text\"><strong>Kontor i Centrum<\/strong><\/span><\/p>\n\n\n\n<ul class=\"wp-block-list\">\n<li><strong>Pla\u00e7a de Catalunya (Huvudkontor):<\/strong> Pla\u00e7a de Catalunya, 17 (k\u00e4llare) | \u00d6ppettider: Dagligen 8.30 \u2013 20.30<\/li>\n\n\n\n<li><strong>Pla\u00e7a de Catalunya (Informationskiosk):<\/strong> Framf\u00f6r varuhuset El Corte Ingl\u00e9s | \u00d6ppettider: Dagligen 8.30 \u2013 14.30<\/li>\n\n\n\n<li><strong>Pla\u00e7a Espanya:<\/strong> Pla\u00e7a Espanya (Avinguda Maria Cristina) | \u00d6ppettider: Dagligen 8.30 \u2013 14.30<\/li>\n\n\n\n<li><strong>Sagrada Fam\u00edlia (Informationskiosk):<\/strong> N\u00e4ra Sagrada Fam\u00edlia-basilikan | \u00d6ppettider: Dagligen 8.30 \u2013 20.00<\/li>\n\n\n\n<li><strong>Mirador de Colom (Columbus Monument):<\/strong> Pla\u00e7a Portal de la Pau | \u00d6ppettider: Dagligen 8.30 \u2013 14.30 (sista intr\u00e4de till utsiktsgalleriet kl. 13.30)<\/li>\n<\/ul>\n\n\n\n<p>Utforska vackra Barcelona p\u00e5 en budget, allt som kr\u00e4vs \u00e4r ett litet kort!<\/p>\n\n\n<div class=\"gb-container gb-container-050170bc ms-alert--primary ms-p ms-rounded ms-mb-last-child-0 ms-mb-children-condensed ms-mb-block\">\n\n<p>Kortet aktiveras vid f\u00f6rsta anv\u00e4ndningen, s\u00e5 du beh\u00f6ver inte oroa dig f\u00f6r att det ska l\u00f6pa ut innan du anl\u00e4nder till Barcelona.<\/p>\n\n<\/div>\n<\/div>\n\n<div class=\"gb-container gb-container-fd1bb83b gb-tabs__item\" id=\"gb-tab-item-fd1bb83b\" role=\"tabpanel\">\n\n<p>Barcelona Card \u00e4r enkelt att anv\u00e4nda, men att k\u00e4nna till n\u00e5gra viktiga detaljer hj\u00e4lper dig att f\u00e5 ut mest v\u00e4rde av det.<\/p>\n\n\n\n<h3 class=\"gb-text-1b8be78b\"><span class=\"gb-shape\"><svg viewBox=\"0 0 256 256\" fill=\"#000000\" height=\"32\" width=\"32\" xmlns=\"http:\/\/www.w3.org\/2000\/svg\"><path d=\"M232.49,80.49l-128,128a12,12,0,0,1-17,0l-56-56a12,12,0,1,1,17-17L96,183,215.51,63.51a12,12,0,0,1,17,17Z\"><\/path><\/svg><\/span><span class=\"gb-text\">Aktivering<\/span><\/h3>\n\n\n\n<p>Barcelona Card aktiveras n\u00e4r du anv\u00e4nder det f\u00f6rsta g\u00e5ngen, till exempel i kollektivtrafiken eller vid ing\u00e5ngen till en av de deltagande attraktionerna.<\/p>\n\n\n\n<p>Barcelona Card finns i 3-, 4- eller 5-dagarsalternativ och det \u00e4r giltigt f\u00f6r p\u00e5 varandra f\u00f6ljande dagar, inte 24-timmarsperioder. Om du till exempel aktiverar ett 5-dagars Barcelona Card p\u00e5 m\u00e5ndag vid middagstid kommer det att g\u00e5 ut p\u00e5 fredag vid midnatt.<\/p>\n\n\n\n<h3 class=\"gb-text-1fe6b320\"><span class=\"gb-shape\"><svg viewBox=\"0 0 256 256\" fill=\"#000000\" height=\"32\" width=\"32\" xmlns=\"http:\/\/www.w3.org\/2000\/svg\"><path d=\"M184,20H72A36,36,0,0,0,36,56V184a36,36,0,0,0,36,36h0l-9.6,12.8a12,12,0,1,0,19.2,14.4L102,220h52l20.4,27.2a12,12,0,0,0,19.2-14.4L184,220h0a36,36,0,0,0,36-36V56A36,36,0,0,0,184,20ZM72,44H184a12,12,0,0,1,12,12v60H60V56A12,12,0,0,1,72,44ZM184,196H72a12,12,0,0,1-12-12V140H196v44A12,12,0,0,1,184,196Zm-80-28a16,16,0,1,1-16-16A16,16,0,0,1,104,168Zm80,0a16,16,0,1,1-16-16A16,16,0,0,1,184,168Z\"><\/path><\/svg><\/span><span class=\"gb-text\">Anv\u00e4nda kollektivtrafik<\/span><\/h3>\n\n\n\n<p>N\u00e4r det \u00e4r aktiverat, h\u00e5ll ditt Barcelona Card mot l\u00e4saren vid n\u00e5got av dessa transportalternativ:<\/p>\n\n\n\n<ul class=\"wp-block-list\">\n<li>Tunnelbana (TMB)<\/li>\n\n\n\n<li>Sp\u00e5rvagn (TMB)<\/li>\n\n\n\n<li>Dagbussar (TMB)<\/li>\n\n\n\n<li>FGC-j\u00e4rnv\u00e4g (stadslinjer)<\/li>\n\n\n\n<li>Renfe Rodalies-t\u00e5g (endast zon 1)<\/li>\n<\/ul>\n\n\n\n<p><strong>Obs:<\/strong> Kortet \u00e4r inte giltigt f\u00f6r nattbussar.<\/p>\n\n\n\n<h3 class=\"gb-text-a33c3e33\"><span class=\"gb-shape\"><svg xmlns=\"http:\/\/www.w3.org\/2000\/svg\" width=\"32\" height=\"32\" fill=\"#000000\" viewBox=\"0 0 256 256\"><path d=\"M24,108H44v48H32a12,12,0,0,0,0,24H224a12,12,0,0,0,0-24H212V108h20a12,12,0,0,0,6.29-22.22l-104-64a12,12,0,0,0-12.58,0l-104,64A12,12,0,0,0,24,108Zm44,0H92v48H68Zm72,0v48H116V108Zm48,48H164V108h24ZM128,46.09,189.6,84H66.4ZM252,208a12,12,0,0,1-12,12H16a12,12,0,0,1,0-24H240A12,12,0,0,1,252,208Z\"><\/path><\/svg><\/span><span class=\"gb-text\"><strong>Anv\u00e4nda p\u00e5 museer och attraktioner<\/strong><\/span><\/h3>\n\n\n\n<p>Visa eller skanna helt enkelt ditt Barcelona Card vid ing\u00e5ngen till n\u00e5got inkluderat museum eller attraktion. Du f\u00e5r ett gratis intr\u00e4de per plats under kortets giltighetstid.<\/p>\n\n\n\n<p>F\u00f6r rabatterade attraktioner (som Casa Batll\u00f3 eller La Pedrera) visa ditt kort vid biljettdisken f\u00f6r att f\u00e5 din rabatt.<\/p>\n\n\n\n<h3 class=\"gb-text-e8105f3d\"><span class=\"gb-shape\"><svg viewBox=\"0 0 256 256\" fill=\"#000000\" height=\"32\" width=\"32\" xmlns=\"http:\/\/www.w3.org\/2000\/svg\"><path d=\"M240.26,186.1,152.81,34.23h0a28.74,28.74,0,0,0-49.62,0L15.74,186.1a27.45,27.45,0,0,0,0,27.71A28.31,28.31,0,0,0,40.55,228h174.9a28.31,28.31,0,0,0,24.79-14.19A27.45,27.45,0,0,0,240.26,186.1Zm-20.8,15.7a4.46,4.46,0,0,1-4,2.2H40.55a4.46,4.46,0,0,1-4-2.2,3.56,3.56,0,0,1,0-3.73L124,46.2a4.77,4.77,0,0,1,8,0l87.44,151.87A3.56,3.56,0,0,1,219.46,201.8ZM116,136V104a12,12,0,0,1,24,0v32a12,12,0,0,1-24,0Zm28,40a16,16,0,1,1-16-16A16,16,0,0,1,144,176Z\"><\/path><\/svg><\/span><span class=\"gb-text\">Bra att veta innan du \u00e5ker<\/span><\/h3>\n\n\n\n<ul class=\"wp-block-list\">\n<li>Ett intr\u00e4de per plats: Du kan bes\u00f6ka varje gratis museum eller attraktion en g\u00e5ng med ditt kort.<\/li>\n\n\n\n<li>Ingen rabattstapelning: Rabatter kan inte kombineras med andra kampanjer eller erbjudanden.<\/li>\n\n\n\n<li>Giltigt till \u00e5rets slut: Kortet \u00e4r giltigt till slutet av innevarande kalender\u00e5r.<\/li>\n\n\n\n<li>M\u00e5ste aktiveras: Gratis intr\u00e4den och rabatter fungerar endast n\u00e4r kortet \u00e4r aktiverat och inom dess giltighetstid.<\/li>\n<\/ul>\n\n\n\n<p>Ta nu Barcelona Card-utmaningen och se hur m\u00e5nga of\u00f6rgl\u00f6mliga upplevelser du kan f\u00e5!<\/p>\n\n\n<div class=\"gb-container gb-container-655a7a2c ms-alert--primary ms-p ms-rounded ms-mb-last-child-0 ms-mb-children-condensed ms-mb-block\">\n\n<p>L\u00e4s mer:&nbsp;<a href=\"https:\/\/www.barcelonacard.org\/sv\/discounts\/\">rabatter<\/a>&nbsp;&#8211;&nbsp;<a href=\"https:\/\/www.barcelonacard.org\/sv\/prices\/\">priser<\/a>&nbsp;&#8211;&nbsp;<a href=\"https:\/\/www.barcelonacard.org\/sv\/faq\/\">vanliga fr\u00e5gor<\/a><\/p>\n\n<\/div>\n<\/div>\n<\/div>\n<\/div>\n\n\n<p><\/p>\n","protected":false},"excerpt":{"rendered":"","protected":false},"author":4,"featured_media":932,"parent":0,"menu_order":2,"comment_status":"closed","ping_status":"closed","template":"","meta":{"_acf_changed":false,"footnotes":"","button_url":"https:\/\/www.tiqets.com\/sv\/barcelona-attractions-c66342\/tickets-for-barcelona-card-72-Hour-96-Hour-120-Hour-p975758\/?partner=barcelonacard","ms_product_id":"975758","ms_product_name":"Barcelona Card: Public Transport + 40 Attractions","ms_price":"59","ms_currency":"EUR","ms_rating_value":"4.3","ms_review_count":"2303","rank_math_title":"%title% - Det officiella stadspasset %currentyear%","rank_math_description":"Spara tid och pengar med Barcelona Card \u2013 Barcelonas officiella turistpass. Barcelona Card erbjuder \u00f6ver 350 \u20ac i rabatter p\u00e5 museer, sev\u00e4rdheter, guidade turer, restauranger och mer. Klicka h\u00e4r f\u00f6r att boka ditt nu."},"post-style":[7],"producer":[],"class_list":["post-587","page","type-page","status-publish","has-post-thumbnail"],"acf":[],"product_schema":{"ms_product_id":"975758","ms_product_name":"Barcelona Card: Public Transport + 40 Attractions","ms_price":"59","ms_currency":"EUR","ms_rating_value":"4.3","ms_review_count":"2303"},"_links":{"self":[{"href":"https:\/\/www.barcelonacard.org\/sv\/wp-json\/wp\/v2\/pages\/587","targetHints":{"allow":["GET"]}}],"collection":[{"href":"https:\/\/www.barcelonacard.org\/sv\/wp-json\/wp\/v2\/pages"}],"about":[{"href":"https:\/\/www.barcelonacard.org\/sv\/wp-json\/wp\/v2\/types\/page"}],"author":[{"embeddable":true,"href":"https:\/\/www.barcelonacard.org\/sv\/wp-json\/wp\/v2\/users\/4"}],"replies":[{"embeddable":true,"href":"https:\/\/www.barcelonacard.org\/sv\/wp-json\/wp\/v2\/comments?post=587"}],"version-history":[{"count":3,"href":"https:\/\/www.barcelonacard.org\/sv\/wp-json\/wp\/v2\/pages\/587\/revisions"}],"predecessor-version":[{"id":1251,"href":"https:\/\/www.barcelonacard.org\/sv\/wp-json\/wp\/v2\/pages\/587\/revisions\/1251"}],"wp:featuredmedia":[{"embeddable":true,"href":"https:\/\/www.barcelonacard.org\/sv\/wp-json\/wp\/v2\/media\/932"}],"wp:attachment":[{"href":"https:\/\/www.barcelonacard.org\/sv\/wp-json\/wp\/v2\/media?parent=587"}],"wp:term":[{"taxonomy":"post-style","embeddable":true,"href":"https:\/\/www.barcelonacard.org\/sv\/wp-json\/wp\/v2\/post-style?post=587"},{"taxonomy":"producer","embeddable":true,"href":"https:\/\/www.barcelonacard.org\/sv\/wp-json\/wp\/v2\/producer?post=587"}],"curies":[{"name":"wp","href":"https:\/\/api.w.org\/{rel}","templated":true}]}}