{"id":13,"date":"2013-10-25T17:23:53","date_gmt":"2013-10-25T15:23:53","guid":{"rendered":"https:\/\/www.barcelonacard.org\/sv\/?page_id=13"},"modified":"2026-02-05T05:10:47","modified_gmt":"2026-02-05T04:10:47","slug":"turistinformation","status":"publish","type":"page","link":"https:\/\/www.barcelonacard.org\/sv\/turistinformation\/","title":{"rendered":"Turistinformationskontor"},"content":{"rendered":"\n<p>Oavsett var du befinner dig i Barcelona finns det alltid ett turistkontor i n\u00e4rheten. Huvudkontoret ligger p\u00e5 Pla\u00e7a de Catalunya, men det finns \u00e4ven m\u00e5nga andra informationskontor runt om i staden.<\/p>\n\n\n\n<p>Barcelonas flygplats har ocks\u00e5 informationskontor i b\u00e5da terminalerna. Du kan enkelt k\u00f6pa ditt Barcelona Card i f\u00f6rv\u00e4g och h\u00e4mta det p\u00e5 flygplatsen. En extra f\u00f6rdel \u00e4r att du kan ta flygplatst\u00e5get direkt in till staden.<\/p>\n\n\n\n<p>Nedan hittar du en lista \u00f6ver turistinformationskontor med kontaktuppgifter, adresser och \u00f6ppettider.<\/p>\n\n\n\n<h3 class=\"wp-block-heading\">Pla\u00e7a de Catalunya<\/h3>\n\n\n\n<p>Mitt i hj\u00e4rtat av Barcelona. H\u00e4r f\u00e5r du flerspr\u00e5kig service, kan bes\u00f6ka en presentbutik och f\u00e5 hj\u00e4lp med \u00e5terbetalning av moms. Det \u00e4r ocks\u00e5 m\u00f6tesplatsen f\u00f6r <a href=\"https:\/\/www.tiqets.com\/sv\/barcelona-attractions-c66342\/tickets-for-picasso-walking-tour-picasso-museum-skip-the-line-p977198\/?partner=barcelonacard&amp;tq_campaign=S-en--P-tourist-information-offices--L-mc--A-tl\" rel=\"nofollow noopener\">Picasso-museet g\u00e5 f\u00f6rbi k\u00f6n-biljett + stadsrundvandring<\/a>.<\/p>\n\n\n\n<ul class=\"wp-block-list\">\n<li>Adress: Pla\u00e7a de Catalunya, 17-S, 08002, Barcelona<\/li>\n\n\n\n<li>Tel: 932 853 834<\/li>\n\n\n\n<li>\u00d6ppettider: Dagligen, 8:30\u201320:30<\/li>\n<\/ul>\n\n\n\n<h3 class=\"wp-block-heading\">Flygplatsterminalerna 1 och 2<\/h3>\n\n\n\n<p>En hj\u00e4lpsam turistinformationspunkt p\u00e5 Barcelona \u2013 El Prat Airport.<\/p>\n\n\n\n<ul class=\"wp-block-list\">\n<li>Adress: Aeroport del Prat &#8211; Terminal 1 i 2 (B)<\/li>\n\n\n\n<li>\u00d6ppettider:<br>T1: M\u00e5ndag till s\u00f6ndag, 8:30\u201319:30<br>T2: M\u00e5ndag till s\u00f6ndag, 8:30\u201319:30<\/li>\n<\/ul>\n\n\n\n<h3 class=\"wp-block-heading\">Metro L9-lobbyn vid Barcelonas flygplatsterminaler<\/h3>\n\n\n\n<p>En turistinformationsdisk vid tunnelbanelinjen L9 i lobbyn p\u00e5 Barcelonas flygplats (T1 &amp; T2).<\/p>\n\n\n\n<ul class=\"wp-block-list\">\n<li>Adress: Aeroport del Prat &#8211; Metro L9, Barcelona.<\/li>\n\n\n\n<li>\u00d6ppettider:<br>T1: M\u00e5ndag till s\u00f6ndag, 8:30\u201314:30<br>T2: M\u00e5ndag till s\u00f6ndag, 8:30\u201314:30<\/li>\n<\/ul>\n\n\n\n<h3 class=\"wp-block-heading\">Oficina Catedral<\/h3>\n\n\n\n<p>En informationspunkt i de gotiska kvarteren, precis intill Barcelonas katedral.<\/p>\n\n\n\n<ul class=\"wp-block-list\">\n<li>Adress: Pla de la Seu s\/n, Barcelona.<\/li>\n\n\n\n<li>\u00d6ppettider:<br>M\u00e5ndag till l\u00f6rdag: 09:00\u201317:00<br>S\u00f6ndag: St\u00e4ngt<\/li>\n<\/ul>\n\n\n\n<h3 class=\"wp-block-heading\">Mirador de Colom<\/h3>\n\n\n\n<p>En turistinformationspunkt inne i Columbusmonumentet, precis vid den gamla hamnen \u2013 perfekt att bes\u00f6ka p\u00e5 en promenad. H\u00e4r kan du f\u00e5 hj\u00e4lp, k\u00f6pa biljetter och f\u00e5 tips p\u00e5 sev\u00e4rdheter.<\/p>\n\n\n\n<ul class=\"wp-block-list\">\n<li>Adress: Pla\u00e7a del Portal de la Pau, s\/n, 08002, Barcelona<\/li>\n\n\n\n<li>\u00d6ppettider: M\u00e5ndag till s\u00f6ndag, 8:30\u201314:30<\/li>\n\n\n\n<li>Obs! Sista intr\u00e4det till utsiktspunkten \u00e4r 30 minuter f\u00f6re st\u00e4ngning<\/li>\n<\/ul>\n\n\n\n<h3 class=\"wp-block-heading\">Estaci\u00f3 del Nord<\/h3>\n\n\n\n<p>Om du anl\u00e4nder med buss finns det ett informationskontor p\u00e5 l\u2019Espai Mediterr\u00e0nia i Estaci\u00f3 del Nord.<\/p>\n\n\n\n<ul class=\"wp-block-list\">\n<li>Adress: Estaci\u00f3 del Nord &#8211; Espai Mediterr\u00e0nia, 08013, Barcelona<\/li>\n\n\n\n<li>\u00d6ppettider: M\u00e5ndag till s\u00f6ndag, 8:30\u201314:00<\/li>\n<\/ul>\n\n\n\n<h3 class=\"wp-block-heading\">Turistinformationskiosker<\/h3>\n\n\n\n<p>Du hittar turistinformationskiosker p\u00e5 viktiga platser runt om i Barcelona, d\u00e4r personalen st\u00e5r redo att hj\u00e4lpa dig med personliga r\u00e5d och tips.<\/p>\n\n\n\n<ul class=\"wp-block-list\">\n<li><strong><strong>Cabina Colom<\/strong><\/strong><br>Adress: Pla\u00e7a Portal de la Pau, s\/n<br>\u00d6ppettider: M\u00e5ndag till s\u00f6ndag, 8:30\u201314:30<\/li>\n\n\n\n<li><strong><strong>Cabina Pla\u00e7a Catalunya Bergara<\/strong><\/strong><br>Adress: Pla\u00e7a de Catalunya, s\/n<br>\u00d6ppettider: M\u00e5ndag till s\u00f6ndag, 8:30\u201320:00<\/li>\n\n\n\n<li><strong>Cabina Pla\u00e7a de Catalunya Nord<\/strong><br>Adress: Pla\u00e7a de Catalunya, s\/n (framf\u00f6r \u201dEl Corte Ingl\u00e9s\u201d)<br>\u00d6ppettider: M\u00e5ndag och s\u00f6ndag, 8:30\u201314:30. Tisdag till l\u00f6rdag, 8:30\u201320:00<\/li>\n\n\n\n<li><strong>Cabina Pla\u00e7a de Catalunya Sud<\/strong><br>Adress: Pla\u00e7a de Catalunya, s\/n (framf\u00f6r \u201dEl Triangle\u201d)<br>\u00d6ppettider: M\u00e5ndag till s\u00f6ndag, 8:30\u201320:00<\/li>\n\n\n\n<li><strong>Cabina Pla\u00e7a Espanya<\/strong><br>Adress: Pla\u00e7a Espanya\/Maria Cristina-av<br>\u00d6ppettider: M\u00e5ndag till s\u00f6ndag, 8:30\u201314:30<\/li>\n\n\n\n<li><strong>Cabina Sagrada Fam\u00edlia<\/strong><br>Adress: Pla\u00e7a de la Sagrada Fam\u00edlia<br>\u00d6ppettider: M\u00e5ndag till s\u00f6ndag, 8:30\u201320:00<\/li>\n\n\n\n<li><strong>Cabina Sagrada Fam\u00edlia 2<\/strong><br>Adress: Pla\u00e7a de la Sagrada Fam\u00edlia<br>\u00d6ppettider: M\u00e5ndag till l\u00f6rdag, 08:30\u201320:00. S\u00f6ndag, 08:30\u201314:30<\/li>\n<\/ul>\n\n\n\n<div class=\"ms-p ms-rounded ms-mb-last-child-0 ms-mb-children-condensed ms-mb-block ms-alert--neutral\">\n<h4 class=\"gb-text-2314d7d2\"><span class=\"gb-shape\"><svg viewBox=\"0 0 256 256\" fill=\"#000000\" height=\"32\" width=\"32\" xmlns=\"http:\/\/www.w3.org\/2000\/svg\"><path d=\"M108,84a16,16,0,1,1,16,16A16,16,0,0,1,108,84Zm128,44A108,108,0,1,1,128,20,108.12,108.12,0,0,1,236,128Zm-24,0a84,84,0,1,0-84,84A84.09,84.09,0,0,0,212,128Zm-72,36.68V132a20,20,0,0,0-20-20,12,12,0,0,0-4,23.32V168a20,20,0,0,0,20,20,12,12,0,0,0,4-23.32Z\"><\/path><\/svg><\/span><span class=\"gb-text\">Obs<\/span><\/h4>\n\n\n\n<p class=\"gb-text\">Informationskontorens \u00f6ppettider kan \u00e4ndras p\u00e5 grund av omst\u00e4ndigheter utanf\u00f6r Barcelonas turistbyr\u00e5s kontroll.<\/p>\n\n\n\n<p class=\"gb-text\">F\u00f6r mer information, <a href=\"https:\/\/www.barcelonaturisme.com\/wv3\/en\/page\/38\/tourist-information-points.html\" target=\"_blank\" rel=\"noreferrer noopener nofollow\">klicka h\u00e4r<\/a>. <\/p>\n<\/div>\n\n\n\n<p><\/p>\n","protected":false},"excerpt":{"rendered":"","protected":false},"author":4,"featured_media":0,"parent":0,"menu_order":6,"comment_status":"closed","ping_status":"closed","template":"","meta":{"_acf_changed":false,"footnotes":"","button_url":"https:\/\/www.tiqets.com\/sv\/barcelona-attractions-c66342\/tickets-for-barcelona-card-72-Hour-96-Hour-120-Hour-p975758\/?partner=barcelonacard","ms_product_id":"","ms_product_name":"","ms_price":"","ms_currency":"","ms_rating_value":"","ms_review_count":"","rank_math_title":"%title% %sep% %sitename%","rank_math_description":"Lista \u00f6ver turistinformationskontor i Barcelona."},"post-style":[],"producer":[],"class_list":["post-13","page","type-page","status-publish","has-post-thumbnail"],"acf":[],"product_schema":{"ms_product_id":"","ms_product_name":"","ms_price":"","ms_currency":"","ms_rating_value":"","ms_review_count":""},"_links":{"self":[{"href":"https:\/\/www.barcelonacard.org\/sv\/wp-json\/wp\/v2\/pages\/13","targetHints":{"allow":["GET"]}}],"collection":[{"href":"https:\/\/www.barcelonacard.org\/sv\/wp-json\/wp\/v2\/pages"}],"about":[{"href":"https:\/\/www.barcelonacard.org\/sv\/wp-json\/wp\/v2\/types\/page"}],"author":[{"embeddable":true,"href":"https:\/\/www.barcelonacard.org\/sv\/wp-json\/wp\/v2\/users\/4"}],"replies":[{"embeddable":true,"href":"https:\/\/www.barcelonacard.org\/sv\/wp-json\/wp\/v2\/comments?post=13"}],"version-history":[{"count":3,"href":"https:\/\/www.barcelonacard.org\/sv\/wp-json\/wp\/v2\/pages\/13\/revisions"}],"predecessor-version":[{"id":1235,"href":"https:\/\/www.barcelonacard.org\/sv\/wp-json\/wp\/v2\/pages\/13\/revisions\/1235"}],"wp:attachment":[{"href":"https:\/\/www.barcelonacard.org\/sv\/wp-json\/wp\/v2\/media?parent=13"}],"wp:term":[{"taxonomy":"post-style","embeddable":true,"href":"https:\/\/www.barcelonacard.org\/sv\/wp-json\/wp\/v2\/post-style?post=13"},{"taxonomy":"producer","embeddable":true,"href":"https:\/\/www.barcelonacard.org\/sv\/wp-json\/wp\/v2\/producer?post=13"}],"curies":[{"name":"wp","href":"https:\/\/api.w.org\/{rel}","templated":true}]}}