{"id":5,"date":"2013-10-20T16:20:48","date_gmt":"2013-10-20T14:20:48","guid":{"rendered":"https:\/\/www.barcelonacard.org\/?page_id=5"},"modified":"2026-01-16T06:54:23","modified_gmt":"2026-01-16T05:54:23","slug":"%d1%81%d0%ba%d0%b8%d0%b4%d0%ba%d0%b8","status":"publish","type":"page","link":"https:\/\/www.barcelonacard.org\/ru\/%d1%81%d0%ba%d0%b8%d0%b4%d0%ba%d0%b8\/","title":{"rendered":"\u0421\u043a\u0438\u0434\u043a\u0438 \u043f\u043e Barcelona Card"},"content":{"rendered":"\n<div class=\"ms-p ms-rounded ms-mb-last-child-0 ms-mb-children-condensed ms-alert--contrast ms-mb-block\">\n<ul class=\"wp-block-list\">\n<li>Barcelona Card \u0432\u043a\u043b\u044e\u0447\u0430\u0435\u0442 \u043d\u0435\u043e\u0433\u0440\u0430\u043d\u0438\u0447\u0435\u043d\u043d\u044b\u0439 \u043f\u0440\u043e\u0435\u0437\u0434 \u043d\u0430 \u043e\u0431\u0449\u0435\u0441\u0442\u0432\u0435\u043d\u043d\u043e\u043c \u0442\u0440\u0430\u043d\u0441\u043f\u043e\u0440\u0442\u0435 \u0411\u0430\u0440\u0441\u0435\u043b\u043e\u043d\u044b (\u043c\u0435\u0442\u0440\u043e, \u0430\u0432\u0442\u043e\u0431\u0443\u0441, \u0442\u0440\u0430\u043c\u0432\u0430\u0439, \u043f\u0440\u0438\u0433\u043e\u0440\u043e\u0434\u043d\u044b\u0435 \u043f\u043e\u0435\u0437\u0434\u0430, \u0432 \u0442\u043e\u043c \u0447\u0438\u0441\u043b\u0435 \u0434\u043e \u0430\u044d\u0440\u043e\u043f\u043e\u0440\u0442\u0430).<\/li>\n\n\n\n<li>\u0411\u0435\u0441\u043f\u043b\u0430\u0442\u043d\u044b\u0439 \u0432\u0445\u043e\u0434 \u0432 \u0431\u043e\u043b\u0435\u0435 \u0447\u0435\u043c 25 \u043c\u0443\u0437\u0435\u0435\u0432 \u0438 \u043a\u0443\u043b\u044c\u0442\u0443\u0440\u043d\u044b\u0445 \u0446\u0435\u043d\u0442\u0440\u043e\u0432, \u0432\u043a\u043b\u044e\u0447\u0430\u044f \u043c\u0443\u0437\u0435\u0439 \u041f\u0438\u043a\u0430\u0441\u0441\u043e, MNAC, \u0444\u043e\u043d\u0434 \u0416\u043e\u0430\u043d\u0430 \u041c\u0438\u0440\u043e \u0438 MACBA.<\/li>\n\n\n\n<li>\u041f\u0440\u043e\u0445\u043e\u0434 \u0431\u0435\u0437 \u043e\u0447\u0435\u0440\u0435\u0434\u0438 \u0432 \u0442\u043e\u043f\u043e\u0432\u044b\u0435 \u043c\u0443\u0437\u0435\u0438, \u043f\u043b\u044e\u0441 \u043e\u0434\u043d\u0430 \u0431\u0435\u0441\u043f\u043b\u0430\u0442\u043d\u0430\u044f \u043f\u0440\u043e\u0433\u0443\u043b\u043a\u0430 \u043d\u0430 \u043a\u043e\u0440\u0430\u0431\u043b\u0438\u043a\u0435 Las Golondrinas.<\/li>\n\n\n\n<li>\u042d\u043a\u043e\u043d\u043e\u043c\u044c\u0442\u0435 10-50% \u043d\u0430 \u0437\u043d\u0430\u043a\u043e\u0432\u044b\u0435 \u0434\u043e\u0441\u0442\u043e\u043f\u0440\u0438\u043c\u0435\u0447\u0430\u0442\u0435\u043b\u044c\u043d\u043e\u0441\u0442\u0438 \u0432\u0440\u043e\u0434\u0435 Casa Batll\u00f3, La Pedrera, Casa Vicens \u0438 \u043e\u043a\u0435\u0430\u043d\u0430\u0440\u0438\u0443\u043c\u0430 \u0411\u0430\u0440\u0441\u0435\u043b\u043e\u043d\u044b.<\/li>\n\n\n\n<li>\u041f\u043b\u044e\u0441 \u0441\u043a\u0438\u0434\u043a\u0438 \u043d\u0430 \u0431\u043e\u043b\u0435\u0435 \u0447\u0435\u043c 70 \u044d\u043a\u0441\u043a\u0443\u0440\u0441\u0438\u0439, \u0448\u043e\u0443 \u0438 \u0440\u0430\u0437\u0432\u043b\u0435\u0447\u0435\u043d\u0438\u0439 \u043f\u043e \u0432\u0441\u0435\u043c\u0443 \u0433\u043e\u0440\u043e\u0434\u0443.<\/li>\n<\/ul>\n\n\n\n<p class=\"gb-text-fb1a3135\"><span class=\"gb-shape\"><svg xmlns=\"http:\/\/www.w3.org\/2000\/svg\" width=\"32\" height=\"32\" fill=\"#000000\" viewBox=\"0 0 256 256\"><path d=\"M228,144v64a12,12,0,0,1-12,12H40a12,12,0,0,1-12-12V144a12,12,0,0,1,24,0v52H204V144a12,12,0,0,1,24,0Zm-108.49,8.49a12,12,0,0,0,17,0l40-40a12,12,0,0,0-17-17L140,115V32a12,12,0,0,0-24,0v83L96.49,95.51a12,12,0,0,0-17,17Z\"><\/path><\/svg><\/span><span class=\"gb-text\"><a href=\"https:\/\/www.barcelonacard.org\/wp-content\/uploads\/FolletoBarcelonaCard2026.pdf\" target=\"_blank\" data-type=\"link\" data-id=\"https:\/\/drive.google.com\/file\/d\/16o2S8Uo9wpknZP7nHiZxyDS21InCpXhC\/view?usp=sharing\" rel=\"noreferrer noopener nofollow\">\u0421\u043a\u0430\u0447\u0430\u0442\u044c \u043f\u043e\u043b\u043d\u044b\u0439 \u0441\u043f\u0438\u0441\u043e\u043a \u0441\u043a\u0438\u0434\u043e\u043a (PDF)<\/a><\/span><\/p>\n<\/div>\n\n\n\n<h2 class=\"wp-block-heading\"><strong>\u0411\u0435\u0441\u043f\u043b\u0430\u0442\u043d\u043e<\/strong><\/h2>\n\n\n\n<h3 class=\"wp-block-heading\"><strong>\u041e\u0431\u0449\u0435\u0441\u0442\u0432\u0435\u043d\u043d\u044b\u0439 \u0442\u0440\u0430\u043d\u0441\u043f\u043e\u0440\u0442<\/strong><\/h3>\n\n\n<div class=\"ms-table\"><table><tr><th>\u041f\u0443\u043d\u043a\u0442<\/th><th>\u041e\u0431\u044b\u0447\u043d\u043e\u0435<\/th><th>\u0421 \u043a\u0430\u0440\u0442\u043e\u0439<\/th><\/tr><tr><td>48 \u0447\u0430\u0441\u0430<\/td><td>18,01 \u20ac<\/td><td>\u0411\u0435\u0441\u043f\u043b\u0430\u0442\u043d\u043e<\/td><\/tr><tr><td>72 \u0447\u0430\u0441\u0430<\/td><td>26,30 \u20ac<\/td><td>\u0411\u0435\u0441\u043f\u043b\u0430\u0442\u043d\u043e<\/td><\/tr><tr><td>96 \u0447\u0430\u0441\u0430<\/td><td>34,40 \u20ac<\/td><td>\u0411\u0435\u0441\u043f\u043b\u0430\u0442\u043d\u043e<\/td><\/tr><tr><td>120 \u0447\u0430\u0441\u0430<\/td><td>42,10 \u20ac<\/td><td>\u0411\u0435\u0441\u043f\u043b\u0430\u0442\u043d\u043e<\/td><\/tr><tr><td>\u041f\u043e\u0435\u0437\u0434 \u0432 \u0430\u044d\u0440\u043e\u043f\u043e\u0440\u0442<\/td><td>4,20 \u20ac<\/td><td>\u0411\u0435\u0441\u043f\u043b\u0430\u0442\u043d\u043e<\/td><\/tr><tr><td>\u041c\u0435\u0442\u0440\u043e \u0432 \u0430\u044d\u0440\u043e\u043f\u043e\u0440\u0442<\/td><td>4,60 \u20ac<\/td><td>\u0411\u0435\u0441\u043f\u043b\u0430\u0442\u043d\u043e<\/td><\/tr><\/table><\/div>\n\n\n<h3 class=\"wp-block-heading\"><strong>\u041c\u0443\u0437\u0435\u0438 \u0438 \u0434\u043e\u0441\u0442\u043e\u043f\u0440\u0438\u043c\u0435\u0447\u0430\u0442\u0435\u043b\u044c\u043d\u043e\u0441\u0442\u0438<\/strong><\/h3>\n\n\n<div class=\"ms-table\"><table><tr><th>\u041f\u0440\u0438\u0442\u044f\u0436\u0435\u043d\u0438\u0435<\/th><th>\u041e\u0431\u044b\u0447\u043d\u043e\u0435<\/th><th>\u0421 \u043a\u0430\u0440\u0442\u043e\u0439<\/th><\/tr><tr><td>CaixaForum<\/td><td>6,00 \u20ac<\/td><td>\u0411\u0435\u0441\u043f\u043b\u0430\u0442\u043d\u043e<\/td><\/tr><tr><td>Castell de Montju\u00efc*<\/td><td>12,00 \u20ac<\/td><td>\u0411\u0435\u0441\u043f\u043b\u0430\u0442\u043d\u043e<\/td><\/tr><tr><td>Centre de Cultura Contempor\u00e0nia de Barcelona (CCCB)**<\/td><td>6,00 \u20ac<\/td><td>\u0411\u0435\u0441\u043f\u043b\u0430\u0442\u043d\u043e<\/td><\/tr><tr><td>Centre Martorell d\u2019Exposicions<\/td><td>6,50 \u20ac<\/td><td>\u0411\u0435\u0441\u043f\u043b\u0430\u0442\u043d\u043e<\/td><\/tr><tr><td>Disseny Hub Barcelona DHUB<\/td><td>6,00 \u20ac<\/td><td>\u0411\u0435\u0441\u043f\u043b\u0430\u0442\u043d\u043e<\/td><\/tr><tr><td>El Born Museu d&#8217;Historia de Barcelona<\/td><td>7,00 \u20ac<\/td><td>\u0411\u0435\u0441\u043f\u043b\u0430\u0442\u043d\u043e<\/td><\/tr><tr><td>El Call Museu d&#8217;Historia de Barcelona<\/td><td>2,00 \u20ac<\/td><td>\u0411\u0435\u0441\u043f\u043b\u0430\u0442\u043d\u043e<\/td><\/tr><tr><td>Fundaci\u00f3 Joan Mir\u00f3**<\/td><td>15,00 \u20ac<\/td><td>\u0411\u0435\u0441\u043f\u043b\u0430\u0442\u043d\u043e<\/td><\/tr><tr><td>Jard\u00ed Bot\u00e0nic de Barcelona<\/td><td>3,50 \u20ac<\/td><td>\u0411\u0435\u0441\u043f\u043b\u0430\u0442\u043d\u043e<\/td><\/tr><tr><td>MOCO Museum Barcelona<\/td><td>19,50 \u20ac<\/td><td>\u0411\u0435\u0441\u043f\u043b\u0430\u0442\u043d\u043e<\/td><\/tr><tr><td>Museu d&#8217;Historia de Barcelona Refugi 307<\/td><td>2,00 \u20ac<\/td><td>\u0411\u0435\u0441\u043f\u043b\u0430\u0442\u043d\u043e<\/td><\/tr><tr><td>Museu d&#8217;Historia de Pla\u00e7a del Rei<\/td><td>7,30 \u20ac<\/td><td>\u0411\u0435\u0441\u043f\u043b\u0430\u0442\u043d\u043e<\/td><\/tr><tr><td>Museu d&#8217;Historia de Barcelona Via Sepulcral Romana<\/td><td>2,00 \u20ac<\/td><td>\u0411\u0435\u0441\u043f\u043b\u0430\u0442\u043d\u043e<\/td><\/tr><tr><td>Museu Banksy Barcelona<\/td><td>14,00 \u20ac<\/td><td>\u0411\u0435\u0441\u043f\u043b\u0430\u0442\u043d\u043e<\/td><\/tr><tr><td>Museu d\u2019Art Contemporani de Barcelona (MACBA)**<\/td><td>12,00 \u20ac<\/td><td>\u0411\u0435\u0441\u043f\u043b\u0430\u0442\u043d\u043e<\/td><\/tr><tr><td>Museu de la Ci\u00e8ncia CosmoCaixa<\/td><td>8,00 \u20ac<\/td><td>\u0411\u0435\u0441\u043f\u043b\u0430\u0442\u043d\u043e<\/td><\/tr><tr><td>Museu de la M\u00fasica<\/td><td>6,00 \u20ac<\/td><td>\u0411\u0435\u0441\u043f\u043b\u0430\u0442\u043d\u043e<\/td><\/tr><tr><td>Museu de la Xocolata**<\/td><td>7,00 \u20ac<\/td><td>\u0411\u0435\u0441\u043f\u043b\u0430\u0442\u043d\u043e<\/td><\/tr><tr><td>Museu de Ci\u00e8ncies Naturals de Barcelona<\/td><td>6,00 \u20ac<\/td><td>\u0411\u0435\u0441\u043f\u043b\u0430\u0442\u043d\u043e<\/td><\/tr><tr><td>Museu Egipci de Barcelona**<\/td><td>13,00 \u20ac<\/td><td>\u0411\u0435\u0441\u043f\u043b\u0430\u0442\u043d\u043e<\/td><\/tr><tr><td>Museu Etnol\u00f2gic i de Cultures del M\u00f3n &#8212; Montcada<\/td><td>5,00 \u20ac<\/td><td>\u0411\u0435\u0441\u043f\u043b\u0430\u0442\u043d\u043e<\/td><\/tr><tr><td>Museu Etnol\u00f2gic i de Cultures del M\u00f3n &#8212; Parc de Montju\u00efc<\/td><td>5,00 \u20ac<\/td><td>\u0411\u0435\u0441\u043f\u043b\u0430\u0442\u043d\u043e<\/td><\/tr><tr><td>Museu Frederic Mar\u00e8s<\/td><td>4,20 \u20ac<\/td><td>\u0411\u0435\u0441\u043f\u043b\u0430\u0442\u043d\u043e<\/td><\/tr><tr><td>Museu Nacional d\u2019Art de Catalunya**<\/td><td>12,00 \u20ac<\/td><td>\u0411\u0435\u0441\u043f\u043b\u0430\u0442\u043d\u043e<\/td><\/tr><tr><td>Museu Ol\u00edmpic i de l\u2019Esport Joan Antoni Samaranch**<\/td><td>6,30 \u20ac<\/td><td>\u0411\u0435\u0441\u043f\u043b\u0430\u0442\u043d\u043e<\/td><\/tr><tr><td>Museu Picasso<\/td><td>12,00 \u20ac<\/td><td>\u0411\u0435\u0441\u043f\u043b\u0430\u0442\u043d\u043e<\/td><\/tr><tr><td>Museu T\u00e0pies**<\/td><td>8,00 \u20ac<\/td><td>\u0411\u0435\u0441\u043f\u043b\u0430\u0442\u043d\u043e<\/td><\/tr><tr><td>Reial Monestir de Santa Maria de Pedralbes<\/td><td>5,00 \u20ac<\/td><td>\u0411\u0435\u0441\u043f\u043b\u0430\u0442\u043d\u043e<\/td><\/tr><\/table><\/div>\n\n\n<h2 class=\"wp-block-heading\"><strong>\u0421\u043a\u0438\u0434\u043a\u0438<\/strong><\/h2>\n\n\n\n<h3 class=\"wp-block-heading\"><strong>\u041c\u0443\u0437\u0435\u0438 \u0438 \u0434\u043e\u0441\u0442\u043e\u043f\u0440\u0438\u043c\u0435\u0447\u0430\u0442\u0435\u043b\u044c\u043d\u043e\u0441\u0442\u0438<\/strong><\/h3>\n\n\n<div class=\"ms-table\"><table><tr><th>\u041f\u0440\u0438\u0442\u044f\u0436\u0435\u043d\u0438\u0435<\/th><th>\u0421\u043a\u0438\u0434\u043a\u0438<\/th><\/tr><tr><td>Biblioteca Ar\u00fas<\/td><td>-20%<\/td><\/tr><tr><td>Casa Amatller<\/td><td>-20%<\/td><\/tr><tr><td>Casa Batll\u00f3<\/td><td>-7\u20ac<\/td><\/tr><tr><td>Casa Mil\u00e0 &#8212; La Pedrera (La Pedrera Essencial adult) (Entry from 14h)<\/td><td>-7\u20ac<\/td><\/tr><tr><td>Casa Rocamora<\/td><td>-20%<\/td><\/tr><tr><td>Casa Vicens<\/td><td>-20%<\/td><\/tr><tr><td>Cripta Gaud\u00ed de la Col\u00f2nia G\u00fcell<\/td><td>-20%<\/td><\/tr><tr><td>Fundaci\u00f3 Vila Casas: Museu Can Framis i Espais Volart<\/td><td>-25%<\/td><\/tr><tr><td>KBR Fundaci\u00f3n MAPFRE Barcelona Photo Center<\/td><td>5\u20ac \u2192 3\u20ac<\/td><\/tr><tr><td>Gaud\u00ed Experi\u00e8ncia*<\/td><td>-20%<\/td><\/tr><tr><td>Mirador de Colom<\/td><td>-20%<\/td><\/tr><tr><td>Mirador Torre Gl\u00f2ries<\/td><td>-20%<\/td><\/tr><tr><td>Museu d\u2019Arqueologia de Catalunya<\/td><td>-25%<\/td><\/tr><tr><td>Museu d\u2019Hist\u00f2ria de Catalunya<\/td><td>-20%<\/td><\/tr><tr><td>Museu de la Cera de Barcelona<\/td><td>-20%<\/td><\/tr><tr><td>Museu de l\u2019Er\u00f2tica<\/td><td>-25%<\/td><\/tr><tr><td>Museu del Torr\u00f3 i la Xocolata de Barcelona<\/td><td>-25%<\/td><\/tr><tr><td>Museu Europeu d\u2019Art Modern (MEAM)<\/td><td>-25%<\/td><\/tr><tr><td>Museu Mar\u00edtim de Barcelona<\/td><td>-20%<\/td><\/tr><tr><td>Palau Bar\u00f3 Quadra<\/td><td>-20%<\/td><\/tr><tr><td>Palau de la M\u00fasica Catalana<\/td><td>-25%<\/td><\/tr><tr><td>Palau G\u00fcell<\/td><td>-20%<\/td><\/tr><tr><td>Paradox Museum<\/td><td>-20% (\u043a\u043e\u0434 \u043e\u043d\u043b\u0430\u0439\u043d-\u0431\u0440\u043e\u043d\u0438\u0440\u043e\u0432\u0430\u043d\u0438\u044f: TCPDX)<\/td><\/tr><tr><td>Pavell\u00f3 Mies van der Rohe<\/td><td>-25%<\/td><\/tr><tr><td>Poble Espanyol de Barcelona<\/td><td>-20%<\/td><\/tr><tr><td>Rock Museum Barcelona<\/td><td>-25%<\/td><\/tr><tr><td>Sant Pau Recinte Modernista<\/td><td>-20%<\/td><\/tr><\/table><\/div>\n\n\n<h3 class=\"wp-block-heading\"><span class=\"notion-enable-hover\" data-token-index=\"0\">\u041f\u043e\u0441\u0435\u0449\u0435\u043d\u0438\u044f \u0438 \u044d\u043a\u0441\u043a\u0443\u0440\u0441\u0438\u0438<\/span><\/h3>\n\n\n<div class=\"ms-table\"><table><tr><th>Tour<\/th><th>\u0421\u043a\u0438\u0434\u043a\u0438<\/th><\/tr><tr><td>A-Bike Rental &#038; Tours*<\/td><td>-2\u20ac<\/td><\/tr><tr><td>Barcelona Bus Tur\u00edstic<\/td><td>-10%<\/td><\/tr><tr><td>Barcelona Walking Tours G\u00f2tic<\/td><td>-50%<\/td><\/tr><tr><td>Barcelona Walking Tours Modernisme<\/td><td>-50%<\/td><\/tr><tr><td>Barcelona Walking Tours Picasso<\/td><td>-50%<\/td><\/tr><tr><td>Catalunya Bus Tur\u00edstic*<\/td><td>-15%<\/td><\/tr><tr><td>Las Golondrinas Barcelona Port<\/td><td>-2\u20ac<\/td><\/tr><tr><td>Las Golondrinas Barcelona Port i Litoral<\/td><td>-2\u20ac<\/td><\/tr><tr><td>Vineyard Tour &#038; Tasting, sailing (car or ebike)<\/td><td>-20%<\/td><\/tr><\/table><\/div>\n\n\n<h3 class=\"wp-block-heading\"><span class=\"notion-enable-hover\" data-token-index=\"0\">\u041e\u0442\u0434\u044b\u0445<\/span><\/h3>\n\n\n<div class=\"ms-table\"><table><tr><th>Leisure<\/th><th>\u0421\u043a\u0438\u0434\u043a\u0438<\/th><\/tr><tr><td>Casino de Barcelona<\/td><td>(\u0411\u0435\u0441\u043f\u043b\u0430\u0442\u043d\u044b\u0439 \u0432\u0445\u043e\u0434 + \u043f\u0440\u0438\u0432\u0435\u0442\u0441\u0442\u0432\u0435\u043d\u043d\u044b\u0439 \u043d\u0430\u043f\u0438\u0442\u043e\u043a)<\/td><\/tr><tr><td>House of Candy<\/td><td>-50%<\/td><\/tr><tr><td>Icebarcelona*<\/td><td>-20% (\u0442\u043e\u043b\u044c\u043a\u043e \u043e\u043d\u043b\u0430\u0439\u043d-\u0431\u0440\u043e\u043d\u0438\u0440\u043e\u0432\u0430\u043d\u0438\u0435)<\/td><\/tr><tr><td>L\u2019Aqu\u00e0rium de Barcelona<\/td><td>-20%<\/td><\/tr><tr><td>Parc d\u2019Atraccions del Tibidabo<\/td><td>-20%<\/td><\/tr><tr><td>Telef\u00e8ric de Montju\u00efc<\/td><td>-15% (\u043e\u0431\u0440\u0430\u0442\u043d\u044b\u0439 \u0431\u0438\u043b\u0435\u0442)<\/td><\/tr><tr><td>White Rabbit Barcelona*<\/td><td>-50%<\/td><\/tr><tr><td>Zoo de Barcelona<\/td><td>-20%<\/td><\/tr><\/table><\/div>\n\n\n<h3 class=\"wp-block-heading\"><span class=\"notion-enable-hover\" data-token-index=\"0\">\u0420\u0430\u0437\u0432\u043b\u0435\u0447\u0435\u043d\u0438\u044f<\/span><\/h3>\n\n\n<div class=\"ms-table\"><table><tr><th>Entertainment<\/th><th>\u0421\u043a\u0438\u0434\u043a\u0438<\/th><\/tr><tr><td>Classical concert in Basilica de la Merc\u00e8<\/td><td>-20%<\/td><\/tr><tr><td>El Duende<\/td><td>  <\/td><\/tr><tr><td>\u2014 \u041d\u0430\u043f\u0438\u0442\u043e\u043a &#038; \u0448\u043e\u0443 (\u0432\u0437\u0440\u043e\u0441\u043b\u044b\u0439)<\/td><td>-10%<\/td><\/tr><tr><td>Tablao Flamenco Cordob\u00e9s<\/td><td>    <\/td><\/tr><tr><td>\u2014 \u041d\u0430\u043f\u0438\u0442\u043e\u043a &#038; \u0448\u043e\u0443<\/td><td>-20%<\/td><\/tr><tr><td>\u2014 \u041d\u0430\u043f\u0438\u0442\u043e\u043a &#038; \u0448\u043e\u0443 (\u0432\u0437\u0440\u043e\u0441\u043b\u044b\u0439)<\/td><td>-8%<\/td><\/tr><tr><td>Tablao Flamenco Patio Andaluz<\/td><td>-10,00 \u20ac<\/td><\/tr><\/table><\/div>\n\n\n<h3 class=\"wp-block-heading\"><span class=\"notion-enable-hover\" data-token-index=\"0\">\u0414\u0440\u0443\u0433\u0438\u0435 \u0443\u0441\u043b\u0443\u0433\u0438<\/span><\/h3>\n\n\n<div class=\"ms-table\"><table><tr><th>Other Services<\/th><th>\u0421\u043a\u0438\u0434\u043a\u0438<\/th><\/tr><tr><td>Locker Barcelona<\/td><td>-10%<\/td><\/tr><\/table><\/div>\n\n\n<p>*\u0414\u043e\u0441\u0442\u0443\u043f\u043d\u0430 \u043e\u043d\u043b\u0430\u0439\u043d-\u0431\u0440\u043e\u043d\u0438\u0440\u043e\u0432\u0430\u043d\u0438\u0435 <\/p>\n\n\n\n<p>**\u041f\u0440\u043e\u043f\u0443\u0441\u0442\u0438\u0442\u0435 \u043e\u0447\u0435\u0440\u0435\u0434\u044c<\/p>\n\n\n\n<p><strong>\u041e\u0431\u043d\u043e\u0432\u043b\u0435\u043d\u043e:<\/strong> Q1 2026. \u0421\u043a\u0438\u0434\u043a\u0438, \u0432\u043a\u043b\u044e\u0447\u0435\u043d\u043d\u044b\u0435 \u0432 Barcelona Card, \u043c\u043e\u0433\u0443\u0442 \u0431\u044b\u0442\u044c \u0438\u0437\u043c\u0435\u043d\u0435\u043d\u044b \u0431\u0435\u0437 \u043f\u0440\u0435\u0434\u0432\u0430\u0440\u0438\u0442\u0435\u043b\u044c\u043d\u043e\u0433\u043e \u0443\u0432\u0435\u0434\u043e\u043c\u043b\u0435\u043d\u0438\u044f. \u0422\u044b \u043f\u043e\u043b\u0443\u0447\u0438\u0448\u044c \u0431\u0440\u043e\u0448\u044e\u0440\u0443 \u0441\u043e \u0432\u0441\u0435\u043c\u0438 \u0441\u043a\u0438\u0434\u043a\u0430\u043c\u0438, \u043a\u043e\u0433\u0434\u0430 \u0437\u0430\u0431\u0435\u0440\u0435\u0448\u044c Barcelona Card.<\/p>\n","protected":false},"excerpt":{"rendered":"","protected":false},"author":1,"featured_media":0,"parent":0,"menu_order":3,"comment_status":"closed","ping_status":"closed","template":"","meta":{"_acf_changed":false,"footnotes":"","button_url":"https:\/\/www.tiqets.com\/ru\/barcelona-attractions-c66342\/tickets-for-barcelona-card-72-Hour-96-Hour-120-Hour-p975758\/?partner=barcelonacard","ms_product_id":"","ms_product_name":"","ms_price":"","ms_currency":"","ms_rating_value":"","ms_review_count":"","rank_math_title":"\u0421\u043a\u0438\u0434\u043a\u0438 \u043f\u043e Barcelona Card","rank_math_description":"Barcelona Card \u0434\u0430\u0435\u0442 \u0441\u0432\u044b\u0448\u0435 70 \u0441\u043a\u0438\u0434\u043e\u043a \u043d\u0430 \u043f\u043e\u043f\u0443\u043b\u044f\u0440\u043d\u044b\u0435 \u0434\u043e\u0441\u0442\u043e\u043f\u0440\u0438\u043c\u0435\u0447\u0430\u0442\u0435\u043b\u044c\u043d\u043e\u0441\u0442\u0438, \u044d\u043a\u0441\u043a\u0443\u0440\u0441\u0438\u0438 \u0438 \u0440\u0430\u0437\u0432\u043b\u0435\u0447\u0435\u043d\u0438\u044f. \u041d\u0430\u0436\u043c\u0438\u0442\u0435 \u0437\u0434\u0435\u0441\u044c \u0434\u043b\u044f \u043f\u0440\u043e\u0441\u043c\u043e\u0442\u0440\u0430 \u043f\u043e\u043b\u043d\u043e\u0433\u043e \u0441\u043f\u0438\u0441\u043a\u0430."},"post-style":[],"producer":[],"class_list":["post-5","page","type-page","status-publish","has-post-thumbnail"],"acf":[],"product_schema":{"ms_product_id":"","ms_product_name":"","ms_price":"","ms_currency":"","ms_rating_value":"","ms_review_count":""},"_links":{"self":[{"href":"https:\/\/www.barcelonacard.org\/ru\/wp-json\/wp\/v2\/pages\/5","targetHints":{"allow":["GET"]}}],"collection":[{"href":"https:\/\/www.barcelonacard.org\/ru\/wp-json\/wp\/v2\/pages"}],"about":[{"href":"https:\/\/www.barcelonacard.org\/ru\/wp-json\/wp\/v2\/types\/page"}],"author":[{"embeddable":true,"href":"https:\/\/www.barcelonacard.org\/ru\/wp-json\/wp\/v2\/users\/1"}],"replies":[{"embeddable":true,"href":"https:\/\/www.barcelonacard.org\/ru\/wp-json\/wp\/v2\/comments?post=5"}],"version-history":[{"count":3,"href":"https:\/\/www.barcelonacard.org\/ru\/wp-json\/wp\/v2\/pages\/5\/revisions"}],"predecessor-version":[{"id":1063,"href":"https:\/\/www.barcelonacard.org\/ru\/wp-json\/wp\/v2\/pages\/5\/revisions\/1063"}],"wp:attachment":[{"href":"https:\/\/www.barcelonacard.org\/ru\/wp-json\/wp\/v2\/media?parent=5"}],"wp:term":[{"taxonomy":"post-style","embeddable":true,"href":"https:\/\/www.barcelonacard.org\/ru\/wp-json\/wp\/v2\/post-style?post=5"},{"taxonomy":"producer","embeddable":true,"href":"https:\/\/www.barcelonacard.org\/ru\/wp-json\/wp\/v2\/producer?post=5"}],"curies":[{"name":"wp","href":"https:\/\/api.w.org\/{rel}","templated":true}]}}