{"id":617,"date":"2024-09-17T07:25:26","date_gmt":"2024-09-17T05:25:26","guid":{"rendered":"https:\/\/www.barcelonacard.org\/pt\/?page_id=617"},"modified":"2025-01-10T10:14:42","modified_gmt":"2025-01-10T09:14:42","slug":"contacto","status":"publish","type":"page","link":"https:\/\/www.barcelonacard.org\/pt\/contacto\/","title":{"rendered":"Contacto"},"content":{"rendered":"\n<h3 class=\"wp-block-heading\"><strong>Pedidos de bilhetes<\/strong><\/h3>\n\n\n\n<p>Para quaisquer quest\u00f5es sobre bilhetes ou sobre a tua reserva, contacta o nosso parceiro de bilhetes:<\/p>\n\n\n\n<ul class=\"wp-block-list\">\n<li>Email: info@ticketbar.eu<\/li>\n\n\n\n<li>Telefona: +44 2035142614<\/li>\n<\/ul>\n\n\n\n<hr class=\"wp-block-separator has-alpha-channel-opacity\" \/>\n\n\n\n<h3 class=\"wp-block-heading\"><strong>Informa\u00e7\u00f5es para visitantes<\/strong><\/h3>\n\n\n\n<p>Para informa\u00e7\u00f5es sobre passeios, atrac\u00e7\u00f5es, eventos culturais ou reservas de hot\u00e9is, podes contactar o gabinete oficial de turismo de Barcelona: Turisme de Barcelona.<\/p>\n\n\n\n<ul class=\"wp-block-list\">\n<li>Email: info@barcelonaturisme.com<\/li>\n\n\n\n<li>Telefona: +34 932 853 832 (dispon\u00edvel diariamente das 8h00 \u00e0s 20h00)<\/li>\n<\/ul>\n\n\n\n<p>Se j\u00e1 estiveres em Barcelona, n\u00e3o hesites em visitar um dos seus postos de turismo oficiais localizados no aeroporto ou na cidade. Para uma lista completa de locais, clica <a href=\"https:\/\/www.barcelonaturisme.com\/wv3\/en\/page\/38\/tourist-information-points.html\" rel=\"noopener\"><u>nesta liga\u00e7\u00e3o<\/u><\/a>.<\/p>\n\n\n\n<hr class=\"wp-block-separator has-alpha-channel-opacity\" \/>\n\n\n\n<h3 class=\"wp-block-heading\"><strong>Apoio ao s\u00edtio Web<\/strong><\/h3>\n\n\n\n<p>Para qualquer quest\u00e3o relacionada com este site, contacta-nos diretamente:<\/p>\n\n\n\n<ul class=\"wp-block-list\">\n<li>Email: info@moonshot.media<\/li>\n<\/ul>\n","protected":false},"excerpt":{"rendered":"","protected":false},"author":3,"featured_media":0,"parent":0,"menu_order":0,"comment_status":"closed","ping_status":"closed","template":"","meta":{"_acf_changed":false,"footnotes":"","button_url":"https:\/\/www.tiqets.com\/pt\/barcelona-attractions-c66342\/tickets-for-barcelona-card-72-Hour-96-Hour-120-Hour-p975758\/?partner=barcelonacard","ms_product_id":"","ms_product_name":"","ms_price":"","ms_currency":"","ms_rating_value":"","ms_review_count":"","rank_math_title":"%title% %sep% %sitename%","rank_math_description":"Precisa de ajuda com o seu Barcelona Card? Entre em contacto com o nosso parceiro de bilhetes para obter assist\u00eancia com qualquer d\u00favida relacionada a bilhetes ou reservas."},"post-style":[],"producer":[],"class_list":["post-617","page","type-page","status-publish","has-post-thumbnail"],"acf":[],"product_schema":{"ms_product_id":"","ms_product_name":"","ms_price":"","ms_currency":"","ms_rating_value":"","ms_review_count":""},"_links":{"self":[{"href":"https:\/\/www.barcelonacard.org\/pt\/wp-json\/wp\/v2\/pages\/617","targetHints":{"allow":["GET"]}}],"collection":[{"href":"https:\/\/www.barcelonacard.org\/pt\/wp-json\/wp\/v2\/pages"}],"about":[{"href":"https:\/\/www.barcelonacard.org\/pt\/wp-json\/wp\/v2\/types\/page"}],"author":[{"embeddable":true,"href":"https:\/\/www.barcelonacard.org\/pt\/wp-json\/wp\/v2\/users\/3"}],"replies":[{"embeddable":true,"href":"https:\/\/www.barcelonacard.org\/pt\/wp-json\/wp\/v2\/comments?post=617"}],"version-history":[{"count":3,"href":"https:\/\/www.barcelonacard.org\/pt\/wp-json\/wp\/v2\/pages\/617\/revisions"}],"predecessor-version":[{"id":685,"href":"https:\/\/www.barcelonacard.org\/pt\/wp-json\/wp\/v2\/pages\/617\/revisions\/685"}],"wp:attachment":[{"href":"https:\/\/www.barcelonacard.org\/pt\/wp-json\/wp\/v2\/media?parent=617"}],"wp:term":[{"taxonomy":"post-style","embeddable":true,"href":"https:\/\/www.barcelonacard.org\/pt\/wp-json\/wp\/v2\/post-style?post=617"},{"taxonomy":"producer","embeddable":true,"href":"https:\/\/www.barcelonacard.org\/pt\/wp-json\/wp\/v2\/producer?post=617"}],"curies":[{"name":"wp","href":"https:\/\/api.w.org\/{rel}","templated":true}]}}