{"id":6,"date":"2013-10-20T16:22:05","date_gmt":"2013-10-20T14:22:05","guid":{"rendered":"https:\/\/www.barcelonacard.org\/?page_id=6"},"modified":"2026-01-08T18:19:32","modified_gmt":"2026-01-08T17:19:32","slug":"precos","status":"publish","type":"page","link":"https:\/\/www.barcelonacard.org\/pt\/precos\/","title":{"rendered":"Pre\u00e7os do Barcelona Card"},"content":{"rendered":"\n<p>Os pre\u00e7os do Barcelona Card dependem do n\u00famero de dias de validade do teu cart\u00e3o. Os pre\u00e7os variam de 59 euros para um cart\u00e3o de 3 dias (72 horas) a 79 euros para um cart\u00e3o de 5 dias (120 horas).<\/p>\n\n\n<div class=\"gb-container gb-container-7d45ff9c ms-alert--primary ms-p ms-rounded ms-mb-last-child-0 ms-mb-children-condensed ms-mb-block\">\n\n<p>O cart\u00e3o de 5 dias oferece a melhor rela\u00e7\u00e3o qualidade\/pre\u00e7o: este cart\u00e3o custa apenas 15,80 euros por dia.<\/p>\n\n<\/div>\n\n\n<p>As crian\u00e7as dos 4 aos 12 anos beneficiam de pre\u00e7os especiais com desconto. As crian\u00e7as com idade igual ou inferior a 3 anos t\u00eam acesso gratuito.<\/p>\n\n\n\n<h3 class=\"wp-block-heading\"><span class=\"notion-enable-hover\" data-token-index=\"0\">Tabela de pre\u00e7os<\/span><\/h3>\n\n\n<div class=\"ms-table\"><table><tr><th><\/th><th>72 Horas<\/th><th>96 Horas<\/th><th>120 Horas<\/th><\/tr><tr><td>Adult<\/td><td>59,00 \u20ac (19,67 \u20ac por dia)<\/td><td>69,00 \u20ac (17,25 \u20ac por dia)<\/td><td>79,00 \u20ac (15,80 \u20ac por dia)<\/td><\/tr><tr><td>Crian\u00e7as<\/td><td>37,00 \u20ac (12,33 \u20ac por dia)<\/td><td>46,00 \u20ac (11,50 \u20ac por dia)<\/td><td>54,00 \u20ac (10,80 \u20ac por dia)<\/td><\/tr><\/table><\/div>","protected":false},"excerpt":{"rendered":"","protected":false},"author":1,"featured_media":0,"parent":0,"menu_order":4,"comment_status":"closed","ping_status":"closed","template":"","meta":{"_acf_changed":false,"footnotes":"","button_url":"https:\/\/www.tiqets.com\/pt\/barcelona-attractions-c66342\/tickets-for-barcelona-card-72-Hour-96-Hour-120-Hour-p975758\/?partner=barcelonacard","ms_product_id":"","ms_product_name":"","ms_price":"","ms_currency":"","ms_rating_value":"","ms_review_count":"","rank_math_title":"Cart\u00e3o Barcelona - Pre\u00e7o em %currentyear%","rank_math_description":"Quando custa o Cart\u00e3o Barcelona? Veja os pre\u00e7os atuais do Cart\u00e3o Barcelona."},"post-style":[],"producer":[],"class_list":["post-6","page","type-page","status-publish","has-post-thumbnail"],"acf":[],"product_schema":{"ms_product_id":"","ms_product_name":"","ms_price":"","ms_currency":"","ms_rating_value":"","ms_review_count":""},"_links":{"self":[{"href":"https:\/\/www.barcelonacard.org\/pt\/wp-json\/wp\/v2\/pages\/6","targetHints":{"allow":["GET"]}}],"collection":[{"href":"https:\/\/www.barcelonacard.org\/pt\/wp-json\/wp\/v2\/pages"}],"about":[{"href":"https:\/\/www.barcelonacard.org\/pt\/wp-json\/wp\/v2\/types\/page"}],"author":[{"embeddable":true,"href":"https:\/\/www.barcelonacard.org\/pt\/wp-json\/wp\/v2\/users\/1"}],"replies":[{"embeddable":true,"href":"https:\/\/www.barcelonacard.org\/pt\/wp-json\/wp\/v2\/comments?post=6"}],"version-history":[{"count":3,"href":"https:\/\/www.barcelonacard.org\/pt\/wp-json\/wp\/v2\/pages\/6\/revisions"}],"predecessor-version":[{"id":1067,"href":"https:\/\/www.barcelonacard.org\/pt\/wp-json\/wp\/v2\/pages\/6\/revisions\/1067"}],"wp:attachment":[{"href":"https:\/\/www.barcelonacard.org\/pt\/wp-json\/wp\/v2\/media?parent=6"}],"wp:term":[{"taxonomy":"post-style","embeddable":true,"href":"https:\/\/www.barcelonacard.org\/pt\/wp-json\/wp\/v2\/post-style?post=6"},{"taxonomy":"producer","embeddable":true,"href":"https:\/\/www.barcelonacard.org\/pt\/wp-json\/wp\/v2\/producer?post=6"}],"curies":[{"name":"wp","href":"https:\/\/api.w.org\/{rel}","templated":true}]}}