{"id":587,"date":"2013-10-20T14:05:29","date_gmt":"2013-10-20T14:05:29","guid":{"rendered":"https:\/\/www.barcelonacard.org\/?page_id=4"},"modified":"2026-05-07T16:54:10","modified_gmt":"2026-05-07T14:54:10","slug":"barcelona-card","status":"publish","type":"page","link":"https:\/\/www.barcelonacard.org\/pt\/","title":{"rendered":"Barcelona Card"},"content":{"rendered":"<figure>\n                    <div class=\"ms-credits\"><img decoding=\"async\" class=\"gb-image gb-image-91e329c5\" src=\"https:\/\/www.barcelonacard.org\/wp-content\/uploads\/barcelona-card-homepage-1746806969.jpg\" alt=\"Aerial view of Barcelona\" title=\"barcelona-card-homepage-1746806969\"><span class='ms-credits__info' id='media859'><svg xmlns=\"http:\/\/www.w3.org\/2000\/svg\" width=\"20\" height=\"22\" fill=\"#000000\" viewBox=\"0 0 256 256\"><path d=\"M128,24A104,104,0,1,0,232,128,104.11,104.11,0,0,0,128,24Zm0,192a88,88,0,1,1,88-88A88.1,88.1,0,0,1,128,216ZM96,128a32,32,0,0,0,57.6,19.2,8,8,0,0,1,12.8,9.61,48,48,0,1,1,0-57.62,8,8,0,0,1-12.8,9.61A32,32,0,0,0,96,128Z\"><\/path><\/svg>rabbit75_dep\/<a href=https:\/\/depositphotos.com\/editorial\/sagrada-familia-basilica-aerial-view-famous-landmark-barcelona-spain-374286208.html rel='nofollow' target='_blank'>Depositphotos<\/a><\/span><span class='ms-credits__btn' id='btn_media859' onclick='ms_credits_trigger(\"#media859\", this)'><svg xmlns=\"http:\/\/www.w3.org\/2000\/svg\" class=\"info_icon\" width=\"28\" height=\"28\" fill=\"#FFF\" viewBox=\"0 0 256 256\"><path d=\"M128,24A104,104,0,1,0,232,128,104.11,104.11,0,0,0,128,24Zm0,192a88,88,0,1,1,88-88A88.1,88.1,0,0,1,128,216Zm16-40a8,8,0,0,1-8,8,16,16,0,0,1-16-16V128a8,8,0,0,1,0-16,16,16,0,0,1,16,16v40A8,8,0,0,1,144,176ZM112,84a12,12,0,1,1,12,12A12,12,0,0,1,112,84Z\"><\/path><\/svg><svg xmlns=\"http:\/\/www.w3.org\/2000\/svg\" class=\"close_icon\" width=\"28\" height=\"28\" fill=\"#FFF\" viewBox=\"0 0 256 256\"><path d=\"M165.66,101.66,139.31,128l26.35,26.34a8,8,0,0,1-11.32,11.32L128,139.31l-26.34,26.35a8,8,0,0,1-11.32-11.32L116.69,128,90.34,101.66a8,8,0,0,1,11.32-11.32L128,116.69l26.34-26.35a8,8,0,0,1,11.32,11.32ZM232,128A104,104,0,1,1,128,24,104.11,104.11,0,0,1,232,128Zm-16,0a88,88,0,1,0-88,88A88.1,88.1,0,0,0,216,128Z\"><\/path><\/svg><\/span><\/div><\/figure>\n\n\n<h1 class=\"gb-headline gb-headline-1c55328e gb-headline-text\"><mark style=\"background-color:var(--ms-color-white)\" class=\"has-inline-color has-ms-color-neutral-darker-color\">Barcelona Card<br><\/mark><mark style=\"background-color:var(--ms-color-white)\" class=\"has-inline-color has-ms-color-neutral-color\"><strong>Poupa tempo e dinheiro com o Barcelona Card<\/strong><\/mark><\/h1>\n\n\n\n<p class=\"gb-headline gb-headline-1b19673b gb-headline-text\">Descobre o melhor de Barcelona com o Barcelona Card. Desfruta da utiliza\u00e7\u00e3o ilimitada e gratuita dos transportes p\u00fablicos (incluindo o comboio do aeroporto e\/ou o metro), da entrada gratuita nos melhores museus da cidade e de ofertas e descontos exclusivos.<\/p>\n\n\n\n<div class=\"ms-p ms-rounded ms-mb-last-child-0 ms-mb-children-condensed ms-alert--contrast ms-mb-block\">\n<h4 class=\"gb-text-26a71c5b\"><span class=\"gb-shape\"><svg viewBox=\"0 0 256 256\" fill=\"#000000\" height=\"32\" width=\"32\" xmlns=\"http:\/\/www.w3.org\/2000\/svg\"><path d=\"M108,84a16,16,0,1,1,16,16A16,16,0,0,1,108,84Zm128,44A108,108,0,1,1,128,20,108.12,108.12,0,0,1,236,128Zm-24,0a84,84,0,1,0-84,84A84.09,84.09,0,0,0,212,128Zm-72,36.68V132a20,20,0,0,0-20-20,12,12,0,0,0-4,23.32V168a20,20,0,0,0,20,20,12,12,0,0,0,4-23.32Z\"><\/path><\/svg><\/span><span class=\"gb-text\">NOVIDADE: Poupe mais com o Barcelona Card!<\/span><\/h4>\n\n\n\n<p class=\"gb-text gb-text-2c41ecab\">Obtenha um desconto adicionando bilhetes para a Sagrada Fam\u00edlia e o Parque G\u00fcell no checkout ao comprar o Barcelona Card, sujeito a disponibilidade.<\/p>\n\n\n\n<p class=\"gb-text gb-text-26ceb76b\"><a href=\"https:\/\/www.tiqets.com\/pt\/barcelona-attractions-c66342\/tickets-for-barcelona-card-72-hour-96-hour-120-hour-p975758\/?partner=barcelonacard\" data-type=\"link\" data-id=\"https:\/\/www.tiqets.com\/pt\/barcelona-attractions-c66342\/tickets-for-barcelona-card-72-hour-96-hour-120-hour-p975758\/?partner=barcelonacard\" rel=\"nofollow noopener\">Verifique a disponibilidade agora<\/a> \u00bb<\/p>\n<\/div>\n\n\n<div class=\"gb-container gb-container-1e1905d6 gb-tabs\" role=\"tablist\" data-opened-tab=\"1\">\n<div class=\"gb-container gb-container-c0d25ee5 gb-tabs__buttons\" role=\"list\">\n\n<button class=\"gb-button gb-button-38b6d7d4 gb-button-text gb-tabs__button gb-block-is-current\" id=\"gb-tab-button-38b6d7d4\" role=\"tab\">Vantagens<\/button>\n\n\n\n<button class=\"gb-button gb-button-c40a7253 gb-button-text gb-tabs__button\" id=\"gb-tab-button-c40a7253\" role=\"tab\">O que \u00e9<\/button>\n\n\n\n<button class=\"gb-button gb-button-5c438a47 gb-button-text gb-tabs__button\" id=\"gb-tab-button-5c438a47\" role=\"tab\">Onde comprar<\/button>\n\n\n\n<button class=\"gb-button gb-button-7d2dbf03 gb-button-text gb-tabs__button\" id=\"gb-tab-button-7d2dbf03\" role=\"tab\">Como utilizar<\/button>\n\n<\/div>\n\n<div class=\"gb-container gb-container-8fcce89b gb-tabs__items\">\n<div class=\"gb-container gb-container-2e268732 gb-tabs__item gb-tabs__item-open\" id=\"gb-tab-item-2e268732\" role=\"tabpanel\">\n<div class=\"gb-grid-wrapper gb-grid-wrapper-b173452e\">\n<div class=\"gb-grid-column gb-grid-column-2d6c95fd\"><div class=\"gb-container gb-container-2d6c95fd\">\n\n<h5 class=\"gb-headline gb-headline-f5371835\"><span class=\"gb-icon\"><svg viewBox=\"0 0 256 256\" fill=\"#000000\" height=\"32\" width=\"32\" xmlns=\"http:\/\/www.w3.org\/2000\/svg\"><path d=\"M232.49,80.49l-128,128a12,12,0,0,1-17,0l-56-56a12,12,0,1,1,17-17L96,183,215.51,63.51a12,12,0,0,1,17,17Z\"><\/path><\/svg><\/span><span class=\"gb-headline-text\"><strong>Viagens gratuitas<\/strong><\/span><\/h5>\n\n\n\n<p>Viagem ilimitada gratuita de autocarro, metro, aeroporto e comboio.<\/p>\n\n<\/div><\/div>\n\n<div class=\"gb-grid-column gb-grid-column-d53518b7\"><div class=\"gb-container gb-container-d53518b7\">\n\n<h5 class=\"gb-headline gb-headline-fa732612\"><span class=\"gb-icon\"><svg viewBox=\"0 0 256 256\" fill=\"#000000\" height=\"32\" width=\"32\" xmlns=\"http:\/\/www.w3.org\/2000\/svg\"><path d=\"M232.49,80.49l-128,128a12,12,0,0,1-17,0l-56-56a12,12,0,1,1,17-17L96,183,215.51,63.51a12,12,0,0,1,17,17Z\"><\/path><\/svg><\/span><span class=\"gb-headline-text\"><strong>Entrada gratuita<\/strong><\/span><\/h5>\n\n\n\n<p>Visita gratuitamente mais de 25 dos melhores locais de Barcelona.<\/p>\n\n<\/div><\/div>\n\n<div class=\"gb-grid-column gb-grid-column-6dad0888\"><div class=\"gb-container gb-container-6dad0888\">\n\n<h5 class=\"gb-headline gb-headline-97f3175e\"><span class=\"gb-icon\"><svg viewBox=\"0 0 256 256\" fill=\"#000000\" height=\"32\" width=\"32\" xmlns=\"http:\/\/www.w3.org\/2000\/svg\"><path d=\"M232.49,80.49l-128,128a12,12,0,0,1-17,0l-56-56a12,12,0,1,1,17-17L96,183,215.51,63.51a12,12,0,0,1,17,17Z\"><\/path><\/svg><\/span><span class=\"gb-headline-text\"><strong>Mais de 70 descontos<\/strong><\/span><\/h5>\n\n\n\n<p>Poupa at\u00e9 350 euros em excurs\u00f5es, compras, refei\u00e7\u00f5es e entretenimento.<\/p>\n\n<\/div><\/div>\n\n<div class=\"gb-grid-column gb-grid-column-923695da\"><div class=\"gb-container gb-container-923695da\">\n\n<h5 class=\"gb-headline gb-headline-e26b7a64\"><span class=\"gb-icon\"><svg viewBox=\"0 0 256 256\" fill=\"#000000\" height=\"32\" width=\"32\" xmlns=\"http:\/\/www.w3.org\/2000\/svg\"><path d=\"M232.49,80.49l-128,128a12,12,0,0,1-17,0l-56-56a12,12,0,1,1,17-17L96,183,215.51,63.51a12,12,0,0,1,17,17Z\"><\/path><\/svg><\/span><span class=\"gb-headline-text\"><strong><strong>Guia de viagem gratuito<\/strong><\/strong><\/span><\/h5>\n\n\n\n<p>Guia em 6 l\u00ednguas (ofertas gratuitas, descontos e localiza\u00e7\u00f5es inclu\u00eddos).<\/p>\n\n<\/div><\/div>\n\n<div class=\"gb-grid-column gb-grid-column-3cecd77c\"><div class=\"gb-container gb-container-3cecd77c\">\n\n<h5 class=\"gb-headline gb-headline-cd1f3d4e\"><span class=\"gb-icon\"><svg viewBox=\"0 0 256 256\" fill=\"#000000\" height=\"32\" width=\"32\" xmlns=\"http:\/\/www.w3.org\/2000\/svg\"><path d=\"M232.49,80.49l-128,128a12,12,0,0,1-17,0l-56-56a12,12,0,1,1,17-17L96,183,215.51,63.51a12,12,0,0,1,17,17Z\"><\/path><\/svg><\/span><span class=\"gb-headline-text\"><strong>Evita as filas<\/strong><\/span><\/h5>\n\n\n\n<p>Evita as filas nas atrac\u00e7\u00f5es mais populares de Barcelona.<\/p>\n\n<\/div><\/div>\n\n<div class=\"gb-grid-column gb-grid-column-ff07f982\"><div class=\"gb-container gb-container-ff07f982\">\n\n<h5 class=\"gb-headline gb-headline-d7adc504\"><span class=\"gb-icon\"><svg viewBox=\"0 0 256 256\" fill=\"#000000\" height=\"32\" width=\"32\" xmlns=\"http:\/\/www.w3.org\/2000\/svg\"><path d=\"M232.49,80.49l-128,128a12,12,0,0,1-17,0l-56-56a12,12,0,1,1,17-17L96,183,215.51,63.51a12,12,0,0,1,17,17Z\"><\/path><\/svg><\/span><span class=\"gb-headline-text\"><strong>Reserva flex\u00edvel<\/strong><\/span><\/h5>\n\n\n\n<p>Compre online e cancele gratuitamente at\u00e9 ao dia anterior \u00e0 sua visita.<\/p>\n\n<\/div><\/div>\n<\/div>\n<\/div>\n\n<div class=\"gb-container gb-container-3bccd8b9 gb-tabs__item\" id=\"gb-tab-item-3bccd8b9\" role=\"tabpanel\">\n\n<p>O Barcelona Card \u00e9 o passe tur\u00edstico oficial de Barcelona. Assemelha-se a um cart\u00e3o de cr\u00e9dito, \u00e9 incrivelmente f\u00e1cil de comprar e ajuda os viajantes a <strong>poupar tempo e dinheiro<\/strong> durante as suas f\u00e9rias.<\/p>\n\n\n<div class=\"gb-container gb-container-867bb005 ms-p-sm ms-alert--primary ms-mb-block\">\n\n<p class=\"gb-headline gb-headline-93fd8aa0 gb-headline-text ms-mb-0\">O Barcelona Card \u00e9 um <strong>cart\u00e3o de transporte<\/strong> 3 em 1, um <strong>passe para museus<\/strong> e um <strong>cart\u00e3o de descontos<\/strong>.<\/p>\n\n<\/div>\n\n\n<p>Os titulares do Barcelona Card desfrutam de <strong>viagens gratuitas<\/strong> e ilimitadas em transportes p\u00fablicos, <strong>entrada gratuita<\/strong> em mais de 25 dos melhores museus e locais culturais de Barcelona, <strong>mais de 70 ofertas e descontos<\/strong> em visitas, passeios, entretenimento, compras, restaurantes e vida nocturna.<\/p>\n\n\n\n<p>Este cobi\u00e7ado cart\u00e3o n\u00e3o s\u00f3 te permite entrar nas grandes atrac\u00e7\u00f5es de Barcelona, como tamb\u00e9m te ajuda a <strong>evitar as filas de espera<\/strong> em muitas das atrac\u00e7\u00f5es mais populares de Barcelona &#8211; poupando tempo valioso numa viagem muito preenchida.<\/p>\n\n\n\n<p>Al\u00e9m disso, o cart\u00e3o vem com um pr\u00e1tico <strong>guia da cidade<\/strong>, dispon\u00edvel em seis l\u00ednguas diferentes, que descreve todas as grandes ofertas inclu\u00eddas (pensa nos monumentos de Gaud\u00ed, na Casa Amatller e no L&#8217;Aqu\u00e0rium). H\u00e1 at\u00e9 um mapa da rede de metro para te ajudar a orientares-te.<\/p>\n\n\n\n<p>No total, o cart\u00e3o oferece mais de 350 euros em poupan\u00e7as para os viajantes dedicados que realmente o utilizam.<\/p>\n\n<\/div>\n\n<div class=\"gb-container gb-container-b7be09ec gb-tabs__item\" id=\"gb-tab-item-b7be09ec\" role=\"tabpanel\">\n\n<p>Comprar o Barcelona Card \u00e9 simples e conveniente.<\/p>\n\n\n\n<ol class=\"wp-block-list\">\n<li>Podes compr\u00e1-lo online a pre\u00e7o reduzido antes da viagem ou nos <strong><a href=\"https:\/\/www.barcelonacard.org\/pt\/escritorios-informacao-turistica\/\" data-type=\"link\" data-id=\"https:\/\/www.barcelonacard.org\/tourist-information-offices\/\">Postos de Informa\u00e7\u00e3o Tur\u00edstica<\/a><\/strong> em Barcelona ao pre\u00e7o completo.<\/li>\n\n\n\n<li>Usa o m\u00f3dulo de reserva para fazer um pedido r\u00e1pido e seguro.<\/li>\n\n\n\n<li>Ap\u00f3s a compra, receber\u00e1s um voucher por email que podes imprimir e trocar pelo cart\u00e3o f\u00edsico.<\/li>\n\n\n\n<li>Vai a um dos locais de levantamento e mostra o voucher no teu smartphone para receber o teu Barcelona Card:<\/li>\n<\/ol>\n\n\n\n<p class=\"gb-text-6f121588\"><span class=\"gb-shape\"><svg viewBox=\"0 0 256 256\" fill=\"#000000\" height=\"32\" width=\"32\" xmlns=\"http:\/\/www.w3.org\/2000\/svg\"><path d=\"M128,60a44,44,0,1,0,44,44A44.05,44.05,0,0,0,128,60Zm0,64a20,20,0,1,1,20-20A20,20,0,0,1,128,124Zm0-112a92.1,92.1,0,0,0-92,92c0,77.36,81.64,135.4,85.12,137.83a12,12,0,0,0,13.76,0,259,259,0,0,0,42.18-39C205.15,170.57,220,136.37,220,104A92.1,92.1,0,0,0,128,12Zm31.3,174.71A249.35,249.35,0,0,1,128,216.89a249.35,249.35,0,0,1-31.3-30.18C80,167.37,60,137.31,60,104a68,68,0,0,1,136,0C196,137.31,176,167.37,159.3,186.71Z\"><\/path><\/svg><\/span><span class=\"gb-text\"><strong>Gabinetes do Aeroporto de Barcelona<\/strong><\/span><\/p>\n\n\n\n<ul class=\"wp-block-list\">\n<li><strong>Aeroporto Terminal T1 (Esta\u00e7\u00e3o de Metro):<\/strong> Aeroporto de Barcelona, Metro Terminal T1 | Hor\u00e1rio: Todos os dias das 8h30 \u00e0s 14h30<\/li>\n\n\n\n<li><strong>Aeroporto Terminal T2 (Esta\u00e7\u00e3o de Metro):<\/strong> Aeroporto de Barcelona, Metro Terminal T2 | Hor\u00e1rio: Todos os dias das 8h30 \u00e0s 14h30<\/li>\n\n\n\n<li><strong>Aeroporto Terminal T1 (Terminal Principal):<\/strong> Aeroporto de Barcelona, Terminal T1 | Hor\u00e1rio: Todos os dias das 8h30 \u00e0s 19h30<\/li>\n\n\n\n<li><strong>Aeroporto Terminal T2 (Terminal Principal):<\/strong> Aeroporto de Barcelona, Terminal T2 | Hor\u00e1rio: Todos os dias das 8h30 \u00e0s 19h30<\/li>\n<\/ul>\n\n\n\n<p class=\"gb-text-ad1a384b\"><span class=\"gb-shape\"><svg viewBox=\"0 0 256 256\" fill=\"#000000\" height=\"32\" width=\"32\" xmlns=\"http:\/\/www.w3.org\/2000\/svg\"><path d=\"M128,60a44,44,0,1,0,44,44A44.05,44.05,0,0,0,128,60Zm0,64a20,20,0,1,1,20-20A20,20,0,0,1,128,124Zm0-112a92.1,92.1,0,0,0-92,92c0,77.36,81.64,135.4,85.12,137.83a12,12,0,0,0,13.76,0,259,259,0,0,0,42.18-39C205.15,170.57,220,136.37,220,104A92.1,92.1,0,0,0,128,12Zm31.3,174.71A249.35,249.35,0,0,1,128,216.89a249.35,249.35,0,0,1-31.3-30.18C80,167.37,60,137.31,60,104a68,68,0,0,1,136,0C196,137.31,176,167.37,159.3,186.71Z\"><\/path><\/svg><\/span><span class=\"gb-text\"><strong>Gabinetes no Centro da Cidade<\/strong><\/span><\/p>\n\n\n\n<ul class=\"wp-block-list\">\n<li><strong>Pla\u00e7a de Catalunya (Gabinete Principal):<\/strong> Pla\u00e7a de Catalunya, 17 (cave) | Hor\u00e1rio: Todos os dias das 8h30 \u00e0s 20h30<\/li>\n\n\n\n<li><strong>Pla\u00e7a de Catalunya (Ponto de Informa\u00e7\u00e3o):<\/strong> Em frente aos armaz\u00e9ns El Corte Ingl\u00e9s | Hor\u00e1rio: Todos os dias das 8h30 \u00e0s 14h30<\/li>\n\n\n\n<li><strong>Pla\u00e7a Espanya:<\/strong> Pla\u00e7a Espanya (Avinguda Maria Cristina) | Hor\u00e1rio: Todos os dias das 8h30 \u00e0s 14h30<\/li>\n\n\n\n<li><strong>Sagrada Fam\u00edlia (Ponto de Informa\u00e7\u00e3o):<\/strong> Perto da bas\u00edlica da Sagrada Fam\u00edlia | Hor\u00e1rio: Todos os dias das 8h30 \u00e0s 20h00<\/li>\n\n\n\n<li><strong>Mirador de Colom (Monumento a Colombo)<\/strong>: Pla\u00e7a Portal de la Pau | Hor\u00e1rio: Todos os dias das 8h30 \u00e0s 14h30 (\u00faltima entrada para a galeria panor\u00e2mica \u00e0s 13h30)<\/li>\n<\/ul>\n\n\n<div class=\"gb-container gb-container-e4dbf6fc ms-alert--primary ms-p-sm ms-mb-block\">\n\n<p class=\"gb-headline gb-headline-dcf3fc26 gb-headline-text ms-mb-0\">O cart\u00e3o \u00e9 ativado na primeira utiliza\u00e7\u00e3o, por isso n\u00e3o tens de te preocupar com o facto de o cart\u00e3o expirar antes de chegares a Barcelona.<\/p>\n\n<\/div>\n<\/div>\n\n<div class=\"gb-container gb-container-fd1bb83b gb-tabs__item\" id=\"gb-tab-item-fd1bb83b\" role=\"tabpanel\">\n\n<p>O Barcelona Card \u00e9 simples de usar, mas conhecer alguns detalhes-chave vai ajudar-te a tirar o m\u00e1ximo partido dele.<\/p>\n\n\n\n<h3 class=\"gb-text-1b8be78b\"><span class=\"gb-shape\"><svg viewBox=\"0 0 256 256\" fill=\"#000000\" height=\"32\" width=\"32\" xmlns=\"http:\/\/www.w3.org\/2000\/svg\"><path d=\"M232.49,80.49l-128,128a12,12,0,0,1-17,0l-56-56a12,12,0,1,1,17-17L96,183,215.51,63.51a12,12,0,0,1,17,17Z\"><\/path><\/svg><\/span><span class=\"gb-text\">Ativa\u00e7\u00e3o<\/span><\/h3>\n\n\n\n<p>O Barcelona Card \u00e9 ativado quando o usas pela primeira vez, por exemplo, nos transportes p\u00fablicos ou \u00e0 entrada de uma das atra\u00e7\u00f5es participantes.<\/p>\n\n\n\n<p>O Barcelona Card est\u00e1 dispon\u00edvel em op\u00e7\u00f5es de 2, 3, 4 ou 5 dias e \u00e9 v\u00e1lido para dias consecutivos, n\u00e3o para per\u00edodos de 24 horas. Por exemplo, se ativares um Barcelona Card de 5 dias numa segunda-feira ao meio-dia, expira na sexta-feira \u00e0 meia-noite.<\/p>\n\n\n\n<h3 class=\"gb-text-1fe6b320\"><span class=\"gb-shape\"><svg viewBox=\"0 0 256 256\" fill=\"#000000\" height=\"32\" width=\"32\" xmlns=\"http:\/\/www.w3.org\/2000\/svg\"><path d=\"M184,20H72A36,36,0,0,0,36,56V184a36,36,0,0,0,36,36h0l-9.6,12.8a12,12,0,1,0,19.2,14.4L102,220h52l20.4,27.2a12,12,0,0,0,19.2-14.4L184,220h0a36,36,0,0,0,36-36V56A36,36,0,0,0,184,20ZM72,44H184a12,12,0,0,1,12,12v60H60V56A12,12,0,0,1,72,44ZM184,196H72a12,12,0,0,1-12-12V140H196v44A12,12,0,0,1,184,196Zm-80-28a16,16,0,1,1-16-16A16,16,0,0,1,104,168Zm80,0a16,16,0,1,1-16-16A16,16,0,0,1,184,168Z\"><\/path><\/svg><\/span><span class=\"gb-text\">Uso dos transportes p\u00fablicos<\/span><\/h3>\n\n\n\n<p>Depois de ativado, passa o teu Barcelona Card em qualquer uma destas op\u00e7\u00f5es de transporte:<\/p>\n\n\n\n<ul class=\"wp-block-list\">\n<li>Metro (TMB)<\/li>\n\n\n\n<li>El\u00e9trico (TMB)<\/li>\n\n\n\n<li>Autocarros diurnos (TMB)<\/li>\n\n\n\n<li>Comboios FGC (linhas urbanas)<\/li>\n\n\n\n<li>Comboios Renfe Rodalies (apenas zona 1)<\/li>\n<\/ul>\n\n\n\n<p><strong>Nota:<\/strong> O cart\u00e3o n\u00e3o \u00e9 v\u00e1lido para autocarros noturnos.<\/p>\n\n\n\n<h3 class=\"gb-text-a33c3e33\"><span class=\"gb-shape\"><svg xmlns=\"http:\/\/www.w3.org\/2000\/svg\" width=\"32\" height=\"32\" fill=\"#000000\" viewBox=\"0 0 256 256\"><path d=\"M24,108H44v48H32a12,12,0,0,0,0,24H224a12,12,0,0,0,0-24H212V108h20a12,12,0,0,0,6.29-22.22l-104-64a12,12,0,0,0-12.58,0l-104,64A12,12,0,0,0,24,108Zm44,0H92v48H68Zm72,0v48H116V108Zm48,48H164V108h24ZM128,46.09,189.6,84H66.4ZM252,208a12,12,0,0,1-12,12H16a12,12,0,0,1,0-24H240A12,12,0,0,1,252,208Z\"><\/path><\/svg><\/span><span class=\"gb-text\"><strong>Uso em museus e atra\u00e7\u00f5es<\/strong><\/span><\/h3>\n\n\n\n<p>Mostra ou digitaliza simplesmente o teu Barcelona Card \u00e0 entrada de qualquer museu ou atra\u00e7\u00e3o inclu\u00eddos. Tens uma entrada gratuita por local durante o per\u00edodo de validade do teu cart\u00e3o.<\/p>\n\n\n\n<p>Para atra\u00e7\u00f5es com desconto (como Casa Batll\u00f3 ou La Pedrera), apresenta o teu cart\u00e3o na bilheteira para receber o desconto.<\/p>\n\n\n\n<h3 class=\"gb-text-e8105f3d\"><span class=\"gb-shape\"><svg viewBox=\"0 0 256 256\" fill=\"#000000\" height=\"32\" width=\"32\" xmlns=\"http:\/\/www.w3.org\/2000\/svg\"><path d=\"M240.26,186.1,152.81,34.23h0a28.74,28.74,0,0,0-49.62,0L15.74,186.1a27.45,27.45,0,0,0,0,27.71A28.31,28.31,0,0,0,40.55,228h174.9a28.31,28.31,0,0,0,24.79-14.19A27.45,27.45,0,0,0,240.26,186.1Zm-20.8,15.7a4.46,4.46,0,0,1-4,2.2H40.55a4.46,4.46,0,0,1-4-2.2,3.56,3.56,0,0,1,0-3.73L124,46.2a4.77,4.77,0,0,1,8,0l87.44,151.87A3.56,3.56,0,0,1,219.46,201.8ZM116,136V104a12,12,0,0,1,24,0v32a12,12,0,0,1-24,0Zm28,40a16,16,0,1,1-16-16A16,16,0,0,1,144,176Z\"><\/path><\/svg><\/span><span class=\"gb-text\">Sabe antes de ires<\/span><\/h3>\n\n\n\n<ul class=\"wp-block-list\">\n<li>Uma entrada por local: Podes visitar cada museu ou atra\u00e7\u00e3o gratuitos uma vez com o teu cart\u00e3o.<\/li>\n\n\n\n<li>Sem acumula\u00e7\u00e3o de descontos: Os descontos n\u00e3o podem ser combinados com outras promo\u00e7\u00f5es ou ofertas.<\/li>\n\n\n\n<li>V\u00e1lido at\u00e9 ao fim do ano: O cart\u00e3o \u00e9 v\u00e1lido at\u00e9 ao final do ano civil corrente.<\/li>\n\n\n\n<li>Tem de ser ativado: As entradas gratuitas e descontos s\u00f3 funcionam depois do cart\u00e3o ser ativado e durante o seu per\u00edodo de validade.<\/li>\n<\/ul>\n\n\n\n<p>Agora aceita o desafio do Barcelona Card e v\u00ea quantos momentos inesquec\u00edveis podes viver!<\/p>\n\n\n<div class=\"gb-container gb-container-3c5c7dcc ms-alert--primary ms-p-sm\">\n\n<p class=\"gb-headline gb-headline-8196bf62 gb-headline-text ms-mb-0\">Ler mais:&nbsp;<a href=\"https:\/\/www.barcelonacard.org\/pt\/descontos\/\">descontos<\/a><span style=\"font-size: inherit;background-color: var(--ms-color-primary-lightest);color: var(--ms-color-primary-darkest)\">&nbsp;&#8211;&nbsp;<\/span><a href=\"https:\/\/www.barcelonacard.org\/pt\/precos\/\">pre\u00e7os<\/a><span style=\"font-size: inherit;color: var(--ms-color-primary-darkest);background-color: var(--ms-color-primary-lightest)\">&nbsp;&#8211;&nbsp;<\/span><a href=\"https:\/\/www.barcelonacard.org\/pt\/faq\/\">perguntas frequentes<\/a><\/p>\n\n<\/div>\n<\/div>\n<\/div>\n<\/div>\n\n\n<p><\/p>\n","protected":false},"excerpt":{"rendered":"","protected":false},"author":1,"featured_media":859,"parent":0,"menu_order":2,"comment_status":"closed","ping_status":"closed","template":"","meta":{"_acf_changed":false,"footnotes":"","button_url":"https:\/\/www.tiqets.com\/pt\/barcelona-attractions-c66342\/tickets-for-barcelona-card-72-Hour-96-Hour-120-Hour-p975758\/?partner=barcelonacard","ms_product_id":"975758","ms_product_name":"Barcelona Card: Public Transport + 40 Attractions","ms_price":"39","ms_currency":"EUR","ms_rating_value":"4.3","ms_review_count":"2312","rank_math_title":"Barcelona Card - Compre o Barcelona Card","rank_math_description":"Poupe tempo e dinheiro com o Barcelona Card \u2013 o passe de turista oficial de Barcelona."},"post-style":[],"producer":[],"class_list":["post-587","page","type-page","status-publish","has-post-thumbnail"],"acf":[],"product_schema":{"ms_product_id":"975758","ms_product_name":"Barcelona Card: Public Transport + 40 Attractions","ms_price":"39","ms_currency":"EUR","ms_rating_value":"4.3","ms_review_count":"2312"},"_links":{"self":[{"href":"https:\/\/www.barcelonacard.org\/pt\/wp-json\/wp\/v2\/pages\/587","targetHints":{"allow":["GET"]}}],"collection":[{"href":"https:\/\/www.barcelonacard.org\/pt\/wp-json\/wp\/v2\/pages"}],"about":[{"href":"https:\/\/www.barcelonacard.org\/pt\/wp-json\/wp\/v2\/types\/page"}],"author":[{"embeddable":true,"href":"https:\/\/www.barcelonacard.org\/pt\/wp-json\/wp\/v2\/users\/1"}],"replies":[{"embeddable":true,"href":"https:\/\/www.barcelonacard.org\/pt\/wp-json\/wp\/v2\/comments?post=587"}],"version-history":[{"count":3,"href":"https:\/\/www.barcelonacard.org\/pt\/wp-json\/wp\/v2\/pages\/587\/revisions"}],"predecessor-version":[{"id":1105,"href":"https:\/\/www.barcelonacard.org\/pt\/wp-json\/wp\/v2\/pages\/587\/revisions\/1105"}],"wp:featuredmedia":[{"embeddable":true,"href":"https:\/\/www.barcelonacard.org\/pt\/wp-json\/wp\/v2\/media\/859"}],"wp:attachment":[{"href":"https:\/\/www.barcelonacard.org\/pt\/wp-json\/wp\/v2\/media?parent=587"}],"wp:term":[{"taxonomy":"post-style","embeddable":true,"href":"https:\/\/www.barcelonacard.org\/pt\/wp-json\/wp\/v2\/post-style?post=587"},{"taxonomy":"producer","embeddable":true,"href":"https:\/\/www.barcelonacard.org\/pt\/wp-json\/wp\/v2\/producer?post=587"}],"curies":[{"name":"wp","href":"https:\/\/api.w.org\/{rel}","templated":true}]}}