{"id":13,"date":"2013-10-25T17:23:53","date_gmt":"2013-10-25T15:23:53","guid":{"rendered":"https:\/\/www.barcelonacard.org\/?page_id=13"},"modified":"2026-02-05T05:06:41","modified_gmt":"2026-02-05T04:06:41","slug":"escritorios-informacao-turistica","status":"publish","type":"page","link":"https:\/\/www.barcelonacard.org\/pt\/escritorios-informacao-turistica\/","title":{"rendered":"Escrit\u00f3rios de Informa\u00e7\u00e3o Tur\u00edstica"},"content":{"rendered":"\n<p>Onde quer que estejas em Barcelona, h\u00e1 sempre um posto de turismo perto de ti. O escrit\u00f3rio principal est\u00e1 localizado na Pla\u00e7a Catalunya, mas h\u00e1 muitos outros pontos de informa\u00e7\u00e3o localizados em toda a cidade.<\/p>\n\n\n\n<p>O aeroporto de Barcelona tamb\u00e9m tem gabinetes de informa\u00e7\u00e3o em ambos os terminais. Podes facilmente comprar o teu Barcelona Card com anteced\u00eancia e levant\u00e1-lo no aeroporto. Uma vantagem adicional \u00e9 que podes utilizar o comboio do aeroporto para a cidade.<\/p>\n\n\n\n<p>Abaixo est\u00e1 uma lista de pontos de informa\u00e7\u00e3o tur\u00edstica com detalhes de contacto, endere\u00e7os e hor\u00e1rios de funcionamento:<\/p>\n\n\n\n<h3 class=\"wp-block-heading\">Pla\u00e7a de Catalunya<\/h3>\n\n\n\n<p>Bem no centro de Barcelona, este posto oferece atendimento multilingue, loja de recorda\u00e7\u00f5es e reembolsos de IVA. \u00c9 tamb\u00e9m o ponto de encontro do <a href=\"https:\/\/www.tiqets.com\/pt\/barcelona-attractions-c66342\/tickets-for-picasso-walking-tour-picasso-museum-skip-the-line-p977198\/?partner=barcelonacard\" rel=\"nofollow noopener\">Passeio pedestre Picasso + entrada sem filas no Museu Picasso<\/a>.<\/p>\n\n\n\n<ul class=\"wp-block-list\">\n<li>Endere\u00e7o: Pla\u00e7a de Catalunya, 17-S, 08002, Barcelona<\/li>\n\n\n\n<li>Tel: 932 853 834<\/li>\n\n\n\n<li>Hor\u00e1rio: diariamente, das 8:30 \u00e0s 20:30<\/li>\n<\/ul>\n\n\n\n<h3 class=\"wp-block-heading\">Aeroporto \u2013 Terminais 1 e 2<\/h3>\n\n\n\n<p>Postos de informa\u00e7\u00e3o tur\u00edstica \u00fateis no Aeroporto de Barcelona \u2013 El Prat.<\/p>\n\n\n\n<ul class=\"wp-block-list\">\n<li>Endere\u00e7o: Aeroport del Prat \u2013 Terminais 1 e 2 (B)<\/li>\n\n\n\n<li>Hor\u00e1rio:<br>T1: segunda a domingo, das 8:30 \u00e0s 19:30<br>T2: segunda a domingo, das 8:30 \u00e0s 19:30<\/li>\n<\/ul>\n\n\n\n<h3 class=\"wp-block-heading\">Metro L9 \u2013 \u00c1trio do Aeroporto<\/h3>\n\n\n\n<p>Balc\u00f5es de informa\u00e7\u00e3o tur\u00edstica no \u00e1trio do Metro L9, nos terminais T1 e T2 do aeroporto.<\/p>\n\n\n\n<ul class=\"wp-block-list\">\n<li>Endere\u00e7o: Aeroport del Prat \u2013 Metro L9, Barcelona<\/li>\n\n\n\n<li>Hor\u00e1rio:<br>T1: segunda a domingo, das 8:30 \u00e0s 14:30<br>T2: segunda a domingo, das 8:30 \u00e0s 14:30<\/li>\n<\/ul>\n\n\n\n<h3 class=\"wp-block-heading\">Oficina Catedral<\/h3>\n\n\n\n<p>Posto de informa\u00e7\u00e3o no Bairro G\u00f3tico, mesmo ao lado da Catedral de Barcelona.<\/p>\n\n\n\n<ul class=\"wp-block-list\">\n<li>Endere\u00e7o: Pla de la Seu s\/n, Barcelona<\/li>\n\n\n\n<li>Hor\u00e1rio:<br>Segunda a s\u00e1bado: das 9.00 \u00e0s 17.00<br>Domingo: encerrado<\/li>\n<\/ul>\n\n\n\n<h3 class=\"wp-block-heading\">Mirador de Colom<\/h3>\n\n\n\n<p>Ponto tur\u00edstico situado dentro do Monumento a Colombo, junto ao porto antigo \u2014 ideal para um passeio. Pode obter informa\u00e7\u00f5es, bilhetes e sugest\u00f5es de visitas.<\/p>\n\n\n\n<ul class=\"wp-block-list\">\n<li>Endere\u00e7o: Pla\u00e7a del Portal de la Pau, s\/n, 08002, Barcelona<\/li>\n\n\n\n<li>Hor\u00e1rio: segunda a domingo, das 8:30 \u00e0s 14:30<\/li>\n\n\n\n<li>\u00daltimo acesso ao Mirador: 30 minutos antes do encerramento<\/li>\n<\/ul>\n\n\n\n<h3 class=\"wp-block-heading\">Estaci\u00f3 del Nord<\/h3>\n\n\n\n<p>Se estiver a chegar de autocarro, h\u00e1 um ponto de informa\u00e7\u00e3o no Espai Mediterr\u00e0nia da Estaci\u00f3 del Nord.<\/p>\n\n\n\n<ul class=\"wp-block-list\">\n<li>Endere\u00e7o: Estaci\u00f3 del Nord \u2013 Espai Mediterr\u00e0nia, 08013, Barcelona<\/li>\n\n\n\n<li>Hor\u00e1rio: segunda a domingo, das 8:30 \u00e0s 14:00<\/li>\n<\/ul>\n\n\n\n<h3 class=\"wp-block-heading\">Postos de informa\u00e7\u00e3o tur\u00edstica<\/h3>\n\n\n\n<p>Encontrar\u00e1 cabines de informa\u00e7\u00e3o nos principais pontos de Barcelona, com pessoal dispon\u00edvel para dar apoio e conselhos personalizados.<\/p>\n\n\n\n<ul class=\"wp-block-list\">\n<li><strong>Cabina Colom<\/strong><br>Endere\u00e7o: Pla\u00e7a Portal de la Pau, s\/n<br>Hor\u00e1rio: segunda a domingo, das 8:30 \u00e0s 14:30<\/li>\n\n\n\n<li><strong>Cabina Pla\u00e7a Catalunya Bergara<\/strong><br>Endere\u00e7o: Pla\u00e7a de Catalunya, s\/n<br>Hor\u00e1rio: segunda a domingo, das 8:30 \u00e0s 20:00<\/li>\n\n\n\n<li><strong>Cabina Pla\u00e7a de Catalunya Nord<\/strong><br>Endere\u00e7o: Pla\u00e7a de Catalunya, s\/n (em frente ao &#8220;El Corte Ingl\u00e9s&#8221;)<br>Hor\u00e1rio:<br>Segunda e domingo, das 8:30 \u00e0s 14:30<br>Ter\u00e7a a s\u00e1bado, das 8:30 \u00e0s 20:00<\/li>\n\n\n\n<li><strong>Cabina Pla\u00e7a de Catalunya Sud<\/strong><br>Endere\u00e7o: Pla\u00e7a de Catalunya, s\/n (em frente ao &#8220;El Triangle&#8221;)<br>Hor\u00e1rio: segunda a domingo, das 8:30 \u00e0s 20:00<\/li>\n\n\n\n<li><strong>Cabina Pla\u00e7a Espanya<\/strong><br>Endere\u00e7o: Pla\u00e7a Espanya \/ Av. Maria Cristina<br>Hor\u00e1rio: segunda a domingo, das 8:30 \u00e0s 14:30<\/li>\n\n\n\n<li><strong>Cabina Sagrada Fam\u00edlia<\/strong><br>Endere\u00e7o: Pla\u00e7a de la Sagrada Fam\u00edlia<br>Hor\u00e1rio: segunda a domingo, das 8:30 \u00e0s 20:00<\/li>\n\n\n\n<li><strong>Cabina Sagrada Fam\u00edlia 2<\/strong><br>Endere\u00e7o: Pla\u00e7a de la Sagrada Fam\u00edlia<br>Hor\u00e1rio:<br>Segunda a s\u00e1bado, das 8:30 \u00e0s 20:00<br>Domingo, das 8:30 \u00e0s 14:30<\/li>\n<\/ul>\n\n\n\n<div class=\"ms-p ms-rounded ms-mb-last-child-0 ms-mb-children-condensed ms-mb-block ms-alert--neutral\">\n<h4 class=\"gb-text-d9e66813\"><span class=\"gb-shape\"><svg viewBox=\"0 0 256 256\" fill=\"#000000\" height=\"32\" width=\"32\" xmlns=\"http:\/\/www.w3.org\/2000\/svg\"><path d=\"M108,84a16,16,0,1,1,16,16A16,16,0,0,1,108,84Zm128,44A108,108,0,1,1,128,20,108.12,108.12,0,0,1,236,128Zm-24,0a84,84,0,1,0-84,84A84.09,84.09,0,0,0,212,128Zm-72,36.68V132a20,20,0,0,0-20-20,12,12,0,0,0-4,23.32V168a20,20,0,0,0,20,20,12,12,0,0,0,4-23.32Z\"><\/path><\/svg><\/span><span class=\"gb-text\">Nota<\/span><\/h4>\n\n\n\n<p class=\"gb-text\">Os hor\u00e1rios dos postos de informa\u00e7\u00e3o podem sofrer altera\u00e7\u00f5es por motivos alheios \u00e0 Turisme de Barcelona.<\/p>\n\n\n\n<p class=\"gb-text\">Para mais informa\u00e7\u00f5es <a href=\"https:\/\/www.barcelonaturisme.com\/wv3\/en\/page\/38\/tourist-information-points.html\" target=\"_blank\" rel=\"noreferrer noopener nofollow\">clique aqui<\/a>.<\/p>\n<\/div>\n\n\n\n<p><\/p>\n","protected":false},"excerpt":{"rendered":"","protected":false},"author":1,"featured_media":0,"parent":0,"menu_order":6,"comment_status":"closed","ping_status":"closed","template":"","meta":{"_acf_changed":false,"footnotes":"","button_url":"https:\/\/www.tiqets.com\/pt\/barcelona-attractions-c66342\/tickets-for-barcelona-card-72-Hour-96-Hour-120-Hour-p975758\/?partner=barcelonacard","ms_product_id":"","ms_product_name":"","ms_price":"","ms_currency":"","ms_rating_value":"","ms_review_count":"","rank_math_title":"%title% %sep% %sitename%","rank_math_description":"Lista de Postos de Informa\u00e7\u00e3o Tur\u00edstica em Barcelona."},"post-style":[],"producer":[],"class_list":["post-13","page","type-page","status-publish","has-post-thumbnail"],"acf":[],"product_schema":{"ms_product_id":"","ms_product_name":"","ms_price":"","ms_currency":"","ms_rating_value":"","ms_review_count":""},"_links":{"self":[{"href":"https:\/\/www.barcelonacard.org\/pt\/wp-json\/wp\/v2\/pages\/13","targetHints":{"allow":["GET"]}}],"collection":[{"href":"https:\/\/www.barcelonacard.org\/pt\/wp-json\/wp\/v2\/pages"}],"about":[{"href":"https:\/\/www.barcelonacard.org\/pt\/wp-json\/wp\/v2\/types\/page"}],"author":[{"embeddable":true,"href":"https:\/\/www.barcelonacard.org\/pt\/wp-json\/wp\/v2\/users\/1"}],"replies":[{"embeddable":true,"href":"https:\/\/www.barcelonacard.org\/pt\/wp-json\/wp\/v2\/comments?post=13"}],"version-history":[{"count":3,"href":"https:\/\/www.barcelonacard.org\/pt\/wp-json\/wp\/v2\/pages\/13\/revisions"}],"predecessor-version":[{"id":1073,"href":"https:\/\/www.barcelonacard.org\/pt\/wp-json\/wp\/v2\/pages\/13\/revisions\/1073"}],"wp:attachment":[{"href":"https:\/\/www.barcelonacard.org\/pt\/wp-json\/wp\/v2\/media?parent=13"}],"wp:term":[{"taxonomy":"post-style","embeddable":true,"href":"https:\/\/www.barcelonacard.org\/pt\/wp-json\/wp\/v2\/post-style?post=13"},{"taxonomy":"producer","embeddable":true,"href":"https:\/\/www.barcelonacard.org\/pt\/wp-json\/wp\/v2\/producer?post=13"}],"curies":[{"name":"wp","href":"https:\/\/api.w.org\/{rel}","templated":true}]}}