{"id":7,"date":"2013-10-20T16:23:00","date_gmt":"2013-10-20T14:23:00","guid":{"rendered":"https:\/\/www.barcelonacard.org\/?page_id=7"},"modified":"2025-01-10T10:13:54","modified_gmt":"2025-01-10T09:13:54","slug":"faq","status":"publish","type":"page","link":"https:\/\/www.barcelonacard.org\/pl\/faq\/","title":{"rendered":"Najcz\u0119\u015bciej zadawane pytania"},"content":{"rendered":"<div id=\"rank-math-faq\" class=\"rank-math-block\">\n<div class=\"rank-math-list \">\n<div id=\"faq-question-1717062476605\" class=\"rank-math-list-item\">\n<h3 class=\"rank-math-question \">Co to jest Barcelona Card?<\/h3>\n<div class=\"rank-math-answer \">\n\n<p>Barcelona Card to oficjalna karta turystyczna Barcelony. Jest to w zasadzie 3 w 1: <strong>karta transportowa<\/strong>, <strong>karnet na muzea<\/strong> i <strong>karta rabatowa<\/strong>. Pakiet z Barcelona Card zawiera r\u00f3wnie\u017c darmow\u0105 map\u0119 i ma\u0142y przewodnik. Karta ta pomaga odwiedzaj\u0105cym Barcelon\u0119 <strong>zaoszcz\u0119dzi\u0107 czas i pieni\u0105dze<\/strong> podczas ich pobytu w mie\u015bcie.<\/p>\n\n<\/div>\n<\/div>\n<div id=\"faq-question-1717062505033\" class=\"rank-math-list-item\">\n<h3 class=\"rank-math-question \"><strong>Jakie korzy\u015bci przynosi Barcelona Card?<\/strong><\/h3>\n<div class=\"rank-math-answer \">\n\n<p>Barcelona Card pozwala <strong>zaoszcz\u0119dzi\u0107 pieni\u0105dze<\/strong> na transporcie, biletach wst\u0119pu, rozrywkach i zakupach oraz <strong>zaoszcz\u0119dzi\u0107 czas<\/strong> unikaj\u0105c d\u0142ugich kolejek do popularnych atrakcji. Dzi\u0119ki niej mo\u017cna r\u00f3wnie\u017c <strong>zobaczy\u0107 wi\u0119cej<\/strong>, korzystaj\u0105c z rabat\u00f3w i zni\u017cek o \u0142\u0105cznej warto\u015bci ponad 320 euro.<\/p>\n\n<\/div>\n<\/div>\n<div id=\"faq-question-1717062519392\" class=\"rank-math-list-item\">\n<h3 class=\"rank-math-question \"><strong>Jakie zni\u017cki oferuje Barcelona Card?<\/strong><\/h3>\n<div class=\"rank-math-answer \">\n\n<p>Barcelona Card oferuje ponad 70 zni\u017cek na atrakcje i muzea, wycieczki, rozrywk\u0119, bary i restauracje, transport oraz zakupy. \u0141\u0105czna warto\u015b\u0107 wszystkich zni\u017cek przekracza 320 euro. Pe\u0142n\u0105 list\u0119 zni\u017cek mo\u017cesz zobaczy\u0107 <a href=\"https:\/\/www.barcelonacard.org\/pl\/rabaty\/\">tutaj<\/a>.<\/p>\n\n<\/div>\n<\/div>\n<div id=\"faq-question-1726543860899\" class=\"rank-math-list-item\">\n<h3 class=\"rank-math-question \"><strong>Czy warto kupi\u0107 Barcelona Card?<\/strong><\/h3>\n<div class=\"rank-math-answer \">\n\n<p>To, czy zakup Barcelona Card jest op\u0142acalny, zale\u017cy g\u0142\u00f3wnie od Twoich plan\u00f3w podr\u00f3\u017cy i potrzeby wygody. Og\u00f3lna zasada: Barcelona Card to dobra oferta, je\u015bli planujesz korzysta\u0107 z transportu publicznego i zwiedza\u0107 r\u00f3\u017cne muzea i atrakcje w ci\u0105gu dnia. Oto kilka kwestii, kt\u00f3re warto wzi\u0105\u0107 pod uwag\u0119 rozwa\u017caj\u0105c zakup Barcelona Card:<\/p>\n<p><strong>1. Koszt karty<br \/><\/strong>Aby upewni\u0107 si\u0119, \u017ce zakup Barcelona Card jest tego wart, najlepiej jest przeanalizowa\u0107 swoje plany i obliczy\u0107, ile kosztowa\u0142yby bilety wst\u0119pu, wycieczki i transport bez karty. Por\u00f3wnaj ca\u0142kowity koszt z kosztami na dzie\u0144, jakie oferuje Barcelona Card, i sprawd\u017a, czy karta to dobra oferta. Pami\u0119taj, \u017ce najlepsz\u0105 warto\u015b\u0107 oferuj\u0105 karty na 4 i 5 dni.<\/p>\n<p><strong>2. Oszcz\u0119dno\u015b\u0107 czasu<br \/><\/strong>Barcelona Card nie tylko oferuje oszcz\u0119dno\u015bci finansowe: pozwala r\u00f3wnie\u017c zaoszcz\u0119dzi\u0107 czas, omijaj\u0105c kolejki do popularnych atrakcji oraz na stacjach transportu publicznego.<\/p>\n<p><strong>3. Wolno\u015b\u0107 i elastyczno\u015b\u0107<br \/><\/strong>W wielu przypadkach Barcelona Card sprzedaje si\u0119 dzi\u0119ki swojej wygodzie: pozwala Ci robi\u0107 to, co chcesz, kiedy chcesz, bez martwienia si\u0119 o dodatkowe bilety do muze\u00f3w czy na transport.<br \/>Podsumowuj\u0105c, je\u015bli planujesz zwiedza\u0107 Barcelon\u0119 oszcz\u0119dzaj\u0105c pieni\u0105dze, przeanalizuj koszty i sprawd\u017a, czy oszcz\u0119dno\u015bci s\u0105 tego warte. Je\u015bli cenisz <strong>wolno\u015b\u0107, elastyczno\u015b\u0107 i wygod\u0119<\/strong>, Barcelona Card to prawdopodobnie \u015bwietna oferta.<\/p>\n\n<\/div>\n<\/div>\n<div id=\"faq-question-1726543883267\" class=\"rank-math-list-item\">\n<h3 class=\"rank-math-question \"><strong>Jaka jest r\u00f3\u017cnica mi\u0119dzy Barcelona Card a kart\u0105 T-casual?<\/strong><\/h3>\n<div class=\"rank-math-answer \">\n\n<p>Karta T-casual to karta wy\u0142\u0105cznie transportowa, zapewniaj\u0105ca 10 przejazd\u00f3w po barcelo\u0144skiej sieci transportu publicznego. Barcelona Card to znacznie bardziej wszechstronna karta turystyczna. Opr\u00f3cz nielimitowanych przejazd\u00f3w \u015brodkami transportu publicznego, umo\u017cliwia tak\u017ce bezp\u0142atny wst\u0119p do wielu muze\u00f3w oraz korzystanie z ponad 70 zni\u017cek.<\/p>\n\n<\/div>\n<\/div>\n<div id=\"faq-question-1726543889362\" class=\"rank-math-list-item\">\n<h3 class=\"rank-math-question \"><strong>Jaka jest r\u00f3\u017cnica mi\u0119dzy Barcelona Card a autobusem turystycznym?<\/strong><\/h3>\n<div class=\"rank-math-answer \">\n\n<p>Barcelona Card pozwala na bezp\u0142atne podr\u00f3\u017ce transportem publicznym, w tym autobusami, metrem, tramwajami, poci\u0105gami regionalnymi oraz poci\u0105giem na lotnisko. Wycieczki autobusowe <a href=\"https:\/\/www.hoponhopoffbarcelona.org\/\" rel=\"noopener\">Barcelona Bus Tur\u00edstic<\/a> nie s\u0105 wliczone w Barcelona Card.<\/p>\n\n<\/div>\n<\/div>\n<div id=\"faq-question-1726543893043\" class=\"rank-math-list-item\">\n<h3 class=\"rank-math-question \"><strong>Ile kosztuje Barcelona Card?<\/strong><\/h3>\n<div class=\"rank-math-answer \">\n\n<p>Cena Barcelona Card zale\u017cy od liczby dni, na kt\u00f3re jest wa\u017cna. Dzieci otrzymuj\u0105 dodatkowy rabat przy zakupie. Sprawd\u017a cen\u0119 za dzie\u0144, por\u00f3wnuj\u0105c r\u00f3\u017cne karty. Na przyk\u0142ad 5-dniowa Barcelona Card jest ta\u0144sza o 2,90 \u20ac dziennie w por\u00f3wnaniu do 3-dniowej karty. Prosz\u0119 zajrze\u0107 do <a href=\"https:\/\/www.barcelonacard.org\/pl\/ceny\/\">tabeli cen<\/a>, aby zobaczy\u0107 wszystkie ceny Barcelona Card.<\/p>\n\n<\/div>\n<\/div>\n<div id=\"faq-question-1726543901952\" class=\"rank-math-list-item\">\n<h3 class=\"rank-math-question \"><strong>Gdzie mog\u0119 odebra\u0107 Barcelona Card?<\/strong><\/h3>\n<div class=\"rank-math-answer \">\n\n<p>Po zakupie mo\u017cna odebra\u0107 Barcelona Card w jednym z <a href=\"https:\/\/www.barcelonacard.org\/pl\/biura-informacji-turystycznej\/\">biur informacji turystycznej<\/a> w Barcelonie lub na lotnisku w Barcelonie. Nie zapomnij zabra\u0107 ze sob\u0105 vouchera, kt\u00f3ry otrzyma\u0142e\u015b mailem, oraz wa\u017cnego dowodu to\u017csamo\u015bci.<\/p>\n\n<\/div>\n<\/div>\n<\/div>\n<\/div>\n\n\n<h3 class=\"wp-block-heading\"><\/h3>\n","protected":false},"excerpt":{"rendered":"","protected":false},"author":1,"featured_media":0,"parent":0,"menu_order":5,"comment_status":"closed","ping_status":"closed","template":"","meta":{"_acf_changed":false,"footnotes":"","button_url":"https:\/\/www.tiqets.com\/pl\/barcelona-attractions-c66342\/tickets-for-barcelona-card-72-Hour-96-Hour-120-Hour-p975758\/?partner=barcelonacard","ms_product_id":"","ms_product_name":"","ms_price":"","ms_currency":"","ms_rating_value":"","ms_review_count":"","rank_math_title":"%title% %sep% %sitename%","rank_math_description":"Najcz\u0119\u015bciej zadawane pytania na temat Barcelona Card: jak\u0105 zni\u017ck\u0119 daje Barcelona Card, ile kosztuje i czy si\u0119 op\u0142aca?"},"post-style":[],"producer":[],"class_list":["post-7","page","type-page","status-publish","has-post-thumbnail"],"acf":[],"product_schema":{"ms_product_id":"","ms_product_name":"","ms_price":"","ms_currency":"","ms_rating_value":"","ms_review_count":""},"_links":{"self":[{"href":"https:\/\/www.barcelonacard.org\/pl\/wp-json\/wp\/v2\/pages\/7","targetHints":{"allow":["GET"]}}],"collection":[{"href":"https:\/\/www.barcelonacard.org\/pl\/wp-json\/wp\/v2\/pages"}],"about":[{"href":"https:\/\/www.barcelonacard.org\/pl\/wp-json\/wp\/v2\/types\/page"}],"author":[{"embeddable":true,"href":"https:\/\/www.barcelonacard.org\/pl\/wp-json\/wp\/v2\/users\/1"}],"replies":[{"embeddable":true,"href":"https:\/\/www.barcelonacard.org\/pl\/wp-json\/wp\/v2\/comments?post=7"}],"version-history":[{"count":3,"href":"https:\/\/www.barcelonacard.org\/pl\/wp-json\/wp\/v2\/pages\/7\/revisions"}],"predecessor-version":[{"id":691,"href":"https:\/\/www.barcelonacard.org\/pl\/wp-json\/wp\/v2\/pages\/7\/revisions\/691"}],"wp:attachment":[{"href":"https:\/\/www.barcelonacard.org\/pl\/wp-json\/wp\/v2\/media?parent=7"}],"wp:term":[{"taxonomy":"post-style","embeddable":true,"href":"https:\/\/www.barcelonacard.org\/pl\/wp-json\/wp\/v2\/post-style?post=7"},{"taxonomy":"producer","embeddable":true,"href":"https:\/\/www.barcelonacard.org\/pl\/wp-json\/wp\/v2\/producer?post=7"}],"curies":[{"name":"wp","href":"https:\/\/api.w.org\/{rel}","templated":true}]}}