{"id":6,"date":"2013-10-20T16:22:05","date_gmt":"2013-10-20T14:22:05","guid":{"rendered":"https:\/\/www.barcelonacard.org\/?page_id=6"},"modified":"2026-01-08T18:18:40","modified_gmt":"2026-01-08T17:18:40","slug":"ceny","status":"publish","type":"page","link":"https:\/\/www.barcelonacard.org\/pl\/ceny\/","title":{"rendered":"Ceny Barcelona Card"},"content":{"rendered":"\n<p>Ceny Barcelona Card zale\u017c\u0105 od liczby dni, przez kt\u00f3re jest wa\u017cna. Kosztuje od 59\u20ac za kart\u0119 3-dniow\u0105 (72 godziny) do 79\u20ac za kart\u0119 5-dniow\u0105 (120 godzin).<\/p>\n\n\n<div class=\"gb-container gb-container-7d45ff9c ms-alert--primary ms-p ms-rounded ms-mb-last-child-0 ms-mb-children-condensed ms-mb-block\">\n\n<p>5-dniowa Barcelona Card oferuje najlepszy stosunek jako\u015bci do ceny: tylko 15,80\u20ac za dzie\u0144.<\/p>\n\n<\/div>\n\n\n<p>Dzieci w wieku od 4 do 12 lat mog\u0105 korzysta\u0107 ze zni\u017cek, a dzieci w wieku 3 lat i m\u0142odsze maj\u0105 darmowy wst\u0119p.<\/p>\n\n\n\n<h3 class=\"wp-block-heading\"><span class=\"notion-enable-hover\" data-token-index=\"0\">Tabela cen<\/span><\/h3>\n\n\n<div class=\"ms-table\"><table><tr><th><\/th><th>72 Godziny<\/th><th>96 Godzin<\/th><th>120 Godzin<\/th><\/tr><tr><td>Adult<\/td><td>59,00 \u20ac (19,67 \u20ac za dzie\u0144)<\/td><td>69,00 \u20ac (17,25 \u20ac za dzie\u0144)<\/td><td>79,00 \u20ac (15,80 \u20ac za dzie\u0144)<\/td><\/tr><tr><td>Dzieci<\/td><td>37,00 \u20ac (12,33 \u20ac za dzie\u0144)<\/td><td>46,00 \u20ac (11,50 \u20ac za dzie\u0144)<\/td><td>54,00 \u20ac (10,80 \u20ac za dzie\u0144)<\/td><\/tr><\/table><\/div>\n\n\n<p><\/p>\n","protected":false},"excerpt":{"rendered":"","protected":false},"author":1,"featured_media":0,"parent":0,"menu_order":4,"comment_status":"closed","ping_status":"closed","template":"","meta":{"_acf_changed":false,"footnotes":"","button_url":"https:\/\/www.tiqets.com\/pl\/barcelona-attractions-c66342\/tickets-for-barcelona-card-72-Hour-96-Hour-120-Hour-p975758\/?partner=barcelonacard","ms_product_id":"","ms_product_name":"","ms_price":"","ms_currency":"","ms_rating_value":"","ms_review_count":"","rank_math_title":"Karta Barcelona Card \u2013 cena w %currentyear%","rank_math_description":"Ile kosztuje Barcelona Card? Zobacz aktualne ceny Barcelona Card."},"post-style":[],"producer":[],"class_list":["post-6","page","type-page","status-publish","has-post-thumbnail"],"acf":[],"product_schema":{"ms_product_id":"","ms_product_name":"","ms_price":"","ms_currency":"","ms_rating_value":"","ms_review_count":""},"_links":{"self":[{"href":"https:\/\/www.barcelonacard.org\/pl\/wp-json\/wp\/v2\/pages\/6","targetHints":{"allow":["GET"]}}],"collection":[{"href":"https:\/\/www.barcelonacard.org\/pl\/wp-json\/wp\/v2\/pages"}],"about":[{"href":"https:\/\/www.barcelonacard.org\/pl\/wp-json\/wp\/v2\/types\/page"}],"author":[{"embeddable":true,"href":"https:\/\/www.barcelonacard.org\/pl\/wp-json\/wp\/v2\/users\/1"}],"replies":[{"embeddable":true,"href":"https:\/\/www.barcelonacard.org\/pl\/wp-json\/wp\/v2\/comments?post=6"}],"version-history":[{"count":3,"href":"https:\/\/www.barcelonacard.org\/pl\/wp-json\/wp\/v2\/pages\/6\/revisions"}],"predecessor-version":[{"id":1070,"href":"https:\/\/www.barcelonacard.org\/pl\/wp-json\/wp\/v2\/pages\/6\/revisions\/1070"}],"wp:attachment":[{"href":"https:\/\/www.barcelonacard.org\/pl\/wp-json\/wp\/v2\/media?parent=6"}],"wp:term":[{"taxonomy":"post-style","embeddable":true,"href":"https:\/\/www.barcelonacard.org\/pl\/wp-json\/wp\/v2\/post-style?post=6"},{"taxonomy":"producer","embeddable":true,"href":"https:\/\/www.barcelonacard.org\/pl\/wp-json\/wp\/v2\/producer?post=6"}],"curies":[{"name":"wp","href":"https:\/\/api.w.org\/{rel}","templated":true}]}}