{"id":587,"date":"2013-10-20T14:05:29","date_gmt":"2013-10-20T14:05:29","guid":{"rendered":"https:\/\/www.barcelonacard.org\/?page_id=4"},"modified":"2026-04-20T18:45:13","modified_gmt":"2026-04-20T16:45:13","slug":"barcelona-card","status":"publish","type":"page","link":"https:\/\/www.barcelonacard.org\/pl\/","title":{"rendered":"Barcelona Card"},"content":{"rendered":"<figure>\n                    <div class=\"ms-credits\"><img decoding=\"async\" class=\"gb-image gb-image-91e329c5\" src=\"https:\/\/www.barcelonacard.org\/wp-content\/uploads\/barcelona-card-homepage-1746806969.jpg\" alt=\"Aerial view of Barcelona\" title=\"barcelona-card-homepage-1746806969\"><span class='ms-credits__info' id='media862'><svg xmlns=\"http:\/\/www.w3.org\/2000\/svg\" width=\"20\" height=\"22\" fill=\"#000000\" viewBox=\"0 0 256 256\"><path d=\"M128,24A104,104,0,1,0,232,128,104.11,104.11,0,0,0,128,24Zm0,192a88,88,0,1,1,88-88A88.1,88.1,0,0,1,128,216ZM96,128a32,32,0,0,0,57.6,19.2,8,8,0,0,1,12.8,9.61,48,48,0,1,1,0-57.62,8,8,0,0,1-12.8,9.61A32,32,0,0,0,96,128Z\"><\/path><\/svg>rabbit75_dep\/<a href=https:\/\/depositphotos.com\/editorial\/sagrada-familia-basilica-aerial-view-famous-landmark-barcelona-spain-374286208.html rel='nofollow' target='_blank'>Depositphotos<\/a><\/span><span class='ms-credits__btn' id='btn_media862' onclick='ms_credits_trigger(\"#media862\", this)'><svg xmlns=\"http:\/\/www.w3.org\/2000\/svg\" class=\"info_icon\" width=\"28\" height=\"28\" fill=\"#FFF\" viewBox=\"0 0 256 256\"><path d=\"M128,24A104,104,0,1,0,232,128,104.11,104.11,0,0,0,128,24Zm0,192a88,88,0,1,1,88-88A88.1,88.1,0,0,1,128,216Zm16-40a8,8,0,0,1-8,8,16,16,0,0,1-16-16V128a8,8,0,0,1,0-16,16,16,0,0,1,16,16v40A8,8,0,0,1,144,176ZM112,84a12,12,0,1,1,12,12A12,12,0,0,1,112,84Z\"><\/path><\/svg><svg xmlns=\"http:\/\/www.w3.org\/2000\/svg\" class=\"close_icon\" width=\"28\" height=\"28\" fill=\"#FFF\" viewBox=\"0 0 256 256\"><path d=\"M165.66,101.66,139.31,128l26.35,26.34a8,8,0,0,1-11.32,11.32L128,139.31l-26.34,26.35a8,8,0,0,1-11.32-11.32L116.69,128,90.34,101.66a8,8,0,0,1,11.32-11.32L128,116.69l26.34-26.35a8,8,0,0,1,11.32,11.32ZM232,128A104,104,0,1,1,128,24,104.11,104.11,0,0,1,232,128Zm-16,0a88,88,0,1,0-88,88A88.1,88.1,0,0,0,216,128Z\"><\/path><\/svg><\/span><\/div><\/figure>\n\n\n<h1 class=\"gb-headline gb-headline-1c55328e gb-headline-text\">Barcelona Card<br><strong><mark style=\"background-color:var(--ms-color-white)\" class=\"has-inline-color has-ms-color-neutral-color\">Zaoszcz\u0119d\u017a czas i pieni\u0105dze z Barcelona Card<\/mark><\/strong><\/h1>\n\n\n\n<p class=\"gb-headline gb-headline-1b19673b gb-headline-text\">Odkryj najlepsze atrakcje Barcelony z kart\u0105 Barcelona Card. Ciesz si\u0119 darmowym, nieograniczonym korzystaniem z transportu publicznego (w tym poci\u0105gu lotniskowego i\/lub metra) oraz darmowym dost\u0119pem do najlepszych muze\u00f3w i ekskluzywnych ofert oraz zni\u017cek.<\/p>\n\n\n\n<div class=\"ms-p ms-rounded ms-mb-last-child-0 ms-mb-children-condensed ms-alert--contrast ms-mb-block\">\n<h4 class=\"gb-text-26a71c5b\"><span class=\"gb-shape\"><svg viewBox=\"0 0 256 256\" fill=\"#000000\" height=\"32\" width=\"32\" xmlns=\"http:\/\/www.w3.org\/2000\/svg\"><path d=\"M108,84a16,16,0,1,1,16,16A16,16,0,0,1,108,84Zm128,44A108,108,0,1,1,128,20,108.12,108.12,0,0,1,236,128Zm-24,0a84,84,0,1,0-84,84A84.09,84.09,0,0,0,212,128Zm-72,36.68V132a20,20,0,0,0-20-20,12,12,0,0,0-4,23.32V168a20,20,0,0,0,20,20,12,12,0,0,0,4-23.32Z\"><\/path><\/svg><\/span><span class=\"gb-text\">NOWO\u015a\u0106: Zaoszcz\u0119d\u017a wi\u0119cej dzi\u0119ki karcie Barcelona Card!<\/span><\/h4>\n\n\n\n<p class=\"gb-text gb-text-2c41ecab\">Skorzystaj ze zni\u017cki, dodaj\u0105c bilety do Sagrada Familia i Park G\u00fcell podczas finalizacji zakupu karty Barcelona Card, w zale\u017cno\u015bci od dost\u0119pno\u015bci.<\/p>\n\n\n\n<p class=\"gb-text gb-text-26ceb76b\"><a href=\"https:\/\/www.tiqets.com\/pl\/barcelona-attractions-c66342\/tickets-for-barcelona-card-72-hour-96-hour-120-hour-p975758\/?partner=barcelonacard\" data-type=\"link\" data-id=\"https:\/\/www.tiqets.com\/pl\/barcelona-attractions-c66342\/tickets-for-barcelona-card-72-hour-96-hour-120-hour-p975758\/?partner=barcelonacard\" rel=\"nofollow noopener\">Sprawd\u017a dost\u0119pno\u015b\u0107 teraz<\/a> \u00bb<\/p>\n<\/div>\n\n\n<div class=\"gb-container gb-container-1e1905d6 gb-tabs\" role=\"tablist\" data-opened-tab=\"1\">\n<div class=\"gb-container gb-container-c0d25ee5 gb-tabs__buttons\" role=\"list\">\n\n<button class=\"gb-button gb-button-38b6d7d4 gb-button-text gb-tabs__button gb-block-is-current\" id=\"gb-tab-button-38b6d7d4\" role=\"tab\">Korzy\u015bci<\/button>\n\n\n\n<button class=\"gb-button gb-button-c40a7253 gb-button-text gb-tabs__button\" id=\"gb-tab-button-c40a7253\" role=\"tab\">Co to jest Barcelona Card?<\/button>\n\n\n\n<button class=\"gb-button gb-button-5c438a47 gb-button-text gb-tabs__button\" id=\"gb-tab-button-5c438a47\" role=\"tab\">Gdzie kupi\u0107<\/button>\n\n\n\n<button class=\"gb-button gb-button-7d2dbf03 gb-button-text gb-tabs__button\" id=\"gb-tab-button-7d2dbf03\" role=\"tab\"><strong>Jak korzysta\u0107<\/strong><\/button>\n\n<\/div>\n\n<div class=\"gb-container gb-container-8fcce89b gb-tabs__items\">\n<div class=\"gb-container gb-container-2e268732 gb-tabs__item gb-tabs__item-open\" id=\"gb-tab-item-2e268732\" role=\"tabpanel\">\n<div class=\"gb-grid-wrapper gb-grid-wrapper-b173452e\">\n<div class=\"gb-grid-column gb-grid-column-2d6c95fd\"><div class=\"gb-container gb-container-2d6c95fd\">\n\n<h5 class=\"gb-headline gb-headline-f5371835\"><span class=\"gb-icon\"><svg viewBox=\"0 0 256 256\" fill=\"#000000\" height=\"32\" width=\"32\" xmlns=\"http:\/\/www.w3.org\/2000\/svg\"><path d=\"M232.49,80.49l-128,128a12,12,0,0,1-17,0l-56-56a12,12,0,1,1,17-17L96,183,215.51,63.51a12,12,0,0,1,17,17Z\"><\/path><\/svg><\/span><span class=\"gb-headline-text\"><strong>Darmowy transport<\/strong><\/span><\/h5>\n\n\n\n<p>Nielimitowane darmowe podr\u00f3\u017ce autobusem, metrem, na lotnisku i poci\u0105giem.<\/p>\n\n<\/div><\/div>\n\n<div class=\"gb-grid-column gb-grid-column-d53518b7\"><div class=\"gb-container gb-container-d53518b7\">\n\n<h5 class=\"gb-headline gb-headline-fa732612\"><span class=\"gb-icon\"><svg viewBox=\"0 0 256 256\" fill=\"#000000\" height=\"32\" width=\"32\" xmlns=\"http:\/\/www.w3.org\/2000\/svg\"><path d=\"M232.49,80.49l-128,128a12,12,0,0,1-17,0l-56-56a12,12,0,1,1,17-17L96,183,215.51,63.51a12,12,0,0,1,17,17Z\"><\/path><\/svg><\/span><span class=\"gb-headline-text\"><strong>Darmowe wej\u015bcia<\/strong><\/span><\/h5>\n\n\n\n<p>Odwied\u017a ponad 25 najlepszych atrakcji w Barcelonie za darmo.<\/p>\n\n<\/div><\/div>\n\n<div class=\"gb-grid-column gb-grid-column-6dad0888\"><div class=\"gb-container gb-container-6dad0888\">\n\n<h5 class=\"gb-headline gb-headline-97f3175e\"><span class=\"gb-icon\"><svg viewBox=\"0 0 256 256\" fill=\"#000000\" height=\"32\" width=\"32\" xmlns=\"http:\/\/www.w3.org\/2000\/svg\"><path d=\"M232.49,80.49l-128,128a12,12,0,0,1-17,0l-56-56a12,12,0,1,1,17-17L96,183,215.51,63.51a12,12,0,0,1,17,17Z\"><\/path><\/svg><\/span><span class=\"gb-headline-text\"><strong>70+ zni\u017cek<\/strong><\/span><\/h5>\n\n\n\n<p>Oszcz\u0119d\u017a do 350\u20ac na wycieczkach, zakupach, restauracjach i rozrywce.<\/p>\n\n<\/div><\/div>\n\n<div class=\"gb-grid-column gb-grid-column-d82be486\"><div class=\"gb-container gb-container-d82be486\">\n\n<p class=\"gb-headline gb-headline-c0e8b836\"><span class=\"gb-icon\"><svg viewBox=\"0 0 256 256\" fill=\"#000000\" height=\"32\" width=\"32\" xmlns=\"http:\/\/www.w3.org\/2000\/svg\"><path d=\"M232.49,80.49l-128,128a12,12,0,0,1-17,0l-56-56a12,12,0,1,1,17-17L96,183,215.51,63.51a12,12,0,0,1,17,17Z\"><\/path><\/svg><\/span><span class=\"gb-headline-text\"><strong>Bezp\u0142atny przewodnik<\/strong><\/span><\/p>\n\n\n\n<p>W 6 j\u0119zykach, z informacjami o darmowych ofertach i zni\u017ckach wraz z lokalizacj\u0105.<\/p>\n\n<\/div><\/div>\n\n<div class=\"gb-grid-column gb-grid-column-3cecd77c\"><div class=\"gb-container gb-container-3cecd77c\">\n\n<h5 class=\"gb-headline gb-headline-cd1f3d4e\"><span class=\"gb-icon\"><svg viewBox=\"0 0 256 256\" fill=\"#000000\" height=\"32\" width=\"32\" xmlns=\"http:\/\/www.w3.org\/2000\/svg\"><path d=\"M232.49,80.49l-128,128a12,12,0,0,1-17,0l-56-56a12,12,0,1,1,17-17L96,183,215.51,63.51a12,12,0,0,1,17,17Z\"><\/path><\/svg><\/span><span class=\"gb-headline-text\"><strong>Omijanie kolejek<\/strong><\/span><\/h5>\n\n\n\n<p>Unikaj kolejek do najpopularniejszych atrakcji w Barcelonie.<\/p>\n\n<\/div><\/div>\n\n<div class=\"gb-grid-column gb-grid-column-ff07f982\"><div class=\"gb-container gb-container-ff07f982\">\n\n<h5 class=\"gb-headline gb-headline-d7adc504\"><span class=\"gb-icon\"><svg viewBox=\"0 0 256 256\" fill=\"#000000\" height=\"32\" width=\"32\" xmlns=\"http:\/\/www.w3.org\/2000\/svg\"><path d=\"M232.49,80.49l-128,128a12,12,0,0,1-17,0l-56-56a12,12,0,1,1,17-17L96,183,215.51,63.51a12,12,0,0,1,17,17Z\"><\/path><\/svg><\/span><span class=\"gb-headline-text\"><strong>Elastyczna rezerwacja<\/strong><\/span><\/h5>\n\n\n\n<p>Kup online i korzystaj z bezp\u0142atnego anulowania do dnia poprzedzaj\u0105cego wizyt\u0119.<\/p>\n\n<\/div><\/div>\n<\/div>\n<\/div>\n\n<div class=\"gb-container gb-container-3bccd8b9 gb-tabs__item\" id=\"gb-tab-item-3bccd8b9\" role=\"tabpanel\">\n\n<p>Barcelona Card to oficjalna karta turystyczna Barcelony. Wygl\u0105da jak karta kredytowa, jest niezwykle \u0142atwa w zakupie i pomaga podr\u00f3\u017cuj\u0105cym <strong>zaoszcz\u0119dzi\u0107 czas i pieni\u0105dze<\/strong> podczas wakacji.<\/p>\n\n\n<div class=\"gb-container gb-container-867bb005 ms-p-sm ms-alert--primary ms-mb-block\">\n\n<p class=\"gb-headline gb-headline-93fd8aa0 gb-headline-text ms-mb-0\">Barcelona Card to 3 w 1: <strong>karta transportowa<\/strong>, <strong>przepustka do muze\u00f3w<\/strong> i <strong>karta zni\u017ckowa<\/strong>.<\/p>\n\n<\/div>\n\n\n<p>Posiadacze Barcelona Card korzystaj\u0105 z nieograniczonej liczby bezp\u0142atnych przejazd\u00f3w transportem publicznym, darmowego wst\u0119pu do ponad 25 najlepszych muze\u00f3w i miejsc kulturalnych w Barcelonie oraz <strong>70+ zni\u017cek<\/strong> na wizyty, wycieczki, rozrywk\u0119, zakupy, jedzenie i nocne \u017cycie.<\/p>\n\n\n\n<p>Karta pozwala tak\u017ce omin\u0105\u0107 kolejki do najpopularniejszych atrakcji Barcelony, oszcz\u0119dzaj\u0105c cenny czas podczas intensywnego zwiedzania.<\/p>\n\n\n\n<p>Dodatkowo karta jest wyposa\u017cona w <strong>przewodnik miejski<\/strong> dost\u0119pny w sze\u015bciu j\u0119zykach, zawieraj\u0105cy wszystkie wspania\u0142e oferty (pomy\u015bl o zabytkach Gaud\u00edego, Casa Amatller i L&#8217;Aqu\u00e0rium). Jest tam tak\u017ce mapa metra, kt\u00f3ra pomo\u017ce Ci odnale\u017a\u0107 si\u0119 w mie\u015bcie.<\/p>\n\n\n\n<p>\u0141\u0105cznie karta oferuje ponad <strong>350\u20ac<\/strong> oszcz\u0119dno\u015bci dla podr\u00f3\u017cnik\u00f3w, kt\u00f3rzy naprawd\u0119 ceni\u0105 sobie wygod\u0119 i korzy\u015bci.<\/p>\n\n<\/div>\n\n<div class=\"gb-container gb-container-b7be09ec gb-tabs__item\" id=\"gb-tab-item-b7be09ec\" role=\"tabpanel\">\n\n<p>Zakup Barcelona Card jest prosty i wygodny.<\/p>\n\n\n\n<ol class=\"wp-block-list\">\n<li>Mo\u017cesz kupi\u0107 j\u0105 online w obni\u017conej cenie przed podr\u00f3\u017c\u0105 lub w <strong><a href=\"https:\/\/www.barcelonacard.org\/pl\/biura-informacji-turystycznej\/\" data-type=\"link\" data-id=\"https:\/\/www.barcelonacard.org\/pl\/biura-informacji-turystycznej\/\">Punktach Informacji Turystycznej<\/a><\/strong> w Barcelonie w pe\u0142nej cenie.<\/li>\n\n\n\n<li>Skorzystaj z modu\u0142u rezerwacyjnego, aby z\u0142o\u017cy\u0107 szybkie, bezpieczne zam\u00f3wienie.<\/li>\n\n\n\n<li>Po zakupie otrzymasz voucher mailem, kt\u00f3ry mo\u017cesz wydrukowa\u0107 i wymieni\u0107 na fizyczn\u0105 kart\u0119.<\/li>\n\n\n\n<li>Udaj si\u0119 do jednego z punkt\u00f3w odbioru i poka\u017c voucher na smartfonie, aby otrzyma\u0107 Barcelona Card:<\/li>\n<\/ol>\n\n\n\n<p class=\"gb-text-6f121588\"><span class=\"gb-shape\"><svg viewBox=\"0 0 256 256\" fill=\"#000000\" height=\"32\" width=\"32\" xmlns=\"http:\/\/www.w3.org\/2000\/svg\"><path d=\"M128,60a44,44,0,1,0,44,44A44.05,44.05,0,0,0,128,60Zm0,64a20,20,0,1,1,20-20A20,20,0,0,1,128,124Zm0-112a92.1,92.1,0,0,0-92,92c0,77.36,81.64,135.4,85.12,137.83a12,12,0,0,0,13.76,0,259,259,0,0,0,42.18-39C205.15,170.57,220,136.37,220,104A92.1,92.1,0,0,0,128,12Zm31.3,174.71A249.35,249.35,0,0,1,128,216.89a249.35,249.35,0,0,1-31.3-30.18C80,167.37,60,137.31,60,104a68,68,0,0,1,136,0C196,137.31,176,167.37,159.3,186.71Z\"><\/path><\/svg><\/span><span class=\"gb-text\"><strong>Biura na Lotnisku Barcelona<\/strong><\/span><\/p>\n\n\n\n<ul class=\"wp-block-list\">\n<li><strong>Lotnisko Terminal T1 (Stacja Metro):<\/strong> Lotnisko Barcelona, Metro Terminal T1 | Godziny otwarcia: Codziennie 8:30 \u2013 14:30<\/li>\n\n\n\n<li><strong>Lotnisko Terminal T2 (Stacja Metro):<\/strong> Lotnisko Barcelona, Metro Terminal T2 | Godziny otwarcia: Codziennie 8:30 \u2013 14:30<\/li>\n\n\n\n<li><strong>Lotnisko Terminal T1 (Terminal G\u0142\u00f3wny):<\/strong> Lotnisko Barcelona, Terminal T1 | Godziny otwarcia: Codziennie 8:30 \u2013 19:30<\/li>\n\n\n\n<li><strong>Lotnisko Terminal T2 (Terminal G\u0142\u00f3wny):<\/strong> Lotnisko Barcelona, Terminal T2 | Godziny otwarcia: Codziennie 8:30 \u2013 19:30<\/li>\n<\/ul>\n\n\n\n<p class=\"gb-text-ad1a384b\"><span class=\"gb-shape\"><svg viewBox=\"0 0 256 256\" fill=\"#000000\" height=\"32\" width=\"32\" xmlns=\"http:\/\/www.w3.org\/2000\/svg\"><path d=\"M128,60a44,44,0,1,0,44,44A44.05,44.05,0,0,0,128,60Zm0,64a20,20,0,1,1,20-20A20,20,0,0,1,128,124Zm0-112a92.1,92.1,0,0,0-92,92c0,77.36,81.64,135.4,85.12,137.83a12,12,0,0,0,13.76,0,259,259,0,0,0,42.18-39C205.15,170.57,220,136.37,220,104A92.1,92.1,0,0,0,128,12Zm31.3,174.71A249.35,249.35,0,0,1,128,216.89a249.35,249.35,0,0,1-31.3-30.18C80,167.37,60,137.31,60,104a68,68,0,0,1,136,0C196,137.31,176,167.37,159.3,186.71Z\"><\/path><\/svg><\/span><span class=\"gb-text\"><strong>Biura w Centrum Miasta<\/strong><\/span><\/p>\n\n\n\n<ul class=\"wp-block-list\">\n<li>Pla\u00e7a de Catalunya (Biuro G\u0142\u00f3wne): Pla\u00e7a de Catalunya, 17 (parter) | Godziny otwarcia: Codziennie 8:30 \u2013 20:30<\/li>\n\n\n\n<li>Pla\u00e7a de Catalunya (Punkt Informacyjny): Przed domem towarowym El Corte Ingl\u00e9s | Godziny otwarcia: Codziennie 8:30 \u2013 14:30<\/li>\n\n\n\n<li>Pla\u00e7a Espanya: Pla\u00e7a Espanya (Avinguda Maria Cristina) | Godziny otwarcia: Codziennie 8:30 \u2013 14:30<\/li>\n\n\n\n<li>Sagrada Fam\u00edlia (Punkt Informacyjny): Blisko bazyliki Sagrada Fam\u00edlia | Godziny otwarcia: Codziennie 8:30 \u2013 20:00<\/li>\n\n\n\n<li>Mirador de Colom (Pomnik Kolumba): Pla\u00e7a Portal de la Pau | Godziny otwarcia: Codziennie 8:30 \u2013 14:30 (ostatnie wej\u015bcie na galeri\u0119 widokow\u0105 o 13:30)<\/li>\n<\/ul>\n\n\n\n<p>Odkryj pi\u0119kn\u0105 Barcelon\u0119 tanio, wszystko czego potrzebujesz to jedna ma\u0142a karta!<\/p>\n\n\n<div class=\"gb-container gb-container-e4dbf6fc ms-alert--primary ms-p-sm ms-mb-block\">\n\n<p class=\"gb-headline gb-headline-dcf3fc26 gb-headline-text ms-mb-0\">Karta jest aktywowana przy pierwszym u\u017cyciu, wi\u0119c nie musisz si\u0119 martwi\u0107, \u017ce wyga\u015bnie przed Twoim przyjazdem do Barcelony.<\/p>\n\n<\/div>\n<\/div>\n\n<div class=\"gb-container gb-container-fd1bb83b gb-tabs__item\" id=\"gb-tab-item-fd1bb83b\" role=\"tabpanel\">\n\n<p>Barcelona Card jest \u0142atwa w u\u017cyciu, ale znajomo\u015b\u0107 kilku kluczowych szczeg\u00f3\u0142\u00f3w pomo\u017ce ci wyci\u0105gn\u0105\u0107 z niej maksimum korzy\u015bci.<\/p>\n\n\n\n<h3 class=\"gb-text-1b8be78b\"><span class=\"gb-shape\"><svg viewBox=\"0 0 256 256\" fill=\"#000000\" height=\"32\" width=\"32\" xmlns=\"http:\/\/www.w3.org\/2000\/svg\"><path d=\"M232.49,80.49l-128,128a12,12,0,0,1-17,0l-56-56a12,12,0,1,1,17-17L96,183,215.51,63.51a12,12,0,0,1,17,17Z\"><\/path><\/svg><\/span><span class=\"gb-text\">Aktywacja<\/span><\/h3>\n\n\n\n<p>Barcelona Card aktywuje si\u0119 przy pierwszym u\u017cyciu, na przyk\u0142ad w transporcie publicznym lub przy wej\u015bciu do jednej z uczestnicz\u0105cych atrakcji.<\/p>\n\n\n\n<p>Barcelona Card jest dost\u0119pna w opcjach 3-, 4- lub 5-dniowych i wa\u017cna jest przez kolejne dni, a nie 24-godzinne okresy. Na przyk\u0142ad, je\u015bli aktywujesz 5-dniow\u0105 Barcelona Card w poniedzia\u0142ek w po\u0142udnie, wyga\u015bnie w pi\u0105tek o p\u00f3\u0142nocy.<\/p>\n\n\n\n<h3 class=\"gb-text-1fe6b320\"><span class=\"gb-shape\"><svg viewBox=\"0 0 256 256\" fill=\"#000000\" height=\"32\" width=\"32\" xmlns=\"http:\/\/www.w3.org\/2000\/svg\"><path d=\"M184,20H72A36,36,0,0,0,36,56V184a36,36,0,0,0,36,36h0l-9.6,12.8a12,12,0,1,0,19.2,14.4L102,220h52l20.4,27.2a12,12,0,0,0,19.2-14.4L184,220h0a36,36,0,0,0,36-36V56A36,36,0,0,0,184,20ZM72,44H184a12,12,0,0,1,12,12v60H60V56A12,12,0,0,1,72,44ZM184,196H72a12,12,0,0,1-12-12V140H196v44A12,12,0,0,1,184,196Zm-80-28a16,16,0,1,1-16-16A16,16,0,0,1,104,168Zm80,0a16,16,0,1,1-16-16A16,16,0,0,1,184,168Z\"><\/path><\/svg><\/span><span class=\"gb-text\">Korzystanie z transportu publicznego<\/span><\/h3>\n\n\n\n<p>Po aktywacji przy\u0142\u00f3\u017c Barcelona Card do czytnika w dowolnym z tych \u015brodk\u00f3w transportu:<\/p>\n\n\n\n<ul class=\"wp-block-list\">\n<li>Metro (TMB)<\/li>\n\n\n\n<li>Tramwaj (TMB)<\/li>\n\n\n\n<li>Autobusy dzienne (TMB)<\/li>\n\n\n\n<li>Kolej FGC (linie miejskie)<\/li>\n\n\n\n<li>Poci\u0105gi Renfe Rodalies (tylko strefa 1)<\/li>\n<\/ul>\n\n\n\n<p><strong>Uwaga:<\/strong> Karta nie jest wa\u017cna w autobusach nocnych.<\/p>\n\n\n\n<h3 class=\"gb-text-a33c3e33\"><span class=\"gb-shape\"><svg xmlns=\"http:\/\/www.w3.org\/2000\/svg\" width=\"32\" height=\"32\" fill=\"#000000\" viewBox=\"0 0 256 256\"><path d=\"M24,108H44v48H32a12,12,0,0,0,0,24H224a12,12,0,0,0,0-24H212V108h20a12,12,0,0,0,6.29-22.22l-104-64a12,12,0,0,0-12.58,0l-104,64A12,12,0,0,0,24,108Zm44,0H92v48H68Zm72,0v48H116V108Zm48,48H164V108h24ZM128,46.09,189.6,84H66.4ZM252,208a12,12,0,0,1-12,12H16a12,12,0,0,1,0-24H240A12,12,0,0,1,252,208Z\"><\/path><\/svg><\/span><span class=\"gb-text\"><strong>Korzystanie w muzeach i atrakcjach<\/strong><\/span><\/h3>\n\n\n\n<p>Po prostu poka\u017c lub zeskanuj Barcelona Card przy wej\u015bciu do dowolnego obj\u0119tego ni\u0105 muzeum lub atrakcji. Masz jeden bezp\u0142atny wst\u0119p na miejsce podczas okresu wa\u017cno\u015bci karty.<\/p>\n\n\n\n<p>W przypadku atrakcji ze zni\u017ck\u0105 (jak Casa Batll\u00f3 czy La Pedrera) przedstaw kart\u0119 w kasie biletowej, aby otrzyma\u0107 zni\u017ck\u0119.<\/p>\n\n\n\n<h3 class=\"gb-text-e8105f3d\"><span class=\"gb-shape\"><svg viewBox=\"0 0 256 256\" fill=\"#000000\" height=\"32\" width=\"32\" xmlns=\"http:\/\/www.w3.org\/2000\/svg\"><path d=\"M240.26,186.1,152.81,34.23h0a28.74,28.74,0,0,0-49.62,0L15.74,186.1a27.45,27.45,0,0,0,0,27.71A28.31,28.31,0,0,0,40.55,228h174.9a28.31,28.31,0,0,0,24.79-14.19A27.45,27.45,0,0,0,240.26,186.1Zm-20.8,15.7a4.46,4.46,0,0,1-4,2.2H40.55a4.46,4.46,0,0,1-4-2.2,3.56,3.56,0,0,1,0-3.73L124,46.2a4.77,4.77,0,0,1,8,0l87.44,151.87A3.56,3.56,0,0,1,219.46,201.8ZM116,136V104a12,12,0,0,1,24,0v32a12,12,0,0,1-24,0Zm28,40a16,16,0,1,1-16-16A16,16,0,0,1,144,176Z\"><\/path><\/svg><\/span><span class=\"gb-text\">Zanim wyruszysz<\/span><\/h3>\n\n\n\n<ul class=\"wp-block-list\">\n<li>Jedno wej\u015bcie na miejsce: Mo\u017cesz odwiedzi\u0107 ka\u017cde bezp\u0142atne muzeum lub atrakcj\u0119 raz z kart\u0105.<\/li>\n\n\n\n<li>Nie \u0142\u0105czenie zni\u017cek: Zni\u017cki nie mog\u0105 by\u0107 \u0142\u0105czone z innymi promocjami ani ofertami.<\/li>\n\n\n\n<li>Wa\u017cna do ko\u0144ca roku: Karta jest wa\u017cna do ko\u0144ca bie\u017c\u0105cego roku kalendarzowego.<\/li>\n\n\n\n<li>Musi by\u0107 aktywowana: Bezp\u0142atne wej\u015bcia i zni\u017cki dzia\u0142aj\u0105 tylko po aktywacji karty i w jej okresie wa\u017cno\u015bci.<\/li>\n<\/ul>\n\n\n\n<p>Teraz podejmij wyzwanie Barcelona Card i zobacz, ile niezapomnianych chwil mo\u017cesz prze\u017cy\u0107!<\/p>\n\n\n<div class=\"gb-container gb-container-3c5c7dcc ms-alert--primary ms-p-sm\">\n\n<p class=\"gb-headline gb-headline-8196bf62 gb-headline-text ms-mb-0\">Przeczytaj wi\u0119cej:&nbsp;<a href=\"https:\/\/www.barcelonacard.org\/pl\/rabaty\/\">zni\u017cki<\/a><span style=\"font-size: inherit;background-color: var(--ms-color-primary-lightest);color: var(--ms-color-primary-darkest)\">&nbsp;&#8211;&nbsp;<\/span><a href=\"https:\/\/www.barcelonacard.org\/pl\/ceny\/\">ceny<\/a><span style=\"font-size: inherit;color: var(--ms-color-primary-darkest);background-color: var(--ms-color-primary-lightest)\">&nbsp;&#8211;&nbsp;<\/span><a href=\"https:\/\/www.barcelonacard.org\/pl\/faq\/\">najcz\u0119\u015bciej zadawane pytania<\/a><\/p>\n\n<\/div>\n<\/div>\n<\/div>\n<\/div>","protected":false},"excerpt":{"rendered":"","protected":false},"author":1,"featured_media":862,"parent":0,"menu_order":2,"comment_status":"closed","ping_status":"closed","template":"","meta":{"_acf_changed":false,"footnotes":"","button_url":"https:\/\/www.tiqets.com\/pl\/barcelona-attractions-c66342\/tickets-for-barcelona-card-72-Hour-96-Hour-120-Hour-p975758\/?partner=barcelonacard","ms_product_id":"975758","ms_product_name":"Barcelona Card: Public Transport + 40 Attractions","ms_price":"59","ms_currency":"EUR","ms_rating_value":"4.3","ms_review_count":"2305","rank_math_title":"Barcelona Card - The Oficjalny City Pass","rank_math_description":"Zaoszcz\u0119d\u017a czas i pieni\u0105dze z Barcelona Card \u2013 oficjalny Pass turystyczny Barcelony."},"post-style":[],"producer":[],"class_list":["post-587","page","type-page","status-publish","has-post-thumbnail"],"acf":[],"product_schema":{"ms_product_id":"975758","ms_product_name":"Barcelona Card: Public Transport + 40 Attractions","ms_price":"59","ms_currency":"EUR","ms_rating_value":"4.3","ms_review_count":"2305"},"_links":{"self":[{"href":"https:\/\/www.barcelonacard.org\/pl\/wp-json\/wp\/v2\/pages\/587","targetHints":{"allow":["GET"]}}],"collection":[{"href":"https:\/\/www.barcelonacard.org\/pl\/wp-json\/wp\/v2\/pages"}],"about":[{"href":"https:\/\/www.barcelonacard.org\/pl\/wp-json\/wp\/v2\/types\/page"}],"author":[{"embeddable":true,"href":"https:\/\/www.barcelonacard.org\/pl\/wp-json\/wp\/v2\/users\/1"}],"replies":[{"embeddable":true,"href":"https:\/\/www.barcelonacard.org\/pl\/wp-json\/wp\/v2\/comments?post=587"}],"version-history":[{"count":3,"href":"https:\/\/www.barcelonacard.org\/pl\/wp-json\/wp\/v2\/pages\/587\/revisions"}],"predecessor-version":[{"id":1095,"href":"https:\/\/www.barcelonacard.org\/pl\/wp-json\/wp\/v2\/pages\/587\/revisions\/1095"}],"wp:featuredmedia":[{"embeddable":true,"href":"https:\/\/www.barcelonacard.org\/pl\/wp-json\/wp\/v2\/media\/862"}],"wp:attachment":[{"href":"https:\/\/www.barcelonacard.org\/pl\/wp-json\/wp\/v2\/media?parent=587"}],"wp:term":[{"taxonomy":"post-style","embeddable":true,"href":"https:\/\/www.barcelonacard.org\/pl\/wp-json\/wp\/v2\/post-style?post=587"},{"taxonomy":"producer","embeddable":true,"href":"https:\/\/www.barcelonacard.org\/pl\/wp-json\/wp\/v2\/producer?post=587"}],"curies":[{"name":"wp","href":"https:\/\/api.w.org\/{rel}","templated":true}]}}