{"id":587,"date":"2013-10-20T14:05:29","date_gmt":"2013-10-20T14:05:29","guid":{"rendered":"https:\/\/www.barcelonacard.org\/nl\/?page_id=4"},"modified":"2026-04-20T18:54:22","modified_gmt":"2026-04-20T16:54:22","slug":"barcelona-card","status":"publish","type":"page","link":"https:\/\/www.barcelonacard.org\/nl\/","title":{"rendered":"Barcelona Card"},"content":{"rendered":"\n<figure><div class=\"ms-credits\">\n<img decoding=\"async\" class=\"gb-media-25603cfa\" alt=\"Aerial view of Barcelona\" src=\"https:\/\/www.barcelonacard.org\/nl\/wp-content\/uploads\/sites\/18\/barcelona-card-homepage-1746806969.jpg\" title=\"barcelona-card-homepage-1746806969\"\/>\n<span class='ms-credits__info' id='media932'><svg xmlns=\"http:\/\/www.w3.org\/2000\/svg\" width=\"20\" height=\"22\" fill=\"#000000\" viewBox=\"0 0 256 256\"><path d=\"M128,24A104,104,0,1,0,232,128,104.11,104.11,0,0,0,128,24Zm0,192a88,88,0,1,1,88-88A88.1,88.1,0,0,1,128,216ZM96,128a32,32,0,0,0,57.6,19.2,8,8,0,0,1,12.8,9.61,48,48,0,1,1,0-57.62,8,8,0,0,1-12.8,9.61A32,32,0,0,0,96,128Z\"><\/path><\/svg>rabbit75_dep\/<a href=https:\/\/depositphotos.com\/editorial\/sagrada-familia-basilica-aerial-view-famous-landmark-barcelona-spain-374286208.html rel='nofollow' target='_blank'>Depositphotos<\/a><\/span><span class='ms-credits__btn' id='btn_media932' onclick='ms_credits_trigger(\"#media932\", this)'><svg xmlns=\"http:\/\/www.w3.org\/2000\/svg\" class=\"info_icon\" width=\"28\" height=\"28\" fill=\"#FFF\" viewBox=\"0 0 256 256\"><path d=\"M128,24A104,104,0,1,0,232,128,104.11,104.11,0,0,0,128,24Zm0,192a88,88,0,1,1,88-88A88.1,88.1,0,0,1,128,216Zm16-40a8,8,0,0,1-8,8,16,16,0,0,1-16-16V128a8,8,0,0,1,0-16,16,16,0,0,1,16,16v40A8,8,0,0,1,144,176ZM112,84a12,12,0,1,1,12,12A12,12,0,0,1,112,84Z\"><\/path><\/svg><svg xmlns=\"http:\/\/www.w3.org\/2000\/svg\" class=\"close_icon\" width=\"28\" height=\"28\" fill=\"#FFF\" viewBox=\"0 0 256 256\"><path d=\"M165.66,101.66,139.31,128l26.35,26.34a8,8,0,0,1-11.32,11.32L128,139.31l-26.34,26.35a8,8,0,0,1-11.32-11.32L116.69,128,90.34,101.66a8,8,0,0,1,11.32-11.32L128,116.69l26.34-26.35a8,8,0,0,1,11.32,11.32ZM232,128A104,104,0,1,1,128,24,104.11,104.11,0,0,1,232,128Zm-16,0a88,88,0,1,0-88,88A88.1,88.1,0,0,0,216,128Z\"><\/path><\/svg><\/span><\/div><\/figure>\n\n\n\n<h1 class=\"gb-headline gb-headline-1c55328e gb-headline-text\">Barcelona Card<br><strong><strong><mark style=\"background-color:var(--ms-color-white)\" class=\"has-inline-color has-ms-color-neutral-darker-color\">Bespaar tijd en geld met de Barcelona Card<\/mark><\/strong><\/strong><\/h1>\n\n\n\n<p class=\"gb-headline gb-headline-1b19673b gb-headline-text\">Ontdek het beste van Barcelona met de Barcelona Card. Geniet van onbeperkt gratis gebruik van het openbaar vervoer (inclusief de trein en\/of metro van en naar de luchthaven), gratis toegang tot de beste musea van de stad en exclusieve aanbiedingen en kortingen.<\/p>\n\n\n\n<div class=\"ms-p ms-rounded ms-mb-last-child-0 ms-mb-children-condensed ms-alert--contrast ms-mb-block\">\n<h4 class=\"gb-text-26a71c5b\"><span class=\"gb-shape\"><svg viewBox=\"0 0 256 256\" fill=\"#000000\" height=\"32\" width=\"32\" xmlns=\"http:\/\/www.w3.org\/2000\/svg\"><path d=\"M108,84a16,16,0,1,1,16,16A16,16,0,0,1,108,84Zm128,44A108,108,0,1,1,128,20,108.12,108.12,0,0,1,236,128Zm-24,0a84,84,0,1,0-84,84A84.09,84.09,0,0,0,212,128Zm-72,36.68V132a20,20,0,0,0-20-20,12,12,0,0,0-4,23.32V168a20,20,0,0,0,20,20,12,12,0,0,0,4-23.32Z\"><\/path><\/svg><\/span><span class=\"gb-text\">NIEUW: bespaar nog meer met de Barcelona Card!<\/span><\/h4>\n\n\n\n<p class=\"gb-text gb-text-2c41ecab\">Krijg korting op tickets voor de Sagrada Familia en Park G\u00fcell door deze bij het afrekenen toe te voegen aan uw Barcelona Card, afhankelijk van de beschikbaarheid.<\/p>\n\n\n\n<p class=\"gb-text gb-text-0788af3c\"><a href=\"https:\/\/www.tiqets.com\/nl\/barcelona-attractions-c66342\/tickets-for-barcelona-card-72-hour-96-hour-120-hour-p975758\/?partner=barcelonacard\" data-type=\"link\" data-id=\"https:\/\/www.tiqets.com\/en\/barcelona-attractions-c66342\/tickets-for-barcelona-card-72-hour-96-hour-120-hour-p975758\/?partner=barcelonacard\" rel=\"nofollow noopener\">Bekijk nu de beschikbaarheid<\/a> \u00bb<\/p>\n<\/div>\n\n\n<div class=\"gb-container gb-container-1e1905d6 gb-tabs\" role=\"tablist\" data-opened-tab=\"1\">\n<div class=\"gb-container gb-container-c0d25ee5 gb-tabs__buttons\" role=\"list\">\n\n<button class=\"gb-button gb-button-38b6d7d4 gb-button-text gb-tabs__button gb-block-is-current\" id=\"gb-tab-button-38b6d7d4\" role=\"tab\"><strong>Voordelen<\/strong><\/button>\n\n\n\n<button class=\"gb-button gb-button-c40a7253 gb-button-text gb-tabs__button\" id=\"gb-tab-button-c40a7253\" role=\"tab\"><strong>Wat is het<\/strong><\/button>\n\n\n\n<button class=\"gb-button gb-button-5c438a47 gb-button-text gb-tabs__button\" id=\"gb-tab-button-5c438a47\" role=\"tab\"><strong>Waar te koop<\/strong><\/button>\n\n\n\n<button class=\"gb-button gb-button-7d2dbf03 gb-button-text gb-tabs__button\" id=\"gb-tab-button-7d2dbf03\" role=\"tab\"><strong>Hoe te gebruiken<\/strong><\/button>\n\n<\/div>\n\n<div class=\"gb-container gb-container-8fcce89b gb-tabs__items\">\n<div class=\"gb-container gb-container-2e268732 gb-tabs__item gb-tabs__item-open\" id=\"gb-tab-item-2e268732\" role=\"tabpanel\">\n<div class=\"gb-grid-wrapper gb-grid-wrapper-b173452e\">\n<div class=\"gb-grid-column gb-grid-column-2d6c95fd\"><div class=\"gb-container gb-container-2d6c95fd\">\n\n<h5 class=\"gb-headline gb-headline-f5371835\"><span class=\"gb-icon\"><svg viewBox=\"0 0 256 256\" fill=\"#000000\" height=\"32\" width=\"32\" xmlns=\"http:\/\/www.w3.org\/2000\/svg\"><path d=\"M232.49,80.49l-128,128a12,12,0,0,1-17,0l-56-56a12,12,0,1,1,17-17L96,183,215.51,63.51a12,12,0,0,1,17,17Z\"><\/path><\/svg><\/span><span class=\"gb-headline-text\"><strong><strong>Gratis reizen<\/strong><\/strong><\/span><\/h5>\n\n\n\n<p>Onbeperkt gratis reizen met bus, metro en trein.<\/p>\n\n<\/div><\/div>\n\n<div class=\"gb-grid-column gb-grid-column-d53518b7\"><div class=\"gb-container gb-container-d53518b7\">\n\n<h5 class=\"gb-headline gb-headline-fa732612\"><span class=\"gb-icon\"><svg viewBox=\"0 0 256 256\" fill=\"#000000\" height=\"32\" width=\"32\" xmlns=\"http:\/\/www.w3.org\/2000\/svg\"><path d=\"M232.49,80.49l-128,128a12,12,0,0,1-17,0l-56-56a12,12,0,1,1,17-17L96,183,215.51,63.51a12,12,0,0,1,17,17Z\"><\/path><\/svg><\/span><span class=\"gb-headline-text\"><strong><strong>Gratis toegang<\/strong><\/strong><\/span><\/h5>\n\n\n\n<p>Bezoek gratis meer dan 25 van de beste bezienswaardigheden van Barcelona.<\/p>\n\n<\/div><\/div>\n\n<div class=\"gb-grid-column gb-grid-column-6dad0888\"><div class=\"gb-container gb-container-6dad0888\">\n\n<h5 class=\"gb-headline gb-headline-97f3175e\"><span class=\"gb-icon\"><svg viewBox=\"0 0 256 256\" fill=\"#000000\" height=\"32\" width=\"32\" xmlns=\"http:\/\/www.w3.org\/2000\/svg\"><path d=\"M232.49,80.49l-128,128a12,12,0,0,1-17,0l-56-56a12,12,0,1,1,17-17L96,183,215.51,63.51a12,12,0,0,1,17,17Z\"><\/path><\/svg><\/span><span class=\"gb-headline-text\"><strong><strong>70+ kortingen<\/strong><\/strong><\/span><\/h5>\n\n\n\n<p>Bespaar tot wel \u20ac 350 op tours, winkels, restaurants en uitgaansgelegenheden.<\/p>\n\n<\/div><\/div>\n\n<div class=\"gb-grid-column gb-grid-column-d82be486\"><div class=\"gb-container gb-container-d82be486\">\n\n<p class=\"gb-headline gb-headline-c0e8b836\"><span class=\"gb-icon\"><svg viewBox=\"0 0 256 256\" fill=\"#000000\" height=\"32\" width=\"32\" xmlns=\"http:\/\/www.w3.org\/2000\/svg\"><path d=\"M232.49,80.49l-128,128a12,12,0,0,1-17,0l-56-56a12,12,0,1,1,17-17L96,183,215.51,63.51a12,12,0,0,1,17,17Z\"><\/path><\/svg><\/span><span class=\"gb-headline-text\"><strong><strong>Gratis reisgids<\/strong><\/strong><\/span><\/p>\n\n\n\n<p>Een gids in 6 talen met informatie over alle gratis aanbiedingen en kortingen, inclusief de locatie.<\/p>\n\n<\/div><\/div>\n\n<div class=\"gb-grid-column gb-grid-column-3cecd77c\"><div class=\"gb-container gb-container-3cecd77c\">\n\n<h5 class=\"gb-headline gb-headline-cd1f3d4e\"><span class=\"gb-icon\"><svg viewBox=\"0 0 256 256\" fill=\"#000000\" height=\"32\" width=\"32\" xmlns=\"http:\/\/www.w3.org\/2000\/svg\"><path d=\"M232.49,80.49l-128,128a12,12,0,0,1-17,0l-56-56a12,12,0,1,1,17-17L96,183,215.51,63.51a12,12,0,0,1,17,17Z\"><\/path><\/svg><\/span><span class=\"gb-headline-text\"><strong><strong>Sla de wachtrijen over<\/strong><\/strong><\/span><\/h5>\n\n\n\n<p>Bespaar kostbare tijd en sla de wachtrijen over bij de populairste musea en bezienswaardigheden van Barcelona.<\/p>\n\n<\/div><\/div>\n\n<div class=\"gb-grid-column gb-grid-column-ff07f982\"><div class=\"gb-container gb-container-ff07f982\">\n\n<h5 class=\"gb-headline gb-headline-d7adc504\"><span class=\"gb-icon\"><svg viewBox=\"0 0 256 256\" fill=\"#000000\" height=\"32\" width=\"32\" xmlns=\"http:\/\/www.w3.org\/2000\/svg\"><path d=\"M232.49,80.49l-128,128a12,12,0,0,1-17,0l-56-56a12,12,0,1,1,17-17L96,183,215.51,63.51a12,12,0,0,1,17,17Z\"><\/path><\/svg><\/span><span class=\"gb-headline-text\"><strong>Flexibele boeking<\/strong><\/span><\/h5>\n\n\n\n<p>Koop online en annuleer gratis tot de dag voor je bezoek.<\/p>\n\n<\/div><\/div>\n<\/div>\n<\/div>\n\n<div class=\"gb-container gb-container-3bccd8b9 gb-tabs__item\" id=\"gb-tab-item-3bccd8b9\" role=\"tabpanel\">\n\n<p>De Barcelona Card is de offici\u00eble toeristenpas van Barcelona. Hij lijkt op een creditcard, is heel eenvoudig te kopen en helpt reizigers <strong>tijd en geld te besparen<\/strong> tijdens hun vakantie.<\/p>\n\n\n<div class=\"gb-container gb-container-50c2abda ms-alert--primary ms-p ms-rounded ms-mb-last-child-0 ms-mb-children-condensed ms-mb-block\">\n\n<p>De Barcelona Card is een 3-in-1-pas <strong>een vervoerskaart<\/strong>, <strong>museumkaart<\/strong> \u00e9n <strong>kortingskaart<\/strong>.<\/p>\n\n<\/div>\n\n\n<p>Houders van de Barcelona Card genieten van onbeperkt <strong>gratis reizen<\/strong> met het openbaar vervoer, <strong>gratis toegang<\/strong> tot meer dan 25 van de beste musea en culturele bezienswaardigheden, en <strong>meer dan 70 aanbiedingen<\/strong> en kortingen op bezoeken, rondleidingen, entertainment, winkelen, restaurants en uitgaan.<\/p>\n\n\n\n<p>Deze populaire kaart geeft u niet alleen toegang tot de geweldige bezienswaardigheden van Barcelona, maar helpt u <strong>ook de wachtrijen<\/strong> bij veel van de populairste bezienswaardigheden volledig te omzeilen, waardoor u kostbare tijd bespaart tijdens een drukke reis.<\/p>\n\n\n\n<p>Bovendien krijgt u een handige <strong>stadsgids<\/strong> in zes verschillende talen met een overzicht van alle geweldige aanbiedingen (denk aan de monumenten van Gaud\u00ed, Casa Amatller en L&#8217;Aqu\u00e0rium). Er zit zelfs een metrokaart bij, zodat u gemakkelijk uw weg vindt.<\/p>\n\n\n\n<p>In totaal kunt u met deze kaart meer dan <strong>\u20ac 350<\/strong> besparen als u hem optimaal gebruikt.<\/p>\n\n<\/div>\n\n<div class=\"gb-container gb-container-b7be09ec gb-tabs__item\" id=\"gb-tab-item-b7be09ec\" role=\"tabpanel\">\n\n<p>Een Barcelona Card kopen is simpel en handig.<\/p>\n\n\n\n<ol class=\"wp-block-list\">\n<li>Je kunt hem online met korting kopen voor je reis of bij <strong><a href=\"https:\/\/www.barcelonacard.org\/nl\/tourist-information-offices\/\" data-type=\"link\" data-id=\"https:\/\/www.barcelonacard.org\/nl\/tourist-information-offices\/\">Toeristische Informatiebureaus<\/a><\/strong> in Barcelona tegen de volle prijs.<\/li>\n\n\n\n<li>Gebruik de boekingsmodule voor een snelle, veilige bestelling.<\/li>\n\n\n\n<li>Na aankoop ontvang je een voucher per e-mail die je kunt printen en omruilen voor de fysieke kaart. Ga naar een van de afhaallocaties en toon je smartphone-voucher om je Barcelona Card te ontvangen:<\/li>\n<\/ol>\n\n\n\n<p class=\"gb-text-6f121588\"><span class=\"gb-shape\"><svg viewBox=\"0 0 256 256\" fill=\"#000000\" height=\"32\" width=\"32\" xmlns=\"http:\/\/www.w3.org\/2000\/svg\"><path d=\"M128,60a44,44,0,1,0,44,44A44.05,44.05,0,0,0,128,60Zm0,64a20,20,0,1,1,20-20A20,20,0,0,1,128,124Zm0-112a92.1,92.1,0,0,0-92,92c0,77.36,81.64,135.4,85.12,137.83a12,12,0,0,0,13.76,0,259,259,0,0,0,42.18-39C205.15,170.57,220,136.37,220,104A92.1,92.1,0,0,0,128,12Zm31.3,174.71A249.35,249.35,0,0,1,128,216.89a249.35,249.35,0,0,1-31.3-30.18C80,167.37,60,137.31,60,104a68,68,0,0,1,136,0C196,137.31,176,167.37,159.3,186.71Z\"><\/path><\/svg><\/span><span class=\"gb-text\"><strong>Barcelona Luchthaven Kantoren<\/strong><\/span><\/p>\n\n\n\n<ul class=\"wp-block-list\">\n<li><strong>Luchthaven Terminal T1 (Metrostation):<\/strong> Barcelona Luchthaven, Terminal T1 Metro | Openingstijden: Dagelijks 8.30 \u2013 14.30 uur<\/li>\n\n\n\n<li><strong>Luchthaven Terminal T2 (Metrostation)<\/strong>: Barcelona Luchthaven, Terminal T2 Metro | Openingstijden: Dagelijks 8.30 \u2013 14.30 uur<\/li>\n\n\n\n<li><strong>Luchthaven Terminal T1 (Hoofdterminal):<\/strong> Barcelona Luchthaven, Terminal T1 | Openingstijden: Dagelijks 8.30 \u2013 19.30 uur<\/li>\n\n\n\n<li><strong>Luchthaven Terminal T2 (Hoofdterminal):<\/strong> Barcelona Luchthaven, Terminal T2 | Openingstijden: Dagelijks 8.30 \u2013 19.30 uur <\/li>\n<\/ul>\n\n\n\n<p class=\"gb-text-ad1a384b\"><span class=\"gb-shape\"><svg viewBox=\"0 0 256 256\" fill=\"#000000\" height=\"32\" width=\"32\" xmlns=\"http:\/\/www.w3.org\/2000\/svg\"><path d=\"M128,60a44,44,0,1,0,44,44A44.05,44.05,0,0,0,128,60Zm0,64a20,20,0,1,1,20-20A20,20,0,0,1,128,124Zm0-112a92.1,92.1,0,0,0-92,92c0,77.36,81.64,135.4,85.12,137.83a12,12,0,0,0,13.76,0,259,259,0,0,0,42.18-39C205.15,170.57,220,136.37,220,104A92.1,92.1,0,0,0,128,12Zm31.3,174.71A249.35,249.35,0,0,1,128,216.89a249.35,249.35,0,0,1-31.3-30.18C80,167.37,60,137.31,60,104a68,68,0,0,1,136,0C196,137.31,176,167.37,159.3,186.71Z\"><\/path><\/svg><\/span><span class=\"gb-text\"><strong>Kantoren in het Centrum<\/strong><\/span><\/p>\n\n\n\n<ul class=\"wp-block-list\">\n<li><strong>Pla\u00e7a de Catalunya (Hoofdkantoor):<\/strong> Pla\u00e7a de Catalunya, 17 (kelder) | Openingstijden: Dagelijks 8.30 \u2013 20.30 uur<\/li>\n\n\n\n<li><strong>Pla\u00e7a de Catalunya (Informatiestand):<\/strong> Voor warenhuis El Corte Ingl\u00e9s | Openingstijden: Dagelijks 8.30 \u2013 14.30 uur<\/li>\n\n\n\n<li><strong>Pla\u00e7a Espanya:<\/strong> Pla\u00e7a Espanya (Avinguda Maria Cristina) | Openingstijden: Dagelijks 8.30 \u2013 14.30 uur<\/li>\n\n\n\n<li><strong>Sagrada Fam\u00edlia (Informatiestand):<\/strong> Bij de Sagrada Fam\u00edlia basiliek | Openingstijden: Dagelijks 8.30 \u2013 20.00 uur<\/li>\n\n\n\n<li><strong>Mirador de Colom (Columbus Monument):<\/strong> Pla\u00e7a Portal de la Pau | Openingstijden: Dagelijks 8.30 \u2013 14.30 uur (laatste toegang tot uitkijkgalerij om 13.30 uur)<\/li>\n<\/ul>\n\n\n\n<p>Ontdek het prachtige Barcelona op een budget, alles wat je nodig hebt is \u00e9\u00e9n klein kaartje!<\/p>\n\n\n<div class=\"gb-container gb-container-050170bc ms-alert--primary ms-p ms-rounded ms-mb-last-child-0 ms-mb-children-condensed ms-mb-block\">\n\n<p>De kaart wordt geactiveerd bij het eerste gebruik, dus u hoeft zich geen zorgen te maken dat de kaart verloopt voordat u in Barcelona aankomt.<\/p>\n\n<\/div>\n<\/div>\n\n<div class=\"gb-container gb-container-fd1bb83b gb-tabs__item\" id=\"gb-tab-item-fd1bb83b\" role=\"tabpanel\">\n\n<p>De Barcelona Card is eenvoudig te gebruiken, maar het kennen van een paar belangrijke details helpt je er het meeste uit te halen.<\/p>\n\n\n\n<h3 class=\"gb-text-1b8be78b\"><span class=\"gb-shape\"><svg viewBox=\"0 0 256 256\" fill=\"#000000\" height=\"32\" width=\"32\" xmlns=\"http:\/\/www.w3.org\/2000\/svg\"><path d=\"M232.49,80.49l-128,128a12,12,0,0,1-17,0l-56-56a12,12,0,1,1,17-17L96,183,215.51,63.51a12,12,0,0,1,17,17Z\"><\/path><\/svg><\/span><span class=\"gb-text\">Activering<\/span><\/h3>\n\n\n\n<p>De Barcelona Card wordt geactiveerd wanneer je hem voor het eerst gebruikt, bijvoorbeeld in het openbaar vervoer of bij de ingang van een van de deelnemende attracties.<\/p>\n\n\n\n<p>De Barcelona Card is verkrijgbaar in opties van 3, 4 of 5 dagen en is geldig voor opeenvolgende dagen, niet voor periodes van 24 uur. Als je bijvoorbeeld een 5-daagse Barcelona Card activeert op maandag om 12 uur &#8217;s middags, verloopt deze op vrijdag om middernacht.<\/p>\n\n\n\n<h3 class=\"gb-text-1fe6b320\"><span class=\"gb-shape\"><svg viewBox=\"0 0 256 256\" fill=\"#000000\" height=\"32\" width=\"32\" xmlns=\"http:\/\/www.w3.org\/2000\/svg\"><path d=\"M184,20H72A36,36,0,0,0,36,56V184a36,36,0,0,0,36,36h0l-9.6,12.8a12,12,0,1,0,19.2,14.4L102,220h52l20.4,27.2a12,12,0,0,0,19.2-14.4L184,220h0a36,36,0,0,0,36-36V56A36,36,0,0,0,184,20ZM72,44H184a12,12,0,0,1,12,12v60H60V56A12,12,0,0,1,72,44ZM184,196H72a12,12,0,0,1-12-12V140H196v44A12,12,0,0,1,184,196Zm-80-28a16,16,0,1,1-16-16A16,16,0,0,1,104,168Zm80,0a16,16,0,1,1-16-16A16,16,0,0,1,184,168Z\"><\/path><\/svg><\/span><span class=\"gb-text\">Gebruik van openbaar vervoer<\/span><\/h3>\n\n\n\n<p>Eenmaal geactiveerd, scan je Barcelona Card bij een van deze vervoersopties:<\/p>\n\n\n\n<ul class=\"wp-block-list\">\n<li>Metro (TMB)<\/li>\n\n\n\n<li>Tram (TMB)<\/li>\n\n\n\n<li>Dagbussen (TMB)<\/li>\n\n\n\n<li>FGC-spoorweg (stadslijnen)<\/li>\n\n\n\n<li>Renfe Rodalies-treinen (alleen zone 1)<\/li>\n<\/ul>\n\n\n\n<p><strong>Let op:<\/strong> De kaart is niet geldig voor nachtbussen.<\/p>\n\n\n\n<h3 class=\"gb-text-a33c3e33\"><span class=\"gb-shape\"><svg xmlns=\"http:\/\/www.w3.org\/2000\/svg\" width=\"32\" height=\"32\" fill=\"#000000\" viewBox=\"0 0 256 256\"><path d=\"M24,108H44v48H32a12,12,0,0,0,0,24H224a12,12,0,0,0,0-24H212V108h20a12,12,0,0,0,6.29-22.22l-104-64a12,12,0,0,0-12.58,0l-104,64A12,12,0,0,0,24,108Zm44,0H92v48H68Zm72,0v48H116V108Zm48,48H164V108h24ZM128,46.09,189.6,84H66.4ZM252,208a12,12,0,0,1-12,12H16a12,12,0,0,1,0-24H240A12,12,0,0,1,252,208Z\"><\/path><\/svg><\/span><span class=\"gb-text\"><strong>Gebruik bij musea en attracties<\/strong><\/span><\/h3>\n\n\n\n<p>Toon of scan gewoon je Barcelona Card bij de ingang van elk opgenomen museum of attractie. Je krijgt \u00e9\u00e9n gratis toegang per locatie tijdens de geldigheidsperiode van je kaart.<\/p>\n\n\n\n<p>Voor attracties met korting (zoals Casa Batll\u00f3 of La Pedrera) toon je je kaart bij de ticketbalie om je korting te krijgen.<\/p>\n\n\n\n<h3 class=\"gb-text-e8105f3d\"><span class=\"gb-shape\"><svg viewBox=\"0 0 256 256\" fill=\"#000000\" height=\"32\" width=\"32\" xmlns=\"http:\/\/www.w3.org\/2000\/svg\"><path d=\"M240.26,186.1,152.81,34.23h0a28.74,28.74,0,0,0-49.62,0L15.74,186.1a27.45,27.45,0,0,0,0,27.71A28.31,28.31,0,0,0,40.55,228h174.9a28.31,28.31,0,0,0,24.79-14.19A27.45,27.45,0,0,0,240.26,186.1Zm-20.8,15.7a4.46,4.46,0,0,1-4,2.2H40.55a4.46,4.46,0,0,1-4-2.2,3.56,3.56,0,0,1,0-3.73L124,46.2a4.77,4.77,0,0,1,8,0l87.44,151.87A3.56,3.56,0,0,1,219.46,201.8ZM116,136V104a12,12,0,0,1,24,0v32a12,12,0,0,1-24,0Zm28,40a16,16,0,1,1-16-16A16,16,0,0,1,144,176Z\"><\/path><\/svg><\/span><span class=\"gb-text\">Weet voordat je gaat<\/span><\/h3>\n\n\n\n<ul class=\"wp-block-list\">\n<li>E\u00e9n toegang per locatie: Je kunt elk gratis museum of attractie \u00e9\u00e9n keer bezoeken met je kaart.<\/li>\n\n\n\n<li>Geen stapeling van kortingen: Kortingen kunnen niet worden gecombineerd met andere promoties of aanbiedingen.<\/li>\n\n\n\n<li>Geldig tot einde van het jaar: De kaart is geldig tot het einde van het huidige kalenderjaar.<\/li>\n\n\n\n<li>Moet geactiveerd zijn: Gratis toegang en kortingen werken alleen nadat de kaart is geactiveerd en binnen de geldigheidsperiode.<\/li>\n<\/ul>\n\n\n\n<p>Ga nu de Barcelona Card-uitdaging aan en kijk hoeveel onvergetelijke momenten je kunt verzamelen!<\/p>\n\n\n<div class=\"gb-container gb-container-655a7a2c ms-alert--primary ms-p ms-rounded ms-mb-last-child-0 ms-mb-children-condensed ms-mb-block\">\n\n<p>Lees meer:&nbsp;<a href=\"https:\/\/www.barcelonacard.org\/nl\/discounts\/\">kortingen<\/a>&nbsp;&#8211;&nbsp;<a href=\"https:\/\/www.barcelonacard.org\/nl\/prices\/\">prijzen<\/a>&nbsp;&#8211;&nbsp;<a href=\"https:\/\/www.barcelonacard.org\/nl\/faq\/\">veelgestelde vragen<\/a><\/p>\n\n<\/div>\n<\/div>\n<\/div>\n<\/div>\n\n\n<p><\/p>\n","protected":false},"excerpt":{"rendered":"","protected":false},"author":4,"featured_media":932,"parent":0,"menu_order":2,"comment_status":"closed","ping_status":"closed","template":"","meta":{"_acf_changed":false,"footnotes":"","button_url":"https:\/\/www.tiqets.com\/nl\/barcelona-attractions-c66342\/tickets-for-barcelona-card-72-Hour-96-Hour-120-Hour-p975758\/?partner=barcelonacard","ms_product_id":"975758","ms_product_name":"Barcelona Card: Public Transport + 40 Attractions","ms_price":"59","ms_currency":"EUR","ms_rating_value":"4.3","ms_review_count":"2295","rank_math_title":"%title% - De offici\u00eble City Pass %currentyear%","rank_math_description":"Bespaar tijd en geld met de Barcelona Card - de offici\u00eble toeristenpas van Barcelona. De Barcelona Card biedt meer dan \u20ac 350 aan kortingen op musea, attracties, rondleidingen, restaurants en meer. Klik hier om de jouwe nu te boeken."},"post-style":[7],"producer":[],"class_list":["post-587","page","type-page","status-publish","has-post-thumbnail"],"acf":[],"product_schema":{"ms_product_id":"975758","ms_product_name":"Barcelona Card: Public Transport + 40 Attractions","ms_price":"59","ms_currency":"EUR","ms_rating_value":"4.3","ms_review_count":"2295"},"_links":{"self":[{"href":"https:\/\/www.barcelonacard.org\/nl\/wp-json\/wp\/v2\/pages\/587","targetHints":{"allow":["GET"]}}],"collection":[{"href":"https:\/\/www.barcelonacard.org\/nl\/wp-json\/wp\/v2\/pages"}],"about":[{"href":"https:\/\/www.barcelonacard.org\/nl\/wp-json\/wp\/v2\/types\/page"}],"author":[{"embeddable":true,"href":"https:\/\/www.barcelonacard.org\/nl\/wp-json\/wp\/v2\/users\/4"}],"replies":[{"embeddable":true,"href":"https:\/\/www.barcelonacard.org\/nl\/wp-json\/wp\/v2\/comments?post=587"}],"version-history":[{"count":3,"href":"https:\/\/www.barcelonacard.org\/nl\/wp-json\/wp\/v2\/pages\/587\/revisions"}],"predecessor-version":[{"id":1441,"href":"https:\/\/www.barcelonacard.org\/nl\/wp-json\/wp\/v2\/pages\/587\/revisions\/1441"}],"wp:featuredmedia":[{"embeddable":true,"href":"https:\/\/www.barcelonacard.org\/nl\/wp-json\/wp\/v2\/media\/932"}],"wp:attachment":[{"href":"https:\/\/www.barcelonacard.org\/nl\/wp-json\/wp\/v2\/media?parent=587"}],"wp:term":[{"taxonomy":"post-style","embeddable":true,"href":"https:\/\/www.barcelonacard.org\/nl\/wp-json\/wp\/v2\/post-style?post=587"},{"taxonomy":"producer","embeddable":true,"href":"https:\/\/www.barcelonacard.org\/nl\/wp-json\/wp\/v2\/producer?post=587"}],"curies":[{"name":"wp","href":"https:\/\/api.w.org\/{rel}","templated":true}]}}