{"id":5,"date":"2013-10-20T16:20:48","date_gmt":"2013-10-20T14:20:48","guid":{"rendered":"https:\/\/www.barcelonacard.org\/ko\/?page_id=5"},"modified":"2026-01-16T06:42:00","modified_gmt":"2026-01-16T05:42:00","slug":"discounts","status":"publish","type":"page","link":"https:\/\/www.barcelonacard.org\/ko\/discounts\/","title":{"rendered":"\ubc14\ub974\uc140\ub85c\ub098 \uce74\ub4dc \ud560\uc778 \ud61c\ud0dd"},"content":{"rendered":"\n<div class=\"ms-p ms-rounded ms-mb-last-child-0 ms-mb-children-condensed ms-alert--contrast ms-mb-block\">\n<ul class=\"wp-block-list\">\n<li>\ubc14\ub974\uc140\ub85c\ub098 \uce74\ub4dc\ub294 \ubc14\ub974\uc140\ub85c\ub098 \ub300\uc911\uad50\ud1b5 \ubb34\uc81c\ud55c \uc774\uc6a9(\uc9c0\ud558\ucca0, \ubc84\uc2a4, \ud2b8\ub7a8, \uadfc\uad50 \uc5f4\ucc28, \uacf5\ud56d \ud3ec\ud568)\uc744 \uc81c\uacf5\ud569\ub2c8\ub2e4. <\/li>\n\n\n\n<li>\ud53c\uce74\uc18c \ubbf8\uc220\uad00, MNAC, \uc870\uc548 \ubbf8\ub85c \uc7ac\ub2e8, MACBA \ub4f1 25\uac1c \uc774\uc0c1\uc758 \ubc15\ubb3c\uad00 \ubc0f \ubb38\ud654 \uacf5\uac04\uc5d0 \ubb34\ub8cc \uc785\uc7a5\ud560 \uc218 \uc788\uc2b5\ub2c8\ub2e4. <\/li>\n\n\n\n<li>\uc8fc\uc694 \ubc15\ubb3c\uad00 \uc6b0\uc120 \uc785\uc7a5 \ubc0f \ub77c\uc2a4 \uace8\ub860\ub4dc\ub9ac\ub098\uc2a4 \ubcf4\ud2b8 \ud22c\uc5b4 1\ud68c \ubb34\ub8cc \uc774\uc6a9\uc774 \ud3ec\ud568\ub429\ub2c8\ub2e4. <\/li>\n\n\n\n<li>\uce74\uc0ac \ubc14\ud2b8\uc694, \ub77c \ud398\ub4dc\ub808\ub77c, \uce74\uc0ac \ube44\uc13c\uc2a4, \ubc14\ub974\uc140\ub85c\ub098 \uc218\uc871\uad00 \uac19\uc740 \uc720\uba85 \uba85\uc18c\uc5d0\uc11c 10-50% \ud560\uc778\ubc1b\uc73c\uc138\uc694. <\/li>\n\n\n\n<li>\uc2dc\ub0b4 70\uac1c \uc774\uc0c1\uc758 \ud22c\uc5b4, \uacf5\uc5f0, \uccb4\ud5d8\uc5d0\uc11c \ucd94\uac00 \ud560\uc778 \ud61c\ud0dd\uc774 \uc788\uc2b5\ub2c8\ub2e4. <\/li>\n<\/ul>\n\n\n\n<p class=\"gb-text-fb1a3135\"><span class=\"gb-shape\"><svg xmlns=\"http:\/\/www.w3.org\/2000\/svg\" width=\"32\" height=\"32\" fill=\"#000000\" viewBox=\"0 0 256 256\"><path d=\"M228,144v64a12,12,0,0,1-12,12H40a12,12,0,0,1-12-12V144a12,12,0,0,1,24,0v52H204V144a12,12,0,0,1,24,0Zm-108.49,8.49a12,12,0,0,0,17,0l40-40a12,12,0,0,0-17-17L140,115V32a12,12,0,0,0-24,0v83L96.49,95.51a12,12,0,0,0-17,17Z\"><\/path><\/svg><\/span><span class=\"gb-text\"><a href=\"https:\/\/www.barcelonacard.org\/wp-content\/uploads\/FolletoBarcelonaCard2026.pdf\" target=\"_blank\" data-type=\"link\" data-id=\"https:\/\/drive.google.com\/file\/d\/16o2S8Uo9wpknZP7nHiZxyDS21InCpXhC\/view?usp=sharing\" rel=\"noreferrer noopener nofollow\">\uc804\uccb4 \ud560\uc778 \ubaa9\ub85d \ub2e4\uc6b4\ub85c\ub4dc(PDF)<\/a><\/span><\/p>\n<\/div>\n\n\n\n<h2 class=\"wp-block-heading\">\ubb34\ub8cc<\/h2>\n\n\n\n<h3 class=\"wp-block-heading\">\ub300\uc911\uad50\ud1b5<\/h3>\n\n\n<div class=\"ms-table\"><table><tr><th>\uc544\uc774\ud15c<\/th><th>\uc815\uc0c1 \uac00\uaca9<\/th><th>\uce74\ub4dc \uc0ac\uc6a9<\/th><\/tr><tr><td>48\uc2dc\uac04<\/td><td>18,01 \u20ac<\/td><td>\ubb34\ub8cc<\/td><\/tr><tr><td>72\uc2dc\uac04<\/td><td>26,30 \u20ac<\/td><td>\ubb34\ub8cc<\/td><\/tr><tr><td>96\uc2dc\uac04<\/td><td>34,40 \u20ac<\/td><td>\ubb34\ub8cc<\/td><\/tr><tr><td>120\uc2dc\uac04<\/td><td>42,10 \u20ac<\/td><td>\ubb34\ub8cc<\/td><\/tr><tr><td>\uacf5\ud56d \uae30\ucc28<\/td><td>4,20 \u20ac<\/td><td>\ubb34\ub8cc<\/td><\/tr><tr><td>\uacf5\ud56d\ud589 \uc9c0\ud558\ucca0<\/td><td>4,60 \u20ac<\/td><td>\ubb34\ub8cc<\/td><\/tr><\/table><\/div>\n\n\n<div class=\"gb-accordion\"><\/div>\n\n\n\n<h3 class=\"wp-block-heading\"><strong>\ubc15\ubb3c\uad00 \ubc0f \uad00\uad11\uc9c0<\/strong><\/h3>\n\n\n<div class=\"ms-table\"><table><tr><th>\ub9e4\ub825<\/th><th>\uc815\uc0c1 \uac00\uaca9<\/th><th>\uce74\ub4dc \uc0ac\uc6a9<\/th><\/tr><tr><td>CaixaForum<\/td><td>6,00 \u20ac<\/td><td>\ubb34\ub8cc<\/td><\/tr><tr><td>Castell de Montju\u00efc*<\/td><td>12,00 \u20ac<\/td><td>\ubb34\ub8cc<\/td><\/tr><tr><td>Centre de Cultura Contempor\u00e0nia de Barcelona (CCCB)**<\/td><td>6,00 \u20ac<\/td><td>\ubb34\ub8cc<\/td><\/tr><tr><td>Centre Martorell d\u2019Exposicions<\/td><td>6,50 \u20ac<\/td><td>\ubb34\ub8cc<\/td><\/tr><tr><td>Disseny Hub Barcelona DHUB<\/td><td>6,00 \u20ac<\/td><td>\ubb34\ub8cc<\/td><\/tr><tr><td>El Born Museu d&#8217;Historia de Barcelona<\/td><td>7,00 \u20ac<\/td><td>\ubb34\ub8cc<\/td><\/tr><tr><td>El Call Museu d&#8217;Historia de Barcelona<\/td><td>2,00 \u20ac<\/td><td>\ubb34\ub8cc<\/td><\/tr><tr><td>Fundaci\u00f3 Joan Mir\u00f3**<\/td><td>15,00 \u20ac<\/td><td>\ubb34\ub8cc<\/td><\/tr><tr><td>Jard\u00ed Bot\u00e0nic de Barcelona<\/td><td>3,50 \u20ac<\/td><td>\ubb34\ub8cc<\/td><\/tr><tr><td>MOCO Museum Barcelona<\/td><td>19,50 \u20ac<\/td><td>\ubb34\ub8cc<\/td><\/tr><tr><td>Museu d&#8217;Historia de Barcelona Refugi 307<\/td><td>2,00 \u20ac<\/td><td>\ubb34\ub8cc<\/td><\/tr><tr><td>Museu d&#8217;Historia de Pla\u00e7a del Rei<\/td><td>7,30 \u20ac<\/td><td>\ubb34\ub8cc<\/td><\/tr><tr><td>Museu d&#8217;Historia de Barcelona Via Sepulcral Romana<\/td><td>2,00 \u20ac<\/td><td>\ubb34\ub8cc<\/td><\/tr><tr><td>Museu Banksy Barcelona<\/td><td>14,00 \u20ac<\/td><td>\ubb34\ub8cc<\/td><\/tr><tr><td>Museu d\u2019Art Contemporani de Barcelona (MACBA)**<\/td><td>12,00 \u20ac<\/td><td>\ubb34\ub8cc<\/td><\/tr><tr><td>Museu de la Ci\u00e8ncia CosmoCaixa<\/td><td>8,00 \u20ac<\/td><td>\ubb34\ub8cc<\/td><\/tr><tr><td>Museu de la M\u00fasica<\/td><td>6,00 \u20ac<\/td><td>\ubb34\ub8cc<\/td><\/tr><tr><td>Museu de la Xocolata**<\/td><td>7,00 \u20ac<\/td><td>\ubb34\ub8cc<\/td><\/tr><tr><td>Museu de Ci\u00e8ncies Naturals de Barcelona<\/td><td>6,00 \u20ac<\/td><td>\ubb34\ub8cc<\/td><\/tr><tr><td>Museu Egipci de Barcelona**<\/td><td>13,00 \u20ac<\/td><td>\ubb34\ub8cc<\/td><\/tr><tr><td>Museu Etnol\u00f2gic i de Cultures del M\u00f3n &#8211; Montcada<\/td><td>5,00 \u20ac<\/td><td>\ubb34\ub8cc<\/td><\/tr><tr><td>Museu Etnol\u00f2gic i de Cultures del M\u00f3n &#8211; Parc de Montju\u00efc<\/td><td>5,00 \u20ac<\/td><td>\ubb34\ub8cc<\/td><\/tr><tr><td>Museu Frederic Mar\u00e8s<\/td><td>4,20 \u20ac<\/td><td>\ubb34\ub8cc<\/td><\/tr><tr><td>Museu Nacional d\u2019Art de Catalunya**<\/td><td>12,00 \u20ac<\/td><td>\ubb34\ub8cc<\/td><\/tr><tr><td>Museu Ol\u00edmpic i de l\u2019Esport Joan Antoni Samaranch**<\/td><td>6,30 \u20ac<\/td><td>\ubb34\ub8cc<\/td><\/tr><tr><td>Museu Picasso<\/td><td>12,00 \u20ac<\/td><td>\ubb34\ub8cc<\/td><\/tr><tr><td>Museu T\u00e0pies**<\/td><td>8,00 \u20ac<\/td><td>\ubb34\ub8cc<\/td><\/tr><tr><td>Reial Monestir de Santa Maria de Pedralbes<\/td><td>5,00 \u20ac<\/td><td>\ubb34\ub8cc<\/td><\/tr><\/table><\/div>\n\n\n<h2 class=\"wp-block-heading\">\ud560\uc778<\/h2>\n\n\n\n<h3 class=\"wp-block-heading\"><strong>\ubc15\ubb3c\uad00 \ubc0f \uad00\uad11\uc9c0<\/strong><\/h3>\n\n\n<div class=\"ms-table\"><table><tr><th>\uba85\uc18c<\/th><th>\ud560\uc778<\/th><\/tr><tr><td>Biblioteca Ar\u00fas<\/td><td>-20%<\/td><\/tr><tr><td>Casa Amatller<\/td><td>-20%<\/td><\/tr><tr><td>Casa Batll\u00f3<\/td><td>-7\u20ac<\/td><\/tr><tr><td>Casa Mil\u00e0 &#8211; La Pedrera (La Pedrera Essencial adult) (Entry from 14h)<\/td><td>-7\u20ac<\/td><\/tr><tr><td>Casa Rocamora<\/td><td>-20%<\/td><\/tr><tr><td>Casa Vicens<\/td><td>-20%<\/td><\/tr><tr><td>Cripta Gaud\u00ed de la Col\u00f2nia G\u00fcell<\/td><td>-20%<\/td><\/tr><tr><td>Fundaci\u00f3 Vila Casas: Museu Can Framis i Espais Volart<\/td><td>-25%<\/td><\/tr><tr><td>KBR Fundaci\u00f3n MAPFRE Barcelona Photo Center<\/td><td>5\u20ac \u2192 3\u20ac<\/td><\/tr><tr><td>Gaud\u00ed Experi\u00e8ncia*<\/td><td>-20%<\/td><\/tr><tr><td>Mirador de Colom<\/td><td>-20%<\/td><\/tr><tr><td>Mirador Torre Gl\u00f2ries<\/td><td>-20%<\/td><\/tr><tr><td>Museu d\u2019Arqueologia de Catalunya<\/td><td>-25%<\/td><\/tr><tr><td>Museu d\u2019Hist\u00f2ria de Catalunya<\/td><td>-20%<\/td><\/tr><tr><td>Museu de la Cera de Barcelona<\/td><td>-20%<\/td><\/tr><tr><td>Museu de l\u2019Er\u00f2tica<\/td><td>-25%<\/td><\/tr><tr><td>Museu del Torr\u00f3 i la Xocolata de Barcelona<\/td><td>-25%<\/td><\/tr><tr><td>Museu Europeu d\u2019Art Modern (MEAM)<\/td><td>-25%<\/td><\/tr><tr><td>Museu Mar\u00edtim de Barcelona<\/td><td>-20%<\/td><\/tr><tr><td>Palau Bar\u00f3 Quadra<\/td><td>-20%<\/td><\/tr><tr><td>Palau de la M\u00fasica Catalana<\/td><td>-25%<\/td><\/tr><tr><td>Palau G\u00fcell<\/td><td>-20%<\/td><\/tr><tr><td>Paradox Museum<\/td><td>-20% (\uc628\ub77c\uc778 \uc608\uc57d \ucf54\ub4dc: TCPDX)<\/td><\/tr><tr><td>Pavell\u00f3 Mies van der Rohe<\/td><td>-25%<\/td><\/tr><tr><td>Poble Espanyol de Barcelona<\/td><td>-20%<\/td><\/tr><tr><td>Rock Museum Barcelona<\/td><td>-25%<\/td><\/tr><tr><td>Sant Pau Recinte Modernista<\/td><td>-20%<\/td><\/tr><\/table><\/div>\n\n\n<h3 class=\"wp-block-heading\"><span class=\"notion-enable-hover\" data-token-index=\"0\"><strong>\uad00\uad11\uc9c0 \ubc0f \ud22c\uc5b4<\/strong><\/span><\/h3>\n\n\n<div class=\"ms-table\"><table><tr><th>Tour<\/th><th>\ud560\uc778<\/th><\/tr><tr><td>A-Bike Rental &#038; Tours*<\/td><td>-2\u20ac<\/td><\/tr><tr><td>Barcelona Bus Tur\u00edstic<\/td><td>-10%<\/td><\/tr><tr><td>Barcelona Walking Tours G\u00f2tic<\/td><td>-50%<\/td><\/tr><tr><td>Barcelona Walking Tours Modernisme<\/td><td>-50%<\/td><\/tr><tr><td>Barcelona Walking Tours Picasso<\/td><td>-50%<\/td><\/tr><tr><td>Catalunya Bus Tur\u00edstic*<\/td><td>-15%<\/td><\/tr><tr><td>Las Golondrinas Barcelona Port<\/td><td>-2\u20ac<\/td><\/tr><tr><td>Las Golondrinas Barcelona Port i Litoral<\/td><td>-2\u20ac<\/td><\/tr><tr><td>Vineyard Tour &#038; Tasting, sailing (car or ebike)<\/td><td>-20%<\/td><\/tr><\/table><\/div>\n\n\n<h3 class=\"wp-block-heading\"><span class=\"notion-enable-hover\" data-token-index=\"0\"><strong>\ub808\uc800<\/strong><\/span><\/h3>\n\n\n<div class=\"ms-table\"><table><tr><th>\uc5ec\uac00<\/th><th>\ud560\uc778<\/th><\/tr><tr><td>Casino de Barcelona<\/td><td>\ubb34\ub8cc \uc785\uc7a5 + \uc6f0\ucef4 \ub4dc\ub9c1\ud06c<\/td><\/tr><tr><td>House of Candy<\/td><td>-50%<\/td><\/tr><tr><td>Icebarcelona*<\/td><td>-20% (\uc628\ub77c\uc778 \uc608\uc57d \uc804\uc6a9)<\/td><\/tr><tr><td>L\u2019Aqu\u00e0rium de Barcelona<\/td><td>-20%<\/td><\/tr><tr><td>Parc d\u2019Atraccions del Tibidabo<\/td><td>-20%<\/td><\/tr><tr><td>Telef\u00e8ric de Montju\u00efc<\/td><td>-15% (\uc655\ubcf5 \ud2f0\ucf13)<\/td><\/tr><tr><td>White Rabbit Barcelona*<\/td><td>-50%<\/td><\/tr><tr><td>Zoo de Barcelona<\/td><td>-20%<\/td><\/tr><\/table><\/div>\n\n\n<h3 class=\"wp-block-heading\"><span class=\"notion-enable-hover\" data-token-index=\"0\"><strong>\uc5d4\ud130\ud14c\uc778\uba3c\ud2b8<\/strong><\/span><\/h3>\n\n\n<div class=\"ms-table\"><table><tr><th>\u30a8\u30f3\u30bf\u30fc\u30c6\u30a4\u30f3\u30e1\u30f3\u30c8<\/th><th>\u5272\u5f15<\/th><\/tr><tr><td>Classical concert in Basilica de la Merc\u00e8<\/td><td>-20%<\/td><\/tr><tr><td>El Duende<\/td><td> <\/td><\/tr><tr><td>\u2014 \uc74c\ub8cc &#038; \uc1fc (\uc131\uc778)<\/td><td>-10%<\/td><\/tr><tr><td>Tablao Flamenco Cordob\u00e9s<\/td><td> <\/td><\/tr><tr><td>\u2014 \uc74c\ub8cc &#038; \uc1fc<\/td><td>-20%<\/td><\/tr><tr><td>\u2014 \uc800\ub141\uc2dd\uc0ac &#038; \uc1fc (\uc131\uc778)<\/td><td>-8%<\/td><\/tr><tr><td>Tablao Flamenco Patio Andaluz<\/td><td>-10,00 \u20ac \ud560\uc778<\/td><\/tr><\/table><\/div>\n\n\n<h3 class=\"wp-block-heading\"><span class=\"notion-enable-hover\" data-token-index=\"0\"><strong>\uae30\ud0c0 \uc11c\ube44\uc2a4<\/strong><\/span><\/h3>\n\n\n<div class=\"ms-table\"><table><tr><th>\uae30\ud0c0 \uc11c\ube44\uc2a4<\/th><th>\ud560\uc778<\/th><\/tr><tr><td>\ub85c\ucee4 \ubc14\ub974\uc140\ub85c\ub098 (Locker Barcelona)<\/td><td>-10%<\/td><\/tr><\/table><\/div>\n\n\n<p>*\uc628\ub77c\uc778 \uc608\uc57d \uac00\ub2a5<\/p>\n\n\n\n<p>**\uc904 \uc11c\uc9c0 \uc54a\uace0 \uc785\uc7a5<\/p>\n\n\n\n<p><strong>\uc5c5\ub370\uc774\ud2b8:<\/strong> 2026\ub144 1\ubd84\uae30. \ubc14\ub974\uc140\ub85c\ub098 \uce74\ub4dc\uc5d0 \ud3ec\ud568\ub41c \ud560\uc778 \ud61c\ud0dd\uc740 \uc608\uace0 \uc5c6\uc774 \ubcc0\uacbd\ub420 \uc218 \uc788\uc2b5\ub2c8\ub2e4. \ubc14\ub974\uc140\ub85c\ub098 \uce74\ub4dc\ub97c \uc218\ub839\ud558\uc2e4 \ub54c \ubaa8\ub4e0 \ud560\uc778 \ud61c\ud0dd\uc774 \ud3ec\ud568\ub41c \ube0c\ub85c\uc288\uc5b4\ub97c \ubc1b\uc73c\uc2e4 \uc218 \uc788\uc2b5\ub2c8\ub2e4.<\/p>\n","protected":false},"excerpt":{"rendered":"","protected":false},"author":4,"featured_media":0,"parent":0,"menu_order":3,"comment_status":"closed","ping_status":"closed","template":"","meta":{"_acf_changed":false,"footnotes":"","button_url":"https:\/\/www.tiqets.com\/ko\/barcelona-attractions-c66342\/tickets-for-barcelona-card-72-Hour-96-Hour-120-Hour-p975758\/?partner=barcelonacard","ms_product_id":"","ms_product_name":"","ms_price":"","ms_currency":"","ms_rating_value":"","ms_review_count":"","rank_math_title":"%title% (%currentyear%\ub144 \uc5c5\ub370\uc774\ud2b8)","rank_math_description":"\ubc14\ub974\uc140\ub85c\ub098 \uce74\ub4dc\ub294 \uc778\uae30 \uba85\uc18c, \uad00\uad11 \ud22c\uc5b4, \uc5d4\ud130\ud14c\uc778\uba3c\ud2b8, \uc1fc\ud551, \ub098\uc774\ud2b8\ub77c\uc774\ud504\uc5d0 \ub300\ud55c 70\uac1c \uc774\uc0c1\uc758 \ud560\uc778 \ud61c\ud0dd\uc744 \uc81c\uacf5\ud569\ub2c8\ub2e4."},"post-style":[],"producer":[],"class_list":["post-5","page","type-page","status-publish","has-post-thumbnail"],"acf":[],"product_schema":{"ms_product_id":"","ms_product_name":"","ms_price":"","ms_currency":"","ms_rating_value":"","ms_review_count":""},"_links":{"self":[{"href":"https:\/\/www.barcelonacard.org\/ko\/wp-json\/wp\/v2\/pages\/5","targetHints":{"allow":["GET"]}}],"collection":[{"href":"https:\/\/www.barcelonacard.org\/ko\/wp-json\/wp\/v2\/pages"}],"about":[{"href":"https:\/\/www.barcelonacard.org\/ko\/wp-json\/wp\/v2\/types\/page"}],"author":[{"embeddable":true,"href":"https:\/\/www.barcelonacard.org\/ko\/wp-json\/wp\/v2\/users\/4"}],"replies":[{"embeddable":true,"href":"https:\/\/www.barcelonacard.org\/ko\/wp-json\/wp\/v2\/comments?post=5"}],"version-history":[{"count":3,"href":"https:\/\/www.barcelonacard.org\/ko\/wp-json\/wp\/v2\/pages\/5\/revisions"}],"predecessor-version":[{"id":1232,"href":"https:\/\/www.barcelonacard.org\/ko\/wp-json\/wp\/v2\/pages\/5\/revisions\/1232"}],"wp:attachment":[{"href":"https:\/\/www.barcelonacard.org\/ko\/wp-json\/wp\/v2\/media?parent=5"}],"wp:term":[{"taxonomy":"post-style","embeddable":true,"href":"https:\/\/www.barcelonacard.org\/ko\/wp-json\/wp\/v2\/post-style?post=5"},{"taxonomy":"producer","embeddable":true,"href":"https:\/\/www.barcelonacard.org\/ko\/wp-json\/wp\/v2\/producer?post=5"}],"curies":[{"name":"wp","href":"https:\/\/api.w.org\/{rel}","templated":true}]}}