{"id":5,"date":"2013-10-20T16:20:48","date_gmt":"2013-10-20T14:20:48","guid":{"rendered":"https:\/\/www.barcelonacard.org\/ja\/?page_id=5"},"modified":"2026-01-16T06:41:22","modified_gmt":"2026-01-16T05:41:22","slug":"discounts","status":"publish","type":"page","link":"https:\/\/www.barcelonacard.org\/ja\/discounts\/","title":{"rendered":"\u30d0\u30eb\u30bb\u30ed\u30ca\u30ab\u30fc\u30c9\u306e\u5272\u5f15"},"content":{"rendered":"\n<div class=\"ms-p ms-rounded ms-mb-last-child-0 ms-mb-children-condensed ms-alert--contrast ms-mb-block\">\n<ul class=\"wp-block-list\">\n<li>\u30d0\u30eb\u30bb\u30ed\u30ca\u30ab\u30fc\u30c9\u306b\u306f\u30d0\u30eb\u30bb\u30ed\u30ca\u306e\u516c\u5171\u4ea4\u901a\u6a5f\u95a2(\u5730\u4e0b\u9244\u3001\u30d0\u30b9\u3001\u30c8\u30e9\u30e0\u3001\u8fd1\u90ca\u5217\u8eca\u3001\u7a7a\u6e2f\u884c\u304d\u3092\u542b\u3080)\u304c\u4e57\u308a\u653e\u984c\u3067\u542b\u307e\u308c\u3066\u3044\u307e\u3059\u3002 <\/li>\n\n\n\n<li>\u30d4\u30ab\u30bd\u7f8e\u8853\u9928\u3001\u30ab\u30bf\u30eb\u30fc\u30cb\u30e3\u7f8e\u8853\u9928\u3001\u30b8\u30e7\u30a2\u30f3\u30fb\u30df\u30ed\u7f8e\u8853\u9928\u3001\u30d0\u30eb\u30bb\u30ed\u30ca\u73fe\u4ee3\u7f8e\u8853\u9928\u306a\u306925\u4ee5\u4e0a\u306e\u7f8e\u8853\u9928\u3084\u6587\u5316\u65bd\u8a2d\u306b\u7121\u6599\u5165\u5834\u3067\u304d\u307e\u3059\u3002 <\/li>\n\n\n\n<li>\u4e3b\u8981\u7f8e\u8853\u9928\u306b\u512a\u5148\u5165\u5834\u3067\u304d\u3001\u3055\u3089\u306b\u30e9\u30b9\u30fb\u30b4\u30ed\u30f3\u30c9\u30ea\u30ca\u30b9\u904a\u89a7\u8239\u306b1\u56de\u7121\u6599\u3067\u4e57\u8239\u3067\u304d\u307e\u3059\u3002 <\/li>\n\n\n\n<li>\u30ab\u30b5\u30fb\u30d0\u30c8\u30ea\u30e7\u3001\u30e9\u30fb\u30da\u30c9\u30ec\u30e9\u3001\u30ab\u30b5\u30fb\u30d3\u30bb\u30f3\u30b9\u3001\u30d0\u30eb\u30bb\u30ed\u30ca\u6c34\u65cf\u9928\u306a\u3069\u306e\u4eba\u6c17\u30b9\u30dd\u30c3\u30c8\u306710\u301c50%\u5272\u5f15\u306b\u306a\u308a\u307e\u3059\u3002 <\/li>\n\n\n\n<li>\u3055\u3089\u306b\u5e02\u518570\u4ee5\u4e0a\u306e\u30c4\u30a2\u30fc\u3001\u30b7\u30e7\u30fc\u3001\u4f53\u9a13\u3067\u5272\u5f15\u304c\u53d7\u3051\u3089\u308c\u307e\u3059\u3002 <\/li>\n<\/ul>\n\n\n\n<p class=\"gb-text-fb1a3135\"><span class=\"gb-shape\"><svg xmlns=\"http:\/\/www.w3.org\/2000\/svg\" width=\"32\" height=\"32\" fill=\"#000000\" viewBox=\"0 0 256 256\"><path d=\"M228,144v64a12,12,0,0,1-12,12H40a12,12,0,0,1-12-12V144a12,12,0,0,1,24,0v52H204V144a12,12,0,0,1,24,0Zm-108.49,8.49a12,12,0,0,0,17,0l40-40a12,12,0,0,0-17-17L140,115V32a12,12,0,0,0-24,0v83L96.49,95.51a12,12,0,0,0-17,17Z\"><\/path><\/svg><\/span><span class=\"gb-text\"><a href=\"https:\/\/www.barcelonacard.org\/wp-content\/uploads\/FolletoBarcelonaCard2026.pdf\" target=\"_blank\" data-type=\"link\" data-id=\"https:\/\/drive.google.com\/file\/d\/16o2S8Uo9wpknZP7nHiZxyDS21InCpXhC\/view?usp=sharing\" rel=\"noreferrer noopener nofollow\">\u5272\u5f15\u30ea\u30b9\u30c8\u5168\u6587\u3092\u30c0\u30a6\u30f3\u30ed\u30fc\u30c9(PDF)<\/a><\/span><\/p>\n<\/div>\n\n\n\n<h2 class=\"wp-block-heading\">\u7121\u6599\u7279\u5178<\/h2>\n\n\n\n<h3 class=\"wp-block-heading\">\u516c\u5171\u4ea4\u901a\u6a5f\u95a2<\/h3>\n\n\n<div class=\"ms-table\"><table><tr><th>\u30a2\u30a4\u30c6\u30e0<\/th><th>\u901a\u5e38\u4fa1\u683c<\/th><th>\u30ab\u30fc\u30c9\u3067<\/th><\/tr><tr><td>48\u6642\u9593<\/td><td>18,01 \u20ac<\/td><td>\u7121\u6599<\/td><\/tr><tr><td>72\u6642\u9593<\/td><td>26,30 \u20ac<\/td><td>\u7121\u6599<\/td><\/tr><tr><td>96\u6642\u9593<\/td><td>34,40 \u20ac<\/td><td>\u7121\u6599<\/td><\/tr><tr><td>120\u6642\u9593<\/td><td>42,10 \u20ac<\/td><td>\u7121\u6599<\/td><\/tr><tr><td>\u7a7a\u6e2f\u884c\u304d\u5217\u8eca<\/td><td>4,20 \u20ac<\/td><td>\u7121\u6599<\/td><\/tr><tr><td>\u7a7a\u6e2f\u884c\u304d\u5730\u4e0b\u9244<\/td><td>4,60 \u20ac<\/td><td>\u7121\u6599<\/td><\/tr><\/table><\/div>\n\n\n<div class=\"gb-accordion\"><\/div>\n\n\n\n<h3 class=\"wp-block-heading\">\u7f8e\u8853\u9928\u30fb\u89b3\u5149\u30b9\u30dd\u30c3\u30c8<\/h3>\n\n\n<div class=\"ms-table\"><table><tr><th>\u30a2\u30c8\u30e9\u30af\u30b7\u30e7\u30f3<\/th><th>\u901a\u5e38\u4fa1\u683c<\/th><th>\u30ab\u30fc\u30c9\u3067<\/th><\/tr><tr><td>CaixaForum<\/td><td>6,00 \u20ac<\/td><td>\u7121\u6599<\/td><\/tr><tr><td>Castell de Montju\u00efc*<\/td><td>12,00 \u20ac<\/td><td>\u7121\u6599<\/td><\/tr><tr><td>Centre de Cultura Contempor\u00e0nia de Barcelona (CCCB)**<\/td><td>6,00 \u20ac<\/td><td>\u7121\u6599<\/td><\/tr><tr><td>Centre Martorell d\u2019Exposicions<\/td><td>6,50 \u20ac<\/td><td>\u7121\u6599<\/td><\/tr><tr><td>Disseny Hub Barcelona DHUB<\/td><td>6,00 \u20ac<\/td><td>\u7121\u6599<\/td><\/tr><tr><td>El Born Museu d&#8217;Historia de Barcelona<\/td><td>7,00 \u20ac<\/td><td>\u7121\u6599<\/td><\/tr><tr><td>El Call Museu d&#8217;Historia de Barcelona<\/td><td>2,00 \u20ac<\/td><td>\u7121\u6599<\/td><\/tr><tr><td>Fundaci\u00f3 Joan Mir\u00f3**<\/td><td>15,00 \u20ac<\/td><td>\u7121\u6599<\/td><\/tr><tr><td>Jard\u00ed Bot\u00e0nic de Barcelona<\/td><td>3,50 \u20ac<\/td><td>\u7121\u6599<\/td><\/tr><tr><td>MOCO Museum Barcelona<\/td><td>19,50 \u20ac<\/td><td>\u7121\u6599<\/td><\/tr><tr><td>Museu d&#8217;Historia de Barcelona Refugi 307<\/td><td>2,00 \u20ac<\/td><td>\u7121\u6599<\/td><\/tr><tr><td>Museu d&#8217;Historia de Pla\u00e7a del Rei<\/td><td>7,30 \u20ac<\/td><td>\u7121\u6599<\/td><\/tr><tr><td>Museu d&#8217;Historia de Barcelona Via Sepulcral Romana<\/td><td>2,00 \u20ac<\/td><td>\u7121\u6599<\/td><\/tr><tr><td>Museu Banksy Barcelona<\/td><td>14,00 \u20ac<\/td><td>\u7121\u6599<\/td><\/tr><tr><td>Museu d\u2019Art Contemporani de Barcelona (MACBA)**<\/td><td>12,00 \u20ac<\/td><td>\u7121\u6599<\/td><\/tr><tr><td>Museu de la Ci\u00e8ncia CosmoCaixa<\/td><td>8,00 \u20ac<\/td><td>\u7121\u6599<\/td><\/tr><tr><td>Museu de la M\u00fasica<\/td><td>6,00 \u20ac<\/td><td>\u7121\u6599<\/td><\/tr><tr><td>Museu de la Xocolata**<\/td><td>7,00 \u20ac<\/td><td>\u7121\u6599<\/td><\/tr><tr><td>Museu de Ci\u00e8ncies Naturals de Barcelona<\/td><td>6,00 \u20ac<\/td><td>\u7121\u6599<\/td><\/tr><tr><td>Museu Egipci de Barcelona**<\/td><td>13,00 \u20ac<\/td><td>\u7121\u6599<\/td><\/tr><tr><td>Museu Etnol\u00f2gic i de Cultures del M\u00f3n &#8211; Montcada<\/td><td>5,00 \u20ac<\/td><td>\u7121\u6599<\/td><\/tr><tr><td>Museu Etnol\u00f2gic i de Cultures del M\u00f3n &#8211; Parc de Montju\u00efc<\/td><td>5,00 \u20ac<\/td><td>\u7121\u6599<\/td><\/tr><tr><td>Museu Frederic Mar\u00e8s<\/td><td>4,20 \u20ac<\/td><td>\u7121\u6599<\/td><\/tr><tr><td>Museu Nacional d\u2019Art de Catalunya**<\/td><td>12,00 \u20ac<\/td><td>\u7121\u6599<\/td><\/tr><tr><td>Museu Ol\u00edmpic i de l\u2019Esport Joan Antoni Samaranch**<\/td><td>6,30 \u20ac<\/td><td>\u7121\u6599<\/td><\/tr><tr><td>Museu Picasso<\/td><td>12,00 \u20ac<\/td><td>\u7121\u6599<\/td><\/tr><tr><td>Museu T\u00e0pies**<\/td><td>8,00 \u20ac<\/td><td>\u7121\u6599<\/td><\/tr><tr><td>Reial Monestir de Santa Maria de Pedralbes<\/td><td>5,00 \u20ac<\/td><td>\u7121\u6599<\/td><\/tr><\/table><\/div>\n\n\n<h2 class=\"wp-block-heading\">\u5272\u5f15\u7279\u5178<\/h2>\n\n\n\n<h3 class=\"wp-block-heading\">\u7f8e\u8853\u9928\u30fb\u89b3\u5149\u30b9\u30dd\u30c3\u30c8<\/h3>\n\n\n<div class=\"ms-table\"><table><tr><th>\u89b3\u5149\u540d\u6240<\/th><th>\u5272\u5f15<\/th><\/tr><tr><td>Biblioteca Ar\u00fas<\/td><td>-20%<\/td><\/tr><tr><td>Casa Amatller<\/td><td>-20%<\/td><\/tr><tr><td>Casa Batll\u00f3<\/td><td>-7\u20ac<\/td><\/tr><tr><td>Casa Mil\u00e0 &#8211; La Pedrera (La Pedrera Essencial adult) (Entry from 14h)<\/td><td>-7\u20ac<\/td><\/tr><tr><td>Casa Rocamora<\/td><td>-20%<\/td><\/tr><tr><td>Casa Vicens<\/td><td>-20%<\/td><\/tr><tr><td>Cripta Gaud\u00ed de la Col\u00f2nia G\u00fcell<\/td><td>-20%<\/td><\/tr><tr><td>Fundaci\u00f3 Vila Casas: Museu Can Framis i Espais Volart<\/td><td>-25%<\/td><\/tr><tr><td>KBR Fundaci\u00f3n MAPFRE Barcelona Photo Center<\/td><td>5\u20ac \u2192 3\u20ac<\/td><\/tr><tr><td>Gaud\u00ed Experi\u00e8ncia*<\/td><td>-20%<\/td><\/tr><tr><td>Mirador de Colom<\/td><td>-20%<\/td><\/tr><tr><td>Mirador Torre Gl\u00f2ries<\/td><td>-20%<\/td><\/tr><tr><td>Museu d\u2019Arqueologia de Catalunya<\/td><td>-25%<\/td><\/tr><tr><td>Museu d\u2019Hist\u00f2ria de Catalunya<\/td><td>-20%<\/td><\/tr><tr><td>Museu de la Cera de Barcelona<\/td><td>-20%<\/td><\/tr><tr><td>Museu de l\u2019Er\u00f2tica<\/td><td>-25%<\/td><\/tr><tr><td>Museu del Torr\u00f3 i la Xocolata de Barcelona<\/td><td>-25%<\/td><\/tr><tr><td>Museu Europeu d\u2019Art Modern (MEAM)<\/td><td>-25%<\/td><\/tr><tr><td>Museu Mar\u00edtim de Barcelona<\/td><td>-20%<\/td><\/tr><tr><td>Palau Bar\u00f3 Quadra<\/td><td>-20%<\/td><\/tr><tr><td>Palau de la M\u00fasica Catalana<\/td><td>-25%<\/td><\/tr><tr><td>Palau G\u00fcell<\/td><td>-20%<\/td><\/tr><tr><td>Paradox Museum<\/td><td>-20% (\u30aa\u30f3\u30e9\u30a4\u30f3\u4e88\u7d04\u30b3\u30fc\u30c9: TCPDX)<\/td><\/tr><tr><td>Pavell\u00f3 Mies van der Rohe<\/td><td>-25%<\/td><\/tr><tr><td>Poble Espanyol de Barcelona<\/td><td>-20%<\/td><\/tr><tr><td>Rock Museum Barcelona<\/td><td>-25%<\/td><\/tr><tr><td>Sant Pau Recinte Modernista<\/td><td>-20%<\/td><\/tr><\/table><\/div>\n\n\n<h3 class=\"wp-block-heading\"><span class=\"notion-enable-hover\" data-token-index=\"0\">\u89b3\u5149\u3068\u30c4\u30a2\u30fc<\/span><\/h3>\n\n\n<div class=\"ms-table\"><table><tr><th>Tour<\/th><th>\u5272\u5f15<\/th><\/tr><tr><td>A-Bike Rental &#038; Tours*<\/td><td>-2\u20ac<\/td><\/tr><tr><td>Barcelona Bus Tur\u00edstic<\/td><td>-10%<\/td><\/tr><tr><td>Barcelona Walking Tours G\u00f2tic<\/td><td>-50%<\/td><\/tr><tr><td>Barcelona Walking Tours Modernisme<\/td><td>-50%<\/td><\/tr><tr><td>Barcelona Walking Tours Picasso<\/td><td>-50%<\/td><\/tr><tr><td>Catalunya Bus Tur\u00edstic*<\/td><td>-15%<\/td><\/tr><tr><td>Las Golondrinas Barcelona Port<\/td><td>-2\u20ac<\/td><\/tr><tr><td>Las Golondrinas Barcelona Port i Litoral<\/td><td>-2\u20ac<\/td><\/tr><tr><td>Vineyard Tour &#038; Tasting, sailing (car or ebike)<\/td><td>-20%<\/td><\/tr><\/table><\/div>\n\n\n<h3 class=\"wp-block-heading\"><span class=\"notion-enable-hover\" data-token-index=\"0\">\u30ec\u30b8\u30e3\u30fc<\/span><\/h3>\n\n\n<div class=\"ms-table\"><table><tr><th>\u30ec\u30b8\u30e3\u30fc<\/th><th>\u5272\u5f15<\/th><\/tr><tr><td>Casino de Barcelona<\/td><td>\u7121\u6599\u5165\u5834 \uff0b \u30a6\u30a7\u30eb\u30ab\u30e0\u30c9\u30ea\u30f3\u30af<\/td><\/tr><tr><td>House of Candy<\/td><td>-50%<\/td><\/tr><tr><td>Icebarcelona*<\/td><td>-20%\uff08\u30aa\u30f3\u30e9\u30a4\u30f3\u4e88\u7d04\u306e\u307f\uff09<\/td><\/tr><tr><td>L\u2019Aqu\u00e0rium de Barcelona<\/td><td>-20%<\/td><\/tr><tr><td>Parc d\u2019Atraccions del Tibidabo<\/td><td>-20%<\/td><\/tr><tr><td>Telef\u00e8ric de Montju\u00efc<\/td><td>-15%\uff08\u5f80\u5fa9\u30c1\u30b1\u30c3\u30c8\uff09<\/td><\/tr><tr><td>White Rabbit Barcelona*<\/td><td>-50%<\/td><\/tr><tr><td>Zoo de Barcelona<\/td><td>-20%<\/td><\/tr><\/table><\/div>\n\n\n<h3 class=\"wp-block-heading\"><span class=\"notion-enable-hover\" data-token-index=\"0\">\u30a8\u30f3\u30bf\u30fc\u30c6\u30a4\u30e1\u30f3\u30c8<\/span><\/h3>\n\n\n<div class=\"ms-table\"><table><tr><th>\u30a8\u30f3\u30bf\u30fc\u30c6\u30a4\u30f3\u30e1\u30f3\u30c8<\/th><th>\u5272\u5f15<\/th><\/tr><tr><td>Classical concert in Basilica de la Merc\u00e8<\/td><td>-20%<\/td><\/tr><tr><td>El Duende<\/td><td> <\/td><\/tr><tr><td>\u2014 \u30c9\u30ea\u30f3\u30af\uff06\u30b7\u30e7\u30fc\uff08\u5927\u4eba\uff09<\/td><td>-10%<\/td><\/tr><tr><td>Tablao Flamenco Cordob\u00e9s<\/td><td> <\/td><\/tr><tr><td>\u2014 \u30c9\u30ea\u30f3\u30af\uff06\u30b7\u30e7\u30fc<\/td><td>-20%<\/td><\/tr><tr><td>\u2014 \u30c7\u30a3\u30ca\u30fc\uff06\u30b7\u30e7\u30fc\uff08\u5927\u4eba\uff09<\/td><td>-8%<\/td><\/tr><tr><td>Tablao Flamenco Patio Andaluz<\/td><td>10,00\u30e6\u30fc\u30ed\u5f15\u304d<\/td><\/tr><\/table><\/div>\n\n\n<h3 class=\"wp-block-heading\"><span class=\"notion-enable-hover\" data-token-index=\"0\">\u305d\u306e\u4ed6\u30b5\u30fc\u30d3\u30b9<\/span><\/h3>\n\n\n<div class=\"ms-table\"><table><tr><th>\u305d\u306e\u4ed6\u306e\u30b5\u30fc\u30d3\u30b9<\/th><th>\u5272\u5f15<\/th><\/tr><tr><td>Locker Barcelona<\/td><td>-10%<\/td><\/tr><\/table><\/div>\n\n\n<p>*\u30aa\u30f3\u30e9\u30a4\u30f3\u3067\u306e\u3054\u4e88\u7d04\u3082\u53ef\u80fd\u3067\u3059<\/p>\n\n\n\n<p>**\u512a\u5148\u5165\u5834\u7279\u5178<\/p>\n\n\n\n<p><strong>\u66f4\u65b0\u65e5:<\/strong> 2026\u5e74\u7b2c1\u56db\u534a\u671f\u3002\u30d0\u30eb\u30bb\u30ed\u30ca\u30ab\u30fc\u30c9\u306b\u542b\u307e\u308c\u308b\u5272\u5f15\u5185\u5bb9\u306f\u3001\u4e88\u544a\u306a\u304f\u5909\u66f4\u3055\u308c\u308b\u5834\u5408\u304c\u3042\u308a\u307e\u3059\u3002\u30d0\u30eb\u30bb\u30ed\u30ca\u30ab\u30fc\u30c9\u306f\u3001\u3059\u3079\u3066\u306e\u5272\u5f15\u304c\u8a18\u8f09\u3055\u308c\u305f\u30d1\u30f3\u30d5\u30ec\u30c3\u30c8\u3068\u3068\u3082\u306b\u304a\u6e21\u3057\u3057\u307e\u3059\u3002<\/p>\n","protected":false},"excerpt":{"rendered":"","protected":false},"author":4,"featured_media":0,"parent":0,"menu_order":3,"comment_status":"closed","ping_status":"closed","template":"","meta":{"_acf_changed":false,"footnotes":"","button_url":"https:\/\/www.tiqets.com\/ja\/barcelona-attractions-c66342\/tickets-for-barcelona-card-72-Hour-96-Hour-120-Hour-p975758\/?partner=barcelonacard","ms_product_id":"","ms_product_name":"","ms_price":"","ms_currency":"","ms_rating_value":"","ms_review_count":"","rank_math_title":"%title% (%currentyear%\u5e74\u66f4\u65b0)","rank_math_description":"\u30d0\u30eb\u30bb\u30ed\u30ca \u30ab\u30fc\u30c9\u3067\u306f\u3001\u4eba\u6c17\u306e\u30a2\u30c8\u30e9\u30af\u30b7\u30e7\u30f3\u3001\u89b3\u5149\u30c4\u30a2\u30fc\u3001\u30a8\u30f3\u30bf\u30fc\u30c6\u30a4\u30e1\u30f3\u30c8\u3001\u30b7\u30e7\u30c3\u30d4\u30f3\u30b0\u3001\u30ca\u30a4\u30c8\u30e9\u30a4\u30d5\u3067 70 \u4ee5\u4e0a\u306e\u5272\u5f15\u304c\u53d7\u3051\u3089\u308c\u307e\u3059\u3002"},"post-style":[],"producer":[],"class_list":["post-5","page","type-page","status-publish","has-post-thumbnail"],"acf":[],"product_schema":{"ms_product_id":"","ms_product_name":"","ms_price":"","ms_currency":"","ms_rating_value":"","ms_review_count":""},"_links":{"self":[{"href":"https:\/\/www.barcelonacard.org\/ja\/wp-json\/wp\/v2\/pages\/5","targetHints":{"allow":["GET"]}}],"collection":[{"href":"https:\/\/www.barcelonacard.org\/ja\/wp-json\/wp\/v2\/pages"}],"about":[{"href":"https:\/\/www.barcelonacard.org\/ja\/wp-json\/wp\/v2\/types\/page"}],"author":[{"embeddable":true,"href":"https:\/\/www.barcelonacard.org\/ja\/wp-json\/wp\/v2\/users\/4"}],"replies":[{"embeddable":true,"href":"https:\/\/www.barcelonacard.org\/ja\/wp-json\/wp\/v2\/comments?post=5"}],"version-history":[{"count":3,"href":"https:\/\/www.barcelonacard.org\/ja\/wp-json\/wp\/v2\/pages\/5\/revisions"}],"predecessor-version":[{"id":1237,"href":"https:\/\/www.barcelonacard.org\/ja\/wp-json\/wp\/v2\/pages\/5\/revisions\/1237"}],"wp:attachment":[{"href":"https:\/\/www.barcelonacard.org\/ja\/wp-json\/wp\/v2\/media?parent=5"}],"wp:term":[{"taxonomy":"post-style","embeddable":true,"href":"https:\/\/www.barcelonacard.org\/ja\/wp-json\/wp\/v2\/post-style?post=5"},{"taxonomy":"producer","embeddable":true,"href":"https:\/\/www.barcelonacard.org\/ja\/wp-json\/wp\/v2\/producer?post=5"}],"curies":[{"name":"wp","href":"https:\/\/api.w.org\/{rel}","templated":true}]}}