{"id":7,"date":"2013-10-20T16:23:00","date_gmt":"2013-10-20T14:23:00","guid":{"rendered":"https:\/\/www.barcelonacard.org\/?page_id=7"},"modified":"2025-01-10T10:11:43","modified_gmt":"2025-01-10T09:11:43","slug":"faq","status":"publish","type":"page","link":"https:\/\/www.barcelonacard.org\/it\/faq\/","title":{"rendered":"Domande Frequenti"},"content":{"rendered":"<div id=\"rank-math-faq\" class=\"rank-math-block\">\n<div class=\"rank-math-list \">\n<div id=\"faq-question-1717062476605\" class=\"rank-math-list-item\">\n<h3 class=\"rank-math-question \"><strong>Cos\u2019\u00e8 la Barcellona Card?<\/strong><\/h3>\n<div class=\"rank-math-answer \">\n\n<p>La Barcellona Card \u00e8 il pass turistico ufficiale di Barcellona. Questa carta funge da <strong>3-in-1<\/strong>, ovvero <strong>carta per il trasporto pubblico<\/strong>, <strong>pass per i musei<\/strong> e <strong>carta sconto<\/strong>. Il pacchetto della Barcellona Card include anche una mappa gratuita e una piccola guida turistica. In sintesi, aiuta i visitatori a <strong>risparmiare tempo e denaro<\/strong> durante il loro soggiorno in citt\u00e0.<\/p>\n\n<\/div>\n<\/div>\n<div id=\"faq-question-1717062505033\" class=\"rank-math-list-item\">\n<h3 class=\"rank-math-question \"><strong>Quali sono i vantaggi della Barcellona Card?<\/strong><\/h3>\n<div class=\"rank-math-answer \">\n\n<p>La Barcellona Card ti permette di <strong>risparmiare<\/strong> su trasporti, biglietti d\u2019ingresso, intrattenimento e regali. Inoltre, ti fa risparmiare tempo evitando le lunghe code nelle attrazioni principali e ti permette di vedere pi\u00f9 cose grazie a <strong>sconti<\/strong> e offerte per un valore complessivo superiore a 320 euro.<\/p>\n\n<\/div>\n<\/div>\n<div id=\"faq-question-1717062519392\" class=\"rank-math-list-item\">\n<h3 class=\"rank-math-question \"><strong>Quali sconti offre la Barcellona Card?<\/strong><\/h3>\n<div class=\"rank-math-answer \">\n\n<p>La Barcellona Card offre oltre 70 sconti su attrazioni e musei, visite e tour, svago e intrattenimento, ristoranti e shopping. Il valore totale di questi sconti supera i 320 euro. Puoi consultare l&#8217;elenco completo degli sconti <a href=\"https:\/\/www.barcelonacard.org\/it\/sconti\/\">qui<\/a>.<\/p>\n\n<\/div>\n<\/div>\n<div id=\"faq-question-1726543860899\" class=\"rank-math-list-item\">\n<h3 class=\"rank-math-question \"><strong>Vale la pena acquistare la Barcellona Card?<\/strong><\/h3>\n<div class=\"rank-math-answer \">\n\n<p>Decidere se acquistare la Barcellona Card dipende principalmente dai tuoi piani di viaggio e dal bisogno di comodit\u00e0. Una regola generale \u00e8 che conviene se prevedi di utilizzare i trasporti pubblici e visitare vari musei e attrazioni ogni giorno. Ecco alcune considerazioni da tenere a mente:<\/p>\n<p><strong>1. Il costo della carta<\/strong><br \/>L&#8217;unico modo per essere sicuri che la Barcellona Card valga l&#8217;investimento \u00e8 calcolare quanto costerebbero i biglietti d&#8217;ingresso, i tour e i trasporti senza la carta e confrontare questo totale con i costi giornalieri della Barcellona Card. Le carte di 4 e 5 giorni offrono il miglior valore.<\/p>\n<p><strong>2. Risparmio di tempo<\/strong><br \/>La Barcellona Card non offre solo un valore economico, ma anche un risparmio di tempo grazie alla possibilit\u00e0 di saltare le code presso le attrazioni e le stazioni di trasporto pubblico.<\/p>\n<p><strong>3. Libert\u00e0 e flessibilit\u00e0<\/strong><br \/>In molti casi, la Barcellona Card si distingue per la comodit\u00e0: ti permette di fare ci\u00f2 che vuoi, quando vuoi, senza preoccuparti di acquistare biglietti extra per i musei o i trasporti. <br \/>Se stai visitando Barcellona con un budget limitato, fai i conti e valuta se il costo della carta rispetto ai risparmi \u00e8 vantaggioso. Se apprezzi la <strong>libert\u00e0<\/strong>, la <strong>flessibilit\u00e0<\/strong> e la <strong>comodit\u00e0<\/strong>, la Barcellona Card \u00e8 probabilmente un&#8217;ottima scelta.<\/p>\n\n<\/div>\n<\/div>\n<div id=\"faq-question-1726543883267\" class=\"rank-math-list-item\">\n<h3 class=\"rank-math-question \"><strong>Qual \u00e8 la differenza tra la Barcellona Card e la T-casual Card?<\/strong><\/h3>\n<div class=\"rank-math-answer \">\n\n<p>La T-casual Card \u00e8 una carta di trasporto che offre 10 corse sulla rete di trasporti pubblici di Barcellona. La Barcellona Card \u00e8 un pass turistico pi\u00f9 completo che, oltre a offrire trasporti illimitati, include l&#8217;ingresso gratuito in molti musei e oltre 70 sconti.<\/p>\n\n<\/div>\n<\/div>\n<div id=\"faq-question-1726543889362\" class=\"rank-math-list-item\">\n<h3 class=\"rank-math-question \"><strong>Qual \u00e8 la differenza tra la Barcellona Card e il Tourist Bus?<\/strong><\/h3>\n<div class=\"rank-math-answer \">\n\n<p>La Barcellona Card consente di viaggiare gratuitamente sui trasporti pubblici, inclusi autobus, metro, tram, treni regionali e il treno per l&#8217;aeroporto. I tour del bus turistico <a href=\"https:\/\/www.hoponhopoffbarcelona.org\/\" rel=\"noopener\">Barcelona Bus Turist\u00edc<\/a> non sono inclusi nella Barcellona Card.<\/p>\n\n<\/div>\n<\/div>\n<div id=\"faq-question-1726543893043\" class=\"rank-math-list-item\">\n<h3 class=\"rank-math-question \"><strong>Quanto costa la Barcellona Card?<\/strong><\/h3>\n<div class=\"rank-math-answer \">\n\n<p>Il prezzo della Barcellona Card dipende dal numero di giorni di validit\u00e0. I bambini ricevono uno sconto aggiuntivo sul prezzo d&#8217;acquisto.<br \/>Guarda il prezzo giornaliero per confrontare le diverse carte. Ad esempio, la Barcellona Card da 5 giorni \u00e8 pi\u00f9 conveniente di quella da 3 giorni, con un risparmio di \u20ac2,90 al giorno. Consulta la <a href=\"https:\/\/www.barcelonacard.org\/it\/prezzi\/\">tabella prezzi<\/a> per vedere tutti i costi della Barcellona Card.<\/p>\n\n<\/div>\n<\/div>\n<div id=\"faq-question-1726543901952\" class=\"rank-math-list-item\">\n<h3 class=\"rank-math-question \"><strong>Dove posso ritirare la Barcellona Card?<\/strong><\/h3>\n<div class=\"rank-math-answer \">\n\n<p>Dopo l\u2019acquisto, puoi ritirare la Barcellona Card in uno degli <a href=\"https:\/\/www.barcelonacard.org\/it\/uffici-informazione-turistica\/\">uffici turistici<\/a> a Barcellona o all&#8217;Aeroporto di Barcellona. Ricorda di portare con te il voucher ricevuto via email e un documento d&#8217;identit\u00e0 valido.<\/p>\n\n<\/div>\n<\/div>\n<\/div>\n<\/div>\n\n\n<h3 class=\"wp-block-heading\"><\/h3>\n","protected":false},"excerpt":{"rendered":"","protected":false},"author":1,"featured_media":0,"parent":0,"menu_order":5,"comment_status":"closed","ping_status":"closed","template":"","meta":{"_acf_changed":false,"footnotes":"","button_url":"https:\/\/www.tiqets.com\/it\/barcelona-attractions-c66342\/tickets-for-barcelona-card-72-Hour-96-Hour-120-Hour-p975758\/?partner=barcelonacard","ms_product_id":"","ms_product_name":"","ms_price":"","ms_currency":"","ms_rating_value":"","ms_review_count":"","rank_math_title":"%title% %sep% %sitename%","rank_math_description":"Domande frequenti sulla Barcelona Card: quali sconti offre la carta, quanto costa e conviene acquistarla?"},"post-style":[],"producer":[],"class_list":["post-7","page","type-page","status-publish","has-post-thumbnail"],"acf":[],"product_schema":{"ms_product_id":"","ms_product_name":"","ms_price":"","ms_currency":"","ms_rating_value":"","ms_review_count":""},"_links":{"self":[{"href":"https:\/\/www.barcelonacard.org\/it\/wp-json\/wp\/v2\/pages\/7","targetHints":{"allow":["GET"]}}],"collection":[{"href":"https:\/\/www.barcelonacard.org\/it\/wp-json\/wp\/v2\/pages"}],"about":[{"href":"https:\/\/www.barcelonacard.org\/it\/wp-json\/wp\/v2\/types\/page"}],"author":[{"embeddable":true,"href":"https:\/\/www.barcelonacard.org\/it\/wp-json\/wp\/v2\/users\/1"}],"replies":[{"embeddable":true,"href":"https:\/\/www.barcelonacard.org\/it\/wp-json\/wp\/v2\/comments?post=7"}],"version-history":[{"count":3,"href":"https:\/\/www.barcelonacard.org\/it\/wp-json\/wp\/v2\/pages\/7\/revisions"}],"predecessor-version":[{"id":688,"href":"https:\/\/www.barcelonacard.org\/it\/wp-json\/wp\/v2\/pages\/7\/revisions\/688"}],"wp:attachment":[{"href":"https:\/\/www.barcelonacard.org\/it\/wp-json\/wp\/v2\/media?parent=7"}],"wp:term":[{"taxonomy":"post-style","embeddable":true,"href":"https:\/\/www.barcelonacard.org\/it\/wp-json\/wp\/v2\/post-style?post=7"},{"taxonomy":"producer","embeddable":true,"href":"https:\/\/www.barcelonacard.org\/it\/wp-json\/wp\/v2\/producer?post=7"}],"curies":[{"name":"wp","href":"https:\/\/api.w.org\/{rel}","templated":true}]}}