{"id":587,"date":"2013-10-20T14:05:29","date_gmt":"2013-10-20T14:05:29","guid":{"rendered":"https:\/\/www.barcelonacard.org\/?page_id=4"},"modified":"2026-04-20T18:45:51","modified_gmt":"2026-04-20T16:45:51","slug":"barcellona-card","status":"publish","type":"page","link":"https:\/\/www.barcelonacard.org\/it\/","title":{"rendered":"Barcellona Card"},"content":{"rendered":"<figure>\n                    <div class=\"ms-credits\"><img decoding=\"async\" class=\"gb-image gb-image-91e329c5\" src=\"https:\/\/www.barcelonacard.org\/wp-content\/uploads\/barcelona-card-homepage-1746806969.jpg\" alt=\"Aerial view of Barcelona\" title=\"barcelona-card-homepage-1746806969\"><span class='ms-credits__info' id='media856'><svg xmlns=\"http:\/\/www.w3.org\/2000\/svg\" width=\"20\" height=\"22\" fill=\"#000000\" viewBox=\"0 0 256 256\"><path d=\"M128,24A104,104,0,1,0,232,128,104.11,104.11,0,0,0,128,24Zm0,192a88,88,0,1,1,88-88A88.1,88.1,0,0,1,128,216ZM96,128a32,32,0,0,0,57.6,19.2,8,8,0,0,1,12.8,9.61,48,48,0,1,1,0-57.62,8,8,0,0,1-12.8,9.61A32,32,0,0,0,96,128Z\"><\/path><\/svg>rabbit75_dep\/<a href=https:\/\/depositphotos.com\/editorial\/sagrada-familia-basilica-aerial-view-famous-landmark-barcelona-spain-374286208.html rel='nofollow' target='_blank'>Depositphotos<\/a><\/span><span class='ms-credits__btn' id='btn_media856' onclick='ms_credits_trigger(\"#media856\", this)'><svg xmlns=\"http:\/\/www.w3.org\/2000\/svg\" class=\"info_icon\" width=\"28\" height=\"28\" fill=\"#FFF\" viewBox=\"0 0 256 256\"><path d=\"M128,24A104,104,0,1,0,232,128,104.11,104.11,0,0,0,128,24Zm0,192a88,88,0,1,1,88-88A88.1,88.1,0,0,1,128,216Zm16-40a8,8,0,0,1-8,8,16,16,0,0,1-16-16V128a8,8,0,0,1,0-16,16,16,0,0,1,16,16v40A8,8,0,0,1,144,176ZM112,84a12,12,0,1,1,12,12A12,12,0,0,1,112,84Z\"><\/path><\/svg><svg xmlns=\"http:\/\/www.w3.org\/2000\/svg\" class=\"close_icon\" width=\"28\" height=\"28\" fill=\"#FFF\" viewBox=\"0 0 256 256\"><path d=\"M165.66,101.66,139.31,128l26.35,26.34a8,8,0,0,1-11.32,11.32L128,139.31l-26.34,26.35a8,8,0,0,1-11.32-11.32L116.69,128,90.34,101.66a8,8,0,0,1,11.32-11.32L128,116.69l26.34-26.35a8,8,0,0,1,11.32,11.32ZM232,128A104,104,0,1,1,128,24,104.11,104.11,0,0,1,232,128Zm-16,0a88,88,0,1,0-88,88A88.1,88.1,0,0,0,216,128Z\"><\/path><\/svg><\/span><\/div><\/figure>\n\n\n<h1 class=\"gb-headline gb-headline-1c55328e gb-headline-text\">Barcellona Card<br><strong><mark style=\"background-color:var(--ms-color-white)\" class=\"has-inline-color has-ms-color-neutral-color\">Risparmia tempo e denaro con la Barcellona Card<\/mark><\/strong><\/h1>\n\n\n\n<p class=\"gb-headline gb-headline-1b19673b gb-headline-text\">Scopri il meglio di Barcellona con la Barcellona Card. Goditi l\u2019uso illimitato dei trasporti pubblici (compresi il treno per l&#8217;aeroporto e\/o la metropolitana), l\u2019accesso gratuito ai migliori musei della citt\u00e0 e offerte esclusive e sconti.<\/p>\n\n\n\n<div class=\"ms-p ms-rounded ms-mb-last-child-0 ms-mb-children-condensed ms-alert--contrast ms-mb-block\">\n<h4 class=\"gb-text-26a71c5b\"><span class=\"gb-shape\"><svg viewBox=\"0 0 256 256\" fill=\"#000000\" height=\"32\" width=\"32\" xmlns=\"http:\/\/www.w3.org\/2000\/svg\"><path d=\"M108,84a16,16,0,1,1,16,16A16,16,0,0,1,108,84Zm128,44A108,108,0,1,1,128,20,108.12,108.12,0,0,1,236,128Zm-24,0a84,84,0,1,0-84,84A84.09,84.09,0,0,0,212,128Zm-72,36.68V132a20,20,0,0,0-20-20,12,12,0,0,0-4,23.32V168a20,20,0,0,0,20,20,12,12,0,0,0,4-23.32Z\"><\/path><\/svg><\/span><span class=\"gb-text\">NOVIT\u00c0: risparmia ancora di pi\u00f9 con la Barcelona Card!<\/span><\/h4>\n\n\n\n<p class=\"gb-text gb-text-2c41ecab\">Ottieni uno sconto aggiungendo i biglietti per la Sagrada Familia e il Parco G\u00fcell al momento del pagamento quando acquisti la Barcelona Card, in base alla disponibilit\u00e0.<\/p>\n\n\n\n<p class=\"gb-text gb-text-26ceb76b\"><a href=\"https:\/\/www.tiqets.com\/it\/barcelona-attractions-c66342\/tickets-for-barcelona-card-72-hour-96-hour-120-hour-p975758\/?partner=barcelonacard\" data-type=\"link\" data-id=\"https:\/\/www.tiqets.com\/it\/barcelona-attractions-c66342\/tickets-for-barcelona-card-72-hour-96-hour-120-hour-p975758\/?partner=barcelonacard\" rel=\"nofollow noopener\">Verifica subito la disponibilit\u00e0<\/a> \u00bb<\/p>\n<\/div>\n\n\n<div class=\"gb-container gb-container-1e1905d6 gb-tabs\" role=\"tablist\" data-opened-tab=\"1\">\n<div class=\"gb-container gb-container-c0d25ee5 gb-tabs__buttons\" role=\"list\">\n\n<button class=\"gb-button gb-button-38b6d7d4 gb-button-text gb-tabs__button gb-block-is-current\" id=\"gb-tab-button-38b6d7d4\" role=\"tab\"><strong>Vantaggi<\/strong><\/button>\n\n\n\n<button class=\"gb-button gb-button-c40a7253 gb-button-text gb-tabs__button\" id=\"gb-tab-button-c40a7253\" role=\"tab\">Che cos&#8217;\u00e8<\/button>\n\n\n\n<button class=\"gb-button gb-button-5c438a47 gb-button-text gb-tabs__button\" id=\"gb-tab-button-5c438a47\" role=\"tab\">Dove acquistare<\/button>\n\n\n\n<button class=\"gb-button gb-button-7d2dbf03 gb-button-text gb-tabs__button\" id=\"gb-tab-button-7d2dbf03\" role=\"tab\">Come utilizzare<\/button>\n\n<\/div>\n\n<div class=\"gb-container gb-container-8fcce89b gb-tabs__items\">\n<div class=\"gb-container gb-container-2e268732 gb-tabs__item gb-tabs__item-open\" id=\"gb-tab-item-2e268732\" role=\"tabpanel\">\n<div class=\"gb-grid-wrapper gb-grid-wrapper-b173452e\">\n<div class=\"gb-grid-column gb-grid-column-2d6c95fd\"><div class=\"gb-container gb-container-2d6c95fd\">\n\n<h5 class=\"gb-headline gb-headline-f5371835\"><span class=\"gb-icon\"><svg viewBox=\"0 0 256 256\" fill=\"#000000\" height=\"32\" width=\"32\" xmlns=\"http:\/\/www.w3.org\/2000\/svg\"><path d=\"M232.49,80.49l-128,128a12,12,0,0,1-17,0l-56-56a12,12,0,1,1,17-17L96,183,215.51,63.51a12,12,0,0,1,17,17Z\"><\/path><\/svg><\/span><span class=\"gb-headline-text\"><strong>Viaggi gratuiti<\/strong><\/span><\/h5>\n\n\n\n<p>Viaggio gratuito illimitato in autobus, metropolitana, aeroporto e treno.<\/p>\n\n<\/div><\/div>\n\n<div class=\"gb-grid-column gb-grid-column-d53518b7\"><div class=\"gb-container gb-container-d53518b7\">\n\n<h5 class=\"gb-headline gb-headline-fa732612\"><span class=\"gb-icon\"><svg viewBox=\"0 0 256 256\" fill=\"#000000\" height=\"32\" width=\"32\" xmlns=\"http:\/\/www.w3.org\/2000\/svg\"><path d=\"M232.49,80.49l-128,128a12,12,0,0,1-17,0l-56-56a12,12,0,1,1,17-17L96,183,215.51,63.51a12,12,0,0,1,17,17Z\"><\/path><\/svg><\/span><span class=\"gb-headline-text\"><strong>Ingresso gratuito<\/strong><\/span><\/h5>\n\n\n\n<p>Visita oltre 25 delle migliori attrazioni di Barcellona senza costi aggiuntivi.<\/p>\n\n<\/div><\/div>\n\n<div class=\"gb-grid-column gb-grid-column-6dad0888\"><div class=\"gb-container gb-container-6dad0888\">\n\n<h5 class=\"gb-headline gb-headline-97f3175e\"><span class=\"gb-icon\"><svg viewBox=\"0 0 256 256\" fill=\"#000000\" height=\"32\" width=\"32\" xmlns=\"http:\/\/www.w3.org\/2000\/svg\"><path d=\"M232.49,80.49l-128,128a12,12,0,0,1-17,0l-56-56a12,12,0,1,1,17-17L96,183,215.51,63.51a12,12,0,0,1,17,17Z\"><\/path><\/svg><\/span><span class=\"gb-headline-text\"><strong>70+ sconti<\/strong><\/span><\/h5>\n\n\n\n<p>Risparmia fino a 350\u20ac su tour, shopping, ristoranti e intrattenimento.<\/p>\n\n<\/div><\/div>\n\n<div class=\"gb-grid-column gb-grid-column-d82be486\"><div class=\"gb-container gb-container-d82be486\">\n\n<p class=\"gb-headline gb-headline-c0e8b836\"><span class=\"gb-icon\"><svg viewBox=\"0 0 256 256\" fill=\"#000000\" height=\"32\" width=\"32\" xmlns=\"http:\/\/www.w3.org\/2000\/svg\"><path d=\"M232.49,80.49l-128,128a12,12,0,0,1-17,0l-56-56a12,12,0,1,1,17-17L96,183,215.51,63.51a12,12,0,0,1,17,17Z\"><\/path><\/svg><\/span><span class=\"gb-headline-text\"><strong>Guida turistica gratuita<\/strong><\/span><\/p>\n\n\n\n<p>In 6 lingue, con info su offerte gratuite e sconti con relative posizioni.<\/p>\n\n<\/div><\/div>\n\n<div class=\"gb-grid-column gb-grid-column-3cecd77c\"><div class=\"gb-container gb-container-3cecd77c\">\n\n<h5 class=\"gb-headline gb-headline-cd1f3d4e\"><span class=\"gb-icon\"><svg viewBox=\"0 0 256 256\" fill=\"#000000\" height=\"32\" width=\"32\" xmlns=\"http:\/\/www.w3.org\/2000\/svg\"><path d=\"M232.49,80.49l-128,128a12,12,0,0,1-17,0l-56-56a12,12,0,1,1,17-17L96,183,215.51,63.51a12,12,0,0,1,17,17Z\"><\/path><\/svg><\/span><span class=\"gb-headline-text\"><strong>Salta le code<\/strong><\/span><\/h5>\n\n\n\n<p>Evita le code nelle principali attrazioni di Barcellona.<\/p>\n\n<\/div><\/div>\n\n<div class=\"gb-grid-column gb-grid-column-ff07f982\"><div class=\"gb-container gb-container-ff07f982\">\n\n<h5 class=\"gb-headline gb-headline-d7adc504\"><span class=\"gb-icon\"><svg viewBox=\"0 0 256 256\" fill=\"#000000\" height=\"32\" width=\"32\" xmlns=\"http:\/\/www.w3.org\/2000\/svg\"><path d=\"M232.49,80.49l-128,128a12,12,0,0,1-17,0l-56-56a12,12,0,1,1,17-17L96,183,215.51,63.51a12,12,0,0,1,17,17Z\"><\/path><\/svg><\/span><span class=\"gb-headline-text\"><strong>Prenotazione flessibile<\/strong><\/span><\/h5>\n\n\n\n<p>Acquista online e cancella gratuitamente fino al giorno prima della tua visita.<\/p>\n\n<\/div><\/div>\n<\/div>\n<\/div>\n\n<div class=\"gb-container gb-container-3bccd8b9 gb-tabs__item\" id=\"gb-tab-item-3bccd8b9\" role=\"tabpanel\">\n\n<p>La Barcellona Card \u00e8 il pass turistico ufficiale di Barcellona. Assomiglia a una carta di credito, ed \u00e8 estremamente facile da acquistare e aiuta i viaggiatori a <strong>risparmiare tempo e denaro<\/strong> durante la loro vacanza.<\/p>\n\n\n<div class=\"gb-container gb-container-867bb005 ms-p-sm ms-alert--primary ms-mb-block\">\n\n<p class=\"gb-headline gb-headline-93fd8aa0 gb-headline-text ms-mb-0\">La Barcellona Card \u00e8 una carta 3-in-1 che funge da <strong>carta di trasporto<\/strong>, <strong>pass per i musei<\/strong> e <strong>carta sconto<\/strong>.<\/p>\n\n<\/div>\n\n\n<p>I possessori della Barcellona Card godono di <strong>viaggi gratuiti<\/strong> illimitati con i mezzi pubblici, <strong>ingressi gratuiti<\/strong> a oltre 25 dei migliori musei e luoghi culturali di Barcellona, oltre a <strong>70+ sconti<\/strong> su visite, tour, intrattenimento, shopping, ristorazione e vita notturna.<\/p>\n\n\n\n<p>Non solo questa ambita carta ti consente di accedere ai principali punti di interesse di Barcellona, ma ti permette anche di <strong>saltare le code<\/strong> interamente in molte delle attrazioni pi\u00f9 popolari della citt\u00e0, risparmiando tempo prezioso su un itinerario fitto di appuntamenti.<\/p>\n\n\n\n<p>Inoltre, la carta include una <strong>guida della citt\u00e0<\/strong> disponibile in sei diverse lingue che descrive tutti gli sconti e le offerte (ad esempio i monumenti di Gaud\u00ed, Casa Amatller e L&#8217;Aqu\u00e0rium). Troverai anche una mappa della rete metropolitana per aiutarti a orientarti in citt\u00e0.<\/p>\n\n\n\n<p>In totale, la carta offre oltre <strong>350\u20ac<\/strong> di risparmi per i viaggiatori pi\u00f9 attenti al budget.<\/p>\n\n<\/div>\n\n<div class=\"gb-container gb-container-b7be09ec gb-tabs__item\" id=\"gb-tab-item-b7be09ec\" role=\"tabpanel\">\n\n<p>Acquistare la Barcelona Card \u00e8 semplice e comodo.<\/p>\n\n\n\n<ol class=\"wp-block-list\">\n<li>Puoi comprarla online a prezzo scontato prima del viaggio o negli <strong><a href=\"https:\/\/www.barcelonacard.org\/it\/uffici-informazione-turistica\/\" data-type=\"link\" data-id=\"https:\/\/www.barcelonacard.org\/it\/uffici-informazione-turistica\/\">Uffici di Informazione Turistica<\/a><\/strong> di Barcellona a prezzo pieno.<\/li>\n\n\n\n<li>Usa il modulo di prenotazione per effettuare un ordine rapido e sicuro.<\/li>\n\n\n\n<li>Dopo l&#8217;acquisto, riceverai un voucher via email che potrai stampare e scambiare con la card fisica.<\/li>\n\n\n\n<li>Vai in uno dei punti di ritiro e mostra il voucher sul tuo smartphone per ricevere la tua Barcelona Card:<\/li>\n<\/ol>\n\n\n\n<p class=\"gb-text-6f121588\"><span class=\"gb-shape\"><svg viewBox=\"0 0 256 256\" fill=\"#000000\" height=\"32\" width=\"32\" xmlns=\"http:\/\/www.w3.org\/2000\/svg\"><path d=\"M128,60a44,44,0,1,0,44,44A44.05,44.05,0,0,0,128,60Zm0,64a20,20,0,1,1,20-20A20,20,0,0,1,128,124Zm0-112a92.1,92.1,0,0,0-92,92c0,77.36,81.64,135.4,85.12,137.83a12,12,0,0,0,13.76,0,259,259,0,0,0,42.18-39C205.15,170.57,220,136.37,220,104A92.1,92.1,0,0,0,128,12Zm31.3,174.71A249.35,249.35,0,0,1,128,216.89a249.35,249.35,0,0,1-31.3-30.18C80,167.37,60,137.31,60,104a68,68,0,0,1,136,0C196,137.31,176,167.37,159.3,186.71Z\"><\/path><\/svg><\/span><span class=\"gb-text\"><strong>Uffici dell&#8217;Aeroporto di Barcellona<\/strong><\/span><\/p>\n\n\n\n<ul class=\"wp-block-list\">\n<li><strong>Aeroporto Terminal T1 (Stazione Metro):<\/strong> Aeroporto di Barcellona, Metro Terminal T1 | Orari: Tutti i giorni 8:30 \u2013 14:30<\/li>\n\n\n\n<li><strong>Aeroporto Terminal T2 (Stazione Metro):<\/strong> Aeroporto di Barcellona, Metro Terminal T2 | Orari: Tutti i giorni 8:30 \u2013 14:30<\/li>\n\n\n\n<li><strong>Aeroporto Terminal T1 (Terminal Principale):<\/strong> Aeroporto di Barcellona, Terminal T1 | Orari: Tutti i giorni 8:30 \u2013 19:30<\/li>\n\n\n\n<li><strong>Aeroporto Terminal T2 (Terminal Principale):<\/strong> Aeroporto di Barcellona, Terminal T2 | Orari: Tutti i giorni 8:30 \u2013 19:30<\/li>\n<\/ul>\n\n\n\n<p class=\"gb-text-ad1a384b\"><span class=\"gb-shape\"><svg viewBox=\"0 0 256 256\" fill=\"#000000\" height=\"32\" width=\"32\" xmlns=\"http:\/\/www.w3.org\/2000\/svg\"><path d=\"M128,60a44,44,0,1,0,44,44A44.05,44.05,0,0,0,128,60Zm0,64a20,20,0,1,1,20-20A20,20,0,0,1,128,124Zm0-112a92.1,92.1,0,0,0-92,92c0,77.36,81.64,135.4,85.12,137.83a12,12,0,0,0,13.76,0,259,259,0,0,0,42.18-39C205.15,170.57,220,136.37,220,104A92.1,92.1,0,0,0,128,12Zm31.3,174.71A249.35,249.35,0,0,1,128,216.89a249.35,249.35,0,0,1-31.3-30.18C80,167.37,60,137.31,60,104a68,68,0,0,1,136,0C196,137.31,176,167.37,159.3,186.71Z\"><\/path><\/svg><\/span><span class=\"gb-text\"><strong>Uffici in Centro<\/strong><\/span><\/p>\n\n\n\n<ul class=\"wp-block-list\">\n<li><strong>Pla\u00e7a de Catalunya (Ufficio Principale):<\/strong> Pla\u00e7a de Catalunya, 17 (seminterrato) | Orari: Tutti i giorni 8:30 \u2013 20:30<\/li>\n\n\n\n<li><strong>Pla\u00e7a de Catalunya (Punto Informazioni):<\/strong> Davanti ai grandi magazzini El Corte Ingl\u00e9s | Orari: Tutti i giorni 8:30 \u2013 14:30<\/li>\n\n\n\n<li><strong>Pla\u00e7a Espanya:<\/strong> Pla\u00e7a Espanya (Avinguda Maria Cristina) | Orari: Tutti i giorni 8:30 \u2013 14:30<\/li>\n\n\n\n<li>S<strong>agrada Fam\u00edlia (Punto Informazioni):<\/strong> Vicino alla basilica della Sagrada Fam\u00edlia | Orari: Tutti i giorni 8:30 \u2013 20:00<\/li>\n\n\n\n<li><strong>Mirador de Colom (Monumento a Colombo):<\/strong> Pla\u00e7a Portal de la Pau | Orari: Tutti i giorni 8:30 \u2013 14:30 (ultimo ingresso alla galleria panoramica alle 13:30)<\/li>\n<\/ul>\n\n\n\n<p>Scopri la meravigliosa Barcellona risparmiando, ti basta una piccola card!<\/p>\n\n\n<div class=\"gb-container gb-container-e4dbf6fc ms-alert--primary ms-p-sm ms-mb-block\">\n\n<p class=\"gb-headline gb-headline-dcf3fc26 gb-headline-text ms-mb-0\">La carta si attiva al primo utilizzo, quindi non devi preoccuparti della scadenza prima del tuo arrivo a Barcellona.<\/p>\n\n<\/div>\n<\/div>\n\n<div class=\"gb-container gb-container-fd1bb83b gb-tabs__item\" id=\"gb-tab-item-fd1bb83b\" role=\"tabpanel\">\n\n<p>La Barcelona Card \u00e8 semplice da usare, ma conoscere alcuni dettagli chiave ti aiuter\u00e0 a ottenere il massimo valore.<\/p>\n\n\n\n<h3 class=\"gb-text-1b8be78b\"><span class=\"gb-shape\"><svg viewBox=\"0 0 256 256\" fill=\"#000000\" height=\"32\" width=\"32\" xmlns=\"http:\/\/www.w3.org\/2000\/svg\"><path d=\"M232.49,80.49l-128,128a12,12,0,0,1-17,0l-56-56a12,12,0,1,1,17-17L96,183,215.51,63.51a12,12,0,0,1,17,17Z\"><\/path><\/svg><\/span><span class=\"gb-text\">Attivazione<\/span><\/h3>\n\n\n\n<p>La Barcelona Card si attiva quando la usi per la prima volta, ad esempio sui mezzi pubblici o all&#8217;ingresso di una delle attrazioni partecipanti.<\/p>\n\n\n\n<p>La Barcelona Card \u00e8 disponibile in opzioni da 3, 4 o 5 giorni ed \u00e8 valida per giorni consecutivi, non per periodi di 24 ore. Ad esempio, se attivi una Barcelona Card di 5 giorni luned\u00ec a mezzogiorno, scadr\u00e0 venerd\u00ec a mezzanotte.<\/p>\n\n\n\n<h3 class=\"gb-text-1fe6b320\"><span class=\"gb-shape\"><svg viewBox=\"0 0 256 256\" fill=\"#000000\" height=\"32\" width=\"32\" xmlns=\"http:\/\/www.w3.org\/2000\/svg\"><path d=\"M184,20H72A36,36,0,0,0,36,56V184a36,36,0,0,0,36,36h0l-9.6,12.8a12,12,0,1,0,19.2,14.4L102,220h52l20.4,27.2a12,12,0,0,0,19.2-14.4L184,220h0a36,36,0,0,0,36-36V56A36,36,0,0,0,184,20ZM72,44H184a12,12,0,0,1,12,12v60H60V56A12,12,0,0,1,72,44ZM184,196H72a12,12,0,0,1-12-12V140H196v44A12,12,0,0,1,184,196Zm-80-28a16,16,0,1,1-16-16A16,16,0,0,1,104,168Zm80,0a16,16,0,1,1-16-16A16,16,0,0,1,184,168Z\"><\/path><\/svg><\/span><span class=\"gb-text\">Uso dei mezzi pubblici<\/span><\/h3>\n\n\n\n<p>Una volta attivata, passa la tua Barcelona Card su uno di questi mezzi di trasporto:<\/p>\n\n\n\n<ul class=\"wp-block-list\">\n<li>Metro (TMB)<\/li>\n\n\n\n<li>Tram (TMB)<\/li>\n\n\n\n<li>Autobus diurni (TMB)<\/li>\n\n\n\n<li>Ferrovia FGC (linee urbane)<\/li>\n\n\n\n<li>Treni Renfe Rodalies (solo zona 1)<\/li>\n<\/ul>\n\n\n\n<p><strong>Nota:<\/strong> La card non \u00e8 valida per gli autobus notturni.<\/p>\n\n\n\n<h3 class=\"gb-text-a33c3e33\"><span class=\"gb-shape\"><svg xmlns=\"http:\/\/www.w3.org\/2000\/svg\" width=\"32\" height=\"32\" fill=\"#000000\" viewBox=\"0 0 256 256\"><path d=\"M24,108H44v48H32a12,12,0,0,0,0,24H224a12,12,0,0,0,0-24H212V108h20a12,12,0,0,0,6.29-22.22l-104-64a12,12,0,0,0-12.58,0l-104,64A12,12,0,0,0,24,108Zm44,0H92v48H68Zm72,0v48H116V108Zm48,48H164V108h24ZM128,46.09,189.6,84H66.4ZM252,208a12,12,0,0,1-12,12H16a12,12,0,0,1,0-24H240A12,12,0,0,1,252,208Z\"><\/path><\/svg><\/span><span class=\"gb-text\"><strong>Uso nei musei e attrazioni<\/strong><\/span><\/h3>\n\n\n\n<p>Mostra o scansiona semplicemente la tua Barcelona Card all&#8217;ingresso di qualsiasi museo o attrazione inclusi. Hai un ingresso gratuito per location durante il periodo di validit\u00e0 della tua card.<\/p>\n\n\n\n<p>Per le attrazioni scontate (come Casa Batll\u00f3 o La Pedrera), presenta la tua card alla biglietteria per ricevere lo sconto.<\/p>\n\n\n\n<h3 class=\"gb-text-e8105f3d\"><span class=\"gb-shape\"><svg viewBox=\"0 0 256 256\" fill=\"#000000\" height=\"32\" width=\"32\" xmlns=\"http:\/\/www.w3.org\/2000\/svg\"><path d=\"M240.26,186.1,152.81,34.23h0a28.74,28.74,0,0,0-49.62,0L15.74,186.1a27.45,27.45,0,0,0,0,27.71A28.31,28.31,0,0,0,40.55,228h174.9a28.31,28.31,0,0,0,24.79-14.19A27.45,27.45,0,0,0,240.26,186.1Zm-20.8,15.7a4.46,4.46,0,0,1-4,2.2H40.55a4.46,4.46,0,0,1-4-2.2,3.56,3.56,0,0,1,0-3.73L124,46.2a4.77,4.77,0,0,1,8,0l87.44,151.87A3.56,3.56,0,0,1,219.46,201.8ZM116,136V104a12,12,0,0,1,24,0v32a12,12,0,0,1-24,0Zm28,40a16,16,0,1,1-16-16A16,16,0,0,1,144,176Z\"><\/path><\/svg><\/span><span class=\"gb-text\">Da sapere prima di partire<\/span><\/h3>\n\n\n\n<ul class=\"wp-block-list\">\n<li>Un ingresso per luogo: Puoi visitare ogni museo o attrazione gratuiti una volta con la tua card.<\/li>\n\n\n\n<li>Niente cumulo sconti: Gli sconti non possono essere combinati con altre promozioni o offerte.<\/li>\n\n\n\n<li>Valida fino a fine anno: La card \u00e8 valida fino alla fine dell&#8217;anno solare corrente.<\/li>\n\n\n\n<li>Deve essere attivata: Gli ingressi gratuiti e gli sconti funzionano solo una volta che la card \u00e8 attivata e durante il suo periodo di validit\u00e0.<\/li>\n<\/ul>\n\n\n\n<p>Ora accetta la sfida della Barcelona Card e scopri quanti momenti indimenticabili puoi vivere!<\/p>\n\n\n<div class=\"gb-container gb-container-3c5c7dcc ms-alert--primary ms-p-sm\">\n\n<p class=\"gb-headline gb-headline-8196bf62 gb-headline-text ms-mb-0\">Leggi di pi\u00f9:&nbsp;<a href=\"https:\/\/www.barcelonacard.org\/it\/sconti\/\">sconti<\/a>&nbsp;&#8211;&nbsp;<a href=\"https:\/\/www.barcelonacard.org\/it\/prezzi\/\">prezzi<\/a>&nbsp;&#8211;&nbsp;<a href=\"https:\/\/www.barcelonacard.org\/it\/faq\/\">domande frequenti<\/a><\/p>\n\n<\/div>\n<\/div>\n<\/div>\n<\/div>","protected":false},"excerpt":{"rendered":"","protected":false},"author":1,"featured_media":856,"parent":0,"menu_order":2,"comment_status":"closed","ping_status":"closed","template":"","meta":{"_acf_changed":false,"footnotes":"","button_url":"https:\/\/www.tiqets.com\/it\/barcelona-attractions-c66342\/tickets-for-barcelona-card-72-Hour-96-Hour-120-Hour-p975758\/?partner=barcelonacard","ms_product_id":"975758","ms_product_name":"Barcelona Card: Public Transport + 40 Attractions","ms_price":"59","ms_currency":"EUR","ms_rating_value":"4.3","ms_review_count":"2287","rank_math_title":"Barcellona Card - Compra la Barcellona Card","rank_math_description":"Risparmia tempo e soldi con la Barcellona Card \u2013 il lasciapassare turistico ufficiale della citt\u00e0 di Barcellona."},"post-style":[],"producer":[],"class_list":["post-587","page","type-page","status-publish","has-post-thumbnail"],"acf":[],"product_schema":{"ms_product_id":"975758","ms_product_name":"Barcelona Card: Public Transport + 40 Attractions","ms_price":"59","ms_currency":"EUR","ms_rating_value":"4.3","ms_review_count":"2287"},"_links":{"self":[{"href":"https:\/\/www.barcelonacard.org\/it\/wp-json\/wp\/v2\/pages\/587","targetHints":{"allow":["GET"]}}],"collection":[{"href":"https:\/\/www.barcelonacard.org\/it\/wp-json\/wp\/v2\/pages"}],"about":[{"href":"https:\/\/www.barcelonacard.org\/it\/wp-json\/wp\/v2\/types\/page"}],"author":[{"embeddable":true,"href":"https:\/\/www.barcelonacard.org\/it\/wp-json\/wp\/v2\/users\/1"}],"replies":[{"embeddable":true,"href":"https:\/\/www.barcelonacard.org\/it\/wp-json\/wp\/v2\/comments?post=587"}],"version-history":[{"count":3,"href":"https:\/\/www.barcelonacard.org\/it\/wp-json\/wp\/v2\/pages\/587\/revisions"}],"predecessor-version":[{"id":1136,"href":"https:\/\/www.barcelonacard.org\/it\/wp-json\/wp\/v2\/pages\/587\/revisions\/1136"}],"wp:featuredmedia":[{"embeddable":true,"href":"https:\/\/www.barcelonacard.org\/it\/wp-json\/wp\/v2\/media\/856"}],"wp:attachment":[{"href":"https:\/\/www.barcelonacard.org\/it\/wp-json\/wp\/v2\/media?parent=587"}],"wp:term":[{"taxonomy":"post-style","embeddable":true,"href":"https:\/\/www.barcelonacard.org\/it\/wp-json\/wp\/v2\/post-style?post=587"},{"taxonomy":"producer","embeddable":true,"href":"https:\/\/www.barcelonacard.org\/it\/wp-json\/wp\/v2\/producer?post=587"}],"curies":[{"name":"wp","href":"https:\/\/api.w.org\/{rel}","templated":true}]}}