{"id":5,"date":"2013-10-20T16:20:48","date_gmt":"2013-10-20T14:20:48","guid":{"rendered":"https:\/\/www.barcelonacard.org\/?page_id=5"},"modified":"2026-01-16T06:52:25","modified_gmt":"2026-01-16T05:52:25","slug":"sconti","status":"publish","type":"page","link":"https:\/\/www.barcelonacard.org\/it\/sconti\/","title":{"rendered":"Sconti della Barcellona Card"},"content":{"rendered":"\n<div class=\"ms-p ms-rounded ms-mb-last-child-0 ms-mb-children-condensed ms-alert--contrast ms-mb-block\">\n<ul class=\"wp-block-list\">\n<li>La Barcelona Card include trasporti pubblici illimitati a Barcellona (metro, autobus, tram, treni suburbani, anche per l&#8217;aeroporto).<\/li>\n\n\n\n<li>Ingresso gratuito in oltre 25 musei e spazi culturali come il Museo Picasso, MNAC, Fondazione Joan Mir\u00f3 e MACBA.<\/li>\n\n\n\n<li>Accesso prioritario ai principali musei, pi\u00f9 un giro gratuito in barca con Las Golondrinas.<\/li>\n\n\n\n<li>Risparmi dal 10 al 50% su attrazioni iconiche come Casa Batll\u00f3, La Pedrera, Casa Vicens e l&#8217;Acquario di Barcellona.<\/li>\n\n\n\n<li>Inoltre sconti su oltre 70 tour, spettacoli ed esperienze in tutta la citt\u00e0. <\/li>\n<\/ul>\n\n\n\n<p class=\"gb-text-fb1a3135\"><span class=\"gb-shape\"><svg xmlns=\"http:\/\/www.w3.org\/2000\/svg\" width=\"32\" height=\"32\" fill=\"#000000\" viewBox=\"0 0 256 256\"><path d=\"M228,144v64a12,12,0,0,1-12,12H40a12,12,0,0,1-12-12V144a12,12,0,0,1,24,0v52H204V144a12,12,0,0,1,24,0Zm-108.49,8.49a12,12,0,0,0,17,0l40-40a12,12,0,0,0-17-17L140,115V32a12,12,0,0,0-24,0v83L96.49,95.51a12,12,0,0,0-17,17Z\"><\/path><\/svg><\/span><span class=\"gb-text\"><a href=\"https:\/\/www.barcelonacard.org\/wp-content\/uploads\/FolletoBarcelonaCard2026.pdf\" target=\"_blank\" data-type=\"link\" data-id=\"https:\/\/drive.google.com\/file\/d\/16o2S8Uo9wpknZP7nHiZxyDS21InCpXhC\/view?usp=sharing\" rel=\"noreferrer noopener nofollow\">Scarica l&#8217;elenco completo degli sconti (PDF)<\/a><\/span><\/p>\n<\/div>\n\n\n\n<h2 class=\"wp-block-heading\">Gratuito<\/h2>\n\n\n\n<h3 class=\"wp-block-heading\">Trasporto pubblico<\/h3>\n\n\n<div class=\"ms-table\"><table><tr><th>Elemento<\/th><th>Prezzo normale<\/th><th>Con scheda<\/th><\/tr><tr><td>48-Ore<\/td><td>18,01 \u20ac<\/td><td>Gratis<\/td><\/tr><tr><td>72-Ore<\/td><td>26,30 \u20ac<\/td><td>Gratis<\/td><\/tr><tr><td>96-Ore<\/td><td>34,40 \u20ac<\/td><td>Gratis<\/td><\/tr><tr><td>120-Ore<\/td><td>42,10 \u20ac<\/td><td>Gratis<\/td><\/tr><tr><td>Treno per l&#8217;aeroporto<\/td><td>4,20 \u20ac<\/td><td>Gratis<\/td><\/tr><tr><td>Metro per l&#8217;aeroporto<\/td><td>4,60 \u20ac<\/td><td>Gratis<\/td><\/tr><\/table><\/div>\n\n\n<h3 class=\"wp-block-heading\"><strong>Musei e attrazioni<\/strong><\/h3>\n\n\n<div class=\"ms-table\"><table><tr><th>Attrazione<\/th><th>Prezzo normale<\/th><th>Con scheda<\/th><\/tr><tr><td>CaixaForum<\/td><td>6,00 \u20ac<\/td><td>Gratis<\/td><\/tr><tr><td>Castell de Montju\u00efc*<\/td><td>12,00 \u20ac<\/td><td>Gratis<\/td><\/tr><tr><td>Centre de Cultura Contempor\u00e0nia de Barcelona (CCCB)**<\/td><td>6,00 \u20ac<\/td><td>Gratis<\/td><\/tr><tr><td>Centre Martorell d\u2019Exposicions<\/td><td>6,50 \u20ac<\/td><td>Gratis<\/td><\/tr><tr><td>Disseny Hub Barcelona DHUB<\/td><td>6,00 \u20ac<\/td><td>Gratis<\/td><\/tr><tr><td>El Born Museu d&#8217;Historia de Barcelona<\/td><td>7,00 \u20ac<\/td><td>Gratis<\/td><\/tr><tr><td>El Call Museu d&#8217;Historia de Barcelona<\/td><td>2,00 \u20ac<\/td><td>Gratis<\/td><\/tr><tr><td>Fundaci\u00f3 Joan Mir\u00f3**<\/td><td>15,00 \u20ac<\/td><td>Gratis<\/td><\/tr><tr><td>Jard\u00ed Bot\u00e0nic de Barcelona<\/td><td>3,50 \u20ac<\/td><td>Gratis<\/td><\/tr><tr><td>MOCO Museum Barcelona<\/td><td>19,50 \u20ac<\/td><td>Gratis<\/td><\/tr><tr><td>Museu d&#8217;Historia de Barcelona Refugi 307<\/td><td>2,00 \u20ac<\/td><td>Gratis<\/td><\/tr><tr><td>Museu d&#8217;Historia de Pla\u00e7a del Rei<\/td><td>7,30 \u20ac<\/td><td>Gratis<\/td><\/tr><tr><td>Museu d&#8217;Historia de Barcelona Via Sepulcral Romana<\/td><td>2,00 \u20ac<\/td><td>Gratis<\/td><\/tr><tr><td>Museu Banksy Barcelona<\/td><td>14,00 \u20ac<\/td><td>Gratis<\/td><\/tr><tr><td>Museu d\u2019Art Contemporani de Barcelona (MACBA)**<\/td><td>12,00 \u20ac<\/td><td>Gratis<\/td><\/tr><tr><td>Museu de la Ci\u00e8ncia CosmoCaixa<\/td><td>8,00 \u20ac<\/td><td>Gratis<\/td><\/tr><tr><td>Museu de la M\u00fasica<\/td><td>6,00 \u20ac<\/td><td>Gratis<\/td><\/tr><tr><td>Museu de la Xocolata**<\/td><td>7,00 \u20ac<\/td><td>Gratis<\/td><\/tr><tr><td>Museu de Ci\u00e8ncies Naturals de Barcelona<\/td><td>6,00 \u20ac<\/td><td>Gratis<\/td><\/tr><tr><td>Museu Egipci de Barcelona**<\/td><td>13,00 \u20ac<\/td><td>Gratis<\/td><\/tr><tr><td>Museu Etnol\u00f2gic i de Cultures del M\u00f3n &#8211; Montcada<\/td><td>5,00 \u20ac<\/td><td>Gratis<\/td><\/tr><tr><td>Museu Etnol\u00f2gic i de Cultures del M\u00f3n &#8211; Parc de Montju\u00efc<\/td><td>5,00 \u20ac<\/td><td>Gratis<\/td><\/tr><tr><td>Museu Frederic Mar\u00e8s<\/td><td>4,20 \u20ac<\/td><td>Gratis<\/td><\/tr><tr><td>Museu Nacional d\u2019Art de Catalunya**<\/td><td>12,00 \u20ac<\/td><td>Gratis<\/td><\/tr><tr><td>Museu Ol\u00edmpic i de l\u2019Esport Joan Antoni Samaranch**<\/td><td>6,30 \u20ac<\/td><td>Gratis<\/td><\/tr><tr><td>Museu Picasso<\/td><td>12,00 \u20ac<\/td><td>Gratis<\/td><\/tr><tr><td>Museu T\u00e0pies**<\/td><td>8,00 \u20ac<\/td><td>Gratis<\/td><\/tr><tr><td>Reial Monestir de Santa Maria de Pedralbes<\/td><td>5,00 \u20ac<\/td><td>Gratis<\/td><\/tr><\/table><\/div>\n\n\n<h2 class=\"wp-block-heading\"><strong>Sconti<\/strong><\/h2>\n\n\n\n<h3 class=\"wp-block-heading\">Musei e attrazioni<\/h3>\n\n\n<div class=\"ms-table\"><table><tr><th>Attrazione<\/th><th>Sconto<\/th><\/tr><tr><td>Biblioteca Ar\u00fas<\/td><td>-20%<\/td><\/tr><tr><td>Casa Amatller<\/td><td>-20%<\/td><\/tr><tr><td>Casa Batll\u00f3<\/td><td>-7\u20ac<\/td><\/tr><tr><td>Casa Mil\u00e0 &#8211; La Pedrera (La Pedrera Essencial adult) (Entry from 14h)<\/td><td>-7\u20ac<\/td><\/tr><tr><td>Casa Rocamora<\/td><td>-20%<\/td><\/tr><tr><td>Casa Vicens<\/td><td>-20%<\/td><\/tr><tr><td>Cripta Gaud\u00ed de la Col\u00f2nia G\u00fcell<\/td><td>-20%<\/td><\/tr><tr><td>Fundaci\u00f3 Vila Casas: Museu Can Framis i Espais Volart<\/td><td>-25%<\/td><\/tr><tr><td>KBR Fundaci\u00f3n MAPFRE Barcelona Photo Center<\/td><td>5\u20ac \u2192 3\u20ac<\/td><\/tr><tr><td>Gaud\u00ed Experi\u00e8ncia*<\/td><td>-20%<\/td><\/tr><tr><td>Mirador de Colom<\/td><td>-20%<\/td><\/tr><tr><td>Mirador Torre Gl\u00f2ries<\/td><td>-20%<\/td><\/tr><tr><td>Museu d\u2019Arqueologia de Catalunya<\/td><td>-25%<\/td><\/tr><tr><td>Museu d\u2019Hist\u00f2ria de Catalunya<\/td><td>-20%<\/td><\/tr><tr><td>Museu de la Cera de Barcelona<\/td><td>-20%<\/td><\/tr><tr><td>Museu de l\u2019Er\u00f2tica<\/td><td>-25%<\/td><\/tr><tr><td>Museu del Torr\u00f3 i la Xocolata de Barcelona<\/td><td>-25%<\/td><\/tr><tr><td>Museu Europeu d\u2019Art Modern (MEAM)<\/td><td>-25%<\/td><\/tr><tr><td>Museu Mar\u00edtim de Barcelona<\/td><td>-20%<\/td><\/tr><tr><td>Palau Bar\u00f3 Quadra<\/td><td>-20%<\/td><\/tr><tr><td>Palau de la M\u00fasica Catalana<\/td><td>-25%<\/td><\/tr><tr><td>Palau G\u00fcell<\/td><td>-20%<\/td><\/tr><tr><td>Paradox Museum<\/td><td>-20% (codice prenotazione online: TCPDX)<\/td><\/tr><tr><td>Pavell\u00f3 Mies van der Rohe<\/td><td>-25%<\/td><\/tr><tr><td>Poble Espanyol de Barcelona<\/td><td>-20%<\/td><\/tr><tr><td>Rock Museum Barcelona<\/td><td>-25%<\/td><\/tr><tr><td>Sant Pau Recinte Modernista<\/td><td>-20%<\/td><\/tr><\/table><\/div>\n\n\n<h3 class=\"wp-block-heading\"><span class=\"notion-enable-hover\" data-token-index=\"0\">Visite e tour<\/span><\/h3>\n\n\n<div class=\"ms-table\"><table><tr><th>Tour<\/th><th>Sconto<\/th><\/tr><tr><td>A-Bike Rental &#038; Tours*<\/td><td>-2\u20ac<\/td><\/tr><tr><td>Barcelona Bus Tur\u00edstic<\/td><td>-10%<\/td><\/tr><tr><td>Barcelona Walking Tours G\u00f2tic<\/td><td>-50%<\/td><\/tr><tr><td>Barcelona Walking Tours Modernisme<\/td><td>-50%<\/td><\/tr><tr><td>Barcelona Walking Tours Picasso<\/td><td>-50%<\/td><\/tr><tr><td>Catalunya Bus Tur\u00edstic*<\/td><td>-15%<\/td><\/tr><tr><td>Las Golondrinas Barcelona Port<\/td><td>-2\u20ac<\/td><\/tr><tr><td>Las Golondrinas Barcelona Port i Litoral<\/td><td>-2\u20ac<\/td><\/tr><tr><td>Vineyard Tour &#038; Tasting, sailing (car or ebike)<\/td><td>-20%<\/td><\/tr><\/table><\/div>\n\n\n<h3 class=\"wp-block-heading\"><span class=\"notion-enable-hover\" data-token-index=\"0\">Tempo libero<\/span><\/h3>\n\n\n<div class=\"ms-table\"><table><tr><th>Leisure<\/th><th>Sconto<\/th><\/tr><tr><td>Casino de Barcelona<\/td><td>(Ingresso gratuito + drink di benvenuto)<\/td><\/tr><tr><td>House of Candy<\/td><td>-50%<\/td><\/tr><tr><td>Icebarcelona*<\/td><td>-20% (solo prenotazione online)<\/td><\/tr><tr><td>L\u2019Aqu\u00e0rium de Barcelona<\/td><td>-20%<\/td><\/tr><tr><td>Parc d\u2019Atraccions del Tibidabo<\/td><td>-20%<\/td><\/tr><tr><td>Telef\u00e8ric de Montju\u00efc<\/td><td>-15% (biglietto di ritorno)<\/td><\/tr><tr><td>White Rabbit Barcelona*<\/td><td>-50%<\/td><\/tr><tr><td>Zoo de Barcelona<\/td><td>-20%<\/td><\/tr><\/table><\/div>\n\n\n<h3 class=\"wp-block-heading\"><span class=\"notion-enable-hover\" data-token-index=\"0\">Intrattenimento<\/span><\/h3>\n\n\n<div class=\"ms-table\"><table><tr><th>Entertainment<\/th><th>Sconto<\/th><\/tr><tr><td>Classical concert in Basilica de la Merc\u00e8<\/td><td>-20%<\/td><\/tr><tr><td>El Duende<\/td><td>  <\/td><\/tr><tr><td>\u2014 Drink &#038; spettacolo (adulto)<\/td><td>-10%<\/td><\/tr><tr><td>Tablao Flamenco Cordob\u00e9s<\/td><td>    <\/td><\/tr><tr><td>\u2014 Drink &#038; spettacolo<\/td><td>-20%<\/td><\/tr><tr><td>\u2014 Drink &#038; spettacolo (adulto)<\/td><td>-8%<\/td><\/tr><tr><td>Tablao Flamenco Patio Andaluz<\/td><td>-10,00 \u20ac<\/td><\/tr><\/table><\/div>\n\n\n<h3 class=\"wp-block-heading\"><span class=\"notion-enable-hover\" data-token-index=\"0\">Altri servizi<\/span><\/h3>\n\n\n<div class=\"ms-table\"><table><tr><th>Other Services<\/th><th>Sconto<\/th><\/tr><tr><td>Locker Barcelona<\/td><td>-10%<\/td><\/tr><\/table><\/div>\n\n\n<p>*Prenotazione online disponibile <\/p>\n\n\n\n<p>**Evita la fila<\/p>\n\n\n\n<p><strong>Aggiornato:<\/strong> Q1 2026. Gli sconti inclusi nella Barcellona Card possono essere modificati senza preavviso. Riceverai un opuscolo con tutti i dettagli sugli sconti al momento del ritiro della tua Barcellona Card.<\/p>\n","protected":false},"excerpt":{"rendered":"","protected":false},"author":1,"featured_media":0,"parent":0,"menu_order":3,"comment_status":"closed","ping_status":"closed","template":"","meta":{"_acf_changed":false,"footnotes":"","button_url":"https:\/\/www.tiqets.com\/it\/barcelona-attractions-c66342\/tickets-for-barcelona-card-72-Hour-96-Hour-120-Hour-p975758\/?partner=barcelonacard","ms_product_id":"975758","ms_product_name":"Barcelona Card: Public Transport + 40 Attractions","ms_price":"59","ms_currency":"EUR","ms_rating_value":"4.3","ms_review_count":"2295","rank_math_title":"%title% (Aggiornato %currentyear%)","rank_math_description":"La Barcelona Card offre oltre 70 sconti su attrazioni famose, tour turistici, intrattenimento, shopping e vita notturna."},"post-style":[],"producer":[],"class_list":["post-5","page","type-page","status-publish","has-post-thumbnail"],"acf":[],"product_schema":{"ms_product_id":"975758","ms_product_name":"Barcelona Card: Public Transport + 40 Attractions","ms_price":"59","ms_currency":"EUR","ms_rating_value":"4.3","ms_review_count":"2295"},"_links":{"self":[{"href":"https:\/\/www.barcelonacard.org\/it\/wp-json\/wp\/v2\/pages\/5","targetHints":{"allow":["GET"]}}],"collection":[{"href":"https:\/\/www.barcelonacard.org\/it\/wp-json\/wp\/v2\/pages"}],"about":[{"href":"https:\/\/www.barcelonacard.org\/it\/wp-json\/wp\/v2\/types\/page"}],"author":[{"embeddable":true,"href":"https:\/\/www.barcelonacard.org\/it\/wp-json\/wp\/v2\/users\/1"}],"replies":[{"embeddable":true,"href":"https:\/\/www.barcelonacard.org\/it\/wp-json\/wp\/v2\/comments?post=5"}],"version-history":[{"count":3,"href":"https:\/\/www.barcelonacard.org\/it\/wp-json\/wp\/v2\/pages\/5\/revisions"}],"predecessor-version":[{"id":1072,"href":"https:\/\/www.barcelonacard.org\/it\/wp-json\/wp\/v2\/pages\/5\/revisions\/1072"}],"wp:attachment":[{"href":"https:\/\/www.barcelonacard.org\/it\/wp-json\/wp\/v2\/media?parent=5"}],"wp:term":[{"taxonomy":"post-style","embeddable":true,"href":"https:\/\/www.barcelonacard.org\/it\/wp-json\/wp\/v2\/post-style?post=5"},{"taxonomy":"producer","embeddable":true,"href":"https:\/\/www.barcelonacard.org\/it\/wp-json\/wp\/v2\/producer?post=5"}],"curies":[{"name":"wp","href":"https:\/\/api.w.org\/{rel}","templated":true}]}}