{"id":13,"date":"2013-10-25T17:23:53","date_gmt":"2013-10-25T15:23:53","guid":{"rendered":"https:\/\/www.barcelonacard.org\/?page_id=13"},"modified":"2026-01-20T22:34:05","modified_gmt":"2026-01-20T21:34:05","slug":"uffici-informazione-turistica","status":"publish","type":"page","link":"https:\/\/www.barcelonacard.org\/it\/uffici-informazione-turistica\/","title":{"rendered":"Uffici di Informazione Turistica"},"content":{"rendered":"\n<p>Ovunque tu sia a Barcellona, c&#8217;\u00e8 sempre un ufficio turistico vicino a te. L&#8217;ufficio principale si trova in Pla\u00e7a de Catalunya, ma ci sono molti altri punti di informazione sparsi per la citt\u00e0.<\/p>\n\n\n\n<p>Anche l&#8217;Aeroporto di Barcellona ospita uffici informazioni in entrambi i terminal. Puoi acquistare facilmente la Barcelona Card in anticipo e ritirarla direttamente in aeroporto. Un ulteriore vantaggio \u00e8 la possibilit\u00e0 di usare il treno dall&#8217;aeroporto per raggiungere la citt\u00e0.<\/p>\n\n\n\n<p>Qui sotto trovi un elenco dei punti informativi turistici con dettagli di contatto, indirizzi e orari di apertura:<\/p>\n\n\n\n<h3 class=\"wp-block-heading\">Pla\u00e7a de Catalunya<\/h3>\n\n\n\n<p>Nel cuore di Barcellona, questo punto informativo offre assistenza multilingue, un negozio di souvenir e rimborsi IVA. \u00c8 anche il punto d\u2019incontro per il <a href=\"https:\/\/www.tiqets.com\/it\/barcelona-attractions-c66342\/tickets-for-picasso-walking-tour-picasso-museum-skip-the-line-p977198\/?partner=barcelonacard\" rel=\"nofollow noopener\">Tour a piedi di Picasso + ingresso al Museo di Picasso con salta-coda<\/a>.<\/p>\n\n\n\n<ul class=\"wp-block-list\">\n<li>Indirizzo: Pla\u00e7a de Catalunya, 17-S, 08002, Barcellona<\/li>\n\n\n\n<li>Tel: 932 853 834<\/li>\n\n\n\n<li>Orario: tutti i giorni, dalle 8:30 alle 20:30<\/li>\n<\/ul>\n\n\n\n<h3 class=\"wp-block-heading\">Aeroporto \u2013 Terminal 1 e 2<\/h3>\n\n\n\n<p>Punti informativi utili presso l&#8217;aeroporto di Barcellona \u2013 El Prat.<\/p>\n\n\n\n<ul class=\"wp-block-list\">\n<li>Indirizzo: Aeroport del Prat \u2013 Terminal 1 e 2 (B)<\/li>\n\n\n\n<li>Orario:<br>T1: da luned\u00ec a domenica, dalle 8:30 alle 19:30<br>T2: da luned\u00ec a domenica, dalle 8:30 alle 19:30<\/li>\n<\/ul>\n\n\n\n<h3 class=\"wp-block-heading\">Metropolitana L9 \u2013 Hall dell\u2019aeroporto<\/h3>\n\n\n\n<p>Sportelli turistici nella hall della Metro L9 presso i terminal T1 e T2 dell\u2019aeroporto.<\/p>\n\n\n\n<ul class=\"wp-block-list\">\n<li>Indirizzo: Aeroport del Prat \u2013 Metro L9, Barcellona<\/li>\n\n\n\n<li>Orario:<br>T1: da luned\u00ec a domenica, dalle 8:30 alle 14:30<br>T2: da luned\u00ec a domenica, dalle 8:30 alle 14:30<\/li>\n<\/ul>\n\n\n\n<h3 class=\"wp-block-heading\">Oficina Catedral<\/h3>\n\n\n\n<p>Un punto informativo nel Quartiere Gotico, proprio accanto alla Cattedrale di Barcellona.<\/p>\n\n\n\n<ul class=\"wp-block-list\">\n<li>Indirizzo: Pla de la Seu s\/n, Barcellona<\/li>\n\n\n\n<li>Orario:<br>Da luned\u00ec a sabato: dalle 9:00 alle 17:00<br>Domenica: chiuso<\/li>\n<\/ul>\n\n\n\n<h3 class=\"wp-block-heading\">Mirador de Colom<\/h3>\n\n\n\n<p>Un punto informativo all\u2019interno del Monumento a Colombo, vicino al porto vecchio \u2013 perfetto per una passeggiata. Troverai anche assistenza, biglietti e suggerimenti per i tour.<\/p>\n\n\n\n<ul class=\"wp-block-list\">\n<li>Indirizzo: Pla\u00e7a del Portal de la Pau, s\/n, 08002, Barcellona<\/li>\n\n\n\n<li>Orario: da luned\u00ec a domenica, dalle 8:30 alle 14:30<\/li>\n\n\n\n<li>Ultimo accesso al Mirador: 30 minuti prima della chiusura<\/li>\n<\/ul>\n\n\n\n<h3 class=\"wp-block-heading\">Estaci\u00f3 del Nord<\/h3>\n\n\n\n<p>Se arrivi in autobus, c\u2019\u00e8 un punto informativo presso l\u2019Espai Mediterr\u00e0nia della stazione Estaci\u00f3 del Nord.<\/p>\n\n\n\n<ul class=\"wp-block-list\">\n<li>Indirizzo: Estaci\u00f3 del Nord \u2013 Espai Mediterr\u00e0nia, 08013, Barcellona<\/li>\n\n\n\n<li>Orario: da luned\u00ec a domenica, dalle 8:30 alle 14:00<\/li>\n<\/ul>\n\n\n\n<h3 class=\"wp-block-heading\">Sportelli informativi turistici<\/h3>\n\n\n\n<p>Troverai sportelli informativi in punti chiave della citt\u00e0, dove il personale \u00e8 pronto a fornire consigli e assistenza personalizzata.<\/p>\n\n\n\n<ul class=\"wp-block-list\">\n<li><strong>Cabina Colom<\/strong><br>Indirizzo: Pla\u00e7a Portal de la Pau, s\/n<br>Orario: da luned\u00ec a domenica, dalle 8:30 alle 14:30<\/li>\n\n\n\n<li><strong>Cabina Pla\u00e7a Catalunya Bergara<\/strong><br>Indirizzo: Pla\u00e7a de Catalunya, s\/n<br>Orario: da luned\u00ec a domenica, dalle 8:30 alle 20:00<\/li>\n\n\n\n<li><strong>Cabina Pla\u00e7a de Catalunya Nord<\/strong><br>Indirizzo: Pla\u00e7a de Catalunya, s\/n (di fronte a &#8220;El Corte Ingl\u00e9s&#8221;)<br>Orario:<br>Luned\u00ec e domenica, dalle 8:30 alle 14:30<br>Da marted\u00ec a sabato, dalle 8:30 alle 20:00<\/li>\n\n\n\n<li><strong>Cabina Pla\u00e7a de Catalunya Sud<\/strong><br>Indirizzo: Pla\u00e7a de Catalunya, s\/n (di fronte a &#8220;El Triangle&#8221;)<br>Orario: da luned\u00ec a domenica, dalle 8:30 alle 20:00<\/li>\n\n\n\n<li><strong>Cabina Pla\u00e7a Espanya<\/strong><br>Indirizzo: Pla\u00e7a Espanya \/ Av. Maria Cristina<br>Orario: da luned\u00ec a domenica, dalle 8:30 alle 14:30<\/li>\n\n\n\n<li><strong>Cabina Sagrada Fam\u00edlia<\/strong><br>Indirizzo: Pla\u00e7a de la Sagrada Fam\u00edlia<br>Orario: da luned\u00ec a domenica, dalle 8:30 alle 20:00<\/li>\n\n\n\n<li><strong>Cabina Sagrada Fam\u00edlia 2<\/strong><br>Indirizzo: Pla\u00e7a de la Sagrada Fam\u00edlia<br>Orario:<br>Da luned\u00ec a sabato, dalle 8:30 alle 20:00<br>Domenica, dalle 8:30 alle 14:30<\/li>\n<\/ul>\n\n\n\n<div class=\"ms-p ms-rounded ms-mb-last-child-0 ms-mb-children-condensed ms-mb-block ms-alert--neutral\">\n<h4 class=\"gb-text-f2308c06\"><span class=\"gb-shape\"><svg viewBox=\"0 0 256 256\" fill=\"#000000\" height=\"32\" width=\"32\" xmlns=\"http:\/\/www.w3.org\/2000\/svg\"><path d=\"M108,84a16,16,0,1,1,16,16A16,16,0,0,1,108,84Zm128,44A108,108,0,1,1,128,20,108.12,108.12,0,0,1,236,128Zm-24,0a84,84,0,1,0-84,84A84.09,84.09,0,0,0,212,128Zm-72,36.68V132a20,20,0,0,0-20-20,12,12,0,0,0-4,23.32V168a20,20,0,0,0,20,20,12,12,0,0,0,4-23.32Z\"><\/path><\/svg><\/span><span class=\"gb-text\">Note<\/span><\/h4>\n\n\n\n<p class=\"gb-text\">Gli orari degli uffici informativi possono variare per cause indipendenti da Turisme de Barcelona.<\/p>\n\n\n\n<p class=\"gb-text\">Per maggiori informazioni <a href=\"https:\/\/www.barcelonaturisme.com\/wv3\/en\/page\/38\/tourist-information-points.html\" target=\"_blank\" rel=\"noreferrer noopener nofollow\">clicca qui<\/a>.<\/p>\n<\/div>\n\n\n\n<p><\/p>\n","protected":false},"excerpt":{"rendered":"","protected":false},"author":1,"featured_media":0,"parent":0,"menu_order":6,"comment_status":"closed","ping_status":"closed","template":"","meta":{"_acf_changed":false,"footnotes":"","button_url":"https:\/\/www.tiqets.com\/it\/barcelona-attractions-c66342\/tickets-for-barcelona-card-72-Hour-96-Hour-120-Hour-p975758\/?partner=barcelonacard","ms_product_id":"","ms_product_name":"","ms_price":"","ms_currency":"","ms_rating_value":"","ms_review_count":"","rank_math_title":"%title% %sep% %sitename%","rank_math_description":"Elenco degli uffici di informazione turistica a Barcellona."},"post-style":[],"producer":[],"class_list":["post-13","page","type-page","status-publish","has-post-thumbnail"],"acf":[],"product_schema":{"ms_product_id":"","ms_product_name":"","ms_price":"","ms_currency":"","ms_rating_value":"","ms_review_count":""},"_links":{"self":[{"href":"https:\/\/www.barcelonacard.org\/it\/wp-json\/wp\/v2\/pages\/13","targetHints":{"allow":["GET"]}}],"collection":[{"href":"https:\/\/www.barcelonacard.org\/it\/wp-json\/wp\/v2\/pages"}],"about":[{"href":"https:\/\/www.barcelonacard.org\/it\/wp-json\/wp\/v2\/types\/page"}],"author":[{"embeddable":true,"href":"https:\/\/www.barcelonacard.org\/it\/wp-json\/wp\/v2\/users\/1"}],"replies":[{"embeddable":true,"href":"https:\/\/www.barcelonacard.org\/it\/wp-json\/wp\/v2\/comments?post=13"}],"version-history":[{"count":3,"href":"https:\/\/www.barcelonacard.org\/it\/wp-json\/wp\/v2\/pages\/13\/revisions"}],"predecessor-version":[{"id":1076,"href":"https:\/\/www.barcelonacard.org\/it\/wp-json\/wp\/v2\/pages\/13\/revisions\/1076"}],"wp:attachment":[{"href":"https:\/\/www.barcelonacard.org\/it\/wp-json\/wp\/v2\/media?parent=13"}],"wp:term":[{"taxonomy":"post-style","embeddable":true,"href":"https:\/\/www.barcelonacard.org\/it\/wp-json\/wp\/v2\/post-style?post=13"},{"taxonomy":"producer","embeddable":true,"href":"https:\/\/www.barcelonacard.org\/it\/wp-json\/wp\/v2\/producer?post=13"}],"curies":[{"name":"wp","href":"https:\/\/api.w.org\/{rel}","templated":true}]}}