{"id":587,"date":"2013-10-20T14:05:29","date_gmt":"2013-10-20T14:05:29","guid":{"rendered":"https:\/\/www.barcelonacard.org\/hu\/?page_id=4"},"modified":"2026-04-20T18:56:47","modified_gmt":"2026-04-20T16:56:47","slug":"barcelona-card","status":"publish","type":"page","link":"https:\/\/www.barcelonacard.org\/hu\/","title":{"rendered":"Barcelona Card"},"content":{"rendered":"\n<figure><div class=\"ms-credits\">\n<img decoding=\"async\" class=\"gb-media-25603cfa\" alt=\"Aerial view of Barcelona\" src=\"https:\/\/www.barcelonacard.org\/hu\/wp-content\/uploads\/sites\/20\/barcelona-card-homepage-1746806969.jpg\" title=\"barcelona-card-homepage-1746806969\"\/>\n<span class='ms-credits__info' id='media932'><svg xmlns=\"http:\/\/www.w3.org\/2000\/svg\" width=\"20\" height=\"22\" fill=\"#000000\" viewBox=\"0 0 256 256\"><path d=\"M128,24A104,104,0,1,0,232,128,104.11,104.11,0,0,0,128,24Zm0,192a88,88,0,1,1,88-88A88.1,88.1,0,0,1,128,216ZM96,128a32,32,0,0,0,57.6,19.2,8,8,0,0,1,12.8,9.61,48,48,0,1,1,0-57.62,8,8,0,0,1-12.8,9.61A32,32,0,0,0,96,128Z\"><\/path><\/svg>rabbit75_dep\/<a href=https:\/\/depositphotos.com\/editorial\/sagrada-familia-basilica-aerial-view-famous-landmark-barcelona-spain-374286208.html rel='nofollow' target='_blank'>Depositphotos<\/a><\/span><span class='ms-credits__btn' id='btn_media932' onclick='ms_credits_trigger(\"#media932\", this)'><svg xmlns=\"http:\/\/www.w3.org\/2000\/svg\" class=\"info_icon\" width=\"28\" height=\"28\" fill=\"#FFF\" viewBox=\"0 0 256 256\"><path d=\"M128,24A104,104,0,1,0,232,128,104.11,104.11,0,0,0,128,24Zm0,192a88,88,0,1,1,88-88A88.1,88.1,0,0,1,128,216Zm16-40a8,8,0,0,1-8,8,16,16,0,0,1-16-16V128a8,8,0,0,1,0-16,16,16,0,0,1,16,16v40A8,8,0,0,1,144,176ZM112,84a12,12,0,1,1,12,12A12,12,0,0,1,112,84Z\"><\/path><\/svg><svg xmlns=\"http:\/\/www.w3.org\/2000\/svg\" class=\"close_icon\" width=\"28\" height=\"28\" fill=\"#FFF\" viewBox=\"0 0 256 256\"><path d=\"M165.66,101.66,139.31,128l26.35,26.34a8,8,0,0,1-11.32,11.32L128,139.31l-26.34,26.35a8,8,0,0,1-11.32-11.32L116.69,128,90.34,101.66a8,8,0,0,1,11.32-11.32L128,116.69l26.34-26.35a8,8,0,0,1,11.32,11.32ZM232,128A104,104,0,1,1,128,24,104.11,104.11,0,0,1,232,128Zm-16,0a88,88,0,1,0-88,88A88.1,88.1,0,0,0,216,128Z\"><\/path><\/svg><\/span><\/div><\/figure>\n\n\n\n<h1 class=\"gb-headline gb-headline-1c55328e gb-headline-text\">Barcelona Card<br><strong><strong><mark style=\"background-color:var(--ms-color-white)\" class=\"has-inline-color has-ms-color-neutral-darker-color\">Sp\u00f3rolj id\u0151t \u00e9s p\u00e9nzt a Barcelona Carddal!<\/mark><\/strong><\/strong><\/h1>\n\n\n\n<p class=\"gb-headline gb-headline-1b19673b gb-headline-text\">Fedezd fel a legjobb l\u00e1tnival\u00f3kat a Barcelona Card seg\u00edts\u00e9g\u00e9vel! \u00c9lvezd a korl\u00e1tlan utaz\u00e1st a t\u00f6megk\u00f6zleked\u00e9si eszk\u00f6z\u00f6k\u00f6n (bele\u00e9rtve a rept\u00e9ri vonatot \u00e9s metr\u00f3t is), ingyenes bel\u00e9p\u00e9st a legjobb m\u00fazeumokba, valamint exkluz\u00edv kedvezm\u00e9nyeket \u00e9s aj\u00e1nlatokat.<\/p>\n\n\n\n<div class=\"ms-p ms-rounded ms-mb-last-child-0 ms-mb-children-condensed ms-alert--contrast ms-mb-block\">\n<h4 class=\"gb-text-26a71c5b\"><span class=\"gb-shape\"><svg viewBox=\"0 0 256 256\" fill=\"#000000\" height=\"32\" width=\"32\" xmlns=\"http:\/\/www.w3.org\/2000\/svg\"><path d=\"M108,84a16,16,0,1,1,16,16A16,16,0,0,1,108,84Zm128,44A108,108,0,1,1,128,20,108.12,108.12,0,0,1,236,128Zm-24,0a84,84,0,1,0-84,84A84.09,84.09,0,0,0,212,128Zm-72,36.68V132a20,20,0,0,0-20-20,12,12,0,0,0-4,23.32V168a20,20,0,0,0,20,20,12,12,0,0,0,4-23.32Z\"><\/path><\/svg><\/span><span class=\"gb-text\"><strong><strong>\u00daJ: Sp\u00f3rolj m\u00e9g t\u00f6bbet a Barcelona Carddal!<\/strong><\/strong><\/span><\/h4>\n\n\n\n<p class=\"gb-text gb-text-2c41ecab\">A Barcelona Card v\u00e1s\u00e1rl\u00e1sakor a Sagrada Fam\u00edlia \u00e9s a Park G\u00fcell bel\u00e9p\u0151jegyeit is hozz\u00e1adhatod a kos\u00e1rhoz, amire szint\u00e9n kedvezm\u00e9nyt kapsz. Az aj\u00e1nlat a szabad helyek f\u00fcggv\u00e9ny\u00e9ben vehet\u0151 ig\u00e9nybe.<\/p>\n\n\n\n<p class=\"gb-text gb-text-0788af3c\"><a href=\"https:\/\/www.tiqets.com\/en\/barcelona-attractions-c66342\/tickets-for-barcelona-card-72-hour-96-hour-120-hour-p975758\/?partner=barcelonacard\" data-type=\"link\" data-id=\"https:\/\/www.tiqets.com\/en\/barcelona-attractions-c66342\/tickets-for-barcelona-card-72-hour-96-hour-120-hour-p975758\/?partner=barcelonacard\" rel=\"nofollow noopener\"><strong>Ellen\u0151rizd most az el\u00e9rhet\u0151s\u00e9get<\/strong><\/a> \u00bb<\/p>\n<\/div>\n\n\n<div class=\"gb-container gb-container-1e1905d6 gb-tabs\" role=\"tablist\" data-opened-tab=\"1\">\n<div class=\"gb-container gb-container-c0d25ee5 gb-tabs__buttons\" role=\"list\">\n\n<button class=\"gb-button gb-button-38b6d7d4 gb-button-text gb-tabs__button gb-block-is-current\" id=\"gb-tab-button-38b6d7d4\" role=\"tab\">El\u0151ny\u00f6k<\/button>\n\n\n\n<button class=\"gb-button gb-button-c40a7253 gb-button-text gb-tabs__button\" id=\"gb-tab-button-c40a7253\" role=\"tab\">Mi is az<\/button>\n\n\n\n<button class=\"gb-button gb-button-5c438a47 gb-button-text gb-tabs__button\" id=\"gb-tab-button-5c438a47\" role=\"tab\">Hol lehet megv\u00e1s\u00e1rolni<\/button>\n\n\n\n<button class=\"gb-button gb-button-7d2dbf03 gb-button-text gb-tabs__button\" id=\"gb-tab-button-7d2dbf03\" role=\"tab\">Hogyan kell haszn\u00e1lni<\/button>\n\n<\/div>\n\n<div class=\"gb-container gb-container-8fcce89b gb-tabs__items\">\n<div class=\"gb-container gb-container-2e268732 gb-tabs__item gb-tabs__item-open\" id=\"gb-tab-item-2e268732\" role=\"tabpanel\">\n<div class=\"gb-grid-wrapper gb-grid-wrapper-b173452e\">\n<div class=\"gb-grid-column gb-grid-column-2d6c95fd\"><div class=\"gb-container gb-container-2d6c95fd\">\n\n<h5 class=\"gb-headline gb-headline-f5371835\"><span class=\"gb-icon\"><svg viewBox=\"0 0 256 256\" fill=\"#000000\" height=\"32\" width=\"32\" xmlns=\"http:\/\/www.w3.org\/2000\/svg\"><path d=\"M232.49,80.49l-128,128a12,12,0,0,1-17,0l-56-56a12,12,0,1,1,17-17L96,183,215.51,63.51a12,12,0,0,1,17,17Z\"><\/path><\/svg><\/span><span class=\"gb-headline-text\"><strong>Ingyenes utaz\u00e1s<\/strong><\/span><\/h5>\n\n\n\n<p>Korl\u00e1tlanul haszn\u00e1lhatod a buszokat, a metr\u00f3t \u00e9s a rept\u00e9ri vonatot.<\/p>\n\n<\/div><\/div>\n\n<div class=\"gb-grid-column gb-grid-column-d53518b7\"><div class=\"gb-container gb-container-d53518b7\">\n\n<h5 class=\"gb-headline gb-headline-fa732612\"><span class=\"gb-icon\"><svg viewBox=\"0 0 256 256\" fill=\"#000000\" height=\"32\" width=\"32\" xmlns=\"http:\/\/www.w3.org\/2000\/svg\"><path d=\"M232.49,80.49l-128,128a12,12,0,0,1-17,0l-56-56a12,12,0,1,1,17-17L96,183,215.51,63.51a12,12,0,0,1,17,17Z\"><\/path><\/svg><\/span><span class=\"gb-headline-text\"><strong>Ingyenes bel\u00e9p\u00e9s<\/strong><\/span><\/h5>\n\n\n\n<p>L\u00e1togass el ingyenesen Barcelona t\u00f6bb mint 25 legjobb l\u00e1tnival\u00f3j\u00e1hoz!<\/p>\n\n<\/div><\/div>\n\n<div class=\"gb-grid-column gb-grid-column-6dad0888\"><div class=\"gb-container gb-container-6dad0888\">\n\n<h5 class=\"gb-headline gb-headline-97f3175e\"><span class=\"gb-icon\"><svg viewBox=\"0 0 256 256\" fill=\"#000000\" height=\"32\" width=\"32\" xmlns=\"http:\/\/www.w3.org\/2000\/svg\"><path d=\"M232.49,80.49l-128,128a12,12,0,0,1-17,0l-56-56a12,12,0,1,1,17-17L96,183,215.51,63.51a12,12,0,0,1,17,17Z\"><\/path><\/svg><\/span><span class=\"gb-headline-text\"><strong>T\u00f6bb mint 70 kedvezm\u00e9ny<\/strong><\/span><\/h5>\n\n\n\n<p>Sp\u00f3rolj ak\u00e1r 350 \u20ac-t t\u00far\u00e1kon, v\u00e1s\u00e1rl\u00e1sokon, \u00e9ttermekben \u00e9s sz\u00f3rakoz\u00f3helyeken.<\/p>\n\n<\/div><\/div>\n\n<div class=\"gb-grid-column gb-grid-column-d82be486\"><div class=\"gb-container gb-container-d82be486\">\n\n<p class=\"gb-headline gb-headline-c0e8b836\"><span class=\"gb-icon\"><svg viewBox=\"0 0 256 256\" fill=\"#000000\" height=\"32\" width=\"32\" xmlns=\"http:\/\/www.w3.org\/2000\/svg\"><path d=\"M232.49,80.49l-128,128a12,12,0,0,1-17,0l-56-56a12,12,0,1,1,17-17L96,183,215.51,63.51a12,12,0,0,1,17,17Z\"><\/path><\/svg><\/span><span class=\"gb-headline-text\"><strong>Ingyenes \u00fatik\u00f6nyv<\/strong><\/span><\/p>\n\n\n\n<p>A hat nyelven el\u00e9rhet\u0151 \u00fatik\u00f6nyvben megtal\u00e1lod az ingyenes aj\u00e1nlatok \u00e9s kedvezm\u00e9nyek helysz\u00edneit.<\/p>\n\n<\/div><\/div>\n\n<div class=\"gb-grid-column gb-grid-column-3cecd77c\"><div class=\"gb-container gb-container-3cecd77c\">\n\n<h5 class=\"gb-headline gb-headline-cd1f3d4e\"><span class=\"gb-icon\"><svg viewBox=\"0 0 256 256\" fill=\"#000000\" height=\"32\" width=\"32\" xmlns=\"http:\/\/www.w3.org\/2000\/svg\"><path d=\"M232.49,80.49l-128,128a12,12,0,0,1-17,0l-56-56a12,12,0,1,1,17-17L96,183,215.51,63.51a12,12,0,0,1,17,17Z\"><\/path><\/svg><\/span><span class=\"gb-headline-text\"><strong>Sorban \u00e1ll\u00e1s n\u00e9lk\u00fcl<\/strong><\/span><\/h5>\n\n\n\n<p>Sp\u00f3rold meg a v\u00e1rakoz\u00e1si id\u0151t Barcelona legn\u00e9pszer\u0171bb m\u00fazeumain\u00e1l \u00e9s l\u00e1tnival\u00f3in\u00e1l.<\/p>\n\n<\/div><\/div>\n\n<div class=\"gb-grid-column gb-grid-column-ff07f982\"><div class=\"gb-container gb-container-ff07f982\">\n\n<h5 class=\"gb-headline gb-headline-d7adc504\"><span class=\"gb-icon\"><svg viewBox=\"0 0 256 256\" fill=\"#000000\" height=\"32\" width=\"32\" xmlns=\"http:\/\/www.w3.org\/2000\/svg\"><path d=\"M232.49,80.49l-128,128a12,12,0,0,1-17,0l-56-56a12,12,0,1,1,17-17L96,183,215.51,63.51a12,12,0,0,1,17,17Z\"><\/path><\/svg><\/span><span class=\"gb-headline-text\"><strong>Rugalmas foglal\u00e1s<\/strong><\/span><\/h5>\n\n\n\n<p>V\u00e1s\u00e1roljon online, \u00e9s a l\u00e1togat\u00e1s el\u0151tti napig ingyenesen lemondhatja.<\/p>\n\n<\/div><\/div>\n<\/div>\n<\/div>\n\n<div class=\"gb-container gb-container-3bccd8b9 gb-tabs__item\" id=\"gb-tab-item-3bccd8b9\" role=\"tabpanel\">\n\n<p>A Barcelona Card Barcelona hivatalos turisztikai k\u00e1rty\u00e1ja. A bankk\u00e1rty\u00e1hoz hasonl\u00f3an rendk\u00edv\u00fcl egyszer\u0171 a haszn\u00e1lata, \u00e9s seg\u00edt az utaz\u00f3knak <strong>id\u0151t \u00e9s p\u00e9nzt sp\u00f3rolni<\/strong> a nyaral\u00e1suk alatt.<\/p>\n\n\n<div class=\"gb-container gb-container-50c2abda ms-alert--primary ms-p ms-rounded ms-mb-last-child-0 ms-mb-children-condensed ms-mb-block\">\n\n<p>A Barcelona Card egy 3 az 1-ben k\u00e1rtya<strong> k\u00f6zleked\u00e9si k\u00e1rtya<\/strong>, <strong>m\u00fazeumi b\u00e9rlet<\/strong> \u00e9s <strong>kedvezm\u00e9nyk\u00e1rtya<\/strong>.<\/p>\n\n<\/div>\n\n\n<p>A Barcelona Card tulajdonosai <strong>korl\u00e1tlanul utazhatnak<\/strong> a eszk\u00f6z\u00f6k\u00f6n, <strong>ingyenesen l\u00e9phetnek<\/strong> be Barcelona t\u00f6bb mint 25 legjobb m\u00fazeum\u00e1ba \u00e9s kultur\u00e1lis l\u00e1tnival\u00f3j\u00e1hoz, emellett <strong>t\u00f6bb mint 70 kedvezm\u00e9nyt kapnak<\/strong> kir\u00e1ndul\u00e1sokra, t\u00far\u00e1kra, sz\u00f3rakoz\u00e1sra, v\u00e1s\u00e1rl\u00e1sra, \u00e9tkez\u00e9sre \u00e9s \u00e9jszakai programokra.<\/p>\n\n\n\n<p>Ezzel a n\u00e9pszer\u0171 k\u00e1rty\u00e1val nem csak k\u00f6nnyebben eljutsz a barcelonai l\u00e1tnival\u00f3khoz, de <strong>a sorban \u00e1ll\u00e1st<\/strong> is elker\u00fclheted a legn\u00e9pszer\u0171bb helyekn\u00e9l, \u00edgy \u00e9rt\u00e9kes id\u0151t takar\u00edthatsz meg a s\u0171r\u0171 program\u00fa utaz\u00e1sod sor\u00e1n.<\/p>\n\n\n\n<p>A k\u00e1rty\u00e1hoz egy hasznos, hat nyelven el\u00e9rhet\u0151 <strong>v\u00e1rosi \u00fatik\u00f6nyv<\/strong> is j\u00e1r, amelyben az \u00f6sszes kedvezm\u00e9nyes aj\u00e1nlatot megtal\u00e1lod (p\u00e9ld\u00e1ul a Gaud\u00ed-m\u0171eml\u00e9keket, a Casa Amatllert \u00e9s a L\u2019Aqu\u00e0riumot). M\u00e9g a metr\u00f3h\u00e1l\u00f3zat t\u00e9rk\u00e9pe is benne van, hogy k\u00f6nnyebben eligazodj a v\u00e1rosban.<\/p>\n\n\n\n<p>\u00d6sszess\u00e9g\u00e9ben a k\u00e1rtya t\u00f6bb mint <strong>350 \u20ac<\/strong> megtakar\u00edt\u00e1st jelent azoknak az utaz\u00f3knak, akik igaz\u00e1n kihaszn\u00e1lj\u00e1k a benne rejl\u0151 lehet\u0151s\u00e9geket.<\/p>\n\n<\/div>\n\n<div class=\"gb-container gb-container-b7be09ec gb-tabs__item\" id=\"gb-tab-item-b7be09ec\" role=\"tabpanel\">\n\n<p>A Barcelona Card megv\u00e1s\u00e1rl\u00e1sa egyszer\u0171 \u00e9s k\u00e9nyelmes.<\/p>\n\n\n\n<ol class=\"wp-block-list\">\n<li>Megv\u00e1s\u00e1rolhatod online kedvezm\u00e9nyes \u00e1ron az utaz\u00e1s el\u0151tt, vagy <strong><a href=\"https:\/\/www.barcelonacard.org\/hu\/tourist-information-offices\/\" data-type=\"link\" data-id=\"https:\/\/www.barcelonacard.org\/hu\/tourist-information-offices\/\">Turisztikai Inform\u00e1ci\u00f3s Irod\u00e1kban<\/a><\/strong> Barcelon\u00e1ban teljes \u00e1ron.<\/li>\n\n\n\n<li>Haszn\u00e1ld a foglal\u00e1si modult gyors \u00e9s biztons\u00e1gos rendel\u00e9shez.<\/li>\n\n\n\n<li>A v\u00e1s\u00e1rl\u00e1s ut\u00e1n e-mailben kapsz egy utalv\u00e1nyt, amelyet kinyomtatva \u00e1tv\u00e1lthatsz a fizikai k\u00e1rty\u00e1ra. Menj el az egyik \u00e1tv\u00e9teli helysz\u00ednre, \u00e9s mutasd fel az okostelefonodon l\u00e9v\u0151 utalv\u00e1nyt a Barcelona Card \u00e1tv\u00e9tel\u00e9hez:<\/li>\n<\/ol>\n\n\n\n<p class=\"gb-text-6f121588\"><span class=\"gb-shape\"><svg viewBox=\"0 0 256 256\" fill=\"#000000\" height=\"32\" width=\"32\" xmlns=\"http:\/\/www.w3.org\/2000\/svg\"><path d=\"M128,60a44,44,0,1,0,44,44A44.05,44.05,0,0,0,128,60Zm0,64a20,20,0,1,1,20-20A20,20,0,0,1,128,124Zm0-112a92.1,92.1,0,0,0-92,92c0,77.36,81.64,135.4,85.12,137.83a12,12,0,0,0,13.76,0,259,259,0,0,0,42.18-39C205.15,170.57,220,136.37,220,104A92.1,92.1,0,0,0,128,12Zm31.3,174.71A249.35,249.35,0,0,1,128,216.89a249.35,249.35,0,0,1-31.3-30.18C80,167.37,60,137.31,60,104a68,68,0,0,1,136,0C196,137.31,176,167.37,159.3,186.71Z\"><\/path><\/svg><\/span><span class=\"gb-text\"><strong>Barcelonai Rep\u00fcl\u0151t\u00e9ri Irod\u00e1k<\/strong><\/span><\/p>\n\n\n\n<ul class=\"wp-block-list\">\n<li><strong>Rep\u00fcl\u0151t\u00e9r T1 Termin\u00e1l (Metr\u00f3\u00e1llom\u00e1s):<\/strong> Barcelona Rep\u00fcl\u0151t\u00e9r, T1 Termin\u00e1l Metr\u00f3 | Nyitvatart\u00e1s: Naponta 8.30 \u2013 14.30<\/li>\n\n\n\n<li><strong>Rep\u00fcl\u0151t\u00e9r T2 Termin\u00e1l (Metr\u00f3\u00e1llom\u00e1s):<\/strong> Barcelona Rep\u00fcl\u0151t\u00e9r, T2 Termin\u00e1l Metr\u00f3 | Nyitvatart\u00e1s: Naponta 8.30 \u2013 14.30<\/li>\n\n\n\n<li><strong>Rep\u00fcl\u0151t\u00e9r T1 Termin\u00e1l (F\u0151 Termin\u00e1l):<\/strong> Barcelona Rep\u00fcl\u0151t\u00e9r, T1 Termin\u00e1l | Nyitvatart\u00e1s: Naponta 8.30 \u2013 19.30<\/li>\n\n\n\n<li><strong>Rep\u00fcl\u0151t\u00e9r T2 Termin\u00e1l (F\u0151 Termin\u00e1l):<\/strong> Barcelona Rep\u00fcl\u0151t\u00e9r, T2 Termin\u00e1l | Nyitvatart\u00e1s: Naponta 8.30 \u2013 19.30<\/li>\n<\/ul>\n\n\n\n<p class=\"gb-text-ad1a384b\"><span class=\"gb-shape\"><svg viewBox=\"0 0 256 256\" fill=\"#000000\" height=\"32\" width=\"32\" xmlns=\"http:\/\/www.w3.org\/2000\/svg\"><path d=\"M128,60a44,44,0,1,0,44,44A44.05,44.05,0,0,0,128,60Zm0,64a20,20,0,1,1,20-20A20,20,0,0,1,128,124Zm0-112a92.1,92.1,0,0,0-92,92c0,77.36,81.64,135.4,85.12,137.83a12,12,0,0,0,13.76,0,259,259,0,0,0,42.18-39C205.15,170.57,220,136.37,220,104A92.1,92.1,0,0,0,128,12Zm31.3,174.71A249.35,249.35,0,0,1,128,216.89a249.35,249.35,0,0,1-31.3-30.18C80,167.37,60,137.31,60,104a68,68,0,0,1,136,0C196,137.31,176,167.37,159.3,186.71Z\"><\/path><\/svg><\/span><span class=\"gb-text\"><strong>Belv\u00e1rosi Irod\u00e1k<\/strong><\/span><\/p>\n\n\n\n<ul class=\"wp-block-list\">\n<li><strong>Pla\u00e7a de Catalunya (K\u00f6zponti Iroda):<\/strong> Pla\u00e7a de Catalunya, 17 (alagsor) | Nyitvatart\u00e1s: Naponta 8.30 \u2013 20.30<\/li>\n\n\n\n<li><strong>Pla\u00e7a de Catalunya (Inform\u00e1ci\u00f3s Pult):<\/strong> Az El Corte Ingl\u00e9s \u00e1ruh\u00e1z el\u0151tt | Nyitvatart\u00e1s: Naponta 8.30 \u2013 14.30<\/li>\n\n\n\n<li><strong>Pla\u00e7a Espanya:<\/strong> Pla\u00e7a Espanya (Avinguda Maria Cristina) | Nyitvatart\u00e1s: Naponta 8.30 \u2013 14.30<\/li>\n\n\n\n<li><strong>Sagrada Fam\u00edlia (Inform\u00e1ci\u00f3s Pult)<\/strong>: A Sagrada Fam\u00edlia bazilika k\u00f6zel\u00e9ben | Nyitvatart\u00e1s: Naponta 8.30 \u2013 20.00<\/li>\n\n\n\n<li><strong>Mirador de Colom (Kolumbusz-eml\u00e9km\u0171):<\/strong> Pla\u00e7a Portal de la Pau | Nyitvatart\u00e1s: Naponta 8.30 \u2013 14.30 (kil\u00e1t\u00f3gal\u00e9ri\u00e1ba utols\u00f3 bel\u00e9p\u00e9s 13.30-kor)<\/li>\n<\/ul>\n\n\n\n<p>Fedezd fel gy\u00f6ny\u00f6r\u0171 Barcelon\u00e1t olcs\u00f3n, ehhez csak egy kis k\u00e1rty\u00e1ra van sz\u00fcks\u00e9ged!<\/p>\n\n\n<div class=\"gb-container gb-container-050170bc ms-alert--primary ms-p ms-rounded ms-mb-last-child-0 ms-mb-children-condensed ms-mb-block\">\n\n<p>A k\u00e1rtya az els\u0151 haszn\u00e1latkor aktiv\u00e1l\u00f3dik, \u00edgy nem kell att\u00f3l tartanod, hogy lej\u00e1r, miel\u0151tt meg\u00e9rkezn\u00e9l Barcelon\u00e1ba.<\/p>\n\n<\/div>\n<\/div>\n\n<div class=\"gb-container gb-container-fd1bb83b gb-tabs__item\" id=\"gb-tab-item-fd1bb83b\" role=\"tabpanel\">\n\n<p>A Barcelona Card egyszer\u0171en haszn\u00e1lhat\u00f3, de ha ismersz n\u00e9h\u00e1ny kulcsfontoss\u00e1g\u00fa r\u00e9szletet, maxim\u00e1lisan kihaszn\u00e1lhatod.<\/p>\n\n\n\n<h3 class=\"gb-text-1b8be78b\"><span class=\"gb-shape\"><svg viewBox=\"0 0 256 256\" fill=\"#000000\" height=\"32\" width=\"32\" xmlns=\"http:\/\/www.w3.org\/2000\/svg\"><path d=\"M232.49,80.49l-128,128a12,12,0,0,1-17,0l-56-56a12,12,0,1,1,17-17L96,183,215.51,63.51a12,12,0,0,1,17,17Z\"><\/path><\/svg><\/span><span class=\"gb-text\">Aktiv\u00e1l\u00e1s<\/span><\/h3>\n\n\n\n<p>A Barcelona Card akkor aktiv\u00e1l\u00f3dik, amikor el\u0151sz\u00f6r haszn\u00e1lod, p\u00e9ld\u00e1ul a t\u00f6megk\u00f6zleked\u00e9sben vagy az egyik r\u00e9sztvev\u0151 l\u00e1tnival\u00f3 bej\u00e1rat\u00e1n\u00e1l.<\/p>\n\n\n\n<p>A Barcelona Card 3, 4 vagy 5 napos v\u00e1ltozatban el\u00e9rhet\u0151, \u00e9s egym\u00e1st k\u00f6vet\u0151 napokra \u00e9rv\u00e9nyes, nem 24 \u00f3r\u00e1s id\u0151szakokra. P\u00e9ld\u00e1ul, ha h\u00e9tf\u0151n d\u00e9lben aktiv\u00e1lsz egy 5 napos Barcelona Cardot, p\u00e9nteken \u00e9jf\u00e9lkor j\u00e1r le.<\/p>\n\n\n\n<h3 class=\"gb-text-1fe6b320\"><span class=\"gb-shape\"><svg viewBox=\"0 0 256 256\" fill=\"#000000\" height=\"32\" width=\"32\" xmlns=\"http:\/\/www.w3.org\/2000\/svg\"><path d=\"M184,20H72A36,36,0,0,0,36,56V184a36,36,0,0,0,36,36h0l-9.6,12.8a12,12,0,1,0,19.2,14.4L102,220h52l20.4,27.2a12,12,0,0,0,19.2-14.4L184,220h0a36,36,0,0,0,36-36V56A36,36,0,0,0,184,20ZM72,44H184a12,12,0,0,1,12,12v60H60V56A12,12,0,0,1,72,44ZM184,196H72a12,12,0,0,1-12-12V140H196v44A12,12,0,0,1,184,196Zm-80-28a16,16,0,1,1-16-16A16,16,0,0,1,104,168Zm80,0a16,16,0,1,1-16-16A16,16,0,0,1,184,168Z\"><\/path><\/svg><\/span><span class=\"gb-text\">T\u00f6megk\u00f6zleked\u00e9s haszn\u00e1lata<\/span><\/h3>\n\n\n\n<p>Aktiv\u00e1l\u00e1s ut\u00e1n \u00e9rintsd a Barcelona Cardodat b\u00e1rmelyik k\u00f6zleked\u00e9si eszk\u00f6zn\u00e9l:<\/p>\n\n\n\n<ul class=\"wp-block-list\">\n<li>Metr\u00f3 (TMB)<\/li>\n\n\n\n<li>Villamos (TMB)<\/li>\n\n\n\n<li>Nappali buszok (TMB)<\/li>\n\n\n\n<li>FGC vas\u00fat (v\u00e1rosi vonalak)<\/li>\n\n\n\n<li>Renfe Rodalies vonatok (csak 1-es z\u00f3na)<\/li>\n<\/ul>\n\n\n\n<p><strong>Megjegyz\u00e9s:<\/strong> A k\u00e1rtya nem \u00e9rv\u00e9nyes \u00e9jszakai buszokon.<\/p>\n\n\n\n<h3 class=\"gb-text-a33c3e33\"><span class=\"gb-shape\"><svg xmlns=\"http:\/\/www.w3.org\/2000\/svg\" width=\"32\" height=\"32\" fill=\"#000000\" viewBox=\"0 0 256 256\"><path d=\"M24,108H44v48H32a12,12,0,0,0,0,24H224a12,12,0,0,0,0-24H212V108h20a12,12,0,0,0,6.29-22.22l-104-64a12,12,0,0,0-12.58,0l-104,64A12,12,0,0,0,24,108Zm44,0H92v48H68Zm72,0v48H116V108Zm48,48H164V108h24ZM128,46.09,189.6,84H66.4ZM252,208a12,12,0,0,1-12,12H16a12,12,0,0,1,0-24H240A12,12,0,0,1,252,208Z\"><\/path><\/svg><\/span><span class=\"gb-text\"><strong>Haszn\u00e1lat m\u00fazeumokban \u00e9s l\u00e1tnival\u00f3kn\u00e1l<\/strong><\/span><\/h3>\n\n\n\n<p>Egyszer\u0171en mutasd fel vagy olvastasd be Barcelona Cardodat b\u00e1rmelyik r\u00e9sztvev\u0151 m\u00fazeum vagy l\u00e1tnival\u00f3 bej\u00e1rat\u00e1n\u00e1l. Egy ingyenes bel\u00e9p\u00e9st kapsz helysz\u00ednenk\u00e9nt a k\u00e1rtya \u00e9rv\u00e9nyess\u00e9gi id\u0151szaka alatt.<\/p>\n\n\n\n<p>Kedvezm\u00e9nyes l\u00e1tnival\u00f3kn\u00e1l (mint Casa Batll\u00f3 vagy La Pedrera) mutasd fel a k\u00e1rty\u00e1dat a jegyp\u00e9nzt\u00e1rn\u00e1l a kedvezm\u00e9ny \u00e9rv\u00e9nyes\u00edt\u00e9s\u00e9hez.<\/p>\n\n\n\n<h3 class=\"gb-text-e8105f3d\"><span class=\"gb-shape\"><svg viewBox=\"0 0 256 256\" fill=\"#000000\" height=\"32\" width=\"32\" xmlns=\"http:\/\/www.w3.org\/2000\/svg\"><path d=\"M240.26,186.1,152.81,34.23h0a28.74,28.74,0,0,0-49.62,0L15.74,186.1a27.45,27.45,0,0,0,0,27.71A28.31,28.31,0,0,0,40.55,228h174.9a28.31,28.31,0,0,0,24.79-14.19A27.45,27.45,0,0,0,240.26,186.1Zm-20.8,15.7a4.46,4.46,0,0,1-4,2.2H40.55a4.46,4.46,0,0,1-4-2.2,3.56,3.56,0,0,1,0-3.73L124,46.2a4.77,4.77,0,0,1,8,0l87.44,151.87A3.56,3.56,0,0,1,219.46,201.8ZM116,136V104a12,12,0,0,1,24,0v32a12,12,0,0,1-24,0Zm28,40a16,16,0,1,1-16-16A16,16,0,0,1,144,176Z\"><\/path><\/svg><\/span><span class=\"gb-text\">Miel\u0151tt elinduln\u00e1l<\/span><\/h3>\n\n\n\n<ul class=\"wp-block-list\">\n<li>Egy bel\u00e9p\u00e9s helysz\u00ednenk\u00e9nt: Minden ingyenes m\u00fazeumot vagy l\u00e1tnival\u00f3t egyszer l\u00e1togathatsz meg a k\u00e1rty\u00e1ddal.<\/li>\n\n\n\n<li>Nem halmozhat\u00f3 kedvezm\u00e9nyek: A kedvezm\u00e9nyek nem kombin\u00e1lhat\u00f3k m\u00e1s prom\u00f3ci\u00f3kkal vagy aj\u00e1nlatokkal.<\/li>\n\n\n\n<li>\u00c9rv\u00e9nyes az \u00e9v v\u00e9g\u00e9ig: A k\u00e1rtya a foly\u00f3 napt\u00e1ri \u00e9v v\u00e9g\u00e9ig \u00e9rv\u00e9nyes.<\/li>\n\n\n\n<li>Aktiv\u00e1lni kell: Az ingyenes bel\u00e9p\u00e9sek \u00e9s kedvezm\u00e9nyek csak a k\u00e1rtya aktiv\u00e1l\u00e1sa ut\u00e1n \u00e9s az \u00e9rv\u00e9nyess\u00e9gi id\u0151szakon bel\u00fcl m\u0171k\u00f6dnek.<\/li>\n<\/ul>\n\n\n\n<p>Most v\u00e1llald el a Barcelona Card kih\u00edv\u00e1st, \u00e9s n\u00e9zd meg, h\u00e1ny felejthetetlen \u00e9lm\u00e9nyt gy\u0171jthetsz \u00f6ssze!<\/p>\n\n\n<div class=\"gb-container gb-container-655a7a2c ms-alert--primary ms-p ms-rounded ms-mb-last-child-0 ms-mb-children-condensed ms-mb-block\">\n\n<p>Tov\u00e1bbi inform\u00e1ci\u00f3:&nbsp;<a href=\"https:\/\/www.barcelonacard.org\/hu\/discounts\/\">kedvezm\u00e9nyek<\/a>&nbsp;&#8211;&nbsp;<a href=\"https:\/\/www.barcelonacard.org\/hu\/prices\/\">\u00e1rak<\/a>&nbsp;&#8211;&nbsp;<a href=\"https:\/\/www.barcelonacard.org\/hu\/faq\/\">gyakran ism\u00e9telt k\u00e9rd\u00e9sek<\/a><\/p>\n\n<\/div>\n<\/div>\n<\/div>\n<\/div>\n\n\n<p><\/p>\n","protected":false},"excerpt":{"rendered":"","protected":false},"author":4,"featured_media":932,"parent":0,"menu_order":2,"comment_status":"closed","ping_status":"closed","template":"","meta":{"_acf_changed":false,"footnotes":"","button_url":"https:\/\/www.tiqets.com\/en\/barcelona-attractions-c66342\/tickets-for-barcelona-card-72-Hour-96-Hour-120-Hour-p975758\/?partner=barcelonacard","ms_product_id":"975758","ms_product_name":"Barcelona Card: Public Transport + 40 Attractions","ms_price":"59","ms_currency":"EUR","ms_rating_value":"4.3","ms_review_count":"2303","rank_math_title":"%title% - A hivatalos v\u00e1rosi bel\u00e9p\u0151 %currentyear%","rank_math_description":"Sp\u00f3roljon id\u0151t \u00e9s p\u00e9nzt a Barcelona Carddal \u2013 Barcelona hivatalos turisztikai b\u00e9rlet\u00e9vel. A Barcelona Card t\u00f6bb mint 350 eur\u00f3 \u00e9rt\u00e9k\u0171 kedvezm\u00e9nyt k\u00edn\u00e1l m\u00fazeumokra, l\u00e1tnival\u00f3kra, idegenvezet\u00e9sekre, \u00e9ttermekre \u00e9s sok m\u00e1sra. Kattintson ide, \u00e9s foglalja le most!"},"post-style":[7],"producer":[],"class_list":["post-587","page","type-page","status-publish","has-post-thumbnail"],"acf":[],"product_schema":{"ms_product_id":"975758","ms_product_name":"Barcelona Card: Public Transport + 40 Attractions","ms_price":"59","ms_currency":"EUR","ms_rating_value":"4.3","ms_review_count":"2303"},"_links":{"self":[{"href":"https:\/\/www.barcelonacard.org\/hu\/wp-json\/wp\/v2\/pages\/587","targetHints":{"allow":["GET"]}}],"collection":[{"href":"https:\/\/www.barcelonacard.org\/hu\/wp-json\/wp\/v2\/pages"}],"about":[{"href":"https:\/\/www.barcelonacard.org\/hu\/wp-json\/wp\/v2\/types\/page"}],"author":[{"embeddable":true,"href":"https:\/\/www.barcelonacard.org\/hu\/wp-json\/wp\/v2\/users\/4"}],"replies":[{"embeddable":true,"href":"https:\/\/www.barcelonacard.org\/hu\/wp-json\/wp\/v2\/comments?post=587"}],"version-history":[{"count":3,"href":"https:\/\/www.barcelonacard.org\/hu\/wp-json\/wp\/v2\/pages\/587\/revisions"}],"predecessor-version":[{"id":1421,"href":"https:\/\/www.barcelonacard.org\/hu\/wp-json\/wp\/v2\/pages\/587\/revisions\/1421"}],"wp:featuredmedia":[{"embeddable":true,"href":"https:\/\/www.barcelonacard.org\/hu\/wp-json\/wp\/v2\/media\/932"}],"wp:attachment":[{"href":"https:\/\/www.barcelonacard.org\/hu\/wp-json\/wp\/v2\/media?parent=587"}],"wp:term":[{"taxonomy":"post-style","embeddable":true,"href":"https:\/\/www.barcelonacard.org\/hu\/wp-json\/wp\/v2\/post-style?post=587"},{"taxonomy":"producer","embeddable":true,"href":"https:\/\/www.barcelonacard.org\/hu\/wp-json\/wp\/v2\/producer?post=587"}],"curies":[{"name":"wp","href":"https:\/\/api.w.org\/{rel}","templated":true}]}}