{"id":5,"date":"2013-10-20T16:20:48","date_gmt":"2013-10-20T14:20:48","guid":{"rendered":"https:\/\/www.barcelonacard.org\/hu\/?page_id=5"},"modified":"2026-01-16T06:40:23","modified_gmt":"2026-01-16T05:40:23","slug":"kedvezmenyek","status":"publish","type":"page","link":"https:\/\/www.barcelonacard.org\/hu\/kedvezmenyek\/","title":{"rendered":"Barcelona Card kedvezm\u00e9nyek"},"content":{"rendered":"\n<div class=\"ms-p ms-rounded ms-mb-last-child-0 ms-mb-children-condensed ms-alert--contrast ms-mb-block\">\n<ul class=\"wp-block-list\">\n<li>A Barcelona Card korl\u00e1tlan t\u00f6megk\u00f6zleked\u00e9st biztos\u00edt Barcelon\u00e1ban (metr\u00f3, busz, villamos, el\u0151v\u00e1rosi vonatok, a rep\u00fcl\u0151t\u00e9rre is).<\/li>\n\n\n\n<li>Ingyenes bel\u00e9p\u00e9s t\u00f6bb mint 25 m\u00fazeumba \u00e9s kultur\u00e1lis helysz\u00ednre, mint a Picasso M\u00fazeum, MNAC, Joan Mir\u00f3 Alap\u00edtv\u00e1ny \u00e9s MACBA.<\/li>\n\n\n\n<li>Sorban \u00e1ll\u00e1s n\u00e9lk\u00fcli bejut\u00e1s a top m\u00fazeumokba, plusz egy ingyenes haj\u00f3kir\u00e1ndul\u00e1s a Las Golondrinasszal.<\/li>\n\n\n\n<li>Sp\u00f3rolj 10-50%-ot olyan ikonikus l\u00e1tnival\u00f3kn\u00e1l, mint a Casa Batll\u00f3, La Pedrera, Casa Vicens \u00e9s a Barcelona Akv\u00e1rium.<\/li>\n\n\n\n<li>R\u00e1ad\u00e1sul kedvezm\u00e9nyek t\u00f6bb mint 70 t\u00far\u00e1n, el\u0151ad\u00e1son \u00e9s \u00e9lm\u00e9nyen a v\u00e1rosban.<\/li>\n<\/ul>\n\n\n\n<p class=\"gb-text-fb1a3135\"><span class=\"gb-shape\"><svg xmlns=\"http:\/\/www.w3.org\/2000\/svg\" width=\"32\" height=\"32\" fill=\"#000000\" viewBox=\"0 0 256 256\"><path d=\"M228,144v64a12,12,0,0,1-12,12H40a12,12,0,0,1-12-12V144a12,12,0,0,1,24,0v52H204V144a12,12,0,0,1,24,0Zm-108.49,8.49a12,12,0,0,0,17,0l40-40a12,12,0,0,0-17-17L140,115V32a12,12,0,0,0-24,0v83L96.49,95.51a12,12,0,0,0-17,17Z\"><\/path><\/svg><\/span><span class=\"gb-text\"><a href=\"https:\/\/www.barcelonacard.org\/wp-content\/uploads\/FolletoBarcelonaCard2026.pdf\" target=\"_blank\" data-type=\"link\" data-id=\"https:\/\/drive.google.com\/file\/d\/16o2S8Uo9wpknZP7nHiZxyDS21InCpXhC\/view?usp=sharing\" rel=\"noreferrer noopener nofollow\">T\u00f6ltsd le a teljes kedvezm\u00e9nyes list\u00e1t (PDF)<\/a><\/span><\/p>\n<\/div>\n\n\n\n<h2 class=\"wp-block-heading\"><strong>Ingyenes<\/strong><\/h2>\n\n\n\n<h3 class=\"wp-block-heading\">T\u00f6megk\u00f6zleked\u00e9s<\/h3>\n\n\n<div class=\"ms-table\"><table><tr><th>Elem<\/th><th>Norm\u00e1l \u00e1r<\/th><th>K\u00e1rty\u00e1val<\/th><\/tr><tr><td>48 \u00f3ra<\/td><td>18,01 \u20ac<\/td><td>Ingyenes<\/td><\/tr><tr><td>72 \u00f3ra<\/td><td>26,30 \u20ac<\/td><td>Ingyenes<\/td><\/tr><tr><td>96 \u00f3ra<\/td><td>34,40 \u20ac<\/td><td>Ingyenes<\/td><\/tr><tr><td>120 \u00f3ra<\/td><td>42,10 \u20ac<\/td><td>Ingyenes<\/td><\/tr><tr><td>Rep\u00fcl\u0151t\u00e9ri vonat<\/td><td>4,20 \u20ac<\/td><td>Ingyenes<\/td><\/tr><tr><td>Metr\u00f3 a rep\u00fcl\u0151t\u00e9rre<\/td><td>4,60 \u20ac<\/td><td>Ingyenes<\/td><\/tr><\/table><\/div>\n\n\n<div class=\"gb-accordion\"><\/div>\n\n\n\n<h3 class=\"wp-block-heading\">M\u00fazeumok \u00e9s l\u00e1tnival\u00f3k<\/h3>\n\n\n<div class=\"ms-table\"><table><tr><th>Vonz\u00e1s<\/th><th>Norm\u00e1l \u00e1r<\/th><th>K\u00e1rty\u00e1val<\/th><\/tr><tr><td>CaixaForum<\/td><td>6,00 \u20ac<\/td><td>Ingyenes<\/td><\/tr><tr><td>Castell de Montju\u00efc*<\/td><td>12,00 \u20ac<\/td><td>Ingyenes<\/td><\/tr><tr><td>Centre de Cultura Contempor\u00e0nia de Barcelona (CCCB)**<\/td><td>6,00 \u20ac<\/td><td>Ingyenes<\/td><\/tr><tr><td>Centre Martorell d\u2019Exposicions<\/td><td>6,50 \u20ac<\/td><td>Ingyenes<\/td><\/tr><tr><td>Disseny Hub Barcelona DHUB<\/td><td>6,00 \u20ac<\/td><td>Ingyenes<\/td><\/tr><tr><td>El Born Museu d&#8217;Historia de Barcelona<\/td><td>7,00 \u20ac<\/td><td>Ingyenes<\/td><\/tr><tr><td>El Call Museu d&#8217;Historia de Barcelona<\/td><td>2,00 \u20ac<\/td><td>Ingyenes<\/td><\/tr><tr><td>Fundaci\u00f3 Joan Mir\u00f3**<\/td><td>15,00 \u20ac<\/td><td>Ingyenes<\/td><\/tr><tr><td>Jard\u00ed Bot\u00e0nic de Barcelona<\/td><td>3,50 \u20ac<\/td><td>Ingyenes<\/td><\/tr><tr><td>MOCO Museum Barcelona<\/td><td>19,50 \u20ac<\/td><td>Ingyenes<\/td><\/tr><tr><td>Museu d&#8217;Historia de Barcelona Refugi 307<\/td><td>2,00 \u20ac<\/td><td>Ingyenes<\/td><\/tr><tr><td>Museu d&#8217;Historia de Pla\u00e7a del Rei<\/td><td>7,30 \u20ac<\/td><td>Ingyenes<\/td><\/tr><tr><td>Museu d&#8217;Historia de Barcelona Via Sepulcral Romana<\/td><td>2,00 \u20ac<\/td><td>Ingyenes<\/td><\/tr><tr><td>Museu Banksy Barcelona<\/td><td>14,00 \u20ac<\/td><td>Ingyenes<\/td><\/tr><tr><td>Museu d\u2019Art Contemporani de Barcelona (MACBA)**<\/td><td>12,00 \u20ac<\/td><td>Ingyenes<\/td><\/tr><tr><td>Museu de la Ci\u00e8ncia CosmoCaixa<\/td><td>8,00 \u20ac<\/td><td>Ingyenes<\/td><\/tr><tr><td>Museu de la M\u00fasica<\/td><td>6,00 \u20ac<\/td><td>Ingyenes<\/td><\/tr><tr><td>Museu de la Xocolata**<\/td><td>7,00 \u20ac<\/td><td>Ingyenes<\/td><\/tr><tr><td>Museu de Ci\u00e8ncies Naturals de Barcelona<\/td><td>6,00 \u20ac<\/td><td>Ingyenes<\/td><\/tr><tr><td>Museu Egipci de Barcelona**<\/td><td>13,00 \u20ac<\/td><td>Ingyenes<\/td><\/tr><tr><td>Museu Etnol\u00f2gic i de Cultures del M\u00f3n &#8211; Montcada<\/td><td>5,00 \u20ac<\/td><td>Ingyenes<\/td><\/tr><tr><td>Museu Etnol\u00f2gic i de Cultures del M\u00f3n &#8211; Parc de Montju\u00efc<\/td><td>5,00 \u20ac<\/td><td>Ingyenes<\/td><\/tr><tr><td>Museu Frederic Mar\u00e8s<\/td><td>4,20 \u20ac<\/td><td>Ingyenes<\/td><\/tr><tr><td>Museu Nacional d\u2019Art de Catalunya**<\/td><td>12,00 \u20ac<\/td><td>Ingyenes<\/td><\/tr><tr><td>Museu Ol\u00edmpic i de l\u2019Esport Joan Antoni Samaranch**<\/td><td>6,30 \u20ac<\/td><td>Ingyenes<\/td><\/tr><tr><td>Museu Picasso<\/td><td>12,00 \u20ac<\/td><td>Ingyenes<\/td><\/tr><tr><td>Museu T\u00e0pies**<\/td><td>8,00 \u20ac<\/td><td>Ingyenes<\/td><\/tr><tr><td>Reial Monestir de Santa Maria de Pedralbes<\/td><td>5,00 \u20ac<\/td><td>Ingyenes<\/td><\/tr><\/table><\/div>\n\n\n<h2 class=\"wp-block-heading\"><strong>Kedvezm\u00e9nyek<\/strong><\/h2>\n\n\n\n<h3 class=\"wp-block-heading\">M\u00fazeumok \u00e9s l\u00e1tnival\u00f3k<\/h3>\n\n\n<div class=\"ms-table\"><table><tr><th>L\u00e1tnival\u00f3<\/th><th>Kedvezm\u00e9ny<\/th><\/tr><tr><td>Biblioteca Ar\u00fas<\/td><td>-20%<\/td><\/tr><tr><td>Casa Amatller<\/td><td>-20%<\/td><\/tr><tr><td>Casa Batll\u00f3<\/td><td>-7\u20ac<\/td><\/tr><tr><td>Casa Mil\u00e0 &#8211; La Pedrera (La Pedrera Essencial adult) (Entry from 14h)<\/td><td>-7\u20ac<\/td><\/tr><tr><td>Casa Rocamora<\/td><td>-20%<\/td><\/tr><tr><td>Casa Vicens<\/td><td>-20%<\/td><\/tr><tr><td>Cripta Gaud\u00ed de la Col\u00f2nia G\u00fcell<\/td><td>-20%<\/td><\/tr><tr><td>Fundaci\u00f3 Vila Casas: Museu Can Framis i Espais Volart<\/td><td>-25%<\/td><\/tr><tr><td>KBR Fundaci\u00f3n MAPFRE Barcelona Photo Center<\/td><td>5\u20ac \u2192 3\u20ac<\/td><\/tr><tr><td>Gaud\u00ed Experi\u00e8ncia*<\/td><td>-20%<\/td><\/tr><tr><td>Mirador de Colom<\/td><td>-20%<\/td><\/tr><tr><td>Mirador Torre Gl\u00f2ries<\/td><td>-20%<\/td><\/tr><tr><td>Museu d\u2019Arqueologia de Catalunya<\/td><td>-25%<\/td><\/tr><tr><td>Museu d\u2019Hist\u00f2ria de Catalunya<\/td><td>-20%<\/td><\/tr><tr><td>Museu de la Cera de Barcelona<\/td><td>-20%<\/td><\/tr><tr><td>Museu de l\u2019Er\u00f2tica<\/td><td>-25%<\/td><\/tr><tr><td>Museu del Torr\u00f3 i la Xocolata de Barcelona<\/td><td>-25%<\/td><\/tr><tr><td>Museu Europeu d\u2019Art Modern (MEAM)<\/td><td>-25%<\/td><\/tr><tr><td>Museu Mar\u00edtim de Barcelona<\/td><td>-20%<\/td><\/tr><tr><td>Palau Bar\u00f3 Quadra<\/td><td>-20%<\/td><\/tr><tr><td>Palau de la M\u00fasica Catalana<\/td><td>-25%<\/td><\/tr><tr><td>Palau G\u00fcell<\/td><td>-20%<\/td><\/tr><tr><td>Paradox Museum<\/td><td>-20% (online foglal\u00e1si k\u00f3d: TCPDX)<\/td><\/tr><tr><td>Pavell\u00f3 Mies van der Rohe<\/td><td>-25%<\/td><\/tr><tr><td>Poble Espanyol de Barcelona<\/td><td>-20%<\/td><\/tr><tr><td>Rock Museum Barcelona<\/td><td>-25%<\/td><\/tr><tr><td>Sant Pau Recinte Modernista<\/td><td>-20%<\/td><\/tr><\/table><\/div>\n\n\n<h3 class=\"wp-block-heading\"><span class=\"notion-enable-hover\" data-token-index=\"0\">L\u00e1togat\u00e1sok \u00e9s t\u00far\u00e1k<\/span><\/h3>\n\n\n<div class=\"ms-table\"><table><tr><th>Tour<\/th><th>Kedvezm\u00e9ny<\/th><\/tr><tr><td>A-Bike Rental &#038; Tours*<\/td><td>-2\u20ac<\/td><\/tr><tr><td>Barcelona Bus Tur\u00edstic<\/td><td>-10%<\/td><\/tr><tr><td>Barcelona Walking Tours G\u00f2tic<\/td><td>-50%<\/td><\/tr><tr><td>Barcelona Walking Tours Modernisme<\/td><td>-50%<\/td><\/tr><tr><td>Barcelona Walking Tours Picasso<\/td><td>-50%<\/td><\/tr><tr><td>Catalunya Bus Tur\u00edstic*<\/td><td>-15%<\/td><\/tr><tr><td>Las Golondrinas Barcelona Port<\/td><td>-2\u20ac<\/td><\/tr><tr><td>Las Golondrinas Barcelona Port i Litoral<\/td><td>-2\u20ac<\/td><\/tr><tr><td>Vineyard Tour &#038; Tasting, sailing (car or ebike)<\/td><td>-20%<\/td><\/tr><\/table><\/div>\n\n\n<h3 class=\"wp-block-heading\"><span class=\"notion-enable-hover\" data-token-index=\"0\">Szabadid\u0151s programok<\/span><\/h3>\n\n\n<div class=\"ms-table\"><table><tr><th>Szabadid\u0151<\/th><th>Kedvezm\u00e9ny<\/th><\/tr><tr><td>Casino de Barcelona<\/td><td>Ingyenes bel\u00e9p\u00e9s + \u00dcdv\u00f6zl\u0151 ital<\/td><\/tr><tr><td>House of Candy<\/td><td>-50%<\/td><\/tr><tr><td>Icebarcelona*<\/td><td>-20% (csak online foglal\u00e1s eset\u00e9n)<\/td><\/tr><tr><td>L\u2019Aqu\u00e0rium de Barcelona<\/td><td>-20%<\/td><\/tr><tr><td>Parc d\u2019Atraccions del Tibidabo<\/td><td>-20%<\/td><\/tr><tr><td>Telef\u00e8ric de Montju\u00efc<\/td><td>-15% (ret\u00farjegy)<\/td><\/tr><tr><td>White Rabbit Barcelona*<\/td><td>-50%<\/td><\/tr><tr><td>Zoo de Barcelona<\/td><td>-20%<\/td><\/tr><\/table><\/div>\n\n\n<h3 class=\"wp-block-heading\"><span class=\"notion-enable-hover\" data-token-index=\"0\">Sz\u00f3rakoz\u00e1s<\/span><\/h3>\n\n\n<div class=\"ms-table\"><table><tr><th>Sz\u00f3rakoz\u00e1s<\/th><th>Kedvezm\u00e9ny<\/th><\/tr><tr><td>Classical concert in Basilica de la Merc\u00e8<\/td><td>-20%<\/td><\/tr><tr><td>El Duende<\/td><td> <\/td><\/tr><tr><td>\u2014 ital \u00e9s m\u0171sor (feln\u0151tt)<\/td><td>-10%<\/td><\/tr><tr><td>Tablao Flamenco Cordob\u00e9s<\/td><td> <\/td><\/tr><tr><td>\u2014 ital \u00e9s m\u0171sor<\/td><td>-20%<\/td><\/tr><tr><td>\u2014 vacsora \u00e9s m\u0171sor (feln\u0151tt)<\/td><td>-8%<\/td><\/tr><tr><td>Tablao Flamenco Patio Andaluz<\/td><td>-10,00 \u20ac kedvezm\u00e9ny<\/td><\/tr><\/table><\/div>\n\n\n<h3 class=\"wp-block-heading\"><span class=\"notion-enable-hover\" data-token-index=\"0\">Egy\u00e9b szolg\u00e1ltat\u00e1sok<\/span><\/h3>\n\n\n<div class=\"ms-table\"><table><tr><th>Egy\u00e9b Szolg\u00e1ltat\u00e1sok<\/th><th>Kedvezm\u00e9ny<\/th><\/tr><tr><td>Locker Barcelona<\/td><td>-10%<\/td><\/tr><\/table><\/div>\n\n\n<p>*Online foglal\u00e1s<\/p>\n\n\n\n<p>**Soron k\u00edv\u00fcli bel\u00e9p\u00e9s<\/p>\n\n\n\n<p>Friss\u00edtve: 2026. els\u0151 negyed\u00e9v. A Barcelona Card k\u00e1rty\u00e1val j\u00e1r\u00f3 kedvezm\u00e9nyek el\u0151zetes \u00e9rtes\u00edt\u00e9s n\u00e9lk\u00fcl v\u00e1ltozhatnak. A Barcelona Card k\u00e1rtya \u00e1tv\u00e9telekor kap egy bros\u00far\u00e1t, amely tartalmazza az \u00f6sszes kedvezm\u00e9nyt.m\u00e9nyt.<\/p>\n","protected":false},"excerpt":{"rendered":"","protected":false},"author":4,"featured_media":0,"parent":0,"menu_order":3,"comment_status":"closed","ping_status":"closed","template":"","meta":{"_acf_changed":false,"footnotes":"","button_url":"https:\/\/www.tiqets.com\/en\/barcelona-attractions-c66342\/tickets-for-barcelona-card-72-Hour-96-Hour-120-Hour-p975758\/?partner=barcelonacard","ms_product_id":"","ms_product_name":"","ms_price":"","ms_currency":"","ms_rating_value":"","ms_review_count":"","rank_math_title":"%title% (Updated %currentyear%)","rank_math_description":" A Barcelona Card t\u00f6bb mint 70 kedvezm\u00e9nyt k\u00edn\u00e1l n\u00e9pszer\u0171 l\u00e1tnival\u00f3kra, v\u00e1rosn\u00e9z\u0151 t\u00far\u00e1kra, sz\u00f3rakoz\u00e1si lehet\u0151s\u00e9gekre, v\u00e1s\u00e1rl\u00e1si lehet\u0151s\u00e9gekre \u00e9s \u00e9jszakai \u00e9letre."},"post-style":[],"producer":[],"class_list":["post-5","page","type-page","status-publish","has-post-thumbnail"],"acf":[],"product_schema":{"ms_product_id":"","ms_product_name":"","ms_price":"","ms_currency":"","ms_rating_value":"","ms_review_count":""},"_links":{"self":[{"href":"https:\/\/www.barcelonacard.org\/hu\/wp-json\/wp\/v2\/pages\/5","targetHints":{"allow":["GET"]}}],"collection":[{"href":"https:\/\/www.barcelonacard.org\/hu\/wp-json\/wp\/v2\/pages"}],"about":[{"href":"https:\/\/www.barcelonacard.org\/hu\/wp-json\/wp\/v2\/types\/page"}],"author":[{"embeddable":true,"href":"https:\/\/www.barcelonacard.org\/hu\/wp-json\/wp\/v2\/users\/4"}],"replies":[{"embeddable":true,"href":"https:\/\/www.barcelonacard.org\/hu\/wp-json\/wp\/v2\/comments?post=5"}],"version-history":[{"count":3,"href":"https:\/\/www.barcelonacard.org\/hu\/wp-json\/wp\/v2\/pages\/5\/revisions"}],"predecessor-version":[{"id":1231,"href":"https:\/\/www.barcelonacard.org\/hu\/wp-json\/wp\/v2\/pages\/5\/revisions\/1231"}],"wp:attachment":[{"href":"https:\/\/www.barcelonacard.org\/hu\/wp-json\/wp\/v2\/media?parent=5"}],"wp:term":[{"taxonomy":"post-style","embeddable":true,"href":"https:\/\/www.barcelonacard.org\/hu\/wp-json\/wp\/v2\/post-style?post=5"},{"taxonomy":"producer","embeddable":true,"href":"https:\/\/www.barcelonacard.org\/hu\/wp-json\/wp\/v2\/producer?post=5"}],"curies":[{"name":"wp","href":"https:\/\/api.w.org\/{rel}","templated":true}]}}