{"id":7,"date":"2013-10-20T16:23:00","date_gmt":"2013-10-20T14:23:00","guid":{"rendered":"https:\/\/www.barcelonacard.org\/?page_id=7"},"modified":"2025-01-10T10:10:58","modified_gmt":"2025-01-10T09:10:58","slug":"faq","status":"publish","type":"page","link":"https:\/\/www.barcelonacard.org\/fr\/faq\/","title":{"rendered":"Foire Aux Questions"},"content":{"rendered":"<div id=\"rank-math-faq\" class=\"rank-math-block\">\n<div class=\"rank-math-list \">\n<div id=\"faq-question-1717062476605\" class=\"rank-math-list-item\">\n<h3 class=\"rank-math-question \">Qu&rsquo;est-ce que la Barcelona Card ?<\/h3>\n<div class=\"rank-math-answer \">\n\n<p>La Barcelona Card est le pass touristique officiel de Barcelone. C&rsquo;est essentiellement une carte 3-en-1 : <strong>carte de transport<\/strong>, <strong>pass mus\u00e9e<\/strong> et <strong>carte de r\u00e9duction<\/strong>. Le pack Barcelona Card inclut \u00e9galement une carte gratuite et un petit guide de voyage. En r\u00e9sum\u00e9, la carte aide les visiteurs de Barcelone \u00e0 <strong>gagner du temps et de l&rsquo;argent<\/strong> pendant leur s\u00e9jour dans la ville.<\/p>\n\n<\/div>\n<\/div>\n<div id=\"faq-question-1717062505033\" class=\"rank-math-list-item\">\n<h3 class=\"rank-math-question \">Quels sont les avantages de la Barcelona Card ?<\/h3>\n<div class=\"rank-math-answer \">\n\n<p>La Barcelona Card vous permet d&rsquo;<strong>\u00e9conomiser<\/strong> sur les frais de transport, les droits d&rsquo;entr\u00e9e, les divertissements et les cadeaux, de <strong>gagner du temps<\/strong> en \u00e9vitant les longues files d&rsquo;attente dans les attractions populaires, et de <strong>voir plus<\/strong> avec plus de 320 euros d&rsquo;offres et de r\u00e9ductions.<\/p>\n\n<\/div>\n<\/div>\n<div id=\"faq-question-1717062519392\" class=\"rank-math-list-item\">\n<h3 class=\"rank-math-question \">Quelles r\u00e9ductions offre la Barcelona Card ?<\/h3>\n<div class=\"rank-math-answer \">\n\n<p>La Barcelona Card offre plus de 70 r\u00e9ductions sur les attractions touristiques, les visites guid\u00e9es, les loisirs et divertissements, les bars et restaurants, le transport et les achats. La valeur totale de toutes les r\u00e9ductions d\u00e9passe 320 euros. Vous pouvez consulter la liste compl\u00e8te des r\u00e9ductions <a href=\"https:\/\/www.barcelonacard.org\/fr\/reductions\/\">ici<\/a>.<\/p>\n\n<\/div>\n<\/div>\n<div id=\"faq-question-1726543860899\" class=\"rank-math-list-item\">\n<h3 class=\"rank-math-question \">La Barcelona Card vaut-elle le coup ?<\/h3>\n<div class=\"rank-math-answer \">\n\n<p>Que la Barcelona Card vaille la peine d\u00e9pend principalement de vos plans de voyage et de votre besoin de commodit\u00e9. En r\u00e8gle g\u00e9n\u00e9rale, la Barcelona Card est une bonne affaire si vous pr\u00e9voyez d&rsquo;utiliser les transports en commun et de visiter plusieurs mus\u00e9es et attractions par jour. Voici quelques \u00e9l\u00e9ments \u00e0 prendre en compte avant d&rsquo;acheter la Barcelona Card :<\/p>\n<p><strong>1. Le co\u00fbt de la carte<\/strong><br \/>La seule fa\u00e7on de s&rsquo;assurer que la Barcelona Card vaut l&rsquo;investissement est de passer en revue vos plans et de calculer combien co\u00fbteraient les entr\u00e9es, les visites et les transports. Comparez le total avec les co\u00fbts par jour de la Barcelona Card et voyez si la carte est une bonne affaire. Gardez \u00e0 l&rsquo;esprit que les cartes de 4 et 5 jours offrent le meilleur rapport qualit\u00e9-prix.<\/p>\n<p><strong>2. Gagner du temps<\/strong><br \/>La Barcelona Card ne vous offre pas seulement une valeur mon\u00e9taire : elle vous permet \u00e9galement de gagner du temps en \u00e9vitant les files d&rsquo;attente dans les attractions populaires et les stations de transport public.<\/p>\n<p><strong>3. Libert\u00e9 et flexibilit\u00e9<\/strong><br \/>Dans de nombreux cas, la Barcelona Card mise sur la commodit\u00e9 : elle vous permet de faire ce que vous voulez, quand vous voulez, sans avoir \u00e0 vous soucier d&rsquo;acheter des billets suppl\u00e9mentaires pour les mus\u00e9es ou les transports. Si vous visitez Barcelone avec un budget limit\u00e9, faites les calculs et voyez si le co\u00fbt vaut les \u00e9conomies. Si vous valorisez la <strong>libert\u00e9<\/strong>, la <strong>flexibilit\u00e9<\/strong> et la <strong>commodit\u00e9<\/strong>, la Barcelona Card est probablement un excellent choix.<\/p>\n\n<\/div>\n<\/div>\n<div id=\"faq-question-1726543883267\" class=\"rank-math-list-item\">\n<h3 class=\"rank-math-question \"><strong>Quelle est la diff\u00e9rence entre la Barcelona Card et la T-casual Card ?<\/strong><\/h3>\n<div class=\"rank-math-answer \">\n\n<p>La T-casual Card est une carte de transport uniquement, offrant 10 trajets dans le r\u00e9seau de transport public de Barcelone. La Barcelona Card est bien plus compl\u00e8te, incluant non seulement un acc\u00e8s illimit\u00e9 aux transports publics, mais aussi l&rsquo;entr\u00e9e gratuite \u00e0 de nombreux mus\u00e9es et plus de 70 r\u00e9ductions.<\/p>\n\n<\/div>\n<\/div>\n<div id=\"faq-question-1726543889362\" class=\"rank-math-list-item\">\n<h3 class=\"rank-math-question \"><strong>Quelle est la diff\u00e9rence entre la Barcelona Card et le bus touristique ?<\/strong><\/h3>\n<div class=\"rank-math-answer \">\n\n<p>La Barcelona Card vous permet de voyager gratuitement dans les transports publics, y compris les bus, m\u00e9tro, trams, trains r\u00e9gionaux et le train de l&rsquo;a\u00e9roport. Les visites en bus touristique de <a href=\"https:\/\/www.hoponhopoffbarcelona.org\/\" rel=\"noopener\">Barcelona Bus Tur\u00edstic<\/a> ne sont pas incluses dans la Barcelona Card.<\/p>\n\n<\/div>\n<\/div>\n<div id=\"faq-question-1726543893043\" class=\"rank-math-list-item\">\n<h3 class=\"rank-math-question \"><strong>Quel est le prix de la Barcelona Card ?<\/strong><\/h3>\n<div class=\"rank-math-answer \">\n\n<p>Le prix de la Barcelona Card varie en fonction du nombre de jours de validit\u00e9. Les enfants b\u00e9n\u00e9ficient d&rsquo;une r\u00e9duction suppl\u00e9mentaire. <br \/>Consultez le tableau des prix pour voir tous les tarifs. Par exemple, une carte de 5 jours co\u00fbte 2,90 \u20ac de moins par jour qu&rsquo;une carte de 3 jours. Veuillez vous r\u00e9f\u00e9rer au <a href=\"https:\/\/www.barcelonacard.org\/fr\/tarifs\/\">tableau des prix<\/a> pour voir tous les prix de la Barcelona Card.<\/p>\n\n<\/div>\n<\/div>\n<div id=\"faq-question-1726543901952\" class=\"rank-math-list-item\">\n<h3 class=\"rank-math-question \"><strong>O\u00f9 puis-je retirer la Barcelona Card ?<\/strong><\/h3>\n<div class=\"rank-math-answer \">\n\n<p>Apr\u00e8s votre achat, vous pouvez retirer la Barcelona Card dans l&rsquo;un des <a href=\"https:\/\/www.barcelonacard.org\/fr\/bureaux-information-touristique\/\">bureaux d&rsquo;information touristique<\/a> \u00e0 Barcelone ou \u00e0 l&rsquo;a\u00e9roport de Barcelone. N&rsquo;oubliez pas d&rsquo;apporter le bon que vous avez re\u00e7u par e-mail ainsi qu&rsquo;une pi\u00e8ce d&rsquo;identit\u00e9 valide.<\/p>\n\n<\/div>\n<\/div>\n<\/div>\n<\/div>\n\n\n<h3 class=\"wp-block-heading\"><\/h3>\n","protected":false},"excerpt":{"rendered":"","protected":false},"author":1,"featured_media":0,"parent":0,"menu_order":5,"comment_status":"closed","ping_status":"closed","template":"","meta":{"_acf_changed":false,"footnotes":"","rank_math_title":"%title% %sep% %sitename%","rank_math_description":"Foire aux questions sur la Barcelona Card : quelles r\u00e9ductions offre-t-elle, combien co\u00fbte-t-elle et est-elle rentable ?","button_url":"https:\/\/www.tiqets.com\/fr\/barcelona-attractions-c66342\/tickets-for-barcelona-card-72-Hour-96-Hour-120-Hour-p975758\/?partner=barcelonacard","ms_product_id":"","ms_product_name":"","ms_price":"","ms_currency":"","ms_rating_value":"","ms_review_count":""},"post-style":[],"producer":[],"class_list":["post-7","page","type-page","status-publish","has-post-thumbnail"],"acf":[],"button_url":"https:\/\/www.tiqets.com\/fr\/barcelona-attractions-c66342\/tickets-for-barcelona-card-72-Hour-96-Hour-120-Hour-p975758\/?partner=barcelonacard","product_schema":{"ms_product_id":"","ms_product_name":"","ms_price":"","ms_currency":"","ms_rating_value":"","ms_review_count":""},"_links":{"self":[{"href":"https:\/\/www.barcelonacard.org\/fr\/wp-json\/wp\/v2\/pages\/7","targetHints":{"allow":["GET"]}}],"collection":[{"href":"https:\/\/www.barcelonacard.org\/fr\/wp-json\/wp\/v2\/pages"}],"about":[{"href":"https:\/\/www.barcelonacard.org\/fr\/wp-json\/wp\/v2\/types\/page"}],"author":[{"embeddable":true,"href":"https:\/\/www.barcelonacard.org\/fr\/wp-json\/wp\/v2\/users\/1"}],"replies":[{"embeddable":true,"href":"https:\/\/www.barcelonacard.org\/fr\/wp-json\/wp\/v2\/comments?post=7"}],"version-history":[{"count":3,"href":"https:\/\/www.barcelonacard.org\/fr\/wp-json\/wp\/v2\/pages\/7\/revisions"}],"predecessor-version":[{"id":678,"href":"https:\/\/www.barcelonacard.org\/fr\/wp-json\/wp\/v2\/pages\/7\/revisions\/678"}],"wp:attachment":[{"href":"https:\/\/www.barcelonacard.org\/fr\/wp-json\/wp\/v2\/media?parent=7"}],"wp:term":[{"taxonomy":"post-style","embeddable":true,"href":"https:\/\/www.barcelonacard.org\/fr\/wp-json\/wp\/v2\/post-style?post=7"},{"taxonomy":"producer","embeddable":true,"href":"https:\/\/www.barcelonacard.org\/fr\/wp-json\/wp\/v2\/producer?post=7"}],"curies":[{"name":"wp","href":"https:\/\/api.w.org\/{rel}","templated":true}]}}