{"id":617,"date":"2024-09-17T07:25:26","date_gmt":"2024-09-17T05:25:26","guid":{"rendered":"https:\/\/www.barcelonacard.org\/fr\/?page_id=617"},"modified":"2025-01-10T10:10:58","modified_gmt":"2025-01-10T09:10:58","slug":"contact","status":"publish","type":"page","link":"https:\/\/www.barcelonacard.org\/fr\/contact\/","title":{"rendered":"Contact"},"content":{"rendered":"\n<h3 class=\"wp-block-heading\"><strong>Demandes de renseignements sur les billets<\/strong><\/h3>\n\n\n\n<p>Pour toute question concernant les billets ou votre r\u00e9servation, veuillez contacter notre partenaire de billetterie :<\/p>\n\n\n\n<ul class=\"wp-block-list\">\n<li>Email: info@ticketbar.eu<\/li>\n\n\n\n<li>T\u00e9l\u00e9phone: +44 2035142614<\/li>\n<\/ul>\n\n\n\n<hr class=\"wp-block-separator has-alpha-channel-opacity\" \/>\n\n\n\n<h3 class=\"wp-block-heading\"><strong>Informations pour les visiteurs<\/strong><\/h3>\n\n\n\n<p>Pour toute information sur les visites, attractions, \u00e9v\u00e9nements culturels ou r\u00e9servations d&rsquo;h\u00f4tels, vous pouvez contacter l&rsquo;office de tourisme officiel de Barcelone : Turisme de Barcelona.<\/p>\n\n\n\n<ul class=\"wp-block-list\">\n<li>Email: info@barcelonaturisme.com<\/li>\n\n\n\n<li>T\u00e9l\u00e9phone : +34 932 853 832 (disponible tous les jours de 8h00 \u00e0 20h00)<\/li>\n<\/ul>\n\n\n\n<p>Si vous \u00eates d\u00e9j\u00e0 \u00e0 Barcelone, n\u2019h\u00e9sitez pas \u00e0 visiter l\u2019un de leurs bureaux d\u2019information touristique situ\u00e9s \u00e0 l\u2019a\u00e9roport ou en ville. Pour une liste compl\u00e8te des emplacements, cliquez <a href=\"https:\/\/www.barcelonaturisme.com\/wv3\/fr\/page\/38\/points-d-information-touristique.html\" target=\"_blank\" rel=\"noreferrer noopener nofollow\">ici<\/a>.<\/p>\n\n\n\n<hr class=\"wp-block-separator has-alpha-channel-opacity\" \/>\n\n\n\n<h3 class=\"wp-block-heading\"><strong>Assistance technique<\/strong><\/h3>\n\n\n\n<p>Pour toute question concernant ce site Web, veuillez nous contacter directement :<\/p>\n\n\n\n<ul class=\"wp-block-list\">\n<li>Email: info@moonshot.media<\/li>\n<\/ul>\n","protected":false},"excerpt":{"rendered":"","protected":false},"author":3,"featured_media":0,"parent":0,"menu_order":0,"comment_status":"closed","ping_status":"closed","template":"","meta":{"_acf_changed":false,"footnotes":"","button_url":"https:\/\/www.tiqets.com\/fr\/barcelona-attractions-c66342\/tickets-for-barcelona-card-72-Hour-96-Hour-120-Hour-p975758\/?partner=barcelonacard","ms_product_id":"","ms_product_name":"","ms_price":"","ms_currency":"","ms_rating_value":"","ms_review_count":"","rank_math_title":"%title% %sep% %sitename%","rank_math_description":"Besoin d'aide avec votre Barcelona Card ? Contactez notre partenaire billetterie pour obtenir de l'aide concernant toute question relative aux billets ou aux r\u00e9servations."},"post-style":[],"producer":[],"class_list":["post-617","page","type-page","status-publish","has-post-thumbnail"],"acf":[],"product_schema":{"ms_product_id":"","ms_product_name":"","ms_price":"","ms_currency":"","ms_rating_value":"","ms_review_count":""},"_links":{"self":[{"href":"https:\/\/www.barcelonacard.org\/fr\/wp-json\/wp\/v2\/pages\/617","targetHints":{"allow":["GET"]}}],"collection":[{"href":"https:\/\/www.barcelonacard.org\/fr\/wp-json\/wp\/v2\/pages"}],"about":[{"href":"https:\/\/www.barcelonacard.org\/fr\/wp-json\/wp\/v2\/types\/page"}],"author":[{"embeddable":true,"href":"https:\/\/www.barcelonacard.org\/fr\/wp-json\/wp\/v2\/users\/3"}],"replies":[{"embeddable":true,"href":"https:\/\/www.barcelonacard.org\/fr\/wp-json\/wp\/v2\/comments?post=617"}],"version-history":[{"count":3,"href":"https:\/\/www.barcelonacard.org\/fr\/wp-json\/wp\/v2\/pages\/617\/revisions"}],"predecessor-version":[{"id":692,"href":"https:\/\/www.barcelonacard.org\/fr\/wp-json\/wp\/v2\/pages\/617\/revisions\/692"}],"wp:attachment":[{"href":"https:\/\/www.barcelonacard.org\/fr\/wp-json\/wp\/v2\/media?parent=617"}],"wp:term":[{"taxonomy":"post-style","embeddable":true,"href":"https:\/\/www.barcelonacard.org\/fr\/wp-json\/wp\/v2\/post-style?post=617"},{"taxonomy":"producer","embeddable":true,"href":"https:\/\/www.barcelonacard.org\/fr\/wp-json\/wp\/v2\/producer?post=617"}],"curies":[{"name":"wp","href":"https:\/\/api.w.org\/{rel}","templated":true}]}}