{"id":6,"date":"2013-10-20T16:22:05","date_gmt":"2013-10-20T14:22:05","guid":{"rendered":"https:\/\/www.barcelonacard.org\/?page_id=6"},"modified":"2026-05-07T16:51:15","modified_gmt":"2026-05-07T14:51:15","slug":"tarifs","status":"publish","type":"page","link":"https:\/\/www.barcelonacard.org\/fr\/tarifs\/","title":{"rendered":"Tarifs Barcelona Card"},"content":{"rendered":"\n<p>Les tarifs de la Barcelona Card d\u00e9pendent du nombre de jours pour lesquels votre carte est valide. Les prix varient de 39 \u20ac pour une carte de 2 jours (48 heures) \u00e0 79 \u20ac pour une carte de 5 jours (120 heures).<\/p>\n\n\n<div class=\"gb-container gb-container-7d45ff9c ms-alert--primary ms-p ms-rounded ms-mb-last-child-0 ms-mb-children-condensed ms-mb-block\">\n\n<p>La carte de 5 jours offre le meilleur rapport qualit\u00e9\/prix : elle ne co\u00fbte que 15,80\u20ac par jour.<\/p>\n\n<\/div>\n\n\n<p>Les enfants \u00e2g\u00e9s de 4 \u00e0 12 ans b\u00e9n\u00e9ficient de tarifs r\u00e9duits. Les enfants de moins de 3 ans ont acc\u00e8s gratuitement.<\/p>\n\n\n\n<h3 class=\"wp-block-heading\"><span class=\"notion-enable-hover\" data-token-index=\"0\">Tableau des tarifs :<\/span><\/h3>\n\n\n<div class=\"ms-table frozenColumn\"><table><tr><th><\/th><th>48 Heures<\/th><th>72 Heures<\/th><th>96 Heures<\/th><th>120 Heures<\/th><\/tr><tr><td>Adult<\/td><td>39,00 \u20ac (19,50 \u20ac par jour)<\/td><td>59,00 \u20ac (19,67 \u20ac par jour)<\/td><td>69,00 \u20ac (17,25 \u20ac par jour)<\/td><td>79,00 \u20ac (15,80 \u20ac par jour)<\/td><\/tr><tr><td>Enfants<\/td><td>27,00 \u20ac (13,50 \u20ac par jour)<\/td><td>37,00 \u20ac (12,33 \u20ac par jour)<\/td><td>46,00 \u20ac (11,50 \u20ac par jour)<\/td><td>54,00 \u20ac (10,80 \u20ac par jour)<\/td><\/tr><\/table><\/div>","protected":false},"excerpt":{"rendered":"","protected":false},"author":1,"featured_media":0,"parent":0,"menu_order":4,"comment_status":"closed","ping_status":"closed","template":"","meta":{"_acf_changed":false,"footnotes":"","button_url":"https:\/\/www.tiqets.com\/fr\/barcelona-attractions-c66342\/tickets-for-barcelona-card-72-Hour-96-Hour-120-Hour-p975758\/?partner=barcelonacard","ms_product_id":"","ms_product_name":"","ms_price":"","ms_currency":"","ms_rating_value":"","ms_review_count":"","rank_math_title":"Barcelona Card - Tarifs en %currentyear%","rank_math_description":"Combien co\u00fbte la Barcelona Card ? Visualisez les tarifs actualis\u00e9s de la Barcelona Card."},"post-style":[],"producer":[],"class_list":["post-6","page","type-page","status-publish","has-post-thumbnail"],"acf":[],"product_schema":{"ms_product_id":"","ms_product_name":"","ms_price":"","ms_currency":"","ms_rating_value":"","ms_review_count":""},"_links":{"self":[{"href":"https:\/\/www.barcelonacard.org\/fr\/wp-json\/wp\/v2\/pages\/6","targetHints":{"allow":["GET"]}}],"collection":[{"href":"https:\/\/www.barcelonacard.org\/fr\/wp-json\/wp\/v2\/pages"}],"about":[{"href":"https:\/\/www.barcelonacard.org\/fr\/wp-json\/wp\/v2\/types\/page"}],"author":[{"embeddable":true,"href":"https:\/\/www.barcelonacard.org\/fr\/wp-json\/wp\/v2\/users\/1"}],"replies":[{"embeddable":true,"href":"https:\/\/www.barcelonacard.org\/fr\/wp-json\/wp\/v2\/comments?post=6"}],"version-history":[{"count":3,"href":"https:\/\/www.barcelonacard.org\/fr\/wp-json\/wp\/v2\/pages\/6\/revisions"}],"predecessor-version":[{"id":1120,"href":"https:\/\/www.barcelonacard.org\/fr\/wp-json\/wp\/v2\/pages\/6\/revisions\/1120"}],"wp:attachment":[{"href":"https:\/\/www.barcelonacard.org\/fr\/wp-json\/wp\/v2\/media?parent=6"}],"wp:term":[{"taxonomy":"post-style","embeddable":true,"href":"https:\/\/www.barcelonacard.org\/fr\/wp-json\/wp\/v2\/post-style?post=6"},{"taxonomy":"producer","embeddable":true,"href":"https:\/\/www.barcelonacard.org\/fr\/wp-json\/wp\/v2\/producer?post=6"}],"curies":[{"name":"wp","href":"https:\/\/api.w.org\/{rel}","templated":true}]}}