{"id":587,"date":"2013-10-20T14:05:29","date_gmt":"2013-10-20T14:05:29","guid":{"rendered":"https:\/\/www.barcelonacard.org\/?page_id=4"},"modified":"2026-01-16T17:49:14","modified_gmt":"2026-01-16T16:49:14","slug":"barcelona-card","status":"publish","type":"page","link":"https:\/\/www.barcelonacard.org\/fr\/","title":{"rendered":"Barcelona Card"},"content":{"rendered":"<figure>\n                    <div class=\"ms-credits\"><img decoding=\"async\" class=\"gb-image gb-image-91e329c5\" src=\"https:\/\/www.barcelonacard.org\/wp-content\/uploads\/barcelona-card-homepage-1746806969.jpg\" alt=\"Aerial view of Barcelona\" title=\"barcelona-card-homepage-1746806969\"><span class='ms-credits__info' id='media864'><svg xmlns=\"http:\/\/www.w3.org\/2000\/svg\" width=\"20\" height=\"22\" fill=\"#000000\" viewBox=\"0 0 256 256\"><path d=\"M128,24A104,104,0,1,0,232,128,104.11,104.11,0,0,0,128,24Zm0,192a88,88,0,1,1,88-88A88.1,88.1,0,0,1,128,216ZM96,128a32,32,0,0,0,57.6,19.2,8,8,0,0,1,12.8,9.61,48,48,0,1,1,0-57.62,8,8,0,0,1-12.8,9.61A32,32,0,0,0,96,128Z\"><\/path><\/svg>rabbit75_dep\/<a href=https:\/\/depositphotos.com\/editorial\/sagrada-familia-basilica-aerial-view-famous-landmark-barcelona-spain-374286208.html rel='nofollow' target='_blank'>Depositphotos<\/a><\/span><span class='ms-credits__btn' id='btn_media864' onclick='ms_credits_trigger(\"#media864\", this)'><svg xmlns=\"http:\/\/www.w3.org\/2000\/svg\" class=\"info_icon\" width=\"28\" height=\"28\" fill=\"#FFF\" viewBox=\"0 0 256 256\"><path d=\"M128,24A104,104,0,1,0,232,128,104.11,104.11,0,0,0,128,24Zm0,192a88,88,0,1,1,88-88A88.1,88.1,0,0,1,128,216Zm16-40a8,8,0,0,1-8,8,16,16,0,0,1-16-16V128a8,8,0,0,1,0-16,16,16,0,0,1,16,16v40A8,8,0,0,1,144,176ZM112,84a12,12,0,1,1,12,12A12,12,0,0,1,112,84Z\"><\/path><\/svg><svg xmlns=\"http:\/\/www.w3.org\/2000\/svg\" class=\"close_icon\" width=\"28\" height=\"28\" fill=\"#FFF\" viewBox=\"0 0 256 256\"><path d=\"M165.66,101.66,139.31,128l26.35,26.34a8,8,0,0,1-11.32,11.32L128,139.31l-26.34,26.35a8,8,0,0,1-11.32-11.32L116.69,128,90.34,101.66a8,8,0,0,1,11.32-11.32L128,116.69l26.34-26.35a8,8,0,0,1,11.32,11.32ZM232,128A104,104,0,1,1,128,24,104.11,104.11,0,0,1,232,128Zm-16,0a88,88,0,1,0-88,88A88.1,88.1,0,0,0,216,128Z\"><\/path><\/svg><\/span><\/div><\/figure>\n\n\n<h1 class=\"gb-headline gb-headline-1c55328e gb-headline-text\">Barcelona Card<br><strong><mark style=\"background-color:var(--ms-color-white)\" class=\"has-inline-color has-ms-color-neutral-color\">Gagnez du temps et \u00e9conomisez avec la Barcelona Card<\/mark><\/strong><\/h1>\n\n\n\n<p class=\"gb-headline gb-headline-1b19673b gb-headline-text\">D\u00e9couvrez le meilleur de Barcelone avec la Barcelona Card. Profitez de trajets illimit\u00e9s dans les transports publics (y compris le train et\/ou le m\u00e9tro de l&rsquo;a\u00e9roport), d&rsquo;une entr\u00e9e gratuite aux meilleurs mus\u00e9es de la ville ainsi que d&rsquo;offres et de r\u00e9ductions exclusives.<\/p>\n\n\n\n<div class=\"ms-p ms-rounded ms-mb-last-child-0 ms-mb-children-condensed ms-alert--contrast ms-mb-block\">\n<h4 class=\"gb-text-26a71c5b\"><span class=\"gb-shape\"><svg viewBox=\"0 0 256 256\" fill=\"#000000\" height=\"32\" width=\"32\" xmlns=\"http:\/\/www.w3.org\/2000\/svg\"><path d=\"M108,84a16,16,0,1,1,16,16A16,16,0,0,1,108,84Zm128,44A108,108,0,1,1,128,20,108.12,108.12,0,0,1,236,128Zm-24,0a84,84,0,1,0-84,84A84.09,84.09,0,0,0,212,128Zm-72,36.68V132a20,20,0,0,0-20-20,12,12,0,0,0-4,23.32V168a20,20,0,0,0,20,20,12,12,0,0,0,4-23.32Z\"><\/path><\/svg><\/span><span class=\"gb-text\">NOUVEAU : \u00c9conomisez davantage avec la Barcelona Card !<\/span><\/h4>\n\n\n\n<p class=\"gb-text gb-text-2c41ecab\">B\u00e9n\u00e9ficiez d&rsquo;une r\u00e9duction en ajoutant des billets pour la Sagrada Familia et le parc G\u00fcell lors du paiement lorsque vous achetez la Barcelona Card, sous r\u00e9serve de disponibilit\u00e9.<\/p>\n\n\n\n<p class=\"gb-text gb-text-26ceb76b\"><a href=\"https:\/\/www.tiqets.com\/fr\/barcelona-attractions-c66342\/tickets-for-barcelona-card-72-hour-96-hour-120-hour-p975758\/?partner=barcelonacard\" data-type=\"link\" data-id=\"https:\/\/www.tiqets.com\/fr\/barcelona-attractions-c66342\/tickets-for-barcelona-card-72-hour-96-hour-120-hour-p975758\/?partner=barcelonacard\" rel=\"nofollow noopener\">V\u00e9rifiez la disponibilit\u00e9 d\u00e8s maintenant<\/a> \u00bb<\/p>\n<\/div>\n\n\n<div class=\"gb-container gb-container-1e1905d6 gb-tabs\" role=\"tablist\" data-opened-tab=\"1\">\n<div class=\"gb-container gb-container-c0d25ee5 gb-tabs__buttons\" role=\"list\">\n\n<button class=\"gb-button gb-button-38b6d7d4 gb-button-text gb-tabs__button gb-block-is-current\" id=\"gb-tab-button-38b6d7d4\" role=\"tab\"><strong>Avantages<\/strong><\/button>\n\n\n\n<button class=\"gb-button gb-button-c40a7253 gb-button-text gb-tabs__button\" id=\"gb-tab-button-c40a7253\" role=\"tab\"><strong>Ce que c&rsquo;est<\/strong><\/button>\n\n\n\n<button class=\"gb-button gb-button-5c438a47 gb-button-text gb-tabs__button\" id=\"gb-tab-button-5c438a47\" role=\"tab\"><strong>O\u00f9 l&rsquo;acheter<\/strong><\/button>\n\n\n\n<button class=\"gb-button gb-button-7d2dbf03 gb-button-text gb-tabs__button\" id=\"gb-tab-button-7d2dbf03\" role=\"tab\"><strong>Comment l&rsquo;utiliser<\/strong><\/button>\n\n<\/div>\n\n<div class=\"gb-container gb-container-8fcce89b gb-tabs__items\">\n<div class=\"gb-container gb-container-2e268732 gb-tabs__item gb-tabs__item-open\" id=\"gb-tab-item-2e268732\" role=\"tabpanel\">\n<div class=\"gb-grid-wrapper gb-grid-wrapper-b173452e\">\n<div class=\"gb-grid-column gb-grid-column-2d6c95fd\"><div class=\"gb-container gb-container-2d6c95fd\">\n\n<h5 class=\"gb-headline gb-headline-f5371835\"><span class=\"gb-icon\"><svg viewBox=\"0 0 256 256\" fill=\"#000000\" height=\"32\" width=\"32\" xmlns=\"http:\/\/www.w3.org\/2000\/svg\"><path d=\"M232.49,80.49l-128,128a12,12,0,0,1-17,0l-56-56a12,12,0,1,1,17-17L96,183,215.51,63.51a12,12,0,0,1,17,17Z\"><\/path><\/svg><\/span><span class=\"gb-headline-text\"><strong>Transports gratuits<\/strong><\/span><\/h5>\n\n\n\n<p>Voyages illimit\u00e9s gratuits en bus, m\u00e9tro, a\u00e9roport et train.<\/p>\n\n<\/div><\/div>\n\n<div class=\"gb-grid-column gb-grid-column-d53518b7\"><div class=\"gb-container gb-container-d53518b7\">\n\n<h5 class=\"gb-headline gb-headline-fa732612\"><span class=\"gb-icon\"><svg viewBox=\"0 0 256 256\" fill=\"#000000\" height=\"32\" width=\"32\" xmlns=\"http:\/\/www.w3.org\/2000\/svg\"><path d=\"M232.49,80.49l-128,128a12,12,0,0,1-17,0l-56-56a12,12,0,1,1,17-17L96,183,215.51,63.51a12,12,0,0,1,17,17Z\"><\/path><\/svg><\/span><span class=\"gb-headline-text\"><strong>Entr\u00e9e gratuite<\/strong><\/span><\/h5>\n\n\n\n<p>Visitez gratuitement plus de 25 des meilleurs sites de Barcelone.<\/p>\n\n<\/div><\/div>\n\n<div class=\"gb-grid-column gb-grid-column-6dad0888\"><div class=\"gb-container gb-container-6dad0888\">\n\n<h5 class=\"gb-headline gb-headline-97f3175e\"><span class=\"gb-icon\"><svg viewBox=\"0 0 256 256\" fill=\"#000000\" height=\"32\" width=\"32\" xmlns=\"http:\/\/www.w3.org\/2000\/svg\"><path d=\"M232.49,80.49l-128,128a12,12,0,0,1-17,0l-56-56a12,12,0,1,1,17-17L96,183,215.51,63.51a12,12,0,0,1,17,17Z\"><\/path><\/svg><\/span><span class=\"gb-headline-text\"><strong>70+ r\u00e9ductions<\/strong><\/span><\/h5>\n\n\n\n<p>\u00c9conomisez jusqu&rsquo;\u00e0 350\u20ac sur les visites, les achats, les restaurants et les loisirs.<\/p>\n\n<\/div><\/div>\n\n<div class=\"gb-grid-column gb-grid-column-d82be486\"><div class=\"gb-container gb-container-d82be486\">\n\n<p class=\"gb-headline gb-headline-c0e8b836\"><span class=\"gb-icon\"><svg viewBox=\"0 0 256 256\" fill=\"#000000\" height=\"32\" width=\"32\" xmlns=\"http:\/\/www.w3.org\/2000\/svg\"><path d=\"M232.49,80.49l-128,128a12,12,0,0,1-17,0l-56-56a12,12,0,1,1,17-17L96,183,215.51,63.51a12,12,0,0,1,17,17Z\"><\/path><\/svg><\/span><span class=\"gb-headline-text\"><strong>Guide de voyage gratuit<\/strong><\/span><\/p>\n\n\n\n<p>Guide en 6 langues (comprend des informations sur les offres gratuites et les r\u00e9ductions avec leur emplacement)<\/p>\n\n<\/div><\/div>\n\n<div class=\"gb-grid-column gb-grid-column-3cecd77c\"><div class=\"gb-container gb-container-3cecd77c\">\n\n<h5 class=\"gb-headline gb-headline-cd1f3d4e\"><span class=\"gb-icon\"><svg viewBox=\"0 0 256 256\" fill=\"#000000\" height=\"32\" width=\"32\" xmlns=\"http:\/\/www.w3.org\/2000\/svg\"><path d=\"M232.49,80.49l-128,128a12,12,0,0,1-17,0l-56-56a12,12,0,1,1,17-17L96,183,215.51,63.51a12,12,0,0,1,17,17Z\"><\/path><\/svg><\/span><span class=\"gb-headline-text\"><strong>\u00c9vitez les files d&rsquo;attente<\/strong><\/span><\/h5>\n\n\n\n<p>\u00c9vitez les files d&rsquo;attente dans les principales attractions de Barcelone.<\/p>\n\n<\/div><\/div>\n\n<div class=\"gb-grid-column gb-grid-column-ff07f982\"><div class=\"gb-container gb-container-ff07f982\">\n\n<h5 class=\"gb-headline gb-headline-d7adc504\"><span class=\"gb-icon\"><svg viewBox=\"0 0 256 256\" fill=\"#000000\" height=\"32\" width=\"32\" xmlns=\"http:\/\/www.w3.org\/2000\/svg\"><path d=\"M232.49,80.49l-128,128a12,12,0,0,1-17,0l-56-56a12,12,0,1,1,17-17L96,183,215.51,63.51a12,12,0,0,1,17,17Z\"><\/path><\/svg><\/span><span class=\"gb-headline-text\"><strong>R\u00e9duction en ligne<\/strong><\/span><\/h5>\n\n\n\n<p>B\u00e9n\u00e9ficiez de 10 % de r\u00e9duction en ligne (de 57 \u20ac \u00e0 51,30 \u20ac) et annulation gratuite jusqu&rsquo;\u00e0 24 heures avant votre r\u00e9servation.<\/p>\n\n<\/div><\/div>\n<\/div>\n<\/div>\n\n<div class=\"gb-container gb-container-3bccd8b9 gb-tabs__item\" id=\"gb-tab-item-3bccd8b9\" role=\"tabpanel\">\n\n<p>La Barcelona Card est le pass touristique officiel de Barcelone. Elle ressemble \u00e0 une carte de cr\u00e9dit, est incroyablement facile \u00e0 acheter et permet aux voyageurs de <strong>gagner du temps et de l&rsquo;argent<\/strong> pendant leurs vacances.<\/p>\n\n\n<div class=\"gb-container gb-container-867bb005 ms-p-sm ms-alert--primary ms-mb-block\">\n\n<p class=\"gb-headline gb-headline-93fd8aa0 gb-headline-text ms-mb-0\">La Barcelona Card est une carte 3-en-1 : <strong>carte de transport<\/strong>, <strong>pass mus\u00e9e<\/strong>, et <strong>carte de r\u00e9duction<\/strong>.<\/p>\n\n<\/div>\n\n\n<p>Les d\u00e9tenteurs de la Barcelona Card b\u00e9n\u00e9ficient de <strong>voyages illimit\u00e9s en transport en commun<\/strong>, de <strong>l&rsquo;entr\u00e9e gratuite<\/strong> dans plus de 25 des meilleurs mus\u00e9es et sites culturels de Barcelone, ainsi que de <strong>plus de 70 offres et r\u00e9ductions<\/strong> sur les visites, les spectacles, les achats, les restaurants et la vie nocturne.<\/p>\n\n\n\n<p>En plus de vous ouvrir les portes des principales attractions de Barcelone, cette carte vous permet \u00e9galement de <strong>sauter les files d&rsquo;attente<\/strong> dans de nombreux sites touristiques populaires, vous faisant ainsi gagner un temps pr\u00e9cieux pendant votre s\u00e9jour.<\/p>\n\n\n\n<p>De plus, la carte est accompagn\u00e9e d&rsquo;un <strong>guide pratique<\/strong> disponible en six langues diff\u00e9rentes, d\u00e9crivant toutes les offres incluses (par exemple, les monuments de Gaud\u00ed, la Casa Amatller et l&rsquo;Aqu\u00e0rium). Vous y trouverez m\u00eame une carte du r\u00e9seau de m\u00e9tro pour vous aider \u00e0 vous orienter dans la ville.<\/p>\n\n\n\n<p>En tout, la carte permet d&rsquo;\u00e9conomiser plus de <strong>350\u20ac<\/strong> pour les voyageurs les plus astucieux.<\/p>\n\n<\/div>\n\n<div class=\"gb-container gb-container-b7be09ec gb-tabs__item\" id=\"gb-tab-item-b7be09ec\" role=\"tabpanel\">\n\n<p>Acheter une Barcelona Card est simple et pratique.<\/p>\n\n\n\n<ol class=\"wp-block-list\">\n<li>Vous pouvez l&rsquo;acheter en ligne \u00e0 prix r\u00e9duit avant votre voyage ou dans les <strong><a href=\"https:\/\/www.barcelonacard.org\/fr\/bureaux-information-touristique\/\" data-type=\"link\" data-id=\"https:\/\/www.barcelonacard.org\/fr\/bureaux-information-touristique\/\">Offices de Tourisme<\/a><\/strong> de Barcelone au prix plein.<\/li>\n\n\n\n<li>Utilisez le module de r\u00e9servation pour passer une commande rapide et s\u00e9curis\u00e9e.<\/li>\n\n\n\n<li>Apr\u00e8s l&rsquo;achat, vous recevrez un bon par e-mail que vous pourrez imprimer et \u00e9changer contre la carte physique.<\/li>\n\n\n\n<li>Rendez-vous dans l&rsquo;un des points de retrait et pr\u00e9sentez votre bon sur smartphone pour recevoir votre Barcelona Card : <\/li>\n<\/ol>\n\n\n\n<p class=\"gb-text-6f121588\"><span class=\"gb-shape\"><svg viewBox=\"0 0 256 256\" fill=\"#000000\" height=\"32\" width=\"32\" xmlns=\"http:\/\/www.w3.org\/2000\/svg\"><path d=\"M128,60a44,44,0,1,0,44,44A44.05,44.05,0,0,0,128,60Zm0,64a20,20,0,1,1,20-20A20,20,0,0,1,128,124Zm0-112a92.1,92.1,0,0,0-92,92c0,77.36,81.64,135.4,85.12,137.83a12,12,0,0,0,13.76,0,259,259,0,0,0,42.18-39C205.15,170.57,220,136.37,220,104A92.1,92.1,0,0,0,128,12Zm31.3,174.71A249.35,249.35,0,0,1,128,216.89a249.35,249.35,0,0,1-31.3-30.18C80,167.37,60,137.31,60,104a68,68,0,0,1,136,0C196,137.31,176,167.37,159.3,186.71Z\"><\/path><\/svg><\/span><span class=\"gb-text\"><strong>Bureaux de l&rsquo;A\u00e9roport de Barcelone<\/strong><\/span><\/p>\n\n\n\n<ul class=\"wp-block-list\">\n<li><strong>A\u00e9roport Terminal T1 (Station de M\u00e9tro) :<\/strong> A\u00e9roport de Barcelone, M\u00e9tro Terminal T1 | Horaires : Tous les jours de 8h30 \u00e0 14h30<\/li>\n\n\n\n<li><strong>A\u00e9roport Terminal T2 (Station de M\u00e9tro) :<\/strong> A\u00e9roport de Barcelone, M\u00e9tro Terminal T2 | Horaires : Tous les jours de 8h30 \u00e0 14h30<\/li>\n\n\n\n<li><strong>A\u00e9roport Terminal T1 (Terminal Principal) :<\/strong> A\u00e9roport de Barcelone, Terminal T1 | Horaires : Tous les jours de 8h30 \u00e0 19h30<\/li>\n\n\n\n<li><strong>A\u00e9roport Terminal T2 (Terminal Principal) :<\/strong> A\u00e9roport de Barcelone, Terminal T2 | Horaires : Tous les jours de 8h30 \u00e0 19h30<\/li>\n<\/ul>\n\n\n\n<p class=\"gb-text-ad1a384b\"><span class=\"gb-shape\"><svg viewBox=\"0 0 256 256\" fill=\"#000000\" height=\"32\" width=\"32\" xmlns=\"http:\/\/www.w3.org\/2000\/svg\"><path d=\"M128,60a44,44,0,1,0,44,44A44.05,44.05,0,0,0,128,60Zm0,64a20,20,0,1,1,20-20A20,20,0,0,1,128,124Zm0-112a92.1,92.1,0,0,0-92,92c0,77.36,81.64,135.4,85.12,137.83a12,12,0,0,0,13.76,0,259,259,0,0,0,42.18-39C205.15,170.57,220,136.37,220,104A92.1,92.1,0,0,0,128,12Zm31.3,174.71A249.35,249.35,0,0,1,128,216.89a249.35,249.35,0,0,1-31.3-30.18C80,167.37,60,137.31,60,104a68,68,0,0,1,136,0C196,137.31,176,167.37,159.3,186.71Z\"><\/path><\/svg><\/span><span class=\"gb-text\"><strong>Bureaux du Centre-Ville<\/strong><\/span><\/p>\n\n\n\n<ul class=\"wp-block-list\">\n<li><strong>Pla\u00e7a de Catalunya (Bureau Principal) :<\/strong> Pla\u00e7a de Catalunya, 17 (sous-sol) | Horaires : Tous les jours de 8h30 \u00e0 20h30<\/li>\n\n\n\n<li><strong>Pla\u00e7a de Catalunya (Point d&rsquo;Information) :<\/strong> Devant le grand magasin El Corte Ingl\u00e9s | Horaires : Tous les jours de 8h30 \u00e0 14h30<\/li>\n\n\n\n<li><strong>Pla\u00e7a Espanya :<\/strong> Pla\u00e7a Espanya (Avinguda Maria Cristina) | Horaires : Tous les jours de 8h30 \u00e0 14h30<\/li>\n\n\n\n<li><strong>Sagrada Fam\u00edlia (Point d&rsquo;Information) :<\/strong> Pr\u00e8s de la basilique de la Sagrada Fam\u00edlia | Horaires : Tous les jours de 8h30 \u00e0 20h00<\/li>\n\n\n\n<li><strong>Mirador de Colom (Monument de Christophe Colomb) :<\/strong> Pla\u00e7a Portal de la Pau | Horaires : Tous les jours de 8h30 \u00e0 14h30 (derni\u00e8re admission \u00e0 la galerie panoramique \u00e0 13h30)<\/li>\n<\/ul>\n\n\n\n<p>D\u00e9couvrez la magnifique Barcelone sans vous ruiner, il vous suffit d&rsquo;une petite carte !<\/p>\n\n\n<div class=\"gb-container gb-container-e4dbf6fc ms-alert--primary ms-p-sm ms-mb-block\">\n\n<p class=\"gb-headline gb-headline-dcf3fc26 gb-headline-text ms-mb-0\">La carte est activ\u00e9e d\u00e8s la premi\u00e8re utilisation, vous n&rsquo;avez donc pas \u00e0 vous soucier de l&rsquo;expiration de la carte avant votre arriv\u00e9e \u00e0 Barcelone.<\/p>\n\n<\/div>\n<\/div>\n\n<div class=\"gb-container gb-container-fd1bb83b gb-tabs__item\" id=\"gb-tab-item-fd1bb83b\" role=\"tabpanel\">\n\n<p>La Barcelona Card est simple \u00e0 utiliser, mais conna\u00eetre quelques d\u00e9tails cl\u00e9s vous aidera \u00e0 en tirer le meilleur parti.<\/p>\n\n\n\n<h3 class=\"gb-text-1b8be78b\"><span class=\"gb-shape\"><svg viewBox=\"0 0 256 256\" fill=\"#000000\" height=\"32\" width=\"32\" xmlns=\"http:\/\/www.w3.org\/2000\/svg\"><path d=\"M232.49,80.49l-128,128a12,12,0,0,1-17,0l-56-56a12,12,0,1,1,17-17L96,183,215.51,63.51a12,12,0,0,1,17,17Z\"><\/path><\/svg><\/span><span class=\"gb-text\">Activation<\/span><\/h3>\n\n\n\n<p>La Barcelona Card est activ\u00e9e lorsque vous l&rsquo;utilisez pour la premi\u00e8re fois, par exemple dans les transports en commun ou \u00e0 l&rsquo;entr\u00e9e d&rsquo;une des attractions participantes.<\/p>\n\n\n\n<p>La Barcelona Card est disponible en options de 3, 4 ou 5 jours, et elle est valable pour des jours cons\u00e9cutifs, pas pour des p\u00e9riodes de 24 heures. Par exemple, si vous activez une Barcelona Card de 5 jours le lundi \u00e0 midi, elle expirera le vendredi \u00e0 minuit.<\/p>\n\n\n\n<h3 class=\"gb-text-1fe6b320\"><span class=\"gb-shape\"><svg viewBox=\"0 0 256 256\" fill=\"#000000\" height=\"32\" width=\"32\" xmlns=\"http:\/\/www.w3.org\/2000\/svg\"><path d=\"M184,20H72A36,36,0,0,0,36,56V184a36,36,0,0,0,36,36h0l-9.6,12.8a12,12,0,1,0,19.2,14.4L102,220h52l20.4,27.2a12,12,0,0,0,19.2-14.4L184,220h0a36,36,0,0,0,36-36V56A36,36,0,0,0,184,20ZM72,44H184a12,12,0,0,1,12,12v60H60V56A12,12,0,0,1,72,44ZM184,196H72a12,12,0,0,1-12-12V140H196v44A12,12,0,0,1,184,196Zm-80-28a16,16,0,1,1-16-16A16,16,0,0,1,104,168Zm80,0a16,16,0,1,1-16-16A16,16,0,0,1,184,168Z\"><\/path><\/svg><\/span><span class=\"gb-text\">Utilisation des transports en commun<\/span><\/h3>\n\n\n\n<p>Une fois activ\u00e9e, validez votre Barcelona Card dans l&rsquo;un de ces moyens de transport :<\/p>\n\n\n\n<ul class=\"wp-block-list\">\n<li>M\u00e9tro (TMB)<\/li>\n\n\n\n<li>Tramway (TMB)<\/li>\n\n\n\n<li>Bus de jour (TMB)<\/li>\n\n\n\n<li>Trains FGC (lignes urbaines)<\/li>\n\n\n\n<li>Trains Renfe Rodalies (zone 1 uniquement)<\/li>\n<\/ul>\n\n\n\n<p><strong>Note :<\/strong> La carte n&rsquo;est pas valable pour les bus de nuit.<\/p>\n\n\n\n<h3 class=\"gb-text-a33c3e33\"><span class=\"gb-shape\"><svg xmlns=\"http:\/\/www.w3.org\/2000\/svg\" width=\"32\" height=\"32\" fill=\"#000000\" viewBox=\"0 0 256 256\"><path d=\"M24,108H44v48H32a12,12,0,0,0,0,24H224a12,12,0,0,0,0-24H212V108h20a12,12,0,0,0,6.29-22.22l-104-64a12,12,0,0,0-12.58,0l-104,64A12,12,0,0,0,24,108Zm44,0H92v48H68Zm72,0v48H116V108Zm48,48H164V108h24ZM128,46.09,189.6,84H66.4ZM252,208a12,12,0,0,1-12,12H16a12,12,0,0,1,0-24H240A12,12,0,0,1,252,208Z\"><\/path><\/svg><\/span><span class=\"gb-text\"><strong>Utilisation dans les mus\u00e9es et attractions<\/strong><\/span><\/h3>\n\n\n\n<p>Pr\u00e9sentez ou scannez simplement votre Barcelona Card \u00e0 l&rsquo;entr\u00e9e de tout mus\u00e9e ou attraction inclus. Vous b\u00e9n\u00e9ficiez d&rsquo;une entr\u00e9e gratuite par lieu pendant la p\u00e9riode de validit\u00e9 de votre carte.<\/p>\n\n\n\n<p>Pour les attractions \u00e0 tarif r\u00e9duit (comme la Casa Batll\u00f3 ou La Pedrera), pr\u00e9sentez votre carte au guichet pour obtenir votre r\u00e9duction.<\/p>\n\n\n\n<h3 class=\"gb-text-e8105f3d\"><span class=\"gb-shape\"><svg viewBox=\"0 0 256 256\" fill=\"#000000\" height=\"32\" width=\"32\" xmlns=\"http:\/\/www.w3.org\/2000\/svg\"><path d=\"M240.26,186.1,152.81,34.23h0a28.74,28.74,0,0,0-49.62,0L15.74,186.1a27.45,27.45,0,0,0,0,27.71A28.31,28.31,0,0,0,40.55,228h174.9a28.31,28.31,0,0,0,24.79-14.19A27.45,27.45,0,0,0,240.26,186.1Zm-20.8,15.7a4.46,4.46,0,0,1-4,2.2H40.55a4.46,4.46,0,0,1-4-2.2,3.56,3.56,0,0,1,0-3.73L124,46.2a4.77,4.77,0,0,1,8,0l87.44,151.87A3.56,3.56,0,0,1,219.46,201.8ZM116,136V104a12,12,0,0,1,24,0v32a12,12,0,0,1-24,0Zm28,40a16,16,0,1,1-16-16A16,16,0,0,1,144,176Z\"><\/path><\/svg><\/span><span class=\"gb-text\">\u00c0 savoir avant de partir<\/span><\/h3>\n\n\n\n<ul class=\"wp-block-list\">\n<li>Une entr\u00e9e par lieu : Vous pouvez visiter chaque mus\u00e9e ou attraction gratuit une fois avec votre carte.<\/li>\n\n\n\n<li>Pas de cumul de r\u00e9ductions : Les r\u00e9ductions ne peuvent pas \u00eatre combin\u00e9es avec d&rsquo;autres promotions ou offres.<\/li>\n\n\n\n<li>Valable jusqu&rsquo;\u00e0 la fin d&rsquo;ann\u00e9e : La carte est valable jusqu&rsquo;\u00e0 la fin de l&rsquo;ann\u00e9e civile en cours.<\/li>\n\n\n\n<li>Doit \u00eatre activ\u00e9e : Les entr\u00e9es gratuites et r\u00e9ductions ne fonctionnent qu&rsquo;une fois la carte activ\u00e9e et pendant sa p\u00e9riode de validit\u00e9.<\/li>\n<\/ul>\n\n\n\n<p>Maintenant, relevez le d\u00e9fi de la Barcelona Card et voyez combien de moments inoubliables vous pouvez vivre !<\/p>\n\n\n<div class=\"gb-container gb-container-3c5c7dcc ms-alert--primary ms-p-sm\">\n\n<p class=\"gb-headline gb-headline-8196bf62 gb-headline-text ms-mb-0\">En savoir plus :&nbsp;<a href=\"https:\/\/www.barcelonacard.org\/fr\/tarifs\/\">r\u00e9ductions<\/a>&nbsp;&#8211;&nbsp;<a href=\"https:\/\/www.barcelonacard.org\/fr\/tarifs\/\">prix<\/a>&nbsp;&#8211;&nbsp;<a href=\"https:\/\/www.barcelonacard.org\/fr\/faq\/\">questions fr\u00e9quentes<\/a><\/p>\n\n<\/div>\n<\/div>\n<\/div>\n<\/div>","protected":false},"excerpt":{"rendered":"","protected":false},"author":1,"featured_media":864,"parent":0,"menu_order":2,"comment_status":"closed","ping_status":"closed","template":"","meta":{"_acf_changed":false,"footnotes":""},"post-style":[],"producer":[],"class_list":["post-587","page","type-page","status-publish","has-post-thumbnail"],"acf":[],"_links":{"self":[{"href":"https:\/\/www.barcelonacard.org\/fr\/wp-json\/wp\/v2\/pages\/587","targetHints":{"allow":["GET"]}}],"collection":[{"href":"https:\/\/www.barcelonacard.org\/fr\/wp-json\/wp\/v2\/pages"}],"about":[{"href":"https:\/\/www.barcelonacard.org\/fr\/wp-json\/wp\/v2\/types\/page"}],"author":[{"embeddable":true,"href":"https:\/\/www.barcelonacard.org\/fr\/wp-json\/wp\/v2\/users\/1"}],"replies":[{"embeddable":true,"href":"https:\/\/www.barcelonacard.org\/fr\/wp-json\/wp\/v2\/comments?post=587"}],"version-history":[{"count":3,"href":"https:\/\/www.barcelonacard.org\/fr\/wp-json\/wp\/v2\/pages\/587\/revisions"}],"predecessor-version":[{"id":1085,"href":"https:\/\/www.barcelonacard.org\/fr\/wp-json\/wp\/v2\/pages\/587\/revisions\/1085"}],"wp:featuredmedia":[{"embeddable":true,"href":"https:\/\/www.barcelonacard.org\/fr\/wp-json\/wp\/v2\/media\/864"}],"wp:attachment":[{"href":"https:\/\/www.barcelonacard.org\/fr\/wp-json\/wp\/v2\/media?parent=587"}],"wp:term":[{"taxonomy":"post-style","embeddable":true,"href":"https:\/\/www.barcelonacard.org\/fr\/wp-json\/wp\/v2\/post-style?post=587"},{"taxonomy":"producer","embeddable":true,"href":"https:\/\/www.barcelonacard.org\/fr\/wp-json\/wp\/v2\/producer?post=587"}],"curies":[{"name":"wp","href":"https:\/\/api.w.org\/{rel}","templated":true}]}}