{"id":5,"date":"2013-10-20T16:20:48","date_gmt":"2013-10-20T14:20:48","guid":{"rendered":"https:\/\/www.barcelonacard.org\/?page_id=5"},"modified":"2026-01-16T06:50:50","modified_gmt":"2026-01-16T05:50:50","slug":"reductions","status":"publish","type":"page","link":"https:\/\/www.barcelonacard.org\/fr\/reductions\/","title":{"rendered":"R\u00e9ductions Barcelona Card"},"content":{"rendered":"\n<div class=\"ms-p ms-rounded ms-mb-last-child-0 ms-mb-children-condensed ms-alert--contrast ms-mb-block\">\n<ul class=\"wp-block-list\">\n<li>La Barcelona Card comprend les transports en commun illimit\u00e9s \u00e0 Barcelone (m\u00e9tro, bus, tramway, trains de banlieue, y compris vers l&rsquo;a\u00e9roport).<\/li>\n\n\n\n<li>Entr\u00e9e gratuite dans plus de 25 mus\u00e9es et espaces culturels comme le mus\u00e9e Picasso, le MNAC, la Fondation Joan Mir\u00f3 et le MACBA.<\/li>\n\n\n\n<li>Acc\u00e8s coupe-file aux principaux mus\u00e9es, plus un tour gratuit en bateau avec Las Golondrinas. \u00c9conomisez de 10 \u00e0 50 % sur des attractions embl\u00e9matiques comme la Casa Batll\u00f3, La Pedrera, Casa Vicens et l&rsquo;Aquarium de Barcelone.<\/li>\n\n\n\n<li>Sans oublier des r\u00e9ductions dans plus de 70 visites, spectacles et exp\u00e9riences dans toute la ville.<\/li>\n<\/ul>\n\n\n\n<p class=\"gb-text-fb1a3135\"><span class=\"gb-shape\"><svg xmlns=\"http:\/\/www.w3.org\/2000\/svg\" width=\"32\" height=\"32\" fill=\"#000000\" viewBox=\"0 0 256 256\"><path d=\"M228,144v64a12,12,0,0,1-12,12H40a12,12,0,0,1-12-12V144a12,12,0,0,1,24,0v52H204V144a12,12,0,0,1,24,0Zm-108.49,8.49a12,12,0,0,0,17,0l40-40a12,12,0,0,0-17-17L140,115V32a12,12,0,0,0-24,0v83L96.49,95.51a12,12,0,0,0-17,17Z\"><\/path><\/svg><\/span><span class=\"gb-text\"><a href=\"https:\/\/www.barcelonacard.org\/wp-content\/uploads\/FolletoBarcelonaCard2026.pdf\" target=\"_blank\" data-type=\"link\" data-id=\"https:\/\/drive.google.com\/file\/d\/16o2S8Uo9wpknZP7nHiZxyDS21InCpXhC\/view?usp=sharing\" rel=\"noreferrer noopener nofollow\">T\u00e9l\u00e9charger la liste compl\u00e8te des r\u00e9ductions (PDF)<\/a><\/span><\/p>\n<\/div>\n\n\n\n<h2 class=\"wp-block-heading\"><strong>Gratuit<\/strong><\/h2>\n\n\n\n<h3 class=\"wp-block-heading\"><strong>Transports en commun<\/strong><\/h3>\n\n\n<div class=\"ms-table\"><table><tr><th>Article<\/th><th>Prix normal<\/th><th>Avec carte<\/th><\/tr><tr><td>48-Heures<\/td><td>18,01 \u20ac<\/td><td>Gratuit<\/td><\/tr><tr><td>72-Heures<\/td><td>26,30 \u20ac<\/td><td>Gratuit<\/td><\/tr><tr><td>96-Heures<\/td><td>34,40 \u20ac<\/td><td>Gratuit<\/td><\/tr><tr><td>120-Heures<\/td><td>42,10 \u20ac<\/td><td>Gratuit<\/td><\/tr><tr><td>Train vers l\u2019a\u00e9roport<\/td><td>4,20 \u20ac<\/td><td>Gratuit<\/td><\/tr><tr><td>M\u00e9tro vers l\u2019a\u00e9roport<\/td><td>4,60 \u20ac<\/td><td>Gratuit<\/td><\/tr><\/table><\/div>\n\n\n<h3 class=\"wp-block-heading\"><strong>Mus\u00e9es et attractions<\/strong><\/h3>\n\n\n<div class=\"ms-table\"><table><tr><th>Attraction<\/th><th>Prix normal<\/th><th>Avec carte<\/th><\/tr><tr><td>CaixaForum<\/td><td>6,00 \u20ac<\/td><td>Gratuit<\/td><\/tr><tr><td>Castell de Montju\u00efc*<\/td><td>12,00 \u20ac<\/td><td>Gratuit<\/td><\/tr><tr><td>Centre de Cultura Contempor\u00e0nia de Barcelona (CCCB)**<\/td><td>6,00 \u20ac<\/td><td>Gratuit<\/td><\/tr><tr><td>Centre Martorell d\u2019Exposicions<\/td><td>6,50 \u20ac<\/td><td>Gratuit<\/td><\/tr><tr><td>Disseny Hub Barcelona DHUB<\/td><td>6,00 \u20ac<\/td><td>Gratuit<\/td><\/tr><tr><td>El Born Museu d&rsquo;Historia de Barcelona<\/td><td>7,00 \u20ac<\/td><td>Gratuit<\/td><\/tr><tr><td>El Call Museu d&rsquo;Historia de Barcelona<\/td><td>2,00 \u20ac<\/td><td>Gratuit<\/td><\/tr><tr><td>Fundaci\u00f3 Joan Mir\u00f3**<\/td><td>15,00 \u20ac<\/td><td>Gratuit<\/td><\/tr><tr><td>Jard\u00ed Bot\u00e0nic de Barcelona<\/td><td>3,50 \u20ac<\/td><td>Gratuit<\/td><\/tr><tr><td>MOCO Museum Barcelona<\/td><td>19,50 \u20ac<\/td><td>Gratuit<\/td><\/tr><tr><td>Museu d&rsquo;Historia de Barcelona Refugi 307<\/td><td>2,00 \u20ac<\/td><td>Gratuit<\/td><\/tr><tr><td>Museu d&rsquo;Historia de Pla\u00e7a del Rei<\/td><td>7,30 \u20ac<\/td><td>Gratuit<\/td><\/tr><tr><td>Museu d&rsquo;Historia de Barcelona Via Sepulcral Romana<\/td><td>2,00 \u20ac<\/td><td>Gratuit<\/td><\/tr><tr><td>Museu Banksy Barcelona<\/td><td>14,00 \u20ac<\/td><td>Gratuit<\/td><\/tr><tr><td>Museu d\u2019Art Contemporani de Barcelona (MACBA)**<\/td><td>12,00 \u20ac<\/td><td>Gratuit<\/td><\/tr><tr><td>Museu de la Ci\u00e8ncia CosmoCaixa<\/td><td>8,00 \u20ac<\/td><td>Gratuit<\/td><\/tr><tr><td>Museu de la M\u00fasica<\/td><td>6,00 \u20ac<\/td><td>Gratuit<\/td><\/tr><tr><td>Museu de la Xocolata**<\/td><td>7,00 \u20ac<\/td><td>Gratuit<\/td><\/tr><tr><td>Museu de Ci\u00e8ncies Naturals de Barcelona<\/td><td>6,00 \u20ac<\/td><td>Gratuit<\/td><\/tr><tr><td>Museu Egipci de Barcelona**<\/td><td>13,00 \u20ac<\/td><td>Gratuit<\/td><\/tr><tr><td>Museu Etnol\u00f2gic i de Cultures del M\u00f3n &#8211; Montcada<\/td><td>5,00 \u20ac<\/td><td>Gratuit<\/td><\/tr><tr><td>Museu Etnol\u00f2gic i de Cultures del M\u00f3n &#8211; Parc de Montju\u00efc<\/td><td>5,00 \u20ac<\/td><td>Gratuit<\/td><\/tr><tr><td>Museu Frederic Mar\u00e8s<\/td><td>4,20 \u20ac<\/td><td>Gratuit<\/td><\/tr><tr><td>Museu Nacional d\u2019Art de Catalunya**<\/td><td>12,00 \u20ac<\/td><td>Gratuit<\/td><\/tr><tr><td>Museu Ol\u00edmpic i de l\u2019Esport Joan Antoni Samaranch**<\/td><td>6,30 \u20ac<\/td><td>Gratuit<\/td><\/tr><tr><td>Museu Picasso<\/td><td>12,00 \u20ac<\/td><td>Gratuit<\/td><\/tr><tr><td>Museu T\u00e0pies**<\/td><td>8,00 \u20ac<\/td><td>Gratuit<\/td><\/tr><tr><td>Reial Monestir de Santa Maria de Pedralbes<\/td><td>5,00 \u20ac<\/td><td>Gratuit<\/td><\/tr><\/table><\/div>\n\n\n<h2 class=\"wp-block-heading\"><strong>R\u00e9ductions<\/strong><\/h2>\n\n\n\n<h3 class=\"wp-block-heading\">Mus\u00e9es et attractions<\/h3>\n\n\n<div class=\"ms-table\"><table><tr><th>Attraction<\/th><th>R\u00e9duction<\/th><\/tr><tr><td>Biblioteca Ar\u00fas<\/td><td>-20%<\/td><\/tr><tr><td>Casa Amatller<\/td><td>-20%<\/td><\/tr><tr><td>Casa Batll\u00f3<\/td><td>-7\u20ac<\/td><\/tr><tr><td>Casa Mil\u00e0 &#8211; La Pedrera (La Pedrera Essencial adult) (Entry from 14h)<\/td><td>-7\u20ac<\/td><\/tr><tr><td>Casa Rocamora<\/td><td>-20%<\/td><\/tr><tr><td>Casa Vicens<\/td><td>-20%<\/td><\/tr><tr><td>Cripta Gaud\u00ed de la Col\u00f2nia G\u00fcell<\/td><td>-20%<\/td><\/tr><tr><td>Fundaci\u00f3 Vila Casas: Museu Can Framis i Espais Volart<\/td><td>-25%<\/td><\/tr><tr><td>KBR Fundaci\u00f3n MAPFRE Barcelona Photo Center<\/td><td>5\u20ac \u2192 3\u20ac<\/td><\/tr><tr><td>Gaud\u00ed Experi\u00e8ncia*<\/td><td>-20%<\/td><\/tr><tr><td>Mirador de Colom<\/td><td>-20%<\/td><\/tr><tr><td>Mirador Torre Gl\u00f2ries<\/td><td>-20%<\/td><\/tr><tr><td>Museu d\u2019Arqueologia de Catalunya<\/td><td>-25%<\/td><\/tr><tr><td>Museu d\u2019Hist\u00f2ria de Catalunya<\/td><td>-20%<\/td><\/tr><tr><td>Museu de la Cera de Barcelona<\/td><td>-20%<\/td><\/tr><tr><td>Museu de l\u2019Er\u00f2tica<\/td><td>-25%<\/td><\/tr><tr><td>Museu del Torr\u00f3 i la Xocolata de Barcelona<\/td><td>-25%<\/td><\/tr><tr><td>Museu Europeu d\u2019Art Modern (MEAM)<\/td><td>-25%<\/td><\/tr><tr><td>Museu Mar\u00edtim de Barcelona<\/td><td>-20%<\/td><\/tr><tr><td>Palau Bar\u00f3 Quadra<\/td><td>-20%<\/td><\/tr><tr><td>Palau de la M\u00fasica Catalana<\/td><td>-25%<\/td><\/tr><tr><td>Palau G\u00fcell<\/td><td>-20%<\/td><\/tr><tr><td>Paradox Museum<\/td><td>-20% (code de r\u00e9servation en ligne : TCPDX)<\/td><\/tr><tr><td>Pavell\u00f3 Mies van der Rohe<\/td><td>-25%<\/td><\/tr><tr><td>Poble Espanyol de Barcelona<\/td><td>-20%<\/td><\/tr><tr><td>Rock Museum Barcelona<\/td><td>-25%<\/td><\/tr><tr><td>Sant Pau Recinte Modernista<\/td><td>-20%<\/td><\/tr><\/table><\/div>\n\n\n<h3 class=\"wp-block-heading\"><span class=\"notion-enable-hover\" data-token-index=\"0\">Visites et tours<\/span><\/h3>\n\n\n<div class=\"ms-table\"><table><tr><th>Tour<\/th><th>R\u00e9duction<\/th><\/tr><tr><td>A-Bike Rental &#038; Tours*<\/td><td>-2\u20ac<\/td><\/tr><tr><td>Barcelona Bus Tur\u00edstic<\/td><td>-10%<\/td><\/tr><tr><td>Barcelona Walking Tours G\u00f2tic<\/td><td>-50%<\/td><\/tr><tr><td>Barcelona Walking Tours Modernisme<\/td><td>-50%<\/td><\/tr><tr><td>Barcelona Walking Tours Picasso<\/td><td>-50%<\/td><\/tr><tr><td>Catalunya Bus Tur\u00edstic*<\/td><td>-15%<\/td><\/tr><tr><td>Las Golondrinas Barcelona Port<\/td><td>-2\u20ac<\/td><\/tr><tr><td>Las Golondrinas Barcelona Port i Litoral<\/td><td>-2\u20ac<\/td><\/tr><tr><td>Vineyard Tour &#038; Tasting, sailing (car or ebike)<\/td><td>-20%<\/td><\/tr><\/table><\/div>\n\n\n<h3 class=\"wp-block-heading\"><span class=\"notion-enable-hover\" data-token-index=\"0\">Loisirs<\/span><\/h3>\n\n\n<div class=\"ms-table\"><table><tr><th>Leisure<\/th><th>R\u00e9duction<\/th><\/tr><tr><td>Casino de Barcelona<\/td><td>(Entr\u00e9e gratuite + boisson de bienvenue)<\/td><\/tr><tr><td>House of Candy<\/td><td>-50%<\/td><\/tr><tr><td>Icebarcelona*<\/td><td>-20% (r\u00e9servation en ligne uniquement)<\/td><\/tr><tr><td>L\u2019Aqu\u00e0rium de Barcelona<\/td><td>-20%<\/td><\/tr><tr><td>Parc d\u2019Atraccions del Tibidabo<\/td><td>-20%<\/td><\/tr><tr><td>Telef\u00e8ric de Montju\u00efc<\/td><td>-15% (billet aller-retour)<\/td><\/tr><tr><td>White Rabbit Barcelona*<\/td><td>-50%<\/td><\/tr><tr><td>Zoo de Barcelona<\/td><td>-20%<\/td><\/tr><\/table><\/div>\n\n\n<h3 class=\"wp-block-heading\"><span class=\"notion-enable-hover\" data-token-index=\"0\">Divertissements<\/span><\/h3>\n\n\n<div class=\"ms-table\"><table><tr><th>Entertainment<\/th><th>R\u00e9duction<\/th><\/tr><tr><td>Classical concert in Basilica de la Merc\u00e8<\/td><td>-20%<\/td><\/tr><tr><td>El Duende<\/td><td>  <\/td><\/tr><tr><td>\u2014 Boisson &#038; spectacle (adulte)<\/td><td>-10%<\/td><\/tr><tr><td>Tablao Flamenco Cordob\u00e9s<\/td><td>    <\/td><\/tr><tr><td>\u2014 Boisson &#038; spectacle<\/td><td>-20%<\/td><\/tr><tr><td>\u2014 Boisson &#038; spectacle (adulte)<\/td><td>-8%<\/td><\/tr><tr><td>Tablao Flamenco Patio Andaluz<\/td><td>-10,00 \u20ac<\/td><\/tr><\/table><\/div>\n\n\n<h3 class=\"wp-block-heading\"><span class=\"notion-enable-hover\" data-token-index=\"0\">Autres services<\/span><\/h3>\n\n\n<div class=\"ms-table\"><table><tr><th>Other Services<\/th><th>R\u00e9duction<\/th><\/tr><tr><td>Locker Barcelona<\/td><td>-10%<\/td><\/tr><\/table><\/div>\n\n\n<p>*R\u00e9servation en ligne disponible <\/p>\n\n\n\n<p>**Coupez la file<\/p>\n\n\n\n<p><strong>Mis \u00e0 jour:<\/strong> T1 2026. Les r\u00e9ductions incluses dans la Barcelona Card peuvent \u00eatre modifi\u00e9es sans pr\u00e9avis. Vous recevrez une brochure avec toutes les r\u00e9ductions lors de la r\u00e9cup\u00e9ration de votre Barcelona Card.<\/p>\n","protected":false},"excerpt":{"rendered":"","protected":false},"author":1,"featured_media":0,"parent":0,"menu_order":3,"comment_status":"closed","ping_status":"closed","template":"","meta":{"_acf_changed":false,"footnotes":"","button_url":"https:\/\/www.tiqets.com\/fr\/barcelona-attractions-c66342\/tickets-for-barcelona-card-72-Hour-96-Hour-120-Hour-p975758\/?partner=barcelonacard","ms_product_id":"975758","ms_product_name":"Barcelona Card: Public Transport + 40 Attractions","ms_price":"59","ms_currency":"EUR","ms_rating_value":"4.3","ms_review_count":"2295","rank_math_title":"%title% (Mis \u00e0 jour %currentyear%)","rank_math_description":"La Barcelona Card offre plus de 70 r\u00e9ductions sur les attractions populaires, les visites touristiques, les divertissements, le shopping et la vie nocturne."},"post-style":[],"producer":[],"class_list":["post-5","page","type-page","status-publish","has-post-thumbnail"],"acf":[],"product_schema":{"ms_product_id":"975758","ms_product_name":"Barcelona Card: Public Transport + 40 Attractions","ms_price":"59","ms_currency":"EUR","ms_rating_value":"4.3","ms_review_count":"2295"},"_links":{"self":[{"href":"https:\/\/www.barcelonacard.org\/fr\/wp-json\/wp\/v2\/pages\/5","targetHints":{"allow":["GET"]}}],"collection":[{"href":"https:\/\/www.barcelonacard.org\/fr\/wp-json\/wp\/v2\/pages"}],"about":[{"href":"https:\/\/www.barcelonacard.org\/fr\/wp-json\/wp\/v2\/types\/page"}],"author":[{"embeddable":true,"href":"https:\/\/www.barcelonacard.org\/fr\/wp-json\/wp\/v2\/users\/1"}],"replies":[{"embeddable":true,"href":"https:\/\/www.barcelonacard.org\/fr\/wp-json\/wp\/v2\/comments?post=5"}],"version-history":[{"count":3,"href":"https:\/\/www.barcelonacard.org\/fr\/wp-json\/wp\/v2\/pages\/5\/revisions"}],"predecessor-version":[{"id":1084,"href":"https:\/\/www.barcelonacard.org\/fr\/wp-json\/wp\/v2\/pages\/5\/revisions\/1084"}],"wp:attachment":[{"href":"https:\/\/www.barcelonacard.org\/fr\/wp-json\/wp\/v2\/media?parent=5"}],"wp:term":[{"taxonomy":"post-style","embeddable":true,"href":"https:\/\/www.barcelonacard.org\/fr\/wp-json\/wp\/v2\/post-style?post=5"},{"taxonomy":"producer","embeddable":true,"href":"https:\/\/www.barcelonacard.org\/fr\/wp-json\/wp\/v2\/producer?post=5"}],"curies":[{"name":"wp","href":"https:\/\/api.w.org\/{rel}","templated":true}]}}