{"id":13,"date":"2013-10-25T17:23:53","date_gmt":"2013-10-25T15:23:53","guid":{"rendered":"https:\/\/www.barcelonacard.org\/?page_id=13"},"modified":"2026-01-20T22:28:14","modified_gmt":"2026-01-20T21:28:14","slug":"bureaux-information-touristique","status":"publish","type":"page","link":"https:\/\/www.barcelonacard.org\/fr\/bureaux-information-touristique\/","title":{"rendered":"Bureaux d\u2019information touristique"},"content":{"rendered":"\n<p>O\u00f9 que vous soyez \u00e0 Barcelone, il y a toujours un bureau d\u2019information touristique \u00e0 proximit\u00e9. Le bureau principal est situ\u00e9 \u00e0 Pla\u00e7a de Catalunya, mais il existe de nombreux autres points d\u2019information r\u00e9partis dans toute la ville.<\/p>\n\n\n\n<p>L\u2019a\u00e9roport de Barcelone accueille \u00e9galement des bureaux d\u2019information dans les deux terminaux. Vous pouvez facilement acheter votre Barcelona Card \u00e0 l\u2019avance et la r\u00e9cup\u00e9rer \u00e0 l\u2019a\u00e9roport. Un avantage suppl\u00e9mentaire est que vous pouvez utiliser le train de l\u2019a\u00e9roport pour vous rendre en ville.<\/p>\n\n\n\n<p>Voici une liste des points d\u2019information touristique avec leurs coordonn\u00e9es, adresses et horaires d\u2019ouverture :<\/p>\n\n\n\n<h3 class=\"wp-block-heading\">Pla\u00e7a de Catalunya<\/h3>\n\n\n\n<p>En plein c\u0153ur de Barcelone, ce point d&rsquo;information propose une assistance multilingue, une boutique de souvenirs et des remboursements de TVA. C\u2019est aussi le point de d\u00e9part de la <a href=\"https:\/\/www.tiqets.com\/fr\/barcelona-attractions-c66342\/tickets-for-picasso-walking-tour-picasso-museum-skip-the-line-p977198\/?partner=barcelonacard\" target=\"_blank\" rel=\"noreferrer noopener nofollow\">Visite guid\u00e9e de Picasso + Entr\u00e9e coupe-file au mus\u00e9e Picasso<\/a>.<\/p>\n\n\n\n<ul class=\"wp-block-list\">\n<li>Adresse : Pla\u00e7a de Catalunya, 17-S, 08002, Barcelone<\/li>\n\n\n\n<li>T\u00e9l\u00e9phone : 932 853 834<\/li>\n\n\n\n<li>Horaires : tous les jours, de 8:30 \u00e0 20:30<\/li>\n<\/ul>\n\n\n\n<h3 class=\"wp-block-heading\">A\u00e9roport \u2013 Terminaux 1 &amp; 2<\/h3>\n\n\n\n<p>Des bureaux d\u2019information touristique pratiques \u00e0 l\u2019a\u00e9roport de Barcelone \u2013 El Prat.<\/p>\n\n\n\n<ul class=\"wp-block-list\">\n<li>Adresse : Aeroport del Prat \u2013 Terminaux 1 et 2 (B)<\/li>\n\n\n\n<li>Horaires :<br>T1 : du lundi au dimanche, de 8:30 \u00e0 19:30<br>T2 : du lundi au dimanche, de 8:30 \u00e0 19:30<\/li>\n<\/ul>\n\n\n\n<h3 class=\"wp-block-heading\">Hall du m\u00e9tro L9 \u2013 A\u00e9roport de Barcelone<\/h3>\n\n\n\n<p>Des guichets touristiques situ\u00e9s dans le hall du m\u00e9tro L9, aux terminaux T1 et T2 de l\u2019a\u00e9roport.<\/p>\n\n\n\n<ul class=\"wp-block-list\">\n<li>Adresse : Aeroport del Prat \u2013 M\u00e9tro L9, Barcelone<\/li>\n\n\n\n<li>Horaires :<br>T1 : du lundi au dimanche, de 8:30 \u00e0 14:30<br>T2 : du lundi au dimanche, de 8:30 \u00e0 14:30<\/li>\n<\/ul>\n\n\n\n<h3 class=\"wp-block-heading\">Oficina Catedral<\/h3>\n\n\n\n<p>Un point d&rsquo;information situ\u00e9 dans le Quartier Gothique, juste \u00e0 c\u00f4t\u00e9 de la cath\u00e9drale de Barcelone.<\/p>\n\n\n\n<ul class=\"wp-block-list\">\n<li>Adresse : Pla de la Seu s\/n, Barcelone<\/li>\n\n\n\n<li>Horaires :<br>Du lundi au samedi : de 9:00 \u00e0 17:00<br>Dimanche : ferm\u00e9<\/li>\n<\/ul>\n\n\n\n<h3 class=\"wp-block-heading\">Mirador de Colom<\/h3>\n\n\n\n<p>Point d&rsquo;information situ\u00e9 dans le monument \u00e0 Christophe Colomb, pr\u00e8s du vieux port, id\u00e9al pour une promenade. Vous y trouverez aussi des conseils, billets et recommandations.<\/p>\n\n\n\n<ul class=\"wp-block-list\">\n<li>Adresse : Pla\u00e7a del Portal de la Pau, s\/n, 08002, Barcelone<\/li>\n\n\n\n<li>Horaires : du lundi au dimanche, de 8:30 \u00e0 14:30<\/li>\n\n\n\n<li>Derni\u00e8re mont\u00e9e au mirador : 30 minutes avant la fermeture<\/li>\n<\/ul>\n\n\n\n<h3 class=\"wp-block-heading\">Estaci\u00f3 del Nord<\/h3>\n\n\n\n<p>Si vous arrivez en bus, un point d&rsquo;information est situ\u00e9 \u00e0 l\u2019Espai Mediterr\u00e0nia de la gare Estaci\u00f3 del Nord.<\/p>\n\n\n\n<ul class=\"wp-block-list\">\n<li>Adresse : Estaci\u00f3 del Nord \u2013 Espai Mediterr\u00e0nia, 08013, Barcelone<\/li>\n\n\n\n<li>Horaires : du lundi au dimanche, de 8:30 \u00e0 14:00<\/li>\n<\/ul>\n\n\n\n<h3 class=\"wp-block-heading\">Guichets d&rsquo;information touristique<\/h3>\n\n\n\n<p>Vous trouverez des cabines d&rsquo;information dans les endroits cl\u00e9s de Barcelone, avec du personnel pr\u00eat \u00e0 vous conseiller.<\/p>\n\n\n\n<ul class=\"wp-block-list\">\n<li><strong>Cabine Colom<\/strong><br>Adresse : Pla\u00e7a Portal de la Pau, s\/n<br>Horaires : du lundi au dimanche, de 8:30 \u00e0 14:30<\/li>\n\n\n\n<li><strong>Cabine Pla\u00e7a Catalunya Bergara<\/strong><br>Adresse : Pla\u00e7a de Catalunya, s\/n<br>Horaires : du lundi au dimanche, de 8:30 \u00e0 20:00<\/li>\n\n\n\n<li><strong>Cabine Pla\u00e7a de Catalunya Nord<\/strong><br>Adresse : Pla\u00e7a de Catalunya, s\/n (en face de \u00ab\u00a0El Corte Ingl\u00e9s\u00a0\u00bb)<br>Horaires :<br>Lundi et dimanche, de 8:30 \u00e0 14:30<br>Du mardi au samedi, de 8:30 \u00e0 20:00<\/li>\n\n\n\n<li><strong>Cabine Pla\u00e7a de Catalunya Sud<\/strong><br>Adresse : Pla\u00e7a de Catalunya, s\/n (en face de \u00ab\u00a0El Triangle\u00a0\u00bb)<br>Horaires : du lundi au dimanche, de 8:30 \u00e0 20:00<\/li>\n\n\n\n<li><strong>Cabine Pla\u00e7a Espanya<\/strong><br>Adresse : Pla\u00e7a Espanya \/ Av. Maria Cristina<br>Horaires : du lundi au dimanche, de 8:30 \u00e0 14:30<\/li>\n\n\n\n<li><strong>Cabine Sagrada Fam\u00edlia<\/strong><br>Adresse : Pla\u00e7a de la Sagrada Fam\u00edlia<br>Horaires : du lundi au dimanche, de 8:30 \u00e0 20:00<\/li>\n\n\n\n<li><strong>Cabine Sagrada Fam\u00edlia 2<\/strong><br>Adresse : Pla\u00e7a de la Sagrada Fam\u00edlia<br>Horaires :<br>Du lundi au samedi, de 8:30 \u00e0 20:00<br>Dimanche, de 8:30 \u00e0 14:30<\/li>\n<\/ul>\n\n\n\n<div class=\"ms-p ms-rounded ms-mb-last-child-0 ms-mb-children-condensed ms-mb-block ms-alert--neutral\">\n<h4 class=\"gb-text-f483d927\"><span class=\"gb-shape\"><svg viewBox=\"0 0 256 256\" fill=\"#000000\" height=\"32\" width=\"32\" xmlns=\"http:\/\/www.w3.org\/2000\/svg\"><path d=\"M108,84a16,16,0,1,1,16,16A16,16,0,0,1,108,84Zm128,44A108,108,0,1,1,128,20,108.12,108.12,0,0,1,236,128Zm-24,0a84,84,0,1,0-84,84A84.09,84.09,0,0,0,212,128Zm-72,36.68V132a20,20,0,0,0-20-20,12,12,0,0,0-4,23.32V168a20,20,0,0,0,20,20,12,12,0,0,0,4-23.32Z\"><\/path><\/svg><\/span><span class=\"gb-text\"><strong>Remarque<\/strong><\/span><\/h4>\n\n\n\n<p class=\"gb-text\"><strong><strong>les horaires des bureaux d&rsquo;information peuvent changer pour des raisons ind\u00e9pendantes de la volont\u00e9 de Turisme de Barcelona.<\/strong><\/strong><\/p>\n\n\n\n<p class=\"gb-text\">Pour plus d&rsquo;informations, <a href=\"https:\/\/www.barcelonaturisme.com\/wv3\/fr\/page\/38\/points-d-information-touristique.html\" target=\"_blank\" rel=\"noreferrer noopener nofollow\">cliquez ici<\/a>.<\/p>\n<\/div>\n\n\n\n<p><\/p>\n","protected":false},"excerpt":{"rendered":"","protected":false},"author":1,"featured_media":0,"parent":0,"menu_order":6,"comment_status":"closed","ping_status":"closed","template":"","meta":{"_acf_changed":false,"footnotes":"","button_url":"https:\/\/www.tiqets.com\/fr\/barcelona-attractions-c66342\/tickets-for-barcelona-card-72-Hour-96-Hour-120-Hour-p975758\/?partner=barcelonacard","ms_product_id":"","ms_product_name":"","ms_price":"","ms_currency":"","ms_rating_value":"","ms_review_count":"","rank_math_title":"%title% %sep% %sitename%","rank_math_description":"Liste des offices de tourisme \u00e0 Barcelone."},"post-style":[],"producer":[],"class_list":["post-13","page","type-page","status-publish","has-post-thumbnail"],"acf":[],"product_schema":{"ms_product_id":"","ms_product_name":"","ms_price":"","ms_currency":"","ms_rating_value":"","ms_review_count":""},"_links":{"self":[{"href":"https:\/\/www.barcelonacard.org\/fr\/wp-json\/wp\/v2\/pages\/13","targetHints":{"allow":["GET"]}}],"collection":[{"href":"https:\/\/www.barcelonacard.org\/fr\/wp-json\/wp\/v2\/pages"}],"about":[{"href":"https:\/\/www.barcelonacard.org\/fr\/wp-json\/wp\/v2\/types\/page"}],"author":[{"embeddable":true,"href":"https:\/\/www.barcelonacard.org\/fr\/wp-json\/wp\/v2\/users\/1"}],"replies":[{"embeddable":true,"href":"https:\/\/www.barcelonacard.org\/fr\/wp-json\/wp\/v2\/comments?post=13"}],"version-history":[{"count":3,"href":"https:\/\/www.barcelonacard.org\/fr\/wp-json\/wp\/v2\/pages\/13\/revisions"}],"predecessor-version":[{"id":1087,"href":"https:\/\/www.barcelonacard.org\/fr\/wp-json\/wp\/v2\/pages\/13\/revisions\/1087"}],"wp:attachment":[{"href":"https:\/\/www.barcelonacard.org\/fr\/wp-json\/wp\/v2\/media?parent=13"}],"wp:term":[{"taxonomy":"post-style","embeddable":true,"href":"https:\/\/www.barcelonacard.org\/fr\/wp-json\/wp\/v2\/post-style?post=13"},{"taxonomy":"producer","embeddable":true,"href":"https:\/\/www.barcelonacard.org\/fr\/wp-json\/wp\/v2\/producer?post=13"}],"curies":[{"name":"wp","href":"https:\/\/api.w.org\/{rel}","templated":true}]}}