{"id":7,"date":"2013-10-20T16:23:00","date_gmt":"2013-10-20T14:23:00","guid":{"rendered":"https:\/\/www.barcelonacard.org\/?page_id=7"},"modified":"2025-01-10T10:10:09","modified_gmt":"2025-01-10T09:10:09","slug":"faq","status":"publish","type":"page","link":"https:\/\/www.barcelonacard.org\/es\/faq\/","title":{"rendered":"Preguntas Frecuentes"},"content":{"rendered":"<div id=\"rank-math-faq\" class=\"rank-math-block\">\n<div class=\"rank-math-list \">\n<div id=\"faq-question-1717062476605\" class=\"rank-math-list-item\">\n<h3 class=\"rank-math-question \"><strong>\u00bfQu\u00e9 es la Barcelona Card?<\/strong><\/h3>\n<div class=\"rank-math-answer \">\n\n<p>La Barcelona Card es el pase tur\u00edstico oficial de Barcelona. Es esencialmente una <strong>tarjeta de transporte, pase de museos y tarjeta de descuentos<\/strong>. El paquete de la Barcelona Card tambi\u00e9n incluye un mapa gratuito y una peque\u00f1a gu\u00eda de viaje. En conjunto, la tarjeta ayuda a los visitantes de Barcelona a <strong>ahorrar tiempo y dinero<\/strong> durante su estancia en la ciudad.<\/p>\n\n<\/div>\n<\/div>\n<div id=\"faq-question-1717062505033\" class=\"rank-math-list-item\">\n<h3 class=\"rank-math-question \"><strong>\u00bfCu\u00e1les son los beneficios de la Barcelona Card?<\/strong><\/h3>\n<div class=\"rank-math-answer \">\n\n<p>La Barcelona Card te permite <strong>ahorrar dinero<\/strong> en transporte, entradas, entretenimiento y regalos; <strong>ahorrar tiempo<\/strong> al evitar las largas filas en atracciones populares y <strong>ver m\u00e1s<\/strong> con m\u00e1s de 320 euros en ofertas y descuentos.<\/p>\n\n<\/div>\n<\/div>\n<div id=\"faq-question-1717062519392\" class=\"rank-math-list-item\">\n<h3 class=\"rank-math-question \"><strong>\u00bfQu\u00e9 descuentos ofrece la Barcelona Card?<\/strong><\/h3>\n<div class=\"rank-math-answer \">\n\n<p>La Barcelona Card ofrece m\u00e1s de 70 descuentos en atracciones y museos, visitas y tours, ocio y entretenimiento, bares y restaurantes, transporte y compras. El valor total de todos los descuentos supera los 320 euros. Puedes ver la lista completa de descuentos <a href=\"https:\/\/www.barcelonacard.org\/es\/descuentos\/\">aqu\u00ed<\/a>.<\/p>\n\n<\/div>\n<\/div>\n<div id=\"faq-question-1726543860899\" class=\"rank-math-list-item\">\n<h3 class=\"rank-math-question \"><strong>\u00bfVale la pena comprar la Barcelona Card?<\/strong><\/h3>\n<div class=\"rank-math-answer \">\n\n<p>Si vale la pena comprar la Barcelona Card depende principalmente de tus planes de viaje y la necesidad de conveniencia. Como regla general: la Barcelona Card es una buena oferta si planeas utilizar el transporte p\u00fablico y visitar varios museos y atracciones por d\u00eda. A continuaci\u00f3n, algunos puntos a tener en cuenta si est\u00e1s considerando comprar la Barcelona Card:<\/p>\n<p><strong>1. El costo de la tarjeta<\/strong><br \/>La \u00fanica forma de estar seguro de que la Barcelona Card vale la pena es hacer cuentas y ver cu\u00e1nto costar\u00eda en entradas, tours y transporte. Compara el total con los costos por d\u00eda de la Barcelona Card y determina si la tarjeta es una buena oferta. Ten en cuenta que las tarjetas de 4 y 5 d\u00edas ofrecen la mejor relaci\u00f3n calidad-precio.<\/p>\n<p><strong>2. Ahorrar tiempo<\/strong><br \/>La Barcelona Card no solo ofrece valor monetario; tambi\u00e9n te permite <strong>ahorrar tiempo<\/strong> al saltarte las filas en atracciones populares y estaciones de transporte p\u00fablico.<\/p>\n<p><strong>3. Libertad y flexibilidad<\/strong><br \/>En muchos casos, la Barcelona Card se vende como una opci\u00f3n conveniente: te permite hacer lo que quieras, cuando quieras, sin tener que preocuparte por comprar entradas adicionales a museos o billetes de transporte.<br \/>En general, si visitas Barcelona con un presupuesto ajustado, haz las cuentas y ve si el costo frente a los ahorros valen la pena. Si valoras <strong>la libertad, flexibilidad y conveniencia<\/strong>, la Barcelona Card probablemente sea una gran oferta.<\/p>\n\n<\/div>\n<\/div>\n<div id=\"faq-question-1726543883267\" class=\"rank-math-list-item\">\n<h3 class=\"rank-math-question \"><strong>\u00bfCu\u00e1l es la diferencia entre la Barcelona Card y la T-casual Card?<\/strong><\/h3>\n<div class=\"rank-math-answer \">\n\n<p>La T-casual Card es solo una tarjeta de transporte que ofrece 10 viajes en la red de transporte p\u00fablico de Barcelona. La Barcelona Card es un pase tur\u00edstico mucho m\u00e1s completo. No solo incluye viajes ilimitados en transporte p\u00fablico, sino que tambi\u00e9n te permite visitar muchos museos de forma gratuita y disfrutar de m\u00e1s de 70 descuentos.<\/p>\n\n<\/div>\n<\/div>\n<div id=\"faq-question-1726543889362\" class=\"rank-math-list-item\">\n<h3 class=\"rank-math-question \"><strong>\u00bfCu\u00e1l es la diferencia entre la Barcelona Card y el Autob\u00fas Tur\u00edstico?<\/strong><\/h3>\n<div class=\"rank-math-answer \">\n\n<p>La Barcelona Card te permite viajar de forma gratuita en transporte p\u00fablico, incluyendo autobuses, metro, tranv\u00edas, trenes regionales y el tren del aeropuerto. Los tours en autob\u00fas tur\u00edstico de <a href=\"https:\/\/www.hoponhopoffbarcelona.org\/\" rel=\"noopener\">Barcelona Bus Tur\u00edstic<\/a> no est\u00e1n incluidos en la Barcelona Card.<\/p>\n\n<\/div>\n<\/div>\n<div id=\"faq-question-1726543893043\" class=\"rank-math-list-item\">\n<h3 class=\"rank-math-question \"><strong>\u00bfCu\u00e1nto cuesta la Barcelona Card?<\/strong><\/h3>\n<div class=\"rank-math-answer \">\n\n<p>El precio de la Barcelona Card depende del n\u00famero de d\u00edas que es v\u00e1lida. Los ni\u00f1os reciben un descuento adicional en el precio de compra.<br \/>Consulta el precio por d\u00eda al comparar las diferentes tarjetas. Por ejemplo, la Barcelona Card de 5 d\u00edas es \u20ac2,90 m\u00e1s barata por d\u00eda que la de 3 d\u00edas. Por favor, consulta la <a href=\"https:\/\/www.barcelonacard.org\/es\/precios\/\">tabla de precios<\/a> para ver todos los precios de la Barcelona Card.<\/p>\n\n<\/div>\n<\/div>\n<div id=\"faq-question-1726543901952\" class=\"rank-math-list-item\">\n<h3 class=\"rank-math-question \"><strong>\u00bfD\u00f3nde puedo recoger la Barcelona Card?<\/strong><\/h3>\n<div class=\"rank-math-answer \">\n\n<p>Despu\u00e9s de la compra, puedes recoger la Barcelona Card en una de las <a href=\"https:\/\/www.barcelonacard.org\/es\/oficinas-informacion-turistica\/\">oficinas de informaci\u00f3n tur\u00edstica<\/a> en Barcelona o en el Aeropuerto de Barcelona. No olvides llevar el vale que recibiste por correo electr\u00f3nico y una identificaci\u00f3n v\u00e1lida.<\/p>\n\n<\/div>\n<\/div>\n<\/div>\n<\/div>\n\n\n<h3 class=\"wp-block-heading\"><\/h3>\n","protected":false},"excerpt":{"rendered":"","protected":false},"author":1,"featured_media":0,"parent":0,"menu_order":5,"comment_status":"closed","ping_status":"closed","template":"","meta":{"_acf_changed":false,"footnotes":"","button_url":"https:\/\/www.tiqets.com\/es\/barcelona-attractions-c66342\/tickets-for-barcelona-card-72-Hour-96-Hour-120-Hour-p975758\/?partner=barcelonacard","ms_product_id":"","ms_product_name":"","ms_price":"","ms_currency":"","ms_rating_value":"","ms_review_count":"","rank_math_title":"%title% %sep% %sitename%","rank_math_description":"Preguntas frecuentes sobre la Barcelona Card: \u00bfqu\u00e9 descuentos ofrece la tarjeta, cu\u00e1nto cuesta y merece la pena?"},"post-style":[],"producer":[],"class_list":["post-7","page","type-page","status-publish","has-post-thumbnail"],"acf":[],"product_schema":{"ms_product_id":"","ms_product_name":"","ms_price":"","ms_currency":"","ms_rating_value":"","ms_review_count":""},"_links":{"self":[{"href":"https:\/\/www.barcelonacard.org\/es\/wp-json\/wp\/v2\/pages\/7","targetHints":{"allow":["GET"]}}],"collection":[{"href":"https:\/\/www.barcelonacard.org\/es\/wp-json\/wp\/v2\/pages"}],"about":[{"href":"https:\/\/www.barcelonacard.org\/es\/wp-json\/wp\/v2\/types\/page"}],"author":[{"embeddable":true,"href":"https:\/\/www.barcelonacard.org\/es\/wp-json\/wp\/v2\/users\/1"}],"replies":[{"embeddable":true,"href":"https:\/\/www.barcelonacard.org\/es\/wp-json\/wp\/v2\/comments?post=7"}],"version-history":[{"count":3,"href":"https:\/\/www.barcelonacard.org\/es\/wp-json\/wp\/v2\/pages\/7\/revisions"}],"predecessor-version":[{"id":688,"href":"https:\/\/www.barcelonacard.org\/es\/wp-json\/wp\/v2\/pages\/7\/revisions\/688"}],"wp:attachment":[{"href":"https:\/\/www.barcelonacard.org\/es\/wp-json\/wp\/v2\/media?parent=7"}],"wp:term":[{"taxonomy":"post-style","embeddable":true,"href":"https:\/\/www.barcelonacard.org\/es\/wp-json\/wp\/v2\/post-style?post=7"},{"taxonomy":"producer","embeddable":true,"href":"https:\/\/www.barcelonacard.org\/es\/wp-json\/wp\/v2\/producer?post=7"}],"curies":[{"name":"wp","href":"https:\/\/api.w.org\/{rel}","templated":true}]}}