{"id":6,"date":"2013-10-20T16:22:05","date_gmt":"2013-10-20T14:22:05","guid":{"rendered":"https:\/\/www.barcelonacard.org\/?page_id=6"},"modified":"2026-01-08T18:07:54","modified_gmt":"2026-01-08T17:07:54","slug":"precios","status":"publish","type":"page","link":"https:\/\/www.barcelonacard.org\/es\/precios\/","title":{"rendered":"Precios de la Barcelona Card"},"content":{"rendered":"\n<p>Los precios de la Barcelona Card dependen del n\u00famero de d\u00edas que tu tarjeta sea v\u00e1lida. Los precios var\u00edan desde 59\u20ac para una tarjeta de 3 d\u00edas (72 horas) hasta 79\u20ac para una tarjeta de 5 d\u00edas (120 horas).<\/p>\n\n\n<div class=\"gb-container gb-container-7d45ff9c ms-alert--primary ms-p ms-rounded ms-mb-last-child-0 ms-mb-children-condensed ms-mb-block\">\n\n<p>La tarjeta de 5 d\u00edas ofrece la mejor relaci\u00f3n calidad-precio: solo cuesta 15,08\u20ac al d\u00eda.<\/p>\n\n<\/div>\n\n\n<p>Los ni\u00f1os de 4 a 12 a\u00f1os se benefician de precios especiales con descuento. Los ni\u00f1os menores de 3 a\u00f1os tienen acceso gratuito.<\/p>\n\n\n\n<h3 class=\"wp-block-heading\"><span class=\"notion-enable-hover\" data-token-index=\"0\">Tabla de precios<\/span><\/h3>\n\n\n<div class=\"ms-table\"><table><tr><th><\/th><th>72 Horas<\/th><th>96 Horas<\/th><th>120 Horas<\/th><\/tr><tr><td>Adult<\/td><td>59,00 \u20ac (19,67 \u20ac por d\u00eda)<\/td><td>69,00 \u20ac (17,25 \u20ac por d\u00eda)<\/td><td>79,00 \u20ac (15,80 \u20ac por d\u00eda)<\/td><\/tr><tr><td>Hijos<\/td><td>37,00 \u20ac (12,33 \u20ac por d\u00eda)<\/td><td>46,00 \u20ac (11,50 \u20ac por d\u00eda)<\/td><td>54,00 \u20ac (10,80 \u20ac por d\u00eda)<\/td><\/tr><\/table><\/div>","protected":false},"excerpt":{"rendered":"","protected":false},"author":1,"featured_media":0,"parent":0,"menu_order":4,"comment_status":"closed","ping_status":"closed","template":"","meta":{"_acf_changed":false,"footnotes":""},"post-style":[],"producer":[],"class_list":["post-6","page","type-page","status-publish"],"acf":[],"_links":{"self":[{"href":"https:\/\/www.barcelonacard.org\/es\/wp-json\/wp\/v2\/pages\/6","targetHints":{"allow":["GET"]}}],"collection":[{"href":"https:\/\/www.barcelonacard.org\/es\/wp-json\/wp\/v2\/pages"}],"about":[{"href":"https:\/\/www.barcelonacard.org\/es\/wp-json\/wp\/v2\/types\/page"}],"author":[{"embeddable":true,"href":"https:\/\/www.barcelonacard.org\/es\/wp-json\/wp\/v2\/users\/1"}],"replies":[{"embeddable":true,"href":"https:\/\/www.barcelonacard.org\/es\/wp-json\/wp\/v2\/comments?post=6"}],"version-history":[{"count":3,"href":"https:\/\/www.barcelonacard.org\/es\/wp-json\/wp\/v2\/pages\/6\/revisions"}],"predecessor-version":[{"id":1082,"href":"https:\/\/www.barcelonacard.org\/es\/wp-json\/wp\/v2\/pages\/6\/revisions\/1082"}],"wp:attachment":[{"href":"https:\/\/www.barcelonacard.org\/es\/wp-json\/wp\/v2\/media?parent=6"}],"wp:term":[{"taxonomy":"post-style","embeddable":true,"href":"https:\/\/www.barcelonacard.org\/es\/wp-json\/wp\/v2\/post-style?post=6"},{"taxonomy":"producer","embeddable":true,"href":"https:\/\/www.barcelonacard.org\/es\/wp-json\/wp\/v2\/producer?post=6"}],"curies":[{"name":"wp","href":"https:\/\/api.w.org\/{rel}","templated":true}]}}