{"id":587,"date":"2013-10-20T14:05:29","date_gmt":"2013-10-20T14:05:29","guid":{"rendered":"https:\/\/www.barcelonacard.org\/?page_id=4"},"modified":"2026-04-20T18:47:27","modified_gmt":"2026-04-20T16:47:27","slug":"barcelona-card","status":"publish","type":"page","link":"https:\/\/www.barcelonacard.org\/es\/","title":{"rendered":"Barcelona Card"},"content":{"rendered":"<figure>\n                    <div class=\"ms-credits\"><img decoding=\"async\" class=\"gb-image gb-image-91e329c5\" src=\"https:\/\/www.barcelonacard.org\/wp-content\/uploads\/barcelona-card-homepage-1746806969.jpg\" alt=\"Aerial view of Barcelona\" title=\"barcelona-card-homepage-1746806969\"><span class='ms-credits__info' id='media866'><svg xmlns=\"http:\/\/www.w3.org\/2000\/svg\" width=\"20\" height=\"22\" fill=\"#000000\" viewBox=\"0 0 256 256\"><path d=\"M128,24A104,104,0,1,0,232,128,104.11,104.11,0,0,0,128,24Zm0,192a88,88,0,1,1,88-88A88.1,88.1,0,0,1,128,216ZM96,128a32,32,0,0,0,57.6,19.2,8,8,0,0,1,12.8,9.61,48,48,0,1,1,0-57.62,8,8,0,0,1-12.8,9.61A32,32,0,0,0,96,128Z\"><\/path><\/svg>rabbit75_dep\/<a href=https:\/\/depositphotos.com\/editorial\/sagrada-familia-basilica-aerial-view-famous-landmark-barcelona-spain-374286208.html rel='nofollow' target='_blank'>Depositphotos<\/a><\/span><span class='ms-credits__btn' id='btn_media866' onclick='ms_credits_trigger(\"#media866\", this)'><svg xmlns=\"http:\/\/www.w3.org\/2000\/svg\" class=\"info_icon\" width=\"28\" height=\"28\" fill=\"#FFF\" viewBox=\"0 0 256 256\"><path d=\"M128,24A104,104,0,1,0,232,128,104.11,104.11,0,0,0,128,24Zm0,192a88,88,0,1,1,88-88A88.1,88.1,0,0,1,128,216Zm16-40a8,8,0,0,1-8,8,16,16,0,0,1-16-16V128a8,8,0,0,1,0-16,16,16,0,0,1,16,16v40A8,8,0,0,1,144,176ZM112,84a12,12,0,1,1,12,12A12,12,0,0,1,112,84Z\"><\/path><\/svg><svg xmlns=\"http:\/\/www.w3.org\/2000\/svg\" class=\"close_icon\" width=\"28\" height=\"28\" fill=\"#FFF\" viewBox=\"0 0 256 256\"><path d=\"M165.66,101.66,139.31,128l26.35,26.34a8,8,0,0,1-11.32,11.32L128,139.31l-26.34,26.35a8,8,0,0,1-11.32-11.32L116.69,128,90.34,101.66a8,8,0,0,1,11.32-11.32L128,116.69l26.34-26.35a8,8,0,0,1,11.32,11.32ZM232,128A104,104,0,1,1,128,24,104.11,104.11,0,0,1,232,128Zm-16,0a88,88,0,1,0-88,88A88.1,88.1,0,0,0,216,128Z\"><\/path><\/svg><\/span><\/div><\/figure>\n\n\n<h1 class=\"gb-headline gb-headline-1c55328e gb-headline-text\">Barcelona Card<br><strong><mark class=\"gb-highlight\"><mark style=\"background-color:var(--ms-color-white)\" class=\"has-inline-color has-ms-color-neutral-color\">Ahorra tiempo y dinero con la tarjeta Barcelona Card<\/mark><\/mark><\/strong><\/h1>\n\n\n\n<p class=\"gb-headline gb-headline-1b19673b gb-headline-text\">Descubre lo mejor de Barcelona con la Barcelona Card. Disfruta de uso ilimitado del transporte p\u00fablico (incluido el tren y\/o metro del aeropuerto), entrada gratuita a los mejores museos de la ciudad y ofertas y descuentos exclusivos.<\/p>\n\n\n\n<div class=\"ms-p ms-rounded ms-mb-last-child-0 ms-mb-children-condensed ms-alert--contrast ms-mb-block\">\n<h4 class=\"gb-text-26a71c5b\"><span class=\"gb-shape\"><svg viewBox=\"0 0 256 256\" fill=\"#000000\" height=\"32\" width=\"32\" xmlns=\"http:\/\/www.w3.org\/2000\/svg\"><path d=\"M108,84a16,16,0,1,1,16,16A16,16,0,0,1,108,84Zm128,44A108,108,0,1,1,128,20,108.12,108.12,0,0,1,236,128Zm-24,0a84,84,0,1,0-84,84A84.09,84.09,0,0,0,212,128Zm-72,36.68V132a20,20,0,0,0-20-20,12,12,0,0,0-4,23.32V168a20,20,0,0,0,20,20,12,12,0,0,0,4-23.32Z\"><\/path><\/svg><\/span><span class=\"gb-text\">NUEVO: \u00a1Ahorra m\u00e1s con la Barcelona Card!<\/span><\/h4>\n\n\n\n<p class=\"gb-text gb-text-ab2e4e71\">Consigue un descuento a\u00f1adiendo entradas para la Sagrada Familia y el Parque G\u00fcell al finalizar la compra de la Barcelona Card, sujeto a disponibilidad.<\/p>\n\n\n\n<p class=\"gb-text gb-text-26ceb76b\"><a href=\"https:\/\/www.tiqets.com\/es\/barcelona-attractions-c66342\/tickets-for-barcelona-card-72-hour-96-hour-120-hour-p975758\/?partner=barcelonacard\" data-type=\"link\" data-id=\"https:\/\/www.tiqets.com\/es\/barcelona-attractions-c66342\/tickets-for-barcelona-card-72-hour-96-hour-120-hour-p975758\/?partner=barcelonacard\" rel=\"nofollow noopener\">Comprueba la disponibilidad ahora \u00bb<\/a><\/p>\n<\/div>\n\n\n<div class=\"gb-container gb-container-1e1905d6 gb-tabs\" role=\"tablist\" data-opened-tab=\"1\">\n<div class=\"gb-container gb-container-c0d25ee5 gb-tabs__buttons\" role=\"list\">\n\n<button class=\"gb-button gb-button-38b6d7d4 gb-button-text gb-tabs__button gb-block-is-current\" id=\"gb-tab-button-38b6d7d4\" role=\"tab\"><strong>Beneficios<\/strong><\/button>\n\n\n\n<button class=\"gb-button gb-button-c40a7253 gb-button-text gb-tabs__button\" id=\"gb-tab-button-c40a7253\" role=\"tab\">Qu\u00e9 es<\/button>\n\n\n\n<button class=\"gb-button gb-button-5c438a47 gb-button-text gb-tabs__button\" id=\"gb-tab-button-5c438a47\" role=\"tab\">D\u00f3nde comprarla<\/button>\n\n\n\n<button class=\"gb-button gb-button-7d2dbf03 gb-button-text gb-tabs__button\" id=\"gb-tab-button-7d2dbf03\" role=\"tab\">C\u00f3mo usarla<\/button>\n\n<\/div>\n\n<div class=\"gb-container gb-container-8fcce89b gb-tabs__items\">\n<div class=\"gb-container gb-container-2e268732 gb-tabs__item gb-tabs__item-open\" id=\"gb-tab-item-2e268732\" role=\"tabpanel\">\n<div class=\"gb-grid-wrapper gb-grid-wrapper-b173452e\">\n<div class=\"gb-grid-column gb-grid-column-2d6c95fd\"><div class=\"gb-container gb-container-2d6c95fd\">\n\n<h5 class=\"gb-headline gb-headline-f5371835\"><span class=\"gb-icon\"><svg viewBox=\"0 0 256 256\" fill=\"#000000\" height=\"32\" width=\"32\" xmlns=\"http:\/\/www.w3.org\/2000\/svg\"><path d=\"M232.49,80.49l-128,128a12,12,0,0,1-17,0l-56-56a12,12,0,1,1,17-17L96,183,215.51,63.51a12,12,0,0,1,17,17Z\"><\/path><\/svg><\/span><span class=\"gb-headline-text\"><strong>Viajes gratis<\/strong><\/span><\/h5>\n\n\n\n<p>Viaje ilimitado y gratuito en autob\u00fas, metro, aeropuerto y tren.<\/p>\n\n<\/div><\/div>\n\n<div class=\"gb-grid-column gb-grid-column-d53518b7\"><div class=\"gb-container gb-container-d53518b7\">\n\n<h5 class=\"gb-headline gb-headline-fa732612\"><span class=\"gb-icon\"><svg viewBox=\"0 0 256 256\" fill=\"#000000\" height=\"32\" width=\"32\" xmlns=\"http:\/\/www.w3.org\/2000\/svg\"><path d=\"M232.49,80.49l-128,128a12,12,0,0,1-17,0l-56-56a12,12,0,1,1,17-17L96,183,215.51,63.51a12,12,0,0,1,17,17Z\"><\/path><\/svg><\/span><span class=\"gb-headline-text\"><strong>&nbsp;Entradas gratis<\/strong><\/span><\/h5>\n\n\n\n<p>Visita m\u00e1s de 25 de los mejores lugares de Barcelona.<\/p>\n\n<\/div><\/div>\n\n<div class=\"gb-grid-column gb-grid-column-6dad0888\"><div class=\"gb-container gb-container-6dad0888\">\n\n<h5 class=\"gb-headline gb-headline-97f3175e\"><span class=\"gb-icon\"><svg viewBox=\"0 0 256 256\" fill=\"#000000\" height=\"32\" width=\"32\" xmlns=\"http:\/\/www.w3.org\/2000\/svg\"><path d=\"M232.49,80.49l-128,128a12,12,0,0,1-17,0l-56-56a12,12,0,1,1,17-17L96,183,215.51,63.51a12,12,0,0,1,17,17Z\"><\/path><\/svg><\/span><span class=\"gb-headline-text\"><strong>M\u00e1s de 70 descuentos<\/strong><\/span><\/h5>\n\n\n\n<p>Ahorra hasta 350\u20ac en tours, compras, gastronom\u00eda y entretenimiento.<\/p>\n\n<\/div><\/div>\n\n<div class=\"gb-grid-column gb-grid-column-d82be486\"><div class=\"gb-container gb-container-d82be486\">\n\n<p class=\"gb-headline gb-headline-c0e8b836\"><span class=\"gb-icon\"><svg viewBox=\"0 0 256 256\" fill=\"#000000\" height=\"32\" width=\"32\" xmlns=\"http:\/\/www.w3.org\/2000\/svg\"><path d=\"M232.49,80.49l-128,128a12,12,0,0,1-17,0l-56-56a12,12,0,1,1,17-17L96,183,215.51,63.51a12,12,0,0,1,17,17Z\"><\/path><\/svg><\/span><span class=\"gb-headline-text\"><strong>Gu\u00eda de viaje gratis<\/strong><\/span><\/p>\n\n\n\n<p>En 6 idiomas, con informaci\u00f3n sobre ofertas gratuitas y descuentos con su ubicaci\u00f3n.<\/p>\n\n<\/div><\/div>\n\n<div class=\"gb-grid-column gb-grid-column-3cecd77c\"><div class=\"gb-container gb-container-3cecd77c\">\n\n<h5 class=\"gb-headline gb-headline-cd1f3d4e\"><span class=\"gb-icon\"><svg viewBox=\"0 0 256 256\" fill=\"#000000\" height=\"32\" width=\"32\" xmlns=\"http:\/\/www.w3.org\/2000\/svg\"><path d=\"M232.49,80.49l-128,128a12,12,0,0,1-17,0l-56-56a12,12,0,1,1,17-17L96,183,215.51,63.51a12,12,0,0,1,17,17Z\"><\/path><\/svg><\/span><span class=\"gb-headline-text\"><strong>Evita las filas<\/strong><\/span><\/h5>\n\n\n\n<p>Evita las colas en las atracciones m\u00e1s populares de Barcelona.<\/p>\n\n<\/div><\/div>\n\n<div class=\"gb-grid-column gb-grid-column-ff07f982\"><div class=\"gb-container gb-container-ff07f982\">\n\n<h5 class=\"gb-headline gb-headline-d7adc504\"><span class=\"gb-icon\"><svg viewBox=\"0 0 256 256\" fill=\"#000000\" height=\"32\" width=\"32\" xmlns=\"http:\/\/www.w3.org\/2000\/svg\"><path d=\"M232.49,80.49l-128,128a12,12,0,0,1-17,0l-56-56a12,12,0,1,1,17-17L96,183,215.51,63.51a12,12,0,0,1,17,17Z\"><\/path><\/svg><\/span><span class=\"gb-headline-text\"><strong>Reserva flexible<\/strong><\/span><\/h5>\n\n\n\n<p>Compra online y cancela gratis hasta el d\u00eda antes de tu visita.<\/p>\n\n<\/div><\/div>\n<\/div>\n<\/div>\n\n<div class=\"gb-container gb-container-3bccd8b9 gb-tabs__item\" id=\"gb-tab-item-3bccd8b9\" role=\"tabpanel\">\n\n<p>La Barcelona Card es el pase tur\u00edstico oficial de Barcelona. Se parece a una tarjeta de cr\u00e9dito, es incre\u00edblemente f\u00e1cil de comprar y ayuda a los viajeros a <strong>ahorrar tiempo y dinero<\/strong> durante su estancia.<\/p>\n\n\n<div class=\"gb-container gb-container-867bb005 ms-p-sm ms-alert--primary ms-mb-block\">\n\n<p class=\"gb-headline gb-headline-93fd8aa0 gb-headline-text ms-mb-0\">La Barcelona Card es una tarjeta 3 en 1: <strong>tarjeta de transporte, pase de museos <\/strong>y<strong> tarjeta de descuentos.<\/strong><\/p>\n\n<\/div>\n\n\n<p>Los titulares de la Barcelona Card disfrutan de <strong>viajes ilimitados<\/strong> en transporte p\u00fablico, <strong>entrada gratuita<\/strong> a m\u00e1s de 25 de los mejores museos y lugares culturales de Barcelona, <strong>70+ ofertas y descuentos<\/strong> en visitas, tours, entretenimiento, compras, gastronom\u00eda y vida nocturna.<\/p>\n\n\n\n<p>Esta codiciada tarjeta no solo te abre las puertas de las principales atracciones de Barcelona, sino que tambi\u00e9n te ayuda a <strong>evitar las colas<\/strong> en muchos de los sitios m\u00e1s populares de Barcelona, ahorrando tiempo valioso en un itinerario repleto.<\/p>\n\n\n\n<p>Adem\u00e1s, la tarjeta viene con una pr\u00e1ctica <strong>gu\u00eda de la ciudad<\/strong>, disponible en seis idiomas diferentes, que describe todas las grandes ofertas incluidas (piensa en los monumentos de Gaud\u00ed, Casa Amatller y L&#8217;Aqu\u00e0rium). Incluso hay un mapa de la red de metro para ayudarte a orientarte.<\/p>\n\n\n\n<p>En total, la tarjeta ofrece m\u00e1s de <strong>350\u20ac<\/strong> en ahorros para aquellos viajeros dedicados que realmente la aprovechen al m\u00e1ximo.<\/p>\n\n<\/div>\n\n<div class=\"gb-container gb-container-b7be09ec gb-tabs__item\" id=\"gb-tab-item-b7be09ec\" role=\"tabpanel\">\n\n<p>Comprar la Barcelona Card es sencillo y c\u00f3modo.<\/p>\n\n\n\n<ol class=\"wp-block-list\">\n<li>Puedes comprarla online a precio reducido antes de tu viaje o en las <strong><a href=\"https:\/\/www.barcelonacard.org\/es\/oficinas-informacion-turistica\/\" data-type=\"link\" data-id=\"https:\/\/www.barcelonacard.org\/es\/oficinas-informacion-turistica\/\">Oficinas de Informaci\u00f3n Tur\u00edstica<\/a><\/strong> de Barcelona al precio completo.<\/li>\n\n\n\n<li>Usa el m\u00f3dulo de reserva para hacer un pedido r\u00e1pido y seguro.<\/li>\n\n\n\n<li>Despu\u00e9s de la compra, recibir\u00e1s un bono por correo electr\u00f3nico que podr\u00e1s imprimir y canjear por la tarjeta f\u00edsica.<\/li>\n\n\n\n<li>Ve a uno de los puntos de recogida y muestra el bono en tu m\u00f3vil para recibir tu Barcelona Card:<\/li>\n<\/ol>\n\n\n\n<p class=\"gb-text-0a2542d5\"><span class=\"gb-shape\"><svg viewBox=\"0 0 256 256\" fill=\"#000000\" height=\"32\" width=\"32\" xmlns=\"http:\/\/www.w3.org\/2000\/svg\"><path d=\"M128,60a44,44,0,1,0,44,44A44.05,44.05,0,0,0,128,60Zm0,64a20,20,0,1,1,20-20A20,20,0,0,1,128,124Zm0-112a92.1,92.1,0,0,0-92,92c0,77.36,81.64,135.4,85.12,137.83a12,12,0,0,0,13.76,0,259,259,0,0,0,42.18-39C205.15,170.57,220,136.37,220,104A92.1,92.1,0,0,0,128,12Zm31.3,174.71A249.35,249.35,0,0,1,128,216.89a249.35,249.35,0,0,1-31.3-30.18C80,167.37,60,137.31,60,104a68,68,0,0,1,136,0C196,137.31,176,167.37,159.3,186.71Z\"><\/path><\/svg><\/span><span class=\"gb-text\"><strong>Oficinas del Aeropuerto de Barcelona<\/strong><\/span><\/p>\n\n\n\n<ul class=\"wp-block-list\">\n<li><strong>Aeropuerto Terminal T1 (Estaci\u00f3n de Metro):<\/strong> Aeropuerto de Barcelona, Metro Terminal T1 | Horario: Todos los d\u00edas de 8.30 a 14.30 h<\/li>\n\n\n\n<li><strong>Aeropuerto Terminal T2 (Estaci\u00f3n de Metro):<\/strong> Aeropuerto de Barcelona, Metro Terminal T2 | Horario: Todos los d\u00edas de 8.30 a 14.30 h<\/li>\n\n\n\n<li><strong>Aeropuerto Terminal T1 (Terminal Principal):<\/strong> Aeropuerto de Barcelona, Terminal T1 | Horario: Todos los d\u00edas de 8.30 a 19.30 h<\/li>\n\n\n\n<li><strong>Aeropuerto Terminal T2 (Terminal Principal):<\/strong> Aeropuerto de Barcelona, Terminal T2 | Horario: Todos los d\u00edas de 8.30 a 19.30 h<\/li>\n<\/ul>\n\n\n\n<p class=\"gb-text-0a762f18\"><span class=\"gb-shape\"><svg viewBox=\"0 0 256 256\" fill=\"#000000\" height=\"32\" width=\"32\" xmlns=\"http:\/\/www.w3.org\/2000\/svg\"><path d=\"M128,60a44,44,0,1,0,44,44A44.05,44.05,0,0,0,128,60Zm0,64a20,20,0,1,1,20-20A20,20,0,0,1,128,124Zm0-112a92.1,92.1,0,0,0-92,92c0,77.36,81.64,135.4,85.12,137.83a12,12,0,0,0,13.76,0,259,259,0,0,0,42.18-39C205.15,170.57,220,136.37,220,104A92.1,92.1,0,0,0,128,12Zm31.3,174.71A249.35,249.35,0,0,1,128,216.89a249.35,249.35,0,0,1-31.3-30.18C80,167.37,60,137.31,60,104a68,68,0,0,1,136,0C196,137.31,176,167.37,159.3,186.71Z\"><\/path><\/svg><\/span><span class=\"gb-text\"><strong>Oficinas en el Centro<\/strong><\/span><\/p>\n\n\n\n<ul class=\"wp-block-list\">\n<li><strong>Pla\u00e7a de Catalunya (Oficina Principal):<\/strong> Pla\u00e7a de Catalunya, 17 (s\u00f3tano) | Horario: Todos los d\u00edas de 8.30 a 20.30 h<\/li>\n\n\n\n<li><strong>Pla\u00e7a de Catalunya (Punto de Informaci\u00f3n):<\/strong> Frente a los almacenes El Corte Ingl\u00e9s | Horario: Todos los d\u00edas de 8.30 a 14.30 h<\/li>\n\n\n\n<li><strong>Pla\u00e7a Espanya:<\/strong> Pla\u00e7a Espanya (Avinguda Maria Cristina) | Horario: Todos los d\u00edas de 8.30 a 14.30 h<\/li>\n\n\n\n<li><strong>Sagrada Fam\u00edlia (Punto de Informaci\u00f3n):<\/strong> Cerca de la bas\u00edlica de la Sagrada Fam\u00edlia | Horario: Todos los d\u00edas de 8.30 a 20.00 h<\/li>\n\n\n\n<li><strong>Mirador de Colom (Monumento a Col\u00f3n):<\/strong> Pla\u00e7a Portal de la Pau | Horario: Todos los d\u00edas de 8.30 a 14.30 h (\u00faltima entrada al mirador a las 13.30 h)<\/li>\n<\/ul>\n\n\n\n<p>\u00a1Descubre la hermosa Barcelona sin gastar de m\u00e1s, todo lo que necesitas es una peque\u00f1a tarjeta!<\/p>\n\n\n<div class=\"gb-container gb-container-e4dbf6fc ms-alert--primary ms-p-sm ms-mb-block\">\n\n<p class=\"gb-headline gb-headline-dcf3fc26 gb-headline-text ms-mb-0\">La tarjeta se activa en el primer uso, por lo que no debes preocuparte por su vencimiento antes de llegar a Barcelona.<\/p>\n\n<\/div>\n<\/div>\n\n<div class=\"gb-container gb-container-fd1bb83b gb-tabs__item\" id=\"gb-tab-item-fd1bb83b\" role=\"tabpanel\">\n\n<p>La Barcelona Card es f\u00e1cil de usar, pero conocer algunos detalles clave te ayudar\u00e1 a sacarle el m\u00e1ximo partido.<\/p>\n\n\n\n<h3 class=\"gb-text-1b8be78b\"><span class=\"gb-shape\"><svg viewBox=\"0 0 256 256\" fill=\"#000000\" height=\"32\" width=\"32\" xmlns=\"http:\/\/www.w3.org\/2000\/svg\"><path d=\"M232.49,80.49l-128,128a12,12,0,0,1-17,0l-56-56a12,12,0,1,1,17-17L96,183,215.51,63.51a12,12,0,0,1,17,17Z\"><\/path><\/svg><\/span><span class=\"gb-text\">Activation<\/span><\/h3>\n\n\n\n<p>La Barcelona Card se activa cuando la usas por primera vez, por ejemplo, en el transporte p\u00fablico o en la entrada de una de las atracciones participantes.<\/p>\n\n\n\n<p>La Barcelona Card est\u00e1 disponible en opciones de 3, 4 o 5 d\u00edas, y es v\u00e1lida para d\u00edas consecutivos, no para per\u00edodos de 24 horas. Por ejemplo, si activas una Barcelona Card de 5 d\u00edas el lunes al mediod\u00eda, caducar\u00e1 el viernes a medianoche.<\/p>\n\n\n\n<h3 class=\"gb-text-1fe6b320\"><span class=\"gb-shape\"><svg viewBox=\"0 0 256 256\" fill=\"#000000\" height=\"32\" width=\"32\" xmlns=\"http:\/\/www.w3.org\/2000\/svg\"><path d=\"M184,20H72A36,36,0,0,0,36,56V184a36,36,0,0,0,36,36h0l-9.6,12.8a12,12,0,1,0,19.2,14.4L102,220h52l20.4,27.2a12,12,0,0,0,19.2-14.4L184,220h0a36,36,0,0,0,36-36V56A36,36,0,0,0,184,20ZM72,44H184a12,12,0,0,1,12,12v60H60V56A12,12,0,0,1,72,44ZM184,196H72a12,12,0,0,1-12-12V140H196v44A12,12,0,0,1,184,196Zm-80-28a16,16,0,1,1-16-16A16,16,0,0,1,104,168Zm80,0a16,16,0,1,1-16-16A16,16,0,0,1,184,168Z\"><\/path><\/svg><\/span><span class=\"gb-text\">Uso del transporte p\u00fablico<\/span><\/h3>\n\n\n\n<p>Una vez activada, valida tu Barcelona Card en cualquiera de estas opciones de transporte:<\/p>\n\n\n\n<ul class=\"wp-block-list\">\n<li>Metro (TMB)<\/li>\n\n\n\n<li>Tranv\u00eda (TMB)<\/li>\n\n\n\n<li>Autobuses diurnos (TMB)<\/li>\n\n\n\n<li>Ferrocarril FGC (l\u00edneas urbanas)<\/li>\n\n\n\n<li>Trenes Renfe Rodalies (solo zona 1)<\/li>\n<\/ul>\n\n\n\n<p><strong>Nota:<\/strong> La tarjeta no es v\u00e1lida para autobuses nocturnos.<\/p>\n\n\n\n<h3 class=\"gb-text-a33c3e33\"><span class=\"gb-shape\"><svg xmlns=\"http:\/\/www.w3.org\/2000\/svg\" width=\"32\" height=\"32\" fill=\"#000000\" viewBox=\"0 0 256 256\"><path d=\"M24,108H44v48H32a12,12,0,0,0,0,24H224a12,12,0,0,0,0-24H212V108h20a12,12,0,0,0,6.29-22.22l-104-64a12,12,0,0,0-12.58,0l-104,64A12,12,0,0,0,24,108Zm44,0H92v48H68Zm72,0v48H116V108Zm48,48H164V108h24ZM128,46.09,189.6,84H66.4ZM252,208a12,12,0,0,1-12,12H16a12,12,0,0,1,0-24H240A12,12,0,0,1,252,208Z\"><\/path><\/svg><\/span><span class=\"gb-text\"><strong>Uso en museos y atracciones<\/strong><\/span><\/h3>\n\n\n\n<p>Simplemente muestra o escanea tu Barcelona Card en la entrada de cualquier museo o atracci\u00f3n incluida. Obtienes una entrada gratuita por lugar durante el per\u00edodo de validez de tu tarjeta.<\/p>\n\n\n\n<p>Para atracciones con descuento (como Casa Batll\u00f3 o La Pedrera), presenta tu tarjeta en la taquilla para recibir tu descuento.<\/p>\n\n\n\n<h3 class=\"gb-text-e8105f3d\"><span class=\"gb-shape\"><svg viewBox=\"0 0 256 256\" fill=\"#000000\" height=\"32\" width=\"32\" xmlns=\"http:\/\/www.w3.org\/2000\/svg\"><path d=\"M240.26,186.1,152.81,34.23h0a28.74,28.74,0,0,0-49.62,0L15.74,186.1a27.45,27.45,0,0,0,0,27.71A28.31,28.31,0,0,0,40.55,228h174.9a28.31,28.31,0,0,0,24.79-14.19A27.45,27.45,0,0,0,240.26,186.1Zm-20.8,15.7a4.46,4.46,0,0,1-4,2.2H40.55a4.46,4.46,0,0,1-4-2.2,3.56,3.56,0,0,1,0-3.73L124,46.2a4.77,4.77,0,0,1,8,0l87.44,151.87A3.56,3.56,0,0,1,219.46,201.8ZM116,136V104a12,12,0,0,1,24,0v32a12,12,0,0,1-24,0Zm28,40a16,16,0,1,1-16-16A16,16,0,0,1,144,176Z\"><\/path><\/svg><\/span><span class=\"gb-text\">Ten en cuenta antes de ir<\/span><\/h3>\n\n\n\n<ul class=\"wp-block-list\">\n<li>Una entrada por lugar: Puedes visitar cada museo o atracci\u00f3n gratuita una vez con tu tarjeta.<\/li>\n\n\n\n<li>No se acumulan descuentos: Los descuentos no se pueden combinar con otras promociones u ofertas.<\/li>\n\n\n\n<li>V\u00e1lida hasta fin de a\u00f1o: La tarjeta es v\u00e1lida hasta el final del a\u00f1o calendario actual.<\/li>\n\n\n\n<li>Debe estar activada: Las entradas gratuitas y descuentos solo funcionan una vez que la tarjeta est\u00e1 activada y dentro de su per\u00edodo de validez.<\/li>\n<\/ul>\n\n\n\n<p>Ahora acepta el reto de la Barcelona Card y descubre cu\u00e1ntos momentos inolvidables puedes vivir!<\/p>\n\n\n<div class=\"gb-container gb-container-3c5c7dcc ms-alert--primary ms-p-sm\">\n\n<p class=\"gb-headline gb-headline-8196bf62 gb-headline-text ms-mb-0\">Lee m\u00e1s:&nbsp;<a href=\"https:\/\/www.barcelonacard.org\/es\/descuentos\/\">descuentos<\/a>&nbsp;&#8211;&nbsp;<a href=\"https:\/\/www.barcelonacard.org\/es\/precios\/\">precios<\/a>&nbsp;&#8211;&nbsp;<a href=\"https:\/\/www.barcelonacard.org\/es\/faq\/\">preguntas frecuentes<\/a><\/p>\n\n<\/div>\n<\/div>\n<\/div>\n<\/div>","protected":false},"excerpt":{"rendered":"","protected":false},"author":1,"featured_media":866,"parent":0,"menu_order":2,"comment_status":"closed","ping_status":"closed","template":"","meta":{"_acf_changed":false,"footnotes":"","button_url":"https:\/\/www.tiqets.com\/es\/barcelona-attractions-c66342\/tickets-for-barcelona-card-72-Hour-96-Hour-120-Hour-p975758\/?partner=barcelonacard","ms_product_id":"975758","ms_product_name":"Barcelona Card: Public Transport + 40 Attractions","ms_price":"59","ms_currency":"EUR","ms_rating_value":"4.3","ms_review_count":"2305","rank_math_title":"Barcelona Card - Compra la Barcelona Card","rank_math_description":"Ahorra tiempo y dinero con la Barcelona Card, el pase tur\u00edstico oficial de Barcelona. Precios, opiniones y una lista actualizada de descuentos."},"post-style":[],"producer":[],"class_list":["post-587","page","type-page","status-publish","has-post-thumbnail"],"acf":[],"product_schema":{"ms_product_id":"975758","ms_product_name":"Barcelona Card: Public Transport + 40 Attractions","ms_price":"59","ms_currency":"EUR","ms_rating_value":"4.3","ms_review_count":"2305"},"_links":{"self":[{"href":"https:\/\/www.barcelonacard.org\/es\/wp-json\/wp\/v2\/pages\/587","targetHints":{"allow":["GET"]}}],"collection":[{"href":"https:\/\/www.barcelonacard.org\/es\/wp-json\/wp\/v2\/pages"}],"about":[{"href":"https:\/\/www.barcelonacard.org\/es\/wp-json\/wp\/v2\/types\/page"}],"author":[{"embeddable":true,"href":"https:\/\/www.barcelonacard.org\/es\/wp-json\/wp\/v2\/users\/1"}],"replies":[{"embeddable":true,"href":"https:\/\/www.barcelonacard.org\/es\/wp-json\/wp\/v2\/comments?post=587"}],"version-history":[{"count":3,"href":"https:\/\/www.barcelonacard.org\/es\/wp-json\/wp\/v2\/pages\/587\/revisions"}],"predecessor-version":[{"id":1110,"href":"https:\/\/www.barcelonacard.org\/es\/wp-json\/wp\/v2\/pages\/587\/revisions\/1110"}],"wp:featuredmedia":[{"embeddable":true,"href":"https:\/\/www.barcelonacard.org\/es\/wp-json\/wp\/v2\/media\/866"}],"wp:attachment":[{"href":"https:\/\/www.barcelonacard.org\/es\/wp-json\/wp\/v2\/media?parent=587"}],"wp:term":[{"taxonomy":"post-style","embeddable":true,"href":"https:\/\/www.barcelonacard.org\/es\/wp-json\/wp\/v2\/post-style?post=587"},{"taxonomy":"producer","embeddable":true,"href":"https:\/\/www.barcelonacard.org\/es\/wp-json\/wp\/v2\/producer?post=587"}],"curies":[{"name":"wp","href":"https:\/\/api.w.org\/{rel}","templated":true}]}}