{"id":13,"date":"2013-10-25T17:23:53","date_gmt":"2013-10-25T15:23:53","guid":{"rendered":"https:\/\/www.barcelonacard.org\/?page_id=13"},"modified":"2026-01-20T22:25:41","modified_gmt":"2026-01-20T21:25:41","slug":"oficinas-informacion-turistica","status":"publish","type":"page","link":"https:\/\/www.barcelonacard.org\/es\/oficinas-informacion-turistica\/","title":{"rendered":"Oficinas de Informaci\u00f3n Tur\u00edstica"},"content":{"rendered":"\n<p>Donde quiera que te encuentres en Barcelona, siempre habr\u00e1 una oficina de turismo cerca de ti. La oficina principal est\u00e1 ubicada en Pla\u00e7a de Catalunya, pero hay muchos otros puntos de informaci\u00f3n distribuidos por la ciudad.<\/p>\n\n\n\n<p>El Aeropuerto de Barcelona tambi\u00e9n cuenta con oficinas de informaci\u00f3n en ambas terminales. Puedes comprar tu Barcelona Card con anticipaci\u00f3n y recogerla en el aeropuerto. Un beneficio adicional es que puedes utilizar el tren del aeropuerto hacia la ciudad.<\/p>\n\n\n\n<p>A continuaci\u00f3n se muestra una lista de puntos de informaci\u00f3n tur\u00edstica con los datos de contacto, direcciones y horarios de atenci\u00f3n:<\/p>\n\n\n\n<h3 class=\"wp-block-heading\">Pla\u00e7a de Catalunya<\/h3>\n\n\n\n<p>En pleno centro de Barcelona, este punto de informaci\u00f3n ofrece asistencia multiling\u00fce, tienda de regalos y reembolsos de IVA. Tambi\u00e9n es el punto de encuentro para el <a href=\"https:\/\/www.tiqets.com\/es\/barcelona-attractions-c66342\/tickets-for-picasso-walking-tour-picasso-museum-skip-the-line-p977198\/?partner=barcelonacard\" target=\"_blank\" rel=\"noreferrer noopener nofollow\">Paseo por Picasso + Entrada sin colas al Museo Picasso<\/a>.<\/p>\n\n\n\n<ul class=\"wp-block-list\">\n<li>Direcci\u00f3n: Pla\u00e7a de Catalunya, 17-S, 08002, Barcelona<\/li>\n\n\n\n<li>Tel\u00e9fono: 932 853 834<\/li>\n\n\n\n<li>Horario: todos los d\u00edas, de 8:30 a 20:30<\/li>\n<\/ul>\n\n\n\n<h3 class=\"wp-block-heading\">Aeropuerto &#8211; Terminales 1 y 2<\/h3>\n\n\n\n<p>Puntos de informaci\u00f3n tur\u00edstica en el Aeropuerto de Barcelona \u2013 El Prat.<\/p>\n\n\n\n<ul class=\"wp-block-list\">\n<li>Direcci\u00f3n: Aeroport del Prat &#8211; Terminal 1 y 2 (B)<\/li>\n\n\n\n<li>Horario:<br>T1: de lunes a domingo, de 8:30 a 19:30<br>T2: de lunes a domingo, de 8:30 a 19:30<\/li>\n<\/ul>\n\n\n\n<h3 class=\"wp-block-heading\">Vest\u00edbulo de Metro L9 en el Aeropuerto<\/h3>\n\n\n\n<p>Puntos de informaci\u00f3n tur\u00edstica junto a la l\u00ednea L9 de metro en el vest\u00edbulo del aeropuerto (T1 y T2).<\/p>\n\n\n\n<ul class=\"wp-block-list\">\n<li>Direcci\u00f3n: Aeroport del Prat &#8211; Metro L9, Barcelona<\/li>\n\n\n\n<li>Horario:<br>T1: de lunes a domingo, de 8:30 a 14:30<br>T2: de lunes a domingo, de 8:30 a 14:30<\/li>\n<\/ul>\n\n\n\n<h3 class=\"wp-block-heading\">Oficina Catedral<\/h3>\n\n\n\n<p>Punto de informaci\u00f3n en el Barrio G\u00f3tico, junto a la Catedral de Barcelona.<\/p>\n\n\n\n<ul class=\"wp-block-list\">\n<li>Direcci\u00f3n: Pla de la Seu s\/n, Barcelona<\/li>\n\n\n\n<li>Horario:<br>De lunes a s\u00e1bado: de 9:00 a 17:00<br>Domingo: cerrado<\/li>\n<\/ul>\n\n\n\n<h3 class=\"wp-block-heading\">Mirador de Colom<\/h3>\n\n\n\n<p>Punto de informaci\u00f3n dentro del Monumento a Col\u00f3n, junto al puerto antiguo. Ideal para pasear. Tambi\u00e9n ofrecen ayuda, entradas y recomendaciones.<\/p>\n\n\n\n<ul class=\"wp-block-list\">\n<li>Direcci\u00f3n: Pla\u00e7a del Portal de la Pau, s\/n, 08002, Barcelona<\/li>\n\n\n\n<li>Horario: de lunes a domingo, de 8:30 a 14:30<\/li>\n\n\n\n<li>\u00daltimo acceso al mirador: 30 minutos antes del cierre<\/li>\n<\/ul>\n\n\n\n<h3 class=\"wp-block-heading\">Estaci\u00f3 del Nord<\/h3>\n\n\n\n<p>Si llegas en autob\u00fas, encontrar\u00e1s un punto de informaci\u00f3n en el Espai Mediterr\u00e0nia de la Estaci\u00f3 del Nord.<\/p>\n\n\n\n<ul class=\"wp-block-list\">\n<li>Direcci\u00f3n: Estaci\u00f3 del Nord &#8211; Espai Mediterr\u00e0nia, 08013, Barcelona<\/li>\n\n\n\n<li>Horario: de lunes a domingo, de 8:30 a 14:00<\/li>\n<\/ul>\n\n\n\n<h3 class=\"wp-block-heading\">Cabinas de informaci\u00f3n tur\u00edstica<\/h3>\n\n\n\n<p>Encontrar\u00e1s cabinas de informaci\u00f3n en puntos clave de Barcelona, donde el personal ofrece asesoramiento personalizado.<\/p>\n\n\n\n<ul class=\"wp-block-list\">\n<li><strong>Cabina Colom<\/strong><br>Direcci\u00f3n: Pla\u00e7a Portal de la Pau, s\/n<br>Horario: de lunes a domingo, de 8:30 a 14:30<\/li>\n\n\n\n<li><strong>Cabina Pla\u00e7a Catalunya Bergara<\/strong><br>Direcci\u00f3n: Pla\u00e7a de Catalunya, s\/n<br>Horario: de lunes a domingo, de 8:30 a 20:00<\/li>\n\n\n\n<li><strong>Cabina Pla\u00e7a de Catalunya Nord<\/strong><br>Direcci\u00f3n: Pla\u00e7a de Catalunya, s\/n (frente a \u00abEl Corte Ingl\u00e9s\u00bb)<br>Horario: lunes y domingo, de 8:30 a 14:30<br>Martes a s\u00e1bado, de 8:30 a 20:00<\/li>\n\n\n\n<li><strong>Cabina Pla\u00e7a de Catalunya Sud<\/strong><br>Direcci\u00f3n: Pla\u00e7a de Catalunya, s\/n (frente a \u00abEl Triangle\u00bb)<br>Horario: de lunes a domingo, de 8:30 a 20:00<\/li>\n\n\n\n<li><strong>Cabina Pla\u00e7a Espanya<\/strong><br>Direcci\u00f3n: Pla\u00e7a Espanya \/ Av. Maria Cristina<br>Horario: de lunes a domingo, de 8:30 a 14:30<\/li>\n\n\n\n<li><strong>Cabina Sagrada Fam\u00edlia<\/strong><br>Direcci\u00f3n: Pla\u00e7a de la Sagrada Fam\u00edlia<br>Horario: de lunes a domingo, de 8:30 a 20:00<\/li>\n\n\n\n<li><strong>Cabina Sagrada Fam\u00edlia 2<\/strong><br>Direcci\u00f3n: Pla\u00e7a de la Sagrada Fam\u00edlia<br>Horario: de lunes a s\u00e1bado, de 8:30 a 20:00<br>Domingo: de 8:30 a 14:30<\/li>\n<\/ul>\n\n\n\n<div class=\"ms-p ms-rounded ms-mb-last-child-0 ms-mb-children-condensed ms-mb-block ms-alert--neutral\">\n<h4 class=\"gb-text-528a17c5\"><span class=\"gb-shape\"><svg viewBox=\"0 0 256 256\" fill=\"#000000\" height=\"32\" width=\"32\" xmlns=\"http:\/\/www.w3.org\/2000\/svg\"><path d=\"M108,84a16,16,0,1,1,16,16A16,16,0,0,1,108,84Zm128,44A108,108,0,1,1,128,20,108.12,108.12,0,0,1,236,128Zm-24,0a84,84,0,1,0-84,84A84.09,84.09,0,0,0,212,128Zm-72,36.68V132a20,20,0,0,0-20-20,12,12,0,0,0-4,23.32V168a20,20,0,0,0,20,20,12,12,0,0,0,4-23.32Z\"><\/path><\/svg><\/span><span class=\"gb-text\"><strong>Aviso<\/strong><\/span><\/h4>\n\n\n\n<p class=\"gb-text\">Los horarios de las oficinas pueden cambiar por motivos ajenos a Turisme de Barcelona.<\/p>\n\n\n\n<p class=\"gb-text\">Para m\u00e1s informaci\u00f3n haga <a href=\"https:\/\/www.barcelonaturisme.com\/wv3\/en\/page\/38\/tourist-information-points.html\" target=\"_blank\" rel=\"noreferrer noopener nofollow\">clic aqu\u00ed<\/a>.<\/p>\n<\/div>\n","protected":false},"excerpt":{"rendered":"","protected":false},"author":1,"featured_media":0,"parent":0,"menu_order":6,"comment_status":"closed","ping_status":"closed","template":"","meta":{"_acf_changed":false,"footnotes":"","button_url":"https:\/\/www.tiqets.com\/es\/barcelona-attractions-c66342\/tickets-for-barcelona-card-72-Hour-96-Hour-120-Hour-p975758\/?partner=barcelonacard","ms_product_id":"","ms_product_name":"","ms_price":"","ms_currency":"","ms_rating_value":"","ms_review_count":"","rank_math_title":"%title% %sep% %sitename%","rank_math_description":"Lista de oficinas de informaci\u00f3n tur\u00edstica en Barcelona."},"post-style":[],"producer":[],"class_list":["post-13","page","type-page","status-publish","has-post-thumbnail"],"acf":[],"product_schema":{"ms_product_id":"","ms_product_name":"","ms_price":"","ms_currency":"","ms_rating_value":"","ms_review_count":""},"_links":{"self":[{"href":"https:\/\/www.barcelonacard.org\/es\/wp-json\/wp\/v2\/pages\/13","targetHints":{"allow":["GET"]}}],"collection":[{"href":"https:\/\/www.barcelonacard.org\/es\/wp-json\/wp\/v2\/pages"}],"about":[{"href":"https:\/\/www.barcelonacard.org\/es\/wp-json\/wp\/v2\/types\/page"}],"author":[{"embeddable":true,"href":"https:\/\/www.barcelonacard.org\/es\/wp-json\/wp\/v2\/users\/1"}],"replies":[{"embeddable":true,"href":"https:\/\/www.barcelonacard.org\/es\/wp-json\/wp\/v2\/comments?post=13"}],"version-history":[{"count":3,"href":"https:\/\/www.barcelonacard.org\/es\/wp-json\/wp\/v2\/pages\/13\/revisions"}],"predecessor-version":[{"id":1090,"href":"https:\/\/www.barcelonacard.org\/es\/wp-json\/wp\/v2\/pages\/13\/revisions\/1090"}],"wp:attachment":[{"href":"https:\/\/www.barcelonacard.org\/es\/wp-json\/wp\/v2\/media?parent=13"}],"wp:term":[{"taxonomy":"post-style","embeddable":true,"href":"https:\/\/www.barcelonacard.org\/es\/wp-json\/wp\/v2\/post-style?post=13"},{"taxonomy":"producer","embeddable":true,"href":"https:\/\/www.barcelonacard.org\/es\/wp-json\/wp\/v2\/producer?post=13"}],"curies":[{"name":"wp","href":"https:\/\/api.w.org\/{rel}","templated":true}]}}