{"id":5,"date":"2013-10-20T16:20:48","date_gmt":"2013-10-20T14:20:48","guid":{"rendered":"https:\/\/www.barcelonacard.org\/el\/?page_id=5"},"modified":"2026-01-16T06:38:43","modified_gmt":"2026-01-16T05:38:43","slug":"discounts","status":"publish","type":"page","link":"https:\/\/www.barcelonacard.org\/el\/discounts\/","title":{"rendered":"\u0395\u03ba\u03c0\u03c4\u03ce\u03c3\u03b5\u03b9\u03c2 \u03bc\u03b5 \u03c4\u03b7\u03bd Barcelona Card"},"content":{"rendered":"\n<div class=\"ms-p ms-rounded ms-mb-last-child-0 ms-mb-children-condensed ms-alert--contrast ms-mb-block\">\n<ul class=\"wp-block-list\">\n<li>\u0397 Barcelona Card \u03c0\u03b5\u03c1\u03b9\u03bb\u03b1\u03bc\u03b2\u03ac\u03bd\u03b5\u03b9 \u03b1\u03c0\u03b5\u03c1\u03b9\u03cc\u03c1\u03b9\u03c3\u03c4\u03b5\u03c2 \u03bc\u03b5\u03c4\u03b1\u03ba\u03b9\u03bd\u03ae\u03c3\u03b5\u03b9\u03c2 \u03bc\u03b5 \u03b4\u03b7\u03bc\u03cc\u03c3\u03b9\u03b1 \u03bc\u03ad\u03c3\u03b1 \u03c3\u03c4\u03b7 \u0392\u03b1\u03c1\u03ba\u03b5\u03bb\u03ce\u03bd\u03b7 (\u03bc\u03b5\u03c4\u03c1\u03cc, \u03bb\u03b5\u03c9\u03c6\u03bf\u03c1\u03b5\u03af\u03bf, \u03c4\u03c1\u03b1\u03bc, \u03c0\u03c1\u03bf\u03b1\u03c3\u03c4\u03b9\u03b1\u03ba\u03bf\u03cd\u03c2 \u03c3\u03c5\u03c1\u03bc\u03bf\u03cd\u03c2, \u03ba\u03b1\u03b9 \u03c0\u03c1\u03bf\u03c2 \u03c4\u03bf \u03b1\u03b5\u03c1\u03bf\u03b4\u03c1\u03cc\u03bc\u03b9\u03bf).<\/li>\n\n\n\n<li>\u0394\u03c9\u03c1\u03b5\u03ac\u03bd \u03b5\u03af\u03c3\u03bf\u03b4\u03bf \u03c3\u03b5 \u03c0\u03ac\u03bd\u03c9 \u03b1\u03c0\u03cc 25 \u03bc\u03bf\u03c5\u03c3\u03b5\u03af\u03b1 \u03ba\u03b1\u03b9 \u03c0\u03bf\u03bb\u03b9\u03c4\u03b9\u03c3\u03c4\u03b9\u03ba\u03bf\u03cd\u03c2 \u03c7\u03ce\u03c1\u03bf\u03c5\u03c2 \u03cc\u03c0\u03c9\u03c2 \u03c4\u03bf \u039c\u03bf\u03c5\u03c3\u03b5\u03af\u03bf Picasso, MNAC, \u038a\u03b4\u03c1\u03c5\u03bc\u03b1 Joan Mir\u00f3 \u03ba\u03b1\u03b9 MACBA.<\/li>\n\n\n\n<li>\u03a0\u03c1\u03bf\u03bd\u03bf\u03bc\u03b9\u03b1\u03ba\u03ae \u03c0\u03c1\u03cc\u03c3\u03b2\u03b1\u03c3\u03b7 \u03c3\u03c4\u03b1 \u03ba\u03bf\u03c1\u03c5\u03c6\u03b1\u03af\u03b1 \u03bc\u03bf\u03c5\u03c3\u03b5\u03af\u03b1, \u03c3\u03c5\u03bd \u03bc\u03af\u03b1 \u03b4\u03c9\u03c1\u03b5\u03ac\u03bd \u03b2\u03cc\u03bb\u03c4\u03b1 \u03bc\u03b5 \u03c4\u03bf \u03c0\u03bb\u03bf\u03b9\u03ac\u03c1\u03b9\u03bf Las Golondrinas.<\/li>\n\n\n\n<li>\u0395\u03be\u03bf\u03b9\u03ba\u03bf\u03bd\u03bf\u03bc\u03ae\u03c3\u03c4\u03b5 10-50% \u03c3\u03b5 \u03b5\u03bc\u03b2\u03bb\u03b7\u03bc\u03b1\u03c4\u03b9\u03ba\u03ac \u03b1\u03be\u03b9\u03bf\u03b8\u03ad\u03b1\u03c4\u03b1 \u03cc\u03c0\u03c9\u03c2 Casa Batll\u00f3, La Pedrera, Casa Vicens \u03ba\u03b1\u03b9 \u03c4\u03bf \u0395\u03bd\u03c5\u03b4\u03c1\u03b5\u03af\u03bf \u03c4\u03b7\u03c2 \u0392\u03b1\u03c1\u03ba\u03b5\u03bb\u03ce\u03bd\u03b7\u03c2.<\/li>\n\n\n\n<li>\u0395\u03c0\u03b9\u03c0\u03bb\u03ad\u03bf\u03bd \u03b5\u03ba\u03c0\u03c4\u03ce\u03c3\u03b5\u03b9\u03c2 \u03c3\u03b5 \u03c0\u03ac\u03bd\u03c9 \u03b1\u03c0\u03cc 70 \u03c0\u03b5\u03c1\u03b9\u03b7\u03b3\u03ae\u03c3\u03b5\u03b9\u03c2, \u03c0\u03b1\u03c1\u03b1\u03c3\u03c4\u03ac\u03c3\u03b5\u03b9\u03c2 \u03ba\u03b1\u03b9 \u03b5\u03bc\u03c0\u03b5\u03b9\u03c1\u03af\u03b5\u03c2 \u03c3\u03b5 \u03cc\u03bb\u03b7 \u03c4\u03b7\u03bd \u03c0\u03cc\u03bb\u03b7.<\/li>\n<\/ul>\n\n\n\n<p class=\"gb-text-fb1a3135\"><span class=\"gb-shape\"><svg xmlns=\"http:\/\/www.w3.org\/2000\/svg\" width=\"32\" height=\"32\" fill=\"#000000\" viewBox=\"0 0 256 256\"><path d=\"M228,144v64a12,12,0,0,1-12,12H40a12,12,0,0,1-12-12V144a12,12,0,0,1,24,0v52H204V144a12,12,0,0,1,24,0Zm-108.49,8.49a12,12,0,0,0,17,0l40-40a12,12,0,0,0-17-17L140,115V32a12,12,0,0,0-24,0v83L96.49,95.51a12,12,0,0,0-17,17Z\"><\/path><\/svg><\/span><span class=\"gb-text\"><a href=\"https:\/\/www.barcelonacard.org\/wp-content\/uploads\/FolletoBarcelonaCard2026.pdf\" target=\"_blank\" data-type=\"link\" data-id=\"https:\/\/drive.google.com\/file\/d\/16o2S8Uo9wpknZP7nHiZxyDS21InCpXhC\/view?usp=sharing\" rel=\"noreferrer noopener nofollow\">\u039a\u03b1\u03c4\u03b5\u03b2\u03ac\u03c3\u03c4\u03b5 \u03c4\u03b7\u03bd \u03c0\u03bb\u03ae\u03c1\u03b7 \u03bb\u03af\u03c3\u03c4\u03b1 \u03b5\u03ba\u03c0\u03c4\u03ce\u03c3\u03b5\u03c9\u03bd (PDF)<\/a><\/span><\/p>\n<\/div>\n\n\n\n<h2 class=\"wp-block-heading\">\u0394\u03c9\u03c1\u03b5\u03ac\u03bd<\/h2>\n\n\n\n<h3 class=\"wp-block-heading\">\u0394\u03b7\u03bc\u03cc\u03c3\u03b9\u03b5\u03c2 \u03c3\u03c5\u03b3\u03ba\u03bf\u03b9\u03bd\u03c9\u03bd\u03af\u03b5\u03c2<\/h3>\n\n\n<div class=\"ms-table\"><table><tr><th>\u0395\u03af\u03b4\u03bf\u03c2<\/th><th>\u039a\u03b1\u03bd\u03bf\u03bd\u03b9\u03ba\u03ae \u03c4\u03b9\u03bc\u03ae<\/th><th>\u039c\u03b5 \u03ba\u03ac\u03c1\u03c4\u03b1<\/th><\/tr><tr><td>48 \u03ce\u03c1\u03b5\u03c2<\/td><td>18,01 \u20ac<\/td><td>\u0394\u03c9\u03c1\u03b5\u03ac\u03bd<\/td><\/tr><tr><td>72 \u03ce\u03c1\u03b5\u03c2<\/td><td>26,30 \u20ac<\/td><td>\u0394\u03c9\u03c1\u03b5\u03ac\u03bd<\/td><\/tr><tr><td>96 \u03ce\u03c1\u03b5\u03c2<\/td><td>34,40 \u20ac<\/td><td>\u0394\u03c9\u03c1\u03b5\u03ac\u03bd<\/td><\/tr><tr><td>120 \u03ce\u03c1\u03b5\u03c2<\/td><td>42,10 \u20ac<\/td><td>\u0394\u03c9\u03c1\u03b5\u03ac\u03bd<\/td><\/tr><tr><td>\u03a4\u03c1\u03ad\u03bd\u03bf \u03b1\u03b5\u03c1\u03bf\u03b4\u03c1\u03bf\u03bc\u03af\u03bf\u03c5<\/td><td>4,20 \u20ac<\/td><td>\u0394\u03c9\u03c1\u03b5\u03ac\u03bd<\/td><\/tr><tr><td>\u039c\u03b5\u03c4\u03c1\u03cc \u03c0\u03c1\u03bf\u03c2 \u03b1\u03b5\u03c1\u03bf\u03b4\u03c1\u03cc\u03bc\u03b9\u03bf<\/td><td>4,60 \u20ac<\/td><td>\u0394\u03c9\u03c1\u03b5\u03ac\u03bd<\/td><\/tr><\/table><\/div>\n\n\n<div class=\"gb-accordion\"><\/div>\n\n\n\n<h3 class=\"wp-block-heading\">\u039c\u03bf\u03c5\u03c3\u03b5\u03af\u03b1 \u03ba\u03b1\u03b9 \u03b1\u03be\u03b9\u03bf\u03b8\u03ad\u03b1\u03c4\u03b1<\/h3>\n\n\n<div class=\"ms-table\"><table><tr><th>\u0391\u03be\u03b9\u03bf\u03b8\u03ad\u03b1\u03c4\u03bf<\/th><th>\u039a\u03b1\u03bd\u03bf\u03bd\u03b9\u03ba\u03ae \u03c4\u03b9\u03bc\u03ae<\/th><th>\u039c\u03b5 \u03ba\u03ac\u03c1\u03c4\u03b1<\/th><\/tr><tr><td>CaixaForum<\/td><td>6,00 \u20ac<\/td><td>\u0394\u03c9\u03c1\u03b5\u03ac\u03bd<\/td><\/tr><tr><td>Castell de Montju\u00efc*<\/td><td>12,00 \u20ac<\/td><td>\u0394\u03c9\u03c1\u03b5\u03ac\u03bd<\/td><\/tr><tr><td>Centre de Cultura Contempor\u00e0nia de Barcelona (CCCB)**<\/td><td>6,00 \u20ac<\/td><td>\u0394\u03c9\u03c1\u03b5\u03ac\u03bd<\/td><\/tr><tr><td>Centre Martorell d\u2019Exposicions<\/td><td>6,50 \u20ac<\/td><td>\u0394\u03c9\u03c1\u03b5\u03ac\u03bd<\/td><\/tr><tr><td>Disseny Hub Barcelona DHUB<\/td><td>6,00 \u20ac<\/td><td>\u0394\u03c9\u03c1\u03b5\u03ac\u03bd<\/td><\/tr><tr><td>El Born Museu d&#8217;Historia de Barcelona<\/td><td>7,00 \u20ac<\/td><td>\u0394\u03c9\u03c1\u03b5\u03ac\u03bd<\/td><\/tr><tr><td>El Call Museu d&#8217;Historia de Barcelona<\/td><td>2,00 \u20ac<\/td><td>\u0394\u03c9\u03c1\u03b5\u03ac\u03bd<\/td><\/tr><tr><td>Fundaci\u00f3 Joan Mir\u00f3**<\/td><td>15,00 \u20ac<\/td><td>\u0394\u03c9\u03c1\u03b5\u03ac\u03bd<\/td><\/tr><tr><td>Jard\u00ed Bot\u00e0nic de Barcelona<\/td><td>3,50 \u20ac<\/td><td>\u0394\u03c9\u03c1\u03b5\u03ac\u03bd<\/td><\/tr><tr><td>MOCO Museum Barcelona<\/td><td>19,50 \u20ac<\/td><td>\u0394\u03c9\u03c1\u03b5\u03ac\u03bd<\/td><\/tr><tr><td>Museu d&#8217;Historia de Barcelona Refugi 307<\/td><td>2,00 \u20ac<\/td><td>\u0394\u03c9\u03c1\u03b5\u03ac\u03bd<\/td><\/tr><tr><td>Museu d&#8217;Historia de Pla\u00e7a del Rei<\/td><td>7,30 \u20ac<\/td><td>\u0394\u03c9\u03c1\u03b5\u03ac\u03bd<\/td><\/tr><tr><td>Museu d&#8217;Historia de Barcelona Via Sepulcral Romana<\/td><td>2,00 \u20ac<\/td><td>\u0394\u03c9\u03c1\u03b5\u03ac\u03bd<\/td><\/tr><tr><td>Museu Banksy Barcelona<\/td><td>14,00 \u20ac<\/td><td>\u0394\u03c9\u03c1\u03b5\u03ac\u03bd<\/td><\/tr><tr><td>Museu d\u2019Art Contemporani de Barcelona (MACBA)**<\/td><td>12,00 \u20ac<\/td><td>\u0394\u03c9\u03c1\u03b5\u03ac\u03bd<\/td><\/tr><tr><td>Museu de la Ci\u00e8ncia CosmoCaixa<\/td><td>8,00 \u20ac<\/td><td>\u0394\u03c9\u03c1\u03b5\u03ac\u03bd<\/td><\/tr><tr><td>Museu de la M\u00fasica<\/td><td>6,00 \u20ac<\/td><td>\u0394\u03c9\u03c1\u03b5\u03ac\u03bd<\/td><\/tr><tr><td>Museu de la Xocolata**<\/td><td>7,00 \u20ac<\/td><td>\u0394\u03c9\u03c1\u03b5\u03ac\u03bd<\/td><\/tr><tr><td>Museu de Ci\u00e8ncies Naturals de Barcelona<\/td><td>6,00 \u20ac<\/td><td>\u0394\u03c9\u03c1\u03b5\u03ac\u03bd<\/td><\/tr><tr><td>Museu Egipci de Barcelona**<\/td><td>13,00 \u20ac<\/td><td>\u0394\u03c9\u03c1\u03b5\u03ac\u03bd<\/td><\/tr><tr><td>Museu Etnol\u00f2gic i de Cultures del M\u00f3n &#8211; Montcada<\/td><td>5,00 \u20ac<\/td><td>\u0394\u03c9\u03c1\u03b5\u03ac\u03bd<\/td><\/tr><tr><td>Museu Etnol\u00f2gic i de Cultures del M\u00f3n &#8211; Parc de Montju\u00efc<\/td><td>5,00 \u20ac<\/td><td>\u0394\u03c9\u03c1\u03b5\u03ac\u03bd<\/td><\/tr><tr><td>Museu Frederic Mar\u00e8s<\/td><td>4,20 \u20ac<\/td><td>\u0394\u03c9\u03c1\u03b5\u03ac\u03bd<\/td><\/tr><tr><td>Museu Nacional d\u2019Art de Catalunya**<\/td><td>12,00 \u20ac<\/td><td>\u0394\u03c9\u03c1\u03b5\u03ac\u03bd<\/td><\/tr><tr><td>Museu Ol\u00edmpic i de l\u2019Esport Joan Antoni Samaranch**<\/td><td>6,30 \u20ac<\/td><td>\u0394\u03c9\u03c1\u03b5\u03ac\u03bd<\/td><\/tr><tr><td>Museu Picasso<\/td><td>12,00 \u20ac<\/td><td>\u0394\u03c9\u03c1\u03b5\u03ac\u03bd<\/td><\/tr><tr><td>Museu T\u00e0pies**<\/td><td>8,00 \u20ac<\/td><td>\u0394\u03c9\u03c1\u03b5\u03ac\u03bd<\/td><\/tr><tr><td>Reial Monestir de Santa Maria de Pedralbes<\/td><td>5,00 \u20ac<\/td><td>\u0394\u03c9\u03c1\u03b5\u03ac\u03bd<\/td><\/tr><\/table><\/div>\n\n\n<h2 class=\"wp-block-heading\"><strong>\u0395\u03ba\u03c0\u03c4\u03ce\u03c3\u03b5\u03b9\u03c2<\/strong><\/h2>\n\n\n\n<h3 class=\"wp-block-heading\">\u039c\u03bf\u03c5\u03c3\u03b5\u03af\u03b1 \u03ba\u03b1\u03b9 \u03b1\u03be\u03b9\u03bf\u03b8\u03ad\u03b1\u03c4\u03b1<\/h3>\n\n\n<div class=\"ms-table\"><table><tr><th>\u0391\u03be\u03b9\u03bf\u03b8\u03ad\u03b1\u03c4\u03bf<\/th><th>\u0388\u03ba\u03c0\u03c4\u03c9\u03c3\u03b7<\/th><\/tr><tr><td>Biblioteca Ar\u00fas<\/td><td>-20%<\/td><\/tr><tr><td>Casa Amatller<\/td><td>-20%<\/td><\/tr><tr><td>Casa Batll\u00f3<\/td><td>-7\u20ac<\/td><\/tr><tr><td>Casa Mil\u00e0 &#8211; La Pedrera (La Pedrera Essencial adult) (Entry from 14h)<\/td><td>-7\u20ac<\/td><\/tr><tr><td>Casa Rocamora<\/td><td>-20%<\/td><\/tr><tr><td>Casa Vicens<\/td><td>-20%<\/td><\/tr><tr><td>Cripta Gaud\u00ed de la Col\u00f2nia G\u00fcell<\/td><td>-20%<\/td><\/tr><tr><td>Fundaci\u00f3 Vila Casas: Museu Can Framis i Espais Volart<\/td><td>-25%<\/td><\/tr><tr><td>KBR Fundaci\u00f3n MAPFRE Barcelona Photo Center<\/td><td>5\u20ac \u2192 3\u20ac<\/td><\/tr><tr><td>Gaud\u00ed Experi\u00e8ncia*<\/td><td>-20%<\/td><\/tr><tr><td>Mirador de Colom<\/td><td>-20%<\/td><\/tr><tr><td>Mirador Torre Gl\u00f2ries<\/td><td>-20%<\/td><\/tr><tr><td>Museu d\u2019Arqueologia de Catalunya<\/td><td>-25%<\/td><\/tr><tr><td>Museu d\u2019Hist\u00f2ria de Catalunya<\/td><td>-20%<\/td><\/tr><tr><td>Museu de la Cera de Barcelona<\/td><td>-20%<\/td><\/tr><tr><td>Museu de l\u2019Er\u00f2tica<\/td><td>-25%<\/td><\/tr><tr><td>Museu del Torr\u00f3 i la Xocolata de Barcelona<\/td><td>-25%<\/td><\/tr><tr><td>Museu Europeu d\u2019Art Modern (MEAM)<\/td><td>-25%<\/td><\/tr><tr><td>Museu Mar\u00edtim de Barcelona<\/td><td>-20%<\/td><\/tr><tr><td>Palau Bar\u00f3 Quadra<\/td><td>-20%<\/td><\/tr><tr><td>Palau de la M\u00fasica Catalana<\/td><td>-25%<\/td><\/tr><tr><td>Palau G\u00fcell<\/td><td>-20%<\/td><\/tr><tr><td>Paradox Museum<\/td><td>-20% (\u03ba\u03c9\u03b4\u03b9\u03ba\u03cc\u03c2 online \u03ba\u03c1\u03ac\u03c4\u03b7\u03c3\u03b7\u03c2: TCPDX)<\/td><\/tr><tr><td>Pavell\u00f3 Mies van der Rohe<\/td><td>-25%<\/td><\/tr><tr><td>Poble Espanyol de Barcelona<\/td><td>-20%<\/td><\/tr><tr><td>Rock Museum Barcelona<\/td><td>-25%<\/td><\/tr><tr><td>Sant Pau Recinte Modernista<\/td><td>-20%<\/td><\/tr><\/table><\/div>\n\n\n<h3 class=\"wp-block-heading\"><span class=\"notion-enable-hover\" data-token-index=\"0\">\u0395\u03c0\u03b9\u03c3\u03ba\u03ad\u03c8\u03b5\u03b9\u03c2 \u03ba\u03b1\u03b9 \u03c0\u03b5\u03c1\u03b9\u03b7\u03b3\u03ae\u03c3\u03b5\u03b9\u03c2<\/span><\/h3>\n\n\n<div class=\"ms-table\"><table><tr><th>Tour<\/th><th>\u0388\u03ba\u03c0\u03c4\u03c9\u03c3\u03b7<\/th><\/tr><tr><td>A-Bike Rental &#038; Tours*<\/td><td>-2\u20ac<\/td><\/tr><tr><td>Barcelona Bus Tur\u00edstic<\/td><td>-10%<\/td><\/tr><tr><td>Barcelona Walking Tours G\u00f2tic<\/td><td>-50%<\/td><\/tr><tr><td>Barcelona Walking Tours Modernisme<\/td><td>-50%<\/td><\/tr><tr><td>Barcelona Walking Tours Picasso<\/td><td>-50%<\/td><\/tr><tr><td>Catalunya Bus Tur\u00edstic*<\/td><td>-15%<\/td><\/tr><tr><td>Las Golondrinas Barcelona Port<\/td><td>-2\u20ac<\/td><\/tr><tr><td>Las Golondrinas Barcelona Port i Litoral<\/td><td>-2\u20ac<\/td><\/tr><tr><td>Vineyard Tour &#038; Tasting, sailing (car or ebike)<\/td><td>-20%<\/td><\/tr><\/table><\/div>\n\n\n<h3 class=\"wp-block-heading\"><span class=\"notion-enable-hover\" data-token-index=\"0\">\u0391\u03bd\u03b1\u03c8\u03c5\u03c7\u03ae<\/span><\/h3>\n\n\n<div class=\"ms-table\"><table><tr><th>\u0391\u03bd\u03b1\u03c8\u03c5\u03c7\u03ae<\/th><th>\u0388\u03ba\u03c0\u03c4\u03c9\u03c3\u03b7<\/th><\/tr><tr><td>Casino de Barcelona<\/td><td>\u0394\u03c9\u03c1\u03b5\u03ac\u03bd \u0395\u03af\u03c3\u03bf\u03b4\u03bf\u03c2 + \u03a0\u03bf\u03c4\u03cc \u039a\u03b1\u03bb\u03c9\u03c3\u03bf\u03c1\u03af\u03c3\u03bc\u03b1\u03c4\u03bf\u03c2<\/td><\/tr><tr><td>House of Candy<\/td><td>-50%<\/td><\/tr><tr><td>Icebarcelona*<\/td><td>-20% (\u03bc\u03cc\u03bd\u03bf online \u03ba\u03c1\u03ac\u03c4\u03b7\u03c3\u03b7)<\/td><\/tr><tr><td>L\u2019Aqu\u00e0rium de Barcelona<\/td><td>-20%<\/td><\/tr><tr><td>Parc d\u2019Atraccions del Tibidabo<\/td><td>-20%<\/td><\/tr><tr><td>Telef\u00e8ric de Montju\u00efc<\/td><td>-15% (\u03b5\u03b9\u03c3\u03b9\u03c4\u03ae\u03c1\u03b9\u03bf \u03bc\u03b5 \u03b5\u03c0\u03b9\u03c3\u03c4\u03c1\u03bf\u03c6\u03ae)<\/td><\/tr><tr><td>White Rabbit Barcelona*<\/td><td>-50%<\/td><\/tr><tr><td>Zoo de Barcelona<\/td><td>-20%<\/td><\/tr><\/table><\/div>\n\n\n<h3 class=\"wp-block-heading\"><span class=\"notion-enable-hover\" data-token-index=\"0\">\u03a8\u03c5\u03c7\u03b1\u03b3\u03c9\u03b3\u03af\u03b1<\/span><\/h3>\n\n\n<div class=\"ms-table\"><table><tr><th>\u03a8\u03c5\u03c7\u03b1\u03b3\u03c9\u03b3\u03af\u03b1<\/th><th>\u0388\u03ba\u03c0\u03c4\u03c9\u03c3\u03b7<\/th><\/tr><tr><td>Classical concert in Basilica de la Merc\u00e8<\/td><td>-20%<\/td><\/tr><tr><td>El Duende<\/td><td> <\/td><\/tr><tr><td>\u2014 \u03c0\u03bf\u03c4\u03cc &#038; \u03c0\u03b1\u03c1\u03ac\u03c3\u03c4\u03b1\u03c3\u03b7 (\u03b5\u03bd\u03ae\u03bb\u03b9\u03ba\u03b5\u03c2)<\/td><td>-10%<\/td><\/tr><tr><td>Tablao Flamenco Cordob\u00e9s<\/td><td> <\/td><\/tr><tr><td>\u2014 \u03c0\u03bf\u03c4\u03cc &#038; \u03c0\u03b1\u03c1\u03ac\u03c3\u03c4\u03b1\u03c3\u03b7<\/td><td>-20%<\/td><\/tr><tr><td>\u2014 \u03b4\u03b5\u03af\u03c0\u03bd\u03bf &#038; \u03c0\u03b1\u03c1\u03ac\u03c3\u03c4\u03b1\u03c3\u03b7 (\u03b5\u03bd\u03ae\u03bb\u03b9\u03ba\u03b5\u03c2)<\/td><td>-8%<\/td><\/tr><tr><td>Tablao Flamenco Patio Andaluz<\/td><td>-10,00 \u20ac<\/td><\/tr><\/table><\/div>\n\n\n<h3 class=\"wp-block-heading\"><span class=\"notion-enable-hover\" data-token-index=\"0\">\u0386\u03bb\u03bb\u03b5\u03c2 \u03c5\u03c0\u03b7\u03c1\u03b5\u03c3\u03af\u03b5\u03c2<\/span><\/h3>\n\n\n<div class=\"ms-table\"><table><tr><th>\u0386\u03bb\u03bb\u03b5\u03c2 \u03c5\u03c0\u03b7\u03c1\u03b5\u03c3\u03af\u03b5\u03c2<\/th><th>\u0388\u03ba\u03c0\u03c4\u03c9\u03c3\u03b7<\/th><\/tr><tr><td>Locker Barcelona<\/td><td>-10%<\/td><\/tr><\/table><\/div>\n\n\n<p>*\u0394\u03c5\u03bd\u03b1\u03c4\u03cc\u03c4\u03b7\u03c4\u03b1 online \u03ba\u03c1\u03ac\u03c4\u03b7\u03c3\u03b7\u03c2<\/p>\n\n\n\n<p>**\u03a7\u03c9\u03c1\u03af\u03c2 \u03b1\u03bd\u03b1\u03bc\u03bf\u03bd\u03ae<\/p>\n\n\n\n<p><strong>\u03a3\u03b7\u03bc\u03b5\u03af\u03c9\u03c3\u03b7:<\/strong> \u0395\u03bd\u03b7\u03bc\u03b5\u03c1\u03ce\u03b8\u03b7\u03ba\u03b5 \u03c4\u03bf 1\u03bf \u03c4\u03c1\u03af\u03bc\u03b7\u03bd\u03bf \u03c4\u03bf\u03c5 2026. \u039f\u03b9 \u03b5\u03ba\u03c0\u03c4\u03ce\u03c3\u03b5\u03b9\u03c2 \u03c0\u03bf\u03c5 \u03c0\u03b5\u03c1\u03b9\u03bb\u03b1\u03bc\u03b2\u03ac\u03bd\u03bf\u03bd\u03c4\u03b1\u03b9 \u03c3\u03c4\u03b7\u03bd Barcelona Card \u03b5\u03bd\u03b4\u03ad\u03c7\u03b5\u03c4\u03b1\u03b9 \u03bd\u03b1 \u03b1\u03bb\u03bb\u03ac\u03be\u03bf\u03c5\u03bd \u03c7\u03c9\u03c1\u03af\u03c2 \u03c0\u03c1\u03bf\u03b7\u03b3\u03bf\u03cd\u03bc\u03b5\u03bd\u03b7 \u03b5\u03b9\u03b4\u03bf\u03c0\u03bf\u03af\u03b7\u03c3\u03b7. \u038c\u03c4\u03b1\u03bd \u03c0\u03b1\u03c1\u03b1\u03bb\u03ac\u03b2\u03b5\u03c4\u03b5 \u03c4\u03b7\u03bd \u03ba\u03ac\u03c1\u03c4\u03b1 \u03c3\u03b1\u03c2, \u03b8\u03b1 \u03bb\u03ac\u03b2\u03b5\u03c4\u03b5 \u03ad\u03bd\u03b1 \u03c6\u03c5\u03bb\u03bb\u03ac\u03b4\u03b9\u03bf \u03bc\u03b5 \u03cc\u03bb\u03b5\u03c2 \u03c4\u03b9\u03c2 \u03b9\u03c3\u03c7\u03cd\u03bf\u03c5\u03c3\u03b5\u03c2 \u03b5\u03ba\u03c0\u03c4\u03ce\u03c3\u03b5\u03b9\u03c2.<br><\/p>\n\n\n\n<p><\/p>\n","protected":false},"excerpt":{"rendered":"","protected":false},"author":4,"featured_media":0,"parent":0,"menu_order":3,"comment_status":"closed","ping_status":"closed","template":"","meta":{"_acf_changed":false,"footnotes":"","button_url":"https:\/\/www.tiqets.com\/el\/barcelona-attractions-c66342\/tickets-for-barcelona-card-72-Hour-96-Hour-120-Hour-p975758\/?partner=barcelonacard","ms_product_id":"","ms_product_name":"","ms_price":"","ms_currency":"","ms_rating_value":"","ms_review_count":"","rank_math_title":"%title% (Updated %currentyear%)","rank_math_description":"\u0397 Barcelona Card \u03c0\u03c1\u03bf\u03c3\u03c6\u03ad\u03c1\u03b5\u03b9 \u03c0\u03ac\u03bd\u03c9 \u03b1\u03c0\u03cc 70 \u03b5\u03ba\u03c0\u03c4\u03ce\u03c3\u03b5\u03b9\u03c2 \u03c3\u03b5 \u03b4\u03b7\u03bc\u03bf\u03c6\u03b9\u03bb\u03ae \u03b1\u03be\u03b9\u03bf\u03b8\u03ad\u03b1\u03c4\u03b1, \u03c0\u03b5\u03c1\u03b9\u03b7\u03b3\u03ae\u03c3\u03b5\u03b9\u03c2 \u03c3\u03c4\u03b1 \u03b1\u03be\u03b9\u03bf\u03b8\u03ad\u03b1\u03c4\u03b1, \u03c8\u03c5\u03c7\u03b1\u03b3\u03c9\u03b3\u03af\u03b1, \u03c8\u03ce\u03bd\u03b9\u03b1 \u03ba\u03b1\u03b9 \u03bd\u03c5\u03c7\u03c4\u03b5\u03c1\u03b9\u03bd\u03ae \u03b6\u03c9\u03ae."},"post-style":[],"producer":[],"class_list":["post-5","page","type-page","status-publish","has-post-thumbnail"],"acf":[],"product_schema":{"ms_product_id":"","ms_product_name":"","ms_price":"","ms_currency":"","ms_rating_value":"","ms_review_count":""},"_links":{"self":[{"href":"https:\/\/www.barcelonacard.org\/el\/wp-json\/wp\/v2\/pages\/5","targetHints":{"allow":["GET"]}}],"collection":[{"href":"https:\/\/www.barcelonacard.org\/el\/wp-json\/wp\/v2\/pages"}],"about":[{"href":"https:\/\/www.barcelonacard.org\/el\/wp-json\/wp\/v2\/types\/page"}],"author":[{"embeddable":true,"href":"https:\/\/www.barcelonacard.org\/el\/wp-json\/wp\/v2\/users\/4"}],"replies":[{"embeddable":true,"href":"https:\/\/www.barcelonacard.org\/el\/wp-json\/wp\/v2\/comments?post=5"}],"version-history":[{"count":3,"href":"https:\/\/www.barcelonacard.org\/el\/wp-json\/wp\/v2\/pages\/5\/revisions"}],"predecessor-version":[{"id":1240,"href":"https:\/\/www.barcelonacard.org\/el\/wp-json\/wp\/v2\/pages\/5\/revisions\/1240"}],"wp:attachment":[{"href":"https:\/\/www.barcelonacard.org\/el\/wp-json\/wp\/v2\/media?parent=5"}],"wp:term":[{"taxonomy":"post-style","embeddable":true,"href":"https:\/\/www.barcelonacard.org\/el\/wp-json\/wp\/v2\/post-style?post=5"},{"taxonomy":"producer","embeddable":true,"href":"https:\/\/www.barcelonacard.org\/el\/wp-json\/wp\/v2\/producer?post=5"}],"curies":[{"name":"wp","href":"https:\/\/api.w.org\/{rel}","templated":true}]}}