{"id":7,"date":"2013-10-20T16:23:00","date_gmt":"2013-10-20T14:23:00","guid":{"rendered":"https:\/\/www.barcelonacard.org\/?page_id=7"},"modified":"2025-01-10T10:07:39","modified_gmt":"2025-01-10T09:07:39","slug":"faq","status":"publish","type":"page","link":"https:\/\/www.barcelonacard.org\/de\/faq\/","title":{"rendered":"H\u00e4ufig gestellte Fragen"},"content":{"rendered":"<div id=\"rank-math-faq\" class=\"rank-math-block\">\n<div class=\"rank-math-list \">\n<div id=\"faq-question-1717062476605\" class=\"rank-math-list-item\">\n<h3 class=\"rank-math-question \"><strong>Was ist die Barcelona Card?<\/strong><\/h3>\n<div class=\"rank-math-answer \">\n\n<p>Die Barcelona Card ist der offizielle Touristenpass von Barcelona. Die Karte ist im Wesentlichen eine <strong>3-in-1-Transportkarte, Museumspass und Rabattkarte<\/strong>. Das Barcelona Card-Paket enth\u00e4lt auch eine kostenlose Karte und einen kleinen Reisef\u00fchrer. Insgesamt hilft die Karte Besuchern von Barcelona, <strong>Zeit und Geld<\/strong> w\u00e4hrend ihres Aufenthalts in der Stadt zu sparen.<\/p>\n\n<\/div>\n<\/div>\n<div id=\"faq-question-1717062505033\" class=\"rank-math-list-item\">\n<h3 class=\"rank-math-question \"><strong>Welche Vorteile bietet die Barcelona Card?<\/strong><\/h3>\n<div class=\"rank-math-answer \">\n\n<p>Die Barcelona Card erm\u00f6glicht es Ihnen, <strong>Geld zu sparen<\/strong> bei Transport, Eintrittsgeldern, Unterhaltung und Geschenken, <strong>Zeit zu sparen<\/strong>, indem Sie lange Warteschlangen an beliebten Sehensw\u00fcrdigkeiten umgehen, und <strong>mehr zu erleben<\/strong> mit \u00fcber 320 Euro an Angeboten und Erm\u00e4\u00dfigungen.<\/p>\n\n<\/div>\n<\/div>\n<div id=\"faq-question-1717062519392\" class=\"rank-math-list-item\">\n<h3 class=\"rank-math-question \"><strong>Welche Erm\u00e4\u00dfigungen bietet die Barcelona Card?<\/strong><\/h3>\n<div class=\"rank-math-answer \">\n\n<p>Die Barcelona Card bietet \u00fcber 70 Erm\u00e4\u00dfigungen auf Attraktionen &amp; Museen, Besichtigungen &amp; Touren, Freizeit &amp; Unterhaltung, Bars &amp; Restaurants, Transport und Einkaufsm\u00f6glichkeiten. Der Gesamtwert aller Erm\u00e4\u00dfigungen betr\u00e4gt \u00fcber 320 Euro. Sie k\u00f6nnen die vollst\u00e4ndige Liste der Erm\u00e4\u00dfigungen <a href=\"https:\/\/www.barcelonacard.org\/de\/ermaessigungen\/\">hier<\/a> einsehen.<\/p>\n\n<\/div>\n<\/div>\n<div id=\"faq-question-1726543860899\" class=\"rank-math-list-item\">\n<h3 class=\"rank-math-question \"><strong>Lohnt sich die Barcelona Card?<\/strong><\/h3>\n<div class=\"rank-math-answer \">\n\n<p>Ob sich der Kauf der Barcelona Card lohnt, h\u00e4ngt haupts\u00e4chlich von Ihren Reisepl\u00e4nen und dem Bedarf an Bequemlichkeit ab. Als Faustregel gilt: Die Barcelona Card ist ein gutes Angebot, wenn Sie planen, mit \u00f6ffentlichen Verkehrsmitteln zu reisen und t\u00e4glich verschiedene Museen und Attraktionen zu besuchen. Im Folgenden sind einige Punkte aufgef\u00fchrt, die Sie beachten sollten, wenn Sie den Kauf der Barcelona Card in Betracht ziehen:<\/p>\n<p><strong>1. Die Kosten der Karte<\/strong><br \/>Die einzige M\u00f6glichkeit, sicherzustellen, ob sich der Kauf der Barcelona Card lohnt, besteht darin, Ihre Pl\u00e4ne durchzugehen und auszurechnen, wie viel Eintritte, Touren und Transport kosten w\u00fcrden. Vergleichen Sie die Gesamtkosten mit den Tageskosten der Barcelona Card und sehen Sie, ob sich die Karte lohnt. Beachten Sie, dass die 4- und 5-Tages-Karten das beste Preis-Leistungs-Verh\u00e4ltnis bieten.<\/p>\n<p><strong>2. Zeit sparen<br \/><\/strong>Die Barcelona Card bietet nicht nur einen finanziellen Vorteil: Sie erm\u00f6glicht es Ihnen auch, Zeit zu sparen, indem Sie die Warteschlangen bei beliebten Sehensw\u00fcrdigkeiten und an \u00f6ffentlichen Verkehrsknotenpunkten umgehen.<\/p>\n<p><strong>3. Freiheit und Flexibilit\u00e4t<\/strong><br \/>In vielen F\u00e4llen verkauft sich die Barcelona Card durch ihre Bequemlichkeit: Sie erm\u00f6glicht es Ihnen, zu tun, was Sie wollen, wann Sie wollen, ohne sich Gedanken dar\u00fcber machen zu m\u00fcssen, zus\u00e4tzliche Museumskarten oder Fahrkarten zu kaufen.<br \/>Insgesamt gilt: Wenn Sie Barcelona mit kleinem Budget besuchen, rechnen Sie die Kosten durch und pr\u00fcfen Sie, ob sich die Ersparnisse lohnen. Wenn Sie <strong>Freiheit, Flexibilit\u00e4t und Bequemlichkeit<\/strong> sch\u00e4tzen, ist die Barcelona Card wahrscheinlich ein gutes Angebot.<\/p>\n\n<\/div>\n<\/div>\n<div id=\"faq-question-1726543883267\" class=\"rank-math-list-item\">\n<h3 class=\"rank-math-question \"><strong>Was ist der Unterschied zwischen der Barcelona Card und der T-casual Card?<\/strong><\/h3>\n<div class=\"rank-math-answer \">\n\n<p>Die T-casual Card ist nur eine Transportkarte, die 10 Fahrten im \u00f6ffentlichen Nahverkehr von Barcelona erm\u00f6glicht. Die Barcelona Card ist eine weitaus umfassendere Touristenkarte. Sie bietet nicht nur unbegrenzte Fahrten im \u00f6ffentlichen Nahverkehr, sondern auch den kostenlosen Zugang zu vielen Museen und \u00fcber 70 Erm\u00e4\u00dfigungen.<\/p>\n\n<\/div>\n<\/div>\n<div id=\"faq-question-1726543889362\" class=\"rank-math-list-item\">\n<h3 class=\"rank-math-question \"><strong>Was ist der Unterschied zwischen der Barcelona Card und dem Touristenbus?<\/strong><\/h3>\n<div class=\"rank-math-answer \">\n\n<p>Mit der Barcelona Card k\u00f6nnen Sie kostenlos den \u00f6ffentlichen Nahverkehr nutzen, einschlie\u00dflich Bus, U-Bahn, Stra\u00dfenbahn, Regionalz\u00fcgen und dem Flughafenzug. Die Sightseeing-Bustouren vom <a href=\"https:\/\/www.hoponhopoffbarcelona.org\/\" rel=\"noopener\">Barcelona Bus Tur\u00edstic<\/a> sind in der Barcelona Card nicht enthalten.<\/p>\n\n<\/div>\n<\/div>\n<div id=\"faq-question-1726543893043\" class=\"rank-math-list-item\">\n<h3 class=\"rank-math-question \"><strong>Wie viel kostet die Barcelona Card?<\/strong><\/h3>\n<div class=\"rank-math-answer \">\n\n<p>Der Preis der Barcelona Card h\u00e4ngt von der Anzahl der Tage ab, f\u00fcr die sie g\u00fcltig ist. Kinder erhalten einen zus\u00e4tzlichen Rabatt auf den Kaufpreis. Vergleichen Sie die Tagespreise, um die verschiedenen Karten zu bewerten. Zum Beispiel kostet eine 5-Tages-Barcelona Card pro Tag 2,90 \u20ac weniger als eine 3-Tages-Karte.<br \/>Bitte sehen Sie sich die <a href=\"https:\/\/www.barcelonacard.org\/de\/preise\/\">Preistabelle<\/a> an, um alle Preise der Barcelona Card zu \u00fcberpr\u00fcfen.<\/p>\n\n<\/div>\n<\/div>\n<div id=\"faq-question-1726543901952\" class=\"rank-math-list-item\">\n<h3 class=\"rank-math-question \"><strong>Wo kann ich die Barcelona Card abholen?<\/strong><\/h3>\n<div class=\"rank-math-answer \">\n\n<p>Nach dem Kauf k\u00f6nnen Sie die Barcelona Card in einem der <a href=\"https:\/\/www.barcelonacard.org\/de\/touristeninformationsbueros\/\">Touristeninformationsb\u00fcros<\/a> in Barcelona oder am Flughafen Barcelona abholen. Vergessen Sie nicht, den Gutschein, den Sie per E-Mail erhalten haben, und einen g\u00fcltigen Ausweis mitzubringen.<\/p>\n\n<\/div>\n<\/div>\n<\/div>\n<\/div>\n\n\n<h3 class=\"wp-block-heading\"><\/h3>\n","protected":false},"excerpt":{"rendered":"","protected":false},"author":1,"featured_media":0,"parent":0,"menu_order":5,"comment_status":"closed","ping_status":"closed","template":"","meta":{"_acf_changed":false,"footnotes":"","button_url":"https:\/\/www.tiqets.com\/de\/barcelona-attractions-c66342\/tickets-for-barcelona-card-72-Hour-96-Hour-120-Hour-p975758\/?partner=barcelonacard","ms_product_id":"","ms_product_name":"","ms_price":"","ms_currency":"","ms_rating_value":"","ms_review_count":"","rank_math_title":"%title% %sep% %sitename%","rank_math_description":"H\u00e4ufig gestellte Fragen zur Barcelona Card: Welche Erm\u00e4\u00dfigungen bietet die Karte, wie viel kostet sie und lohnt sie sich?"},"post-style":[],"producer":[],"class_list":["post-7","page","type-page","status-publish","has-post-thumbnail"],"acf":[],"product_schema":{"ms_product_id":"","ms_product_name":"","ms_price":"","ms_currency":"","ms_rating_value":"","ms_review_count":""},"_links":{"self":[{"href":"https:\/\/www.barcelonacard.org\/de\/wp-json\/wp\/v2\/pages\/7","targetHints":{"allow":["GET"]}}],"collection":[{"href":"https:\/\/www.barcelonacard.org\/de\/wp-json\/wp\/v2\/pages"}],"about":[{"href":"https:\/\/www.barcelonacard.org\/de\/wp-json\/wp\/v2\/types\/page"}],"author":[{"embeddable":true,"href":"https:\/\/www.barcelonacard.org\/de\/wp-json\/wp\/v2\/users\/1"}],"replies":[{"embeddable":true,"href":"https:\/\/www.barcelonacard.org\/de\/wp-json\/wp\/v2\/comments?post=7"}],"version-history":[{"count":3,"href":"https:\/\/www.barcelonacard.org\/de\/wp-json\/wp\/v2\/pages\/7\/revisions"}],"predecessor-version":[{"id":697,"href":"https:\/\/www.barcelonacard.org\/de\/wp-json\/wp\/v2\/pages\/7\/revisions\/697"}],"wp:attachment":[{"href":"https:\/\/www.barcelonacard.org\/de\/wp-json\/wp\/v2\/media?parent=7"}],"wp:term":[{"taxonomy":"post-style","embeddable":true,"href":"https:\/\/www.barcelonacard.org\/de\/wp-json\/wp\/v2\/post-style?post=7"},{"taxonomy":"producer","embeddable":true,"href":"https:\/\/www.barcelonacard.org\/de\/wp-json\/wp\/v2\/producer?post=7"}],"curies":[{"name":"wp","href":"https:\/\/api.w.org\/{rel}","templated":true}]}}