{"id":6,"date":"2013-10-20T16:22:05","date_gmt":"2013-10-20T14:22:05","guid":{"rendered":"https:\/\/www.barcelonacard.org\/?page_id=6"},"modified":"2026-05-07T16:48:42","modified_gmt":"2026-05-07T14:48:42","slug":"preise","status":"publish","type":"page","link":"https:\/\/www.barcelonacard.org\/de\/preise\/","title":{"rendered":"Barcelona Card Preise"},"content":{"rendered":"\n<p>Die Preise f\u00fcr die Barcelona Card h\u00e4ngen von der Anzahl der Tage ab, f\u00fcr die Ihre Karte g\u00fcltig ist. Die Preise reichen von 39 \u20ac f\u00fcr eine 2-Tages-Karte (48 Stunden) bis zu 79 \u20ac f\u00fcr eine 5-Tages-Karte (120 Stunden).<\/p>\n\n\n<div class=\"gb-container gb-container-7d45ff9c ms-alert--primary ms-p ms-rounded ms-mb-last-child-0 ms-mb-children-condensed ms-mb-block\">\n\n<p>Die 5-Tages-Karte bietet das beste Preis-Leistungs-Verh\u00e4ltnis: Diese Karte kostet nur 15,80\u20ac pro Tag.<\/p>\n\n<\/div>\n\n\n<p>Kinder im Alter von 4 bis 12 Jahren profitieren von speziellen erm\u00e4\u00dfigten Preisen. Kinder unter 3 Jahren haben freien Eintritt.<\/p>\n\n\n\n<h3 class=\"wp-block-heading\"><span class=\"notion-enable-hover\" data-token-index=\"0\">Preistabelle<\/span><\/h3>\n\n\n<div class=\"ms-table frozenColumn\"><table><tr><th><\/th><th>48 Stunden<\/th><th>72 Stunden<\/th><th>96 Stunden<\/th><th>120 Stunden<\/th><\/tr><tr><td>Adult<\/td><td>39,00 \u20ac (19,50 \u20ac pro Tag)<\/td><td>59,00 \u20ac (19,67 \u20ac pro Tag)<\/td><td>69,00 \u20ac (17,25 \u20ac pro Tag)<\/td><td>79,00 \u20ac (15,80 \u20ac pro Tag)<\/td><\/tr><tr><td>Kinder<\/td><td>27,00 \u20ac (13,50 \u20ac pro Tag)<\/td><td>37,00 \u20ac (12,33 \u20ac pro Tag)<\/td><td>46,00 \u20ac (11,50 \u20ac pro Tag)<\/td><td>54,00 \u20ac (10,80 \u20ac pro Tag)<\/td><\/tr><\/table><\/div>","protected":false},"excerpt":{"rendered":"","protected":false},"author":1,"featured_media":0,"parent":0,"menu_order":4,"comment_status":"closed","ping_status":"closed","template":"","meta":{"_acf_changed":false,"footnotes":"","button_url":"https:\/\/www.tiqets.com\/de\/barcelona-attractions-c66342\/tickets-for-barcelona-card-72-Hour-96-Hour-120-Hour-p975758\/?partner=barcelonacard","ms_product_id":"","ms_product_name":"","ms_price":"","ms_currency":"","ms_rating_value":"","ms_review_count":"","rank_math_title":"Barcelona Card Preise","rank_math_description":"Was kostet die Barcelona Card? \u00dcberblick \u00fcber die aktuellen Preise der Barcelona Card."},"post-style":[],"producer":[],"class_list":["post-6","page","type-page","status-publish","has-post-thumbnail"],"acf":[],"product_schema":{"ms_product_id":"","ms_product_name":"","ms_price":"","ms_currency":"","ms_rating_value":"","ms_review_count":""},"_links":{"self":[{"href":"https:\/\/www.barcelonacard.org\/de\/wp-json\/wp\/v2\/pages\/6","targetHints":{"allow":["GET"]}}],"collection":[{"href":"https:\/\/www.barcelonacard.org\/de\/wp-json\/wp\/v2\/pages"}],"about":[{"href":"https:\/\/www.barcelonacard.org\/de\/wp-json\/wp\/v2\/types\/page"}],"author":[{"embeddable":true,"href":"https:\/\/www.barcelonacard.org\/de\/wp-json\/wp\/v2\/users\/1"}],"replies":[{"embeddable":true,"href":"https:\/\/www.barcelonacard.org\/de\/wp-json\/wp\/v2\/comments?post=6"}],"version-history":[{"count":3,"href":"https:\/\/www.barcelonacard.org\/de\/wp-json\/wp\/v2\/pages\/6\/revisions"}],"predecessor-version":[{"id":1200,"href":"https:\/\/www.barcelonacard.org\/de\/wp-json\/wp\/v2\/pages\/6\/revisions\/1200"}],"wp:attachment":[{"href":"https:\/\/www.barcelonacard.org\/de\/wp-json\/wp\/v2\/media?parent=6"}],"wp:term":[{"taxonomy":"post-style","embeddable":true,"href":"https:\/\/www.barcelonacard.org\/de\/wp-json\/wp\/v2\/post-style?post=6"},{"taxonomy":"producer","embeddable":true,"href":"https:\/\/www.barcelonacard.org\/de\/wp-json\/wp\/v2\/producer?post=6"}],"curies":[{"name":"wp","href":"https:\/\/api.w.org\/{rel}","templated":true}]}}