{"id":13,"date":"2013-10-25T17:23:53","date_gmt":"2013-10-25T15:23:53","guid":{"rendered":"https:\/\/www.barcelonacard.org\/?page_id=13"},"modified":"2026-01-20T22:21:28","modified_gmt":"2026-01-20T21:21:28","slug":"touristeninformationsbueros","status":"publish","type":"page","link":"https:\/\/www.barcelonacard.org\/de\/touristeninformationsbueros\/","title":{"rendered":"Touristeninformationsb\u00fcros"},"content":{"rendered":"\n<p>Egal wo Sie sich in Barcelona befinden, es gibt immer ein Tourismusb\u00fcro in Ihrer N\u00e4he. Das Hauptb\u00fcro befindet sich am Pla\u00e7a de Catalunya, aber es gibt viele andere Informationsstellen in der ganzen Stadt.<\/p>\n\n\n\n<p>Egal wo Sie sich in Barcelona befinden, es gibt immer ein Tourismusb\u00fcro in Ihrer N\u00e4he. Das Hauptb\u00fcro befindet sich am Pla\u00e7a de Catalunya, aber es gibt viele andere Informationsstellen in der ganzen Stadt.<\/p>\n\n\n\n<p>Im Folgenden finden Sie eine Liste der Touristeninformationsstellen mit Kontaktdaten, Adressen und \u00d6ffnungszeiten:<\/p>\n\n\n\n<h3 class=\"wp-block-heading\">Pla\u00e7a de Catalunya<\/h3>\n\n\n\n<p>Mitten im Herzen Barcelonas bietet dieser Infopunkt mehrsprachige Hilfe, einen Geschenkeladen und die M\u00f6glichkeit zur R\u00fcckerstattung der Mehrwertsteuer. Au\u00dferdem ist es der Treffpunkt f\u00fcr die <a href=\"https:\/\/www.tiqets.com\/de\/barcelona-attractions-c66342\/tickets-for-picasso-walking-tour-picasso-museum-skip-the-line-p977198\/?partner=barcelonacard\" data-type=\"link\" data-id=\"https:\/\/www.tiqets.com\/de\/barcelona-attractions-c66342\/tickets-for-picasso-walking-tour-picasso-museum-skip-the-line-p977198\/?partner=barcelonacard\" target=\"_blank\" rel=\"noreferrer noopener nofollow\">Picasso Walking Tour + Picasso Museum Skip The Line Eintritt<\/a>.<\/p>\n\n\n\n<ul class=\"wp-block-list\">\n<li>Adresse: Pla\u00e7a de Catalunya, 17-S, 08002, Barcelona<\/li>\n\n\n\n<li>Tel: 932 853 834<\/li>\n\n\n\n<li>\u00d6ffnungszeiten: t\u00e4glich, von 8:30 bis 20:30<\/li>\n<\/ul>\n\n\n\n<h3 class=\"wp-block-heading\">Flughafen Terminals 1 &amp; 2<\/h3>\n\n\n\n<p>Hilfreiche Touristeninformationspunkte am Flughafen Barcelona \u2013 El Prat.<\/p>\n\n\n\n<ul class=\"wp-block-list\">\n<li>Adresse: Aeroport del Prat \u2013 Terminal 1 und 2 (B)<\/li>\n\n\n\n<li>\u00d6ffnungszeiten:<br>T1: Montag bis Sonntag, von 8:30 bis 19:30<br>T2: Montag bis Sonntag, von 8:30 bis 19:30<\/li>\n<\/ul>\n\n\n\n<h3 class=\"wp-block-heading\">Metro L9 \u2013 Flughafen-Terminals<\/h3>\n\n\n\n<p>Touristeninformationsst\u00e4nde in der Lobby der Metro L9 an den Terminals T1 und T2.<\/p>\n\n\n\n<ul class=\"wp-block-list\">\n<li>Adresse: Aeroport del Prat \u2013 Metro L9, Barcelona<\/li>\n\n\n\n<li>\u00d6ffnungszeiten:<br>T1: Montag bis Sonntag, von 8:30 bis 14:30<br>T2: Montag bis Sonntag, von 8:30 bis 14:30<\/li>\n<\/ul>\n\n\n\n<h3 class=\"wp-block-heading\">Oficina Catedral<\/h3>\n\n\n\n<p>Ein Informationspunkt im Gotischen Viertel, direkt an der Kathedrale von Barcelona.<\/p>\n\n\n\n<ul class=\"wp-block-list\">\n<li>Adresse: Pla de la Seu s\/n, Barcelona<\/li>\n\n\n\n<li>\u00d6ffnungszeiten:<br>Montag bis Samstag: von 9:00 bis 17:00<br>Sonntag: geschlossen<\/li>\n<\/ul>\n\n\n\n<h3 class=\"wp-block-heading\">Mirador de Colom<\/h3>\n\n\n\n<p>Ein Touristeninformationspunkt im Kolumbus-Denkmal, direkt am alten Hafen \u2013 ideal f\u00fcr einen Spaziergang. Es gibt Hilfe, Tickets und Tourtipps.<\/p>\n\n\n\n<ul class=\"wp-block-list\">\n<li>Adresse: Pla\u00e7a del Portal de la Pau, s\/n, 08002, Barcelona<\/li>\n\n\n\n<li>\u00d6ffnungszeiten: Montag bis Sonntag, von 8:30 bis 14:30<\/li>\n\n\n\n<li>Letzter Einlass zum Mirador: 30 Minuten vor Schlie\u00dfung<\/li>\n<\/ul>\n\n\n\n<h3 class=\"wp-block-heading\">Estaci\u00f3 del Nord<\/h3>\n\n\n\n<p>Wenn Sie mit dem Bus ankommen, gibt es einen Infopunkt im Espai Mediterr\u00e0nia in der Estaci\u00f3 del Nord.<\/p>\n\n\n\n<ul class=\"wp-block-list\">\n<li>Adresse: Estaci\u00f3 del Nord \u2013 Espai Mediterr\u00e0nia, 08013, Barcelona<\/li>\n\n\n\n<li>\u00d6ffnungszeiten: Montag bis Sonntag, von 8:30 bis 14:00<\/li>\n<\/ul>\n\n\n\n<h3 class=\"wp-block-heading\">Touristeninformationsst\u00e4nde<\/h3>\n\n\n\n<p>An wichtigen Orten in Barcelona finden Sie Touristeninformationsst\u00e4nde mit pers\u00f6nlicher Beratung und Tipps.<\/p>\n\n\n\n<ul class=\"wp-block-list\">\n<li><strong>Cabina Colom<\/strong><br>Adresse: Pla\u00e7a Portal de la Pau, s\/n<br>\u00d6ffnungszeiten: Montag bis Sonntag, von 8:30 bis 14:30<\/li>\n\n\n\n<li><strong>Cabina Pla\u00e7a Catalunya Bergara<\/strong><br>Adresse: Pla\u00e7a de Catalunya, s\/n<br>\u00d6ffnungszeiten: Montag bis Sonntag, von 8:30 bis 20:00<\/li>\n\n\n\n<li><strong>Cabina Pla\u00e7a de Catalunya Nord<\/strong><br>Adresse: Pla\u00e7a de Catalunya, s\/n (vor &#8222;El Corte Ingl\u00e9s&#8220;)<br>\u00d6ffnungszeiten: Montag und Sonntag, von 8:30 bis 14:30; Dienstag bis Samstag, von 8:30 bis 20:00<\/li>\n\n\n\n<li><strong>Cabina Pla\u00e7a de Catalunya Sud<\/strong><br>Adresse: Pla\u00e7a de Catalunya, s\/n (vor &#8222;El Triangle&#8220;)<br>\u00d6ffnungszeiten: Montag bis Sonntag, von 8:30 bis 20:00<\/li>\n\n\n\n<li><strong>Cabina Pla\u00e7a Espanya<\/strong><br>Adresse: Pla\u00e7a Espanya \/ Av. Maria Cristina<br>\u00d6ffnungszeiten: Montag bis Sonntag, von 8:30 bis 14:30<\/li>\n\n\n\n<li><strong>Cabina Sagrada Fam\u00edlia<\/strong><br>Adresse: Pla\u00e7a de la Sagrada Fam\u00edlia<br>\u00d6ffnungszeiten: Montag bis Sonntag, von 8:30 bis 20:00<\/li>\n\n\n\n<li><strong>Cabina Sagrada Fam\u00edlia 2<\/strong><br>Adresse: Pla\u00e7a de la Sagrada Fam\u00edlia<br>\u00d6ffnungszeiten: Montag bis Samstag, von 8:30 bis 20:00; Sonntag, von 8:30 bis 14:30<\/li>\n<\/ul>\n\n\n\n<div class=\"ms-p ms-rounded ms-mb-last-child-0 ms-mb-children-condensed ms-mb-block ms-alert--neutral\">\n<h4 class=\"gb-text-7d9dcd0d\"><span class=\"gb-shape\"><svg viewBox=\"0 0 256 256\" fill=\"#000000\" height=\"32\" width=\"32\" xmlns=\"http:\/\/www.w3.org\/2000\/svg\"><path d=\"M108,84a16,16,0,1,1,16,16A16,16,0,0,1,108,84Zm128,44A108,108,0,1,1,128,20,108.12,108.12,0,0,1,236,128Zm-24,0a84,84,0,1,0-84,84A84.09,84.09,0,0,0,212,128Zm-72,36.68V132a20,20,0,0,0-20-20,12,12,0,0,0-4,23.32V168a20,20,0,0,0,20,20,12,12,0,0,0,4-23.32Z\"><\/path><\/svg><\/span><span class=\"gb-text\">Hinweis<\/span><\/h4>\n\n\n\n<p class=\"gb-text\">Die \u00d6ffnungszeiten der Informationsb\u00fcros k\u00f6nnen sich aufgrund von Umst\u00e4nden \u00e4ndern, die au\u00dferhalb der Kontrolle von Turisme de Barcelona liegen.<\/p>\n\n\n\n<p class=\"gb-text\">F\u00fcr weitere Informationen klicken <a href=\"https:\/\/www.barcelonaturisme.com\/wv3\/en\/page\/38\/tourist-information-points.html\" target=\"_blank\" rel=\"noreferrer noopener nofollow\">sie hier<\/a>.<\/p>\n<\/div>\n\n\n\n<p><\/p>\n","protected":false},"excerpt":{"rendered":"","protected":false},"author":1,"featured_media":0,"parent":0,"menu_order":6,"comment_status":"closed","ping_status":"closed","template":"","meta":{"_acf_changed":false,"footnotes":"","button_url":"https:\/\/www.tiqets.com\/de\/barcelona-attractions-c66342\/tickets-for-barcelona-card-72-Hour-96-Hour-120-Hour-p975758\/?partner=barcelonacard","ms_product_id":"","ms_product_name":"","ms_price":"","ms_currency":"","ms_rating_value":"","ms_review_count":"","rank_math_title":"%title% %sep% %sitename%","rank_math_description":"Liste der Touristeninformationsb\u00fcros in Barcelona."},"post-style":[],"producer":[],"class_list":["post-13","page","type-page","status-publish","has-post-thumbnail"],"acf":[],"product_schema":{"ms_product_id":"","ms_product_name":"","ms_price":"","ms_currency":"","ms_rating_value":"","ms_review_count":""},"_links":{"self":[{"href":"https:\/\/www.barcelonacard.org\/de\/wp-json\/wp\/v2\/pages\/13","targetHints":{"allow":["GET"]}}],"collection":[{"href":"https:\/\/www.barcelonacard.org\/de\/wp-json\/wp\/v2\/pages"}],"about":[{"href":"https:\/\/www.barcelonacard.org\/de\/wp-json\/wp\/v2\/types\/page"}],"author":[{"embeddable":true,"href":"https:\/\/www.barcelonacard.org\/de\/wp-json\/wp\/v2\/users\/1"}],"replies":[{"embeddable":true,"href":"https:\/\/www.barcelonacard.org\/de\/wp-json\/wp\/v2\/comments?post=13"}],"version-history":[{"count":3,"href":"https:\/\/www.barcelonacard.org\/de\/wp-json\/wp\/v2\/pages\/13\/revisions"}],"predecessor-version":[{"id":1126,"href":"https:\/\/www.barcelonacard.org\/de\/wp-json\/wp\/v2\/pages\/13\/revisions\/1126"}],"wp:attachment":[{"href":"https:\/\/www.barcelonacard.org\/de\/wp-json\/wp\/v2\/media?parent=13"}],"wp:term":[{"taxonomy":"post-style","embeddable":true,"href":"https:\/\/www.barcelonacard.org\/de\/wp-json\/wp\/v2\/post-style?post=13"},{"taxonomy":"producer","embeddable":true,"href":"https:\/\/www.barcelonacard.org\/de\/wp-json\/wp\/v2\/producer?post=13"}],"curies":[{"name":"wp","href":"https:\/\/api.w.org\/{rel}","templated":true}]}}