{"id":7,"date":"2013-10-20T16:23:00","date_gmt":"2013-10-20T14:23:00","guid":{"rendered":"https:\/\/www.barcelonacard.org\/da\/?page_id=7"},"modified":"2025-08-25T17:34:50","modified_gmt":"2025-08-25T15:34:50","slug":"faq","status":"publish","type":"page","link":"https:\/\/www.barcelonacard.org\/da\/faq\/","title":{"rendered":"Ofte stillede sp\u00f8rgsm\u00e5l"},"content":{"rendered":"<div id=\"rank-math-faq\" class=\"rank-math-block\">\n<div class=\"rank-math-list \">\n<div id=\"faq-question-1717062476605\" class=\"rank-math-list-item\">\n<h3 class=\"rank-math-question \">Hvad er et Barcelona Card?<\/h3>\n<div class=\"rank-math-answer \">\n\n<p>Barcelona Card er Barcelonas officielle turistkort. Kortet er i alt v\u00e6sentligt et <strong>3-i-1-kort<\/strong>, der fungerer som <strong>transportkort<\/strong>, <strong>museumsbillet<\/strong> og <strong>rabatkort<\/strong>. Kortet inkluderer ogs\u00e5 et gratis kort over byen og en lille rejseguide. Samlet set hj\u00e6lper kortet bes\u00f8gende i Barcelona med at spare tid og penge under deres ferie.<\/p>\n\n<\/div>\n<\/div>\n<div id=\"faq-question-1717062505033\" class=\"rank-math-list-item\">\n<h3 class=\"rank-math-question \">Hvad er fordelene ved Barcelona Card?<\/h3>\n<div class=\"rank-math-answer \">\n\n<p>Med Barcelona Card kan du spare penge p\u00e5 transport, entr\u00e9 til attraktioner, underholdning og gaver. Samtidig sparer du tid ved at undg\u00e5 de lange k\u00f8er til popul\u00e6re sev\u00e6rdigheder og f\u00e5r adgang til over <strong>320 \u20ac<\/strong> i tilbud og rabatter.<\/p>\n\n<\/div>\n<\/div>\n<div id=\"faq-question-1717062519392\" class=\"rank-math-list-item\">\n<h3 class=\"rank-math-question \"><strong>Hvilke rabatter giver Barcelona Card?<\/strong><\/h3>\n<div class=\"rank-math-answer \">\n\n<p>Barcelona Card giver over 70 rabatter p\u00e5 attraktioner og museer, udflugter og ture, fritid og underholdning, barer og restauranter, transport og shopping. Den samlede v\u00e6rdi af alle rabatter er over <strong>320 \u20ac<\/strong>. Du kan se den fulde liste over rabatter\u00a0<a href=\"https:\/\/www.barcelonacard.org\/da\/discounts\/\" target=\"_blank\" rel=\"noreferrer noopener\">her<\/a>.<\/p>\n\n<\/div>\n<\/div>\n<div id=\"faq-question-1726543860899\" class=\"rank-math-list-item\">\n<h3 class=\"rank-math-question \">Er Barcelona Card pengene v\u00e6rd?<\/h3>\n<div class=\"rank-math-answer \">\n\n<p>Om det kan betale sig at k\u00f8be Barcelona Card afh\u00e6nger prim\u00e6rt af dine rejseplaner og dit \u00f8nske om bekvemmelighed. Som tommelfingerregel g\u00e6lder, at Barcelona Card er en god deal, hvis du planl\u00e6gger at bruge offentlig transport og bes\u00f8ge flere forskellige museer og attraktioner hver dag. Her er et par ting, du b\u00f8r overveje, hvis du overvejer at k\u00f8be kortet:<\/p>\n<p><strong>1. Kortets pris<\/strong><br \/>Den eneste m\u00e5de at v\u00e6re helt sikker p\u00e5, at Barcelona Card er pengene v\u00e6rd, er ved at regne p\u00e5, hvor meget dine planlagte aktiviteter og transport vil koste. Sammenlign det samlede bel\u00f8b med dagsprisen for Barcelona Card for at se, om kortet er en god investering. Husk, at 4- og 5-dages kortene giver mest v\u00e6rdi for pengene.<\/p>\n<p><strong>2. Spar tid<\/strong><br \/>Barcelona Card giver ikke kun \u00f8konomiske fordele \u2013 det giver dig ogs\u00e5 mulighed for at springe k\u00f8erne over ved popul\u00e6re sev\u00e6rdigheder og stationer med offentlig transport.<\/p>\n<p><strong>3. Frihed og fleksibilitet<\/strong><br \/>Barcelona Card handler i h\u00f8j grad om bekvemmelighed. Det giver dig frihed til at g\u00f8re, hvad du vil, n\u00e5r du vil, uden at skulle bekymre dig om at k\u00f8be ekstra billetter til museer eller transport. Hvis du rejser til Barcelona p\u00e5 et stramt budget, b\u00f8r du regne p\u00e5 det, for at se om besparelserne opvejer omkostningerne. Hvis du derimod v\u00e6rds\u00e6tter <strong>frihed<\/strong>, <strong>fleksibilitet <\/strong>og <strong>bekvemmelighed<\/strong>, er Barcelona Card sandsynligvis en god investering.<\/p>\n\n<\/div>\n<\/div>\n<div id=\"faq-question-1726543883267\" class=\"rank-math-list-item\">\n<h3 class=\"rank-math-question \"><strong>Hvad er forskellen mellem Barcelona Card og T-casual Card?<\/strong><\/h3>\n<div class=\"rank-math-answer \">\n\n<p>T-casual Card er et transportkort, der giver 10 ture med Barcelonas offentlige transport. Barcelona Card er et langt mere omfattende turistkort, der ikke kun inkluderer ubegr\u00e6nset transport, men ogs\u00e5 gratis adgang til mange museer og over 70 rabatter.<\/p>\n\n<\/div>\n<\/div>\n<div id=\"faq-question-1726543889362\" class=\"rank-math-list-item\">\n<h3 class=\"rank-math-question \"><strong>Hvad er forskellen mellem Barcelona Card og turistbussen?<\/strong><\/h3>\n<div class=\"rank-math-answer \">\n\n<p>Med Barcelona Card kan du rejse gratis med den offentlige transport, herunder bus, metro, sporvogne, regionaltog og lufthavnstog. Sightseeing-ture med <a href=\"https:\/\/www.hoponhopoffbarcelona.org\/\" target=\"_blank\" rel=\"noreferrer noopener\">Barcelona Bus Turist\u00edc<\/a> er dog ikke inkluderet i Barcelona Card.<\/p>\n\n<\/div>\n<\/div>\n<div id=\"faq-question-1726543893043\" class=\"rank-math-list-item\">\n<h3 class=\"rank-math-question \"><strong>Hvad koster Barcelona Card?<\/strong><\/h3>\n<div class=\"rank-math-answer \">\n\n<p>Prisen p\u00e5 Barcelona Card afh\u00e6nger af, hvor mange dage det er gyldigt. B\u00f8rn f\u00e5r en ekstra rabat p\u00e5 k\u00f8bsprisen. Du b\u00f8r se p\u00e5 dagsprisen, n\u00e5r du sammenligner de forskellige kort. Et 5-dages Barcelona Card er for eksempel 2,90 \u20ac billigere pr. dag end et 3-dages kort. Se <a href=\"https:\/\/www.barcelonacard.org\/da\/prices\/\" target=\"_blank\" rel=\"noreferrer noopener\">pristabellen<\/a> for at se alle priser p\u00e5 Barcelona Card.<\/p>\n\n<\/div>\n<\/div>\n<div id=\"faq-question-1726543901952\" class=\"rank-math-list-item\">\n<h3 class=\"rank-math-question \"><strong>Hvor kan jeg hente Barcelona Card?<\/strong><\/h3>\n<div class=\"rank-math-answer \">\n\n<p>AEfter k\u00f8bet kan du hente dit Barcelona Card p\u00e5 et af <a href=\"https:\/\/www.barcelonacard.org\/tourist-information-offices\/\" target=\"_blank\" rel=\"noreferrer noopener\"><\/a><a href=\"https:\/\/www.barcelonacard.org\/da\/tourist-information-offices\/\" target=\"_blank\" rel=\"noreferrer noopener\"><u>turistinformationskontorer<\/u><\/a> i Barcelona eller i Barcelona Lufthavn. Husk at medbringe den voucher, du har modtaget via e-mail, samt gyldigt ID.<\/p>\n\n<\/div>\n<\/div>\n<\/div>\n<\/div>\n\n\n<p><\/p>\n","protected":false},"excerpt":{"rendered":"","protected":false},"author":4,"featured_media":0,"parent":0,"menu_order":5,"comment_status":"closed","ping_status":"closed","template":"","meta":{"_acf_changed":false,"footnotes":"","button_url":"https:\/\/www.tiqets.com\/da\/barcelona-attractions-c66342\/tickets-for-barcelona-card-72-Hour-96-Hour-120-Hour-p975758\/?partner=barcelonacard","ms_product_id":"","ms_product_name":"","ms_price":"","ms_currency":"","ms_rating_value":"","ms_review_count":"","rank_math_title":"%title% %sep% %sitename%","rank_math_description":"Ofte stillede sp\u00f8rgsm\u00e5l om Barcelona Card: Hvilke rabatter tilbyder kortet, hvor meget koster det, og er det det v\u00e6rd?"},"post-style":[],"producer":[],"class_list":["post-7","page","type-page","status-publish","has-post-thumbnail"],"acf":[],"product_schema":{"ms_product_id":"","ms_product_name":"","ms_price":"","ms_currency":"","ms_rating_value":"","ms_review_count":""},"_links":{"self":[{"href":"https:\/\/www.barcelonacard.org\/da\/wp-json\/wp\/v2\/pages\/7","targetHints":{"allow":["GET"]}}],"collection":[{"href":"https:\/\/www.barcelonacard.org\/da\/wp-json\/wp\/v2\/pages"}],"about":[{"href":"https:\/\/www.barcelonacard.org\/da\/wp-json\/wp\/v2\/types\/page"}],"author":[{"embeddable":true,"href":"https:\/\/www.barcelonacard.org\/da\/wp-json\/wp\/v2\/users\/4"}],"replies":[{"embeddable":true,"href":"https:\/\/www.barcelonacard.org\/da\/wp-json\/wp\/v2\/comments?post=7"}],"version-history":[{"count":3,"href":"https:\/\/www.barcelonacard.org\/da\/wp-json\/wp\/v2\/pages\/7\/revisions"}],"predecessor-version":[{"id":1178,"href":"https:\/\/www.barcelonacard.org\/da\/wp-json\/wp\/v2\/pages\/7\/revisions\/1178"}],"wp:attachment":[{"href":"https:\/\/www.barcelonacard.org\/da\/wp-json\/wp\/v2\/media?parent=7"}],"wp:term":[{"taxonomy":"post-style","embeddable":true,"href":"https:\/\/www.barcelonacard.org\/da\/wp-json\/wp\/v2\/post-style?post=7"},{"taxonomy":"producer","embeddable":true,"href":"https:\/\/www.barcelonacard.org\/da\/wp-json\/wp\/v2\/producer?post=7"}],"curies":[{"name":"wp","href":"https:\/\/api.w.org\/{rel}","templated":true}]}}