{"id":617,"date":"2024-09-17T07:25:26","date_gmt":"2024-09-17T05:25:26","guid":{"rendered":"https:\/\/www.barcelonacard.org\/da\/?page_id=617"},"modified":"2025-10-27T20:09:54","modified_gmt":"2025-10-27T19:09:54","slug":"kontakt","status":"publish","type":"page","link":"https:\/\/www.barcelonacard.org\/da\/kontakt\/","title":{"rendered":"Kontakt"},"content":{"rendered":"\n<h3 class=\"wp-block-heading\"><strong>Sp\u00f8rgsm\u00e5l om billetter<\/strong><\/h3>\n\n\n\n<p>Hvis du har sp\u00f8rgsm\u00e5l om billetter eller en eksisterende booking, bedes du kontakte vores billetpartner.<\/p>\n\n\n\n<ul class=\"wp-block-list\">\n<li>E-mail: info@ticketbar.eu <\/li>\n\n\n\n<li>Telefon: +44 2035142614<\/li>\n<\/ul>\n\n\n\n<hr class=\"wp-block-separator has-alpha-channel-opacity\"\/>\n\n\n\n<h3 class=\"wp-block-heading\"><strong>Generel turistinformation<\/strong><\/h3>\n\n\n\n<p>For information om ture, sev\u00e6rdigheder, kulturelle begivenheder eller hotelbooking kan du kontakte Turisme de Barcelona, Barcelonas officielle turistkontor.<\/p>\n\n\n\n<ul class=\"wp-block-list\">\n<li>E-mail: info@barcelonaturisme.com<\/li>\n\n\n\n<li>Telefon: +34 932 853 832 (\u00e5ben dagligt fra kl. 8:00 til 20:00)<\/li>\n<\/ul>\n\n\n\n<p>Hvis du allerede befinder dig i Barcelona, er du velkommen til at bes\u00f8ge et af deres officielle turistkontorer i lufthavnen eller i byen. For en komplet liste over adresser, klik p\u00e5 dette <a href=\"https:\/\/www.barcelonaturisme.com\/wv3\/en\/page\/38\/tourist-information-points.html\" target=\"_blank\" rel=\"noreferrer noopener nofollow\">link<\/a>.<\/p>\n\n\n\n<hr class=\"wp-block-separator has-alpha-channel-opacity\"\/>\n\n\n\n<h3 class=\"wp-block-heading\"><strong>Support til hjemmesiden<\/strong><\/h3>\n\n\n\n<p>Hvis du har sp\u00f8rgsm\u00e5l til hjemmesiden, kan du kontakte os direkte.<\/p>\n\n\n\n<ul class=\"wp-block-list\">\n<li>E-mail: info@moonshot.media<\/li>\n<\/ul>\n\n\n\n<p><\/p>\n","protected":false},"excerpt":{"rendered":"","protected":false},"author":4,"featured_media":0,"parent":0,"menu_order":1,"comment_status":"closed","ping_status":"closed","template":"","meta":{"_acf_changed":false,"footnotes":"","button_url":"https:\/\/www.tiqets.com\/da\/barcelona-attractions-c66342\/tickets-for-barcelona-card-72-Hour-96-Hour-120-Hour-p975758\/?partner=barcelonacard","ms_product_id":"","ms_product_name":"","ms_price":"","ms_currency":"","ms_rating_value":"","ms_review_count":"","rank_math_title":"%title% %sep% %sitename%","rank_math_description":"Har du brug for hj\u00e6lp med dit Barcelona Card? Kontakt vores billetpartner for at f\u00e5 hj\u00e6lp til eventuelle sp\u00f8rgsm\u00e5l vedr\u00f8rende billetter eller booking."},"post-style":[],"producer":[],"class_list":["post-617","page","type-page","status-publish","has-post-thumbnail"],"acf":[],"product_schema":{"ms_product_id":"","ms_product_name":"","ms_price":"","ms_currency":"","ms_rating_value":"","ms_review_count":""},"_links":{"self":[{"href":"https:\/\/www.barcelonacard.org\/da\/wp-json\/wp\/v2\/pages\/617","targetHints":{"allow":["GET"]}}],"collection":[{"href":"https:\/\/www.barcelonacard.org\/da\/wp-json\/wp\/v2\/pages"}],"about":[{"href":"https:\/\/www.barcelonacard.org\/da\/wp-json\/wp\/v2\/types\/page"}],"author":[{"embeddable":true,"href":"https:\/\/www.barcelonacard.org\/da\/wp-json\/wp\/v2\/users\/4"}],"replies":[{"embeddable":true,"href":"https:\/\/www.barcelonacard.org\/da\/wp-json\/wp\/v2\/comments?post=617"}],"version-history":[{"count":3,"href":"https:\/\/www.barcelonacard.org\/da\/wp-json\/wp\/v2\/pages\/617\/revisions"}],"predecessor-version":[{"id":1170,"href":"https:\/\/www.barcelonacard.org\/da\/wp-json\/wp\/v2\/pages\/617\/revisions\/1170"}],"wp:attachment":[{"href":"https:\/\/www.barcelonacard.org\/da\/wp-json\/wp\/v2\/media?parent=617"}],"wp:term":[{"taxonomy":"post-style","embeddable":true,"href":"https:\/\/www.barcelonacard.org\/da\/wp-json\/wp\/v2\/post-style?post=617"},{"taxonomy":"producer","embeddable":true,"href":"https:\/\/www.barcelonacard.org\/da\/wp-json\/wp\/v2\/producer?post=617"}],"curies":[{"name":"wp","href":"https:\/\/api.w.org\/{rel}","templated":true}]}}