{"id":6,"date":"2013-10-20T16:22:05","date_gmt":"2013-10-20T14:22:05","guid":{"rendered":"https:\/\/www.barcelonacard.org\/da\/?page_id=6"},"modified":"2026-01-08T18:06:20","modified_gmt":"2026-01-08T17:06:20","slug":"priser","status":"publish","type":"page","link":"https:\/\/www.barcelonacard.org\/da\/priser\/","title":{"rendered":"Priser p\u00e5 Barcelona Card"},"content":{"rendered":"\n<p>Prisen p\u00e5 et Barcelona Card afh\u00e6nger af, hvor mange dage det skal v\u00e6re gyldigt. Priserne starter ved 59 \u20ac for et 3-dages kort (72 timer) og g\u00e5r op til 79 \u20ac for et 5-dages kort (120 timer).<\/p>\n\n\n<div class=\"gb-container gb-container-7d45ff9c ms-alert--primary ms-p ms-rounded ms-mb-last-child-0 ms-mb-children-condensed ms-mb-block\">\n\n<p>5-dages kortet giver mest v\u00e6rdi for pengene, da det kun koster 15,80 \u20ac pr. dag.<\/p>\n\n<\/div>\n\n\n<p>B\u00f8rn fra 4 til 12 \u00e5r f\u00e5r s\u00e6rlige rabatpriser, mens b\u00f8rn p\u00e5 3 \u00e5r og derunder har gratis adgang.<\/p>\n\n\n\n<h3 class=\"wp-block-heading\"><span class=\"notion-enable-hover\" data-token-index=\"0\">Prisoversigt<\/span><\/h3>\n\n\n<div class=\"ms-table\"><table><tr><th><\/th><th>72 timer<\/th><th>96 timer<\/th><th>120 timer<\/th><\/tr><tr><td>Voksne<\/td><td>59,00 \u20ac (19,67 \u20ac pr. dag)<\/td><td>69,00 \u20ac (17,25 \u20ac pr. dag)<\/td><td>79,00 \u20ac (15,80 \u20ac pr. dag)<\/td><\/tr><tr><td>B\u00f8rn<\/td><td>37,00 \u20ac (12,33 \u20ac pr. dag)<\/td><td>46,00 \u20ac (11,50 \u20ac pr. dag)<\/td><td>54,00 \u20ac (10,80 \u20ac pr. dag)<\/td><\/tr><\/table><\/div>\n\n\n<p><\/p>\n","protected":false},"excerpt":{"rendered":"","protected":false},"author":4,"featured_media":0,"parent":0,"menu_order":4,"comment_status":"closed","ping_status":"closed","template":"","meta":{"_acf_changed":false,"footnotes":"","button_url":"https:\/\/www.tiqets.com\/da\/barcelona-attractions-c66342\/tickets-for-barcelona-card-72-Hour-96-Hour-120-Hour-p975758\/?partner=barcelonacard","ms_product_id":"","ms_product_name":"","ms_price":"","ms_currency":"","ms_rating_value":"","ms_review_count":"","rank_math_title":"Barcelona Card - Priser i %currentyear%","rank_math_description":"Hvad koster Barcelona Card? Se de aktuelle priser p\u00e5 Barcelona Card."},"post-style":[],"producer":[],"class_list":["post-6","page","type-page","status-publish","has-post-thumbnail"],"acf":[],"product_schema":{"ms_product_id":"","ms_product_name":"","ms_price":"","ms_currency":"","ms_rating_value":"","ms_review_count":""},"_links":{"self":[{"href":"https:\/\/www.barcelonacard.org\/da\/wp-json\/wp\/v2\/pages\/6","targetHints":{"allow":["GET"]}}],"collection":[{"href":"https:\/\/www.barcelonacard.org\/da\/wp-json\/wp\/v2\/pages"}],"about":[{"href":"https:\/\/www.barcelonacard.org\/da\/wp-json\/wp\/v2\/types\/page"}],"author":[{"embeddable":true,"href":"https:\/\/www.barcelonacard.org\/da\/wp-json\/wp\/v2\/users\/4"}],"replies":[{"embeddable":true,"href":"https:\/\/www.barcelonacard.org\/da\/wp-json\/wp\/v2\/comments?post=6"}],"version-history":[{"count":3,"href":"https:\/\/www.barcelonacard.org\/da\/wp-json\/wp\/v2\/pages\/6\/revisions"}],"predecessor-version":[{"id":1242,"href":"https:\/\/www.barcelonacard.org\/da\/wp-json\/wp\/v2\/pages\/6\/revisions\/1242"}],"wp:attachment":[{"href":"https:\/\/www.barcelonacard.org\/da\/wp-json\/wp\/v2\/media?parent=6"}],"wp:term":[{"taxonomy":"post-style","embeddable":true,"href":"https:\/\/www.barcelonacard.org\/da\/wp-json\/wp\/v2\/post-style?post=6"},{"taxonomy":"producer","embeddable":true,"href":"https:\/\/www.barcelonacard.org\/da\/wp-json\/wp\/v2\/producer?post=6"}],"curies":[{"name":"wp","href":"https:\/\/api.w.org\/{rel}","templated":true}]}}