{"id":587,"date":"2013-10-20T14:05:29","date_gmt":"2013-10-20T14:05:29","guid":{"rendered":"https:\/\/www.barcelonacard.org\/da\/?page_id=4"},"modified":"2026-04-20T18:53:42","modified_gmt":"2026-04-20T16:53:42","slug":"barcelona-card","status":"publish","type":"page","link":"https:\/\/www.barcelonacard.org\/da\/","title":{"rendered":"Barcelona Card"},"content":{"rendered":"\n<figure><div class=\"ms-credits\">\n<img decoding=\"async\" class=\"gb-media-25603cfa\" alt=\"Aerial view of Barcelona\" src=\"https:\/\/www.barcelonacard.org\/da\/wp-content\/uploads\/sites\/17\/barcelona-card-homepage-1746806969.jpg\" title=\"barcelona-card-homepage-1746806969\"\/>\n<span class='ms-credits__info' id='media932'><svg xmlns=\"http:\/\/www.w3.org\/2000\/svg\" width=\"20\" height=\"22\" fill=\"#000000\" viewBox=\"0 0 256 256\"><path d=\"M128,24A104,104,0,1,0,232,128,104.11,104.11,0,0,0,128,24Zm0,192a88,88,0,1,1,88-88A88.1,88.1,0,0,1,128,216ZM96,128a32,32,0,0,0,57.6,19.2,8,8,0,0,1,12.8,9.61,48,48,0,1,1,0-57.62,8,8,0,0,1-12.8,9.61A32,32,0,0,0,96,128Z\"><\/path><\/svg>rabbit75_dep\/<a href=https:\/\/depositphotos.com\/editorial\/sagrada-familia-basilica-aerial-view-famous-landmark-barcelona-spain-374286208.html rel='nofollow' target='_blank'>Depositphotos<\/a><\/span><span class='ms-credits__btn' id='btn_media932' onclick='ms_credits_trigger(\"#media932\", this)'><svg xmlns=\"http:\/\/www.w3.org\/2000\/svg\" class=\"info_icon\" width=\"28\" height=\"28\" fill=\"#FFF\" viewBox=\"0 0 256 256\"><path d=\"M128,24A104,104,0,1,0,232,128,104.11,104.11,0,0,0,128,24Zm0,192a88,88,0,1,1,88-88A88.1,88.1,0,0,1,128,216Zm16-40a8,8,0,0,1-8,8,16,16,0,0,1-16-16V128a8,8,0,0,1,0-16,16,16,0,0,1,16,16v40A8,8,0,0,1,144,176ZM112,84a12,12,0,1,1,12,12A12,12,0,0,1,112,84Z\"><\/path><\/svg><svg xmlns=\"http:\/\/www.w3.org\/2000\/svg\" class=\"close_icon\" width=\"28\" height=\"28\" fill=\"#FFF\" viewBox=\"0 0 256 256\"><path d=\"M165.66,101.66,139.31,128l26.35,26.34a8,8,0,0,1-11.32,11.32L128,139.31l-26.34,26.35a8,8,0,0,1-11.32-11.32L116.69,128,90.34,101.66a8,8,0,0,1,11.32-11.32L128,116.69l26.34-26.35a8,8,0,0,1,11.32,11.32ZM232,128A104,104,0,1,1,128,24,104.11,104.11,0,0,1,232,128Zm-16,0a88,88,0,1,0-88,88A88.1,88.1,0,0,0,216,128Z\"><\/path><\/svg><\/span><\/div><\/figure>\n\n\n\n<h1 class=\"gb-headline gb-headline-1c55328e gb-headline-text\">Barcelona Card<br><mark style=\"background-color:var(--ms-color-white)\" class=\"has-inline-color has-ms-color-neutral-darker-color\">Spar tid og penge med Barcelona Card<\/mark><\/h1>\n\n\n\n<p class=\"gb-headline gb-headline-1b19673b gb-headline-text\">Oplev det bedste af Barcelona med et Barcelona Card. Nyd gratis og ubegr\u00e6nset brug af offentlig transport (inklusive lufthavnstog og\/eller metro), gratis adgang til byens bedste museer samt eksklusive tilbud og rabatter.<\/p>\n\n\n\n<div class=\"ms-p ms-rounded ms-mb-last-child-0 ms-mb-children-condensed ms-alert--contrast ms-mb-block\">\n<h4 class=\"gb-text-26a71c5b\"><span class=\"gb-shape\"><svg viewBox=\"0 0 256 256\" fill=\"#000000\" height=\"32\" width=\"32\" xmlns=\"http:\/\/www.w3.org\/2000\/svg\"><path d=\"M108,84a16,16,0,1,1,16,16A16,16,0,0,1,108,84Zm128,44A108,108,0,1,1,128,20,108.12,108.12,0,0,1,236,128Zm-24,0a84,84,0,1,0-84,84A84.09,84.09,0,0,0,212,128Zm-72,36.68V132a20,20,0,0,0-20-20,12,12,0,0,0-4,23.32V168a20,20,0,0,0,20,20,12,12,0,0,0,4-23.32Z\"><\/path><\/svg><\/span><span class=\"gb-text\"><strong>NYHED:<\/strong> Spar endnu mere med Barcelona Card!<\/span><\/h4>\n\n\n\n<p class=\"gb-text gb-text-2c41ecab\">F\u00e5 rabat p\u00e5 billetter til Sagrada Fam\u00edlia og Park G\u00fcell ved at tilf\u00f8je dem, n\u00e5r du k\u00f8ber dit Barcelona Card, afh\u00e6ngigt af tilg\u00e6ngelighed.<\/p>\n\n\n\n<p class=\"gb-text gb-text-0788af3c\"><a href=\"https:\/\/www.tiqets.com\/da\/barcelona-attractions-c66342\/tickets-for-barcelona-card-72-hour-96-hour-120-hour-p975758\/?partner=barcelonacard\" data-type=\"link\" data-id=\"https:\/\/www.tiqets.com\/en\/barcelona-attractions-c66342\/tickets-for-barcelona-card-72-hour-96-hour-120-hour-p975758\/?partner=barcelonacard\" rel=\"nofollow noopener\"><strong><strong>Tjek tilg\u00e6ngelighed nu<\/strong><\/strong><\/a> \u00bb<\/p>\n<\/div>\n\n\n<div class=\"gb-container gb-container-1e1905d6 gb-tabs\" role=\"tablist\" data-opened-tab=\"1\">\n<div class=\"gb-container gb-container-c0d25ee5 gb-tabs__buttons\" role=\"list\">\n\n<button class=\"gb-button gb-button-38b6d7d4 gb-button-text gb-tabs__button gb-block-is-current\" id=\"gb-tab-button-38b6d7d4\" role=\"tab\"><strong>Fordele<\/strong><\/button>\n\n\n\n<button class=\"gb-button gb-button-c40a7253 gb-button-text gb-tabs__button\" id=\"gb-tab-button-c40a7253\" role=\"tab\">Hvad er et<\/button>\n\n\n\n<button class=\"gb-button gb-button-5c438a47 gb-button-text gb-tabs__button\" id=\"gb-tab-button-5c438a47\" role=\"tab\"><strong>Hvor kan jeg k\u00f8be<\/strong><\/button>\n\n\n\n<button class=\"gb-button gb-button-7d2dbf03 gb-button-text gb-tabs__button\" id=\"gb-tab-button-7d2dbf03\" role=\"tab\"><strong>S\u00e5dan bruger<\/strong><\/button>\n\n<\/div>\n\n<div class=\"gb-container gb-container-8fcce89b gb-tabs__items\">\n<div class=\"gb-container gb-container-2e268732 gb-tabs__item gb-tabs__item-open\" id=\"gb-tab-item-2e268732\" role=\"tabpanel\">\n<div class=\"gb-grid-wrapper gb-grid-wrapper-b173452e\">\n<div class=\"gb-grid-column gb-grid-column-2d6c95fd\"><div class=\"gb-container gb-container-2d6c95fd\">\n\n<h5 class=\"gb-headline gb-headline-f5371835\"><span class=\"gb-icon\"><svg viewBox=\"0 0 256 256\" fill=\"#000000\" height=\"32\" width=\"32\" xmlns=\"http:\/\/www.w3.org\/2000\/svg\"><path d=\"M232.49,80.49l-128,128a12,12,0,0,1-17,0l-56-56a12,12,0,1,1,17-17L96,183,215.51,63.51a12,12,0,0,1,17,17Z\"><\/path><\/svg><\/span><span class=\"gb-headline-text\"><strong>Gratis transport<\/strong><\/span><\/h5>\n\n\n\n<p>F\u00e5 ubegr\u00e6nset gratis transport med bus, metro og tog<\/p>\n\n<\/div><\/div>\n\n<div class=\"gb-grid-column gb-grid-column-d53518b7\"><div class=\"gb-container gb-container-d53518b7\">\n\n<h5 class=\"gb-headline gb-headline-fa732612\"><span class=\"gb-icon\"><svg viewBox=\"0 0 256 256\" fill=\"#000000\" height=\"32\" width=\"32\" xmlns=\"http:\/\/www.w3.org\/2000\/svg\"><path d=\"M232.49,80.49l-128,128a12,12,0,0,1-17,0l-56-56a12,12,0,1,1,17-17L96,183,215.51,63.51a12,12,0,0,1,17,17Z\"><\/path><\/svg><\/span><span class=\"gb-headline-text\"><strong>Gratis adgang<\/strong><\/span><\/h5>\n\n\n\n<p>Bes\u00f8g over 25 af Barcelonas bedste sev\u00e6rdigheder gratis.<\/p>\n\n<\/div><\/div>\n\n<div class=\"gb-grid-column gb-grid-column-6dad0888\"><div class=\"gb-container gb-container-6dad0888\">\n\n<h5 class=\"gb-headline gb-headline-97f3175e\"><span class=\"gb-icon\"><svg viewBox=\"0 0 256 256\" fill=\"#000000\" height=\"32\" width=\"32\" xmlns=\"http:\/\/www.w3.org\/2000\/svg\"><path d=\"M232.49,80.49l-128,128a12,12,0,0,1-17,0l-56-56a12,12,0,1,1,17-17L96,183,215.51,63.51a12,12,0,0,1,17,17Z\"><\/path><\/svg><\/span><span class=\"gb-headline-text\"><strong>70+ rabatter<\/strong><\/span><\/h5>\n\n\n\n<p>Spar op til 350 \u20ac p\u00e5 ture, shopping, spisning og underholdning.<\/p>\n\n<\/div><\/div>\n\n<div class=\"gb-grid-column gb-grid-column-d82be486\"><div class=\"gb-container gb-container-d82be486\">\n\n<p class=\"gb-headline gb-headline-c0e8b836\"><span class=\"gb-icon\"><svg viewBox=\"0 0 256 256\" fill=\"#000000\" height=\"32\" width=\"32\" xmlns=\"http:\/\/www.w3.org\/2000\/svg\"><path d=\"M232.49,80.49l-128,128a12,12,0,0,1-17,0l-56-56a12,12,0,1,1,17-17L96,183,215.51,63.51a12,12,0,0,1,17,17Z\"><\/path><\/svg><\/span><span class=\"gb-headline-text\"><strong>Gratis rejseguide<\/strong><\/span><\/p>\n\n\n\n<p>F\u00e5 en guide p\u00e5 6 sprog med information om gratis tilbud og rabatter samt deres placering.<\/p>\n\n<\/div><\/div>\n\n<div class=\"gb-grid-column gb-grid-column-3cecd77c\"><div class=\"gb-container gb-container-3cecd77c\">\n\n<h5 class=\"gb-headline gb-headline-cd1f3d4e\"><span class=\"gb-icon\"><svg viewBox=\"0 0 256 256\" fill=\"#000000\" height=\"32\" width=\"32\" xmlns=\"http:\/\/www.w3.org\/2000\/svg\"><path d=\"M232.49,80.49l-128,128a12,12,0,0,1-17,0l-56-56a12,12,0,1,1,17-17L96,183,215.51,63.51a12,12,0,0,1,17,17Z\"><\/path><\/svg><\/span><span class=\"gb-headline-text\"><strong>Spring k\u00f8en over<\/strong><\/span><\/h5>\n\n\n\n<p>Undg\u00e5 de lange k\u00f8er ved Barcelonas mest popul\u00e6re museer og sev\u00e6rdigheder.<\/p>\n\n<\/div><\/div>\n\n<div class=\"gb-grid-column gb-grid-column-ff07f982\"><div class=\"gb-container gb-container-ff07f982\">\n\n<h5 class=\"gb-headline gb-headline-d7adc504\"><span class=\"gb-icon\"><svg viewBox=\"0 0 256 256\" fill=\"#000000\" height=\"32\" width=\"32\" xmlns=\"http:\/\/www.w3.org\/2000\/svg\"><path d=\"M232.49,80.49l-128,128a12,12,0,0,1-17,0l-56-56a12,12,0,1,1,17-17L96,183,215.51,63.51a12,12,0,0,1,17,17Z\"><\/path><\/svg><\/span><span class=\"gb-headline-text\"><strong>Fleksibel booking<\/strong><\/span><\/h5>\n\n\n\n<p>K\u00f8b online og afbestil gratis helt frem til dagen f\u00f8r dit bes\u00f8g.<\/p>\n\n<\/div><\/div>\n<\/div>\n<\/div>\n\n<div class=\"gb-container gb-container-3bccd8b9 gb-tabs__item\" id=\"gb-tab-item-3bccd8b9\" role=\"tabpanel\">\n\n<p>Barcelona Card er Barcelonas officielle turistkort. Det ligner et kreditkort, er utroligt nemt at k\u00f8be, og hj\u00e6lper dig med at <strong>spare tid og penge<\/strong> under din ferie i Barcelona.<\/p>\n\n\n<div class=\"gb-container gb-container-50c2abda ms-alert--primary ms-p ms-rounded ms-mb-last-child-0 ms-mb-children-condensed ms-mb-block\">\n\n<p>Kortet kombinerer tre funktioner det er b\u00e5de et <strong>transportkort<\/strong>, et <strong>museumskort<\/strong> og et <strong>rabatkort<\/strong>.<\/p>\n\n<\/div>\n\n\n<p>Med et Barcelona Card f\u00e5r du <strong>Gratis og ubegr\u00e6nset<\/strong> brug af offentlig transport, <strong>Gratis adgang<\/strong> til over 25 af byens bedste museer og kultursteder, <strong>Over 70 tilbud og rabatter<\/strong> p\u00e5 udflugter, ture, underholdning, shopping, restauranter og natteliv.<\/p>\n\n\n\n<p>Det popul\u00e6re kort giver dig ikke kun adgang til Barcelonas fantastiske attraktioner, det hj\u00e6lper dig ogs\u00e5 med at <strong>undg\u00e5 k\u00f8er<\/strong> til mange af de mest popul\u00e6re sev\u00e6rdigheder. Det sparer dig for v\u00e6rdifuld tid p\u00e5 en travl ferie.<\/p>\n\n\n\n<p>Desuden f\u00e5r du en praktisk <strong>byguide<\/strong> med kortet p\u00e5 seks forskellige sprog. Den beskriver alle de fantastiske tilbud, der er inkluderet, som fx Gaud\u00eds monumenter, Casa Amatller og L&#8217;Aqu\u00e0rium. Der er ogs\u00e5 et kort over metronettet, s\u00e5 du nemt kan finde rundt.<\/p>\n\n\n\n<p>Samlet set giver kortet en potentiel besparelse p\u00e5 over <strong>350 \u20ac<\/strong>, hvis du virkelig udnytter alle fordelene.<\/p>\n\n<\/div>\n\n<div class=\"gb-container gb-container-b7be09ec gb-tabs__item\" id=\"gb-tab-item-b7be09ec\" role=\"tabpanel\">\n\n<p>At k\u00f8be et Barcelona Card er simpelt og bekvemt.<\/p>\n\n\n\n<ol class=\"wp-block-list\">\n<li>Du kan k\u00f8be det online til nedsat pris f\u00f8r din rejse eller p\u00e5 <strong><a href=\"https:\/\/www.barcelonacard.org\/da\/tourist-information-offices\/\" data-type=\"link\" data-id=\"https:\/\/www.barcelonacard.org\/da\/tourist-information-offices\/\">Turistinformationskontorer<\/a><\/strong> i Barcelona til fuld pris.<\/li>\n\n\n\n<li>Brug bookingmodulet til at afgive en hurtig, sikker ordre.<\/li>\n\n\n\n<li>Efter k\u00f8bet modtager du en voucher via e-mail, som du kan printe ud og bytte til det fysiske kort. G\u00e5 til et af afhentningsstederne og vis din smartphone-voucher for at modtage dit Barcelona Card:<\/li>\n<\/ol>\n\n\n\n<p class=\"gb-text-6f121588\"><span class=\"gb-shape\"><svg viewBox=\"0 0 256 256\" fill=\"#000000\" height=\"32\" width=\"32\" xmlns=\"http:\/\/www.w3.org\/2000\/svg\"><path d=\"M128,60a44,44,0,1,0,44,44A44.05,44.05,0,0,0,128,60Zm0,64a20,20,0,1,1,20-20A20,20,0,0,1,128,124Zm0-112a92.1,92.1,0,0,0-92,92c0,77.36,81.64,135.4,85.12,137.83a12,12,0,0,0,13.76,0,259,259,0,0,0,42.18-39C205.15,170.57,220,136.37,220,104A92.1,92.1,0,0,0,128,12Zm31.3,174.71A249.35,249.35,0,0,1,128,216.89a249.35,249.35,0,0,1-31.3-30.18C80,167.37,60,137.31,60,104a68,68,0,0,1,136,0C196,137.31,176,167.37,159.3,186.71Z\"><\/path><\/svg><\/span><span class=\"gb-text\"><strong>Barcelona Lufthavns Kontorer<\/strong><\/span><\/p>\n\n\n\n<ul class=\"wp-block-list\">\n<li><strong>Lufthavn Terminal T1 (Metrostation):<\/strong> Barcelona Lufthavn, Terminal T1 Metro | \u00c5bningstider: Dagligt 8.30 \u2013 14.30<\/li>\n\n\n\n<li><strong>Lufthavn Terminal T2 (Metrostation):<\/strong> Barcelona Lufthavn, Terminal T2 Metro | \u00c5bningstider: Dagligt 8.30 \u2013 14.30<\/li>\n\n\n\n<li><strong>Lufthavn Terminal T1 (Hovedterminal):<\/strong> Barcelona Lufthavn, Terminal T1 | \u00c5bningstider: Dagligt 8.30 \u2013 19.30<\/li>\n\n\n\n<li><strong>Lufthavn Terminal T2 (Hovedterminal):<\/strong> Barcelona Lufthavn, Terminal T2 | \u00c5bningstider: Dagligt 8.30 \u2013 19.30<\/li>\n<\/ul>\n\n\n\n<p class=\"gb-text-ad1a384b\"><span class=\"gb-shape\"><svg viewBox=\"0 0 256 256\" fill=\"#000000\" height=\"32\" width=\"32\" xmlns=\"http:\/\/www.w3.org\/2000\/svg\"><path d=\"M128,60a44,44,0,1,0,44,44A44.05,44.05,0,0,0,128,60Zm0,64a20,20,0,1,1,20-20A20,20,0,0,1,128,124Zm0-112a92.1,92.1,0,0,0-92,92c0,77.36,81.64,135.4,85.12,137.83a12,12,0,0,0,13.76,0,259,259,0,0,0,42.18-39C205.15,170.57,220,136.37,220,104A92.1,92.1,0,0,0,128,12Zm31.3,174.71A249.35,249.35,0,0,1,128,216.89a249.35,249.35,0,0,1-31.3-30.18C80,167.37,60,137.31,60,104a68,68,0,0,1,136,0C196,137.31,176,167.37,159.3,186.71Z\"><\/path><\/svg><\/span><span class=\"gb-text\"><strong>Kontorer i Centrum<\/strong><\/span><\/p>\n\n\n\n<ul class=\"wp-block-list\">\n<li><strong>Pla\u00e7a de Catalunya (Hovedkontor):<\/strong> Pla\u00e7a de Catalunya, 17 (k\u00e6lder) | \u00c5bningstider: Dagligt 8.30 \u2013 20.30<\/li>\n\n\n\n<li><strong>Pla\u00e7a de Catalunya (Informationsstand):<\/strong> Foran stormagasinet El Corte Ingl\u00e9s | \u00c5bningstider: Dagligt 8.30 \u2013 14.30<\/li>\n\n\n\n<li><strong>Pla\u00e7a Espanya:<\/strong> Pla\u00e7a Espanya (Avinguda Maria Cristina) | \u00c5bningstider: Dagligt 8.30 \u2013 14.30<\/li>\n\n\n\n<li><strong>Sagrada Fam\u00edlia (Informationsstand):<\/strong> T\u00e6t p\u00e5 Sagrada Fam\u00edlia basilikaen | \u00c5bningstider: Dagligt 8.30 \u2013 20.00<\/li>\n\n\n\n<li><strong>Mirador de Colom (Columbus Monument):<\/strong> Pla\u00e7a Portal de la Pau | \u00c5bningstider: Dagligt 8.30 \u2013 14.30 (sidste adgang til udsigtsgalleriet er kl. 13.30)<\/li>\n<\/ul>\n\n\n\n<p>Udforsk det smukke Barcelona p\u00e5 et budget, alt hvad det kr\u00e6ver er \u00e9t lille kort!<\/p>\n\n\n<div class=\"gb-container gb-container-050170bc ms-alert--primary ms-p ms-rounded ms-mb-last-child-0 ms-mb-children-condensed ms-mb-block\">\n\n<p>Kortet aktiveres f\u00f8rst, n\u00e5r du bruger det f\u00f8rste gang, s\u00e5 du beh\u00f8ver ikke at bekymre dig om, at det udl\u00f8ber, inden du ankommer.<\/p>\n\n<\/div>\n<\/div>\n\n<div class=\"gb-container gb-container-fd1bb83b gb-tabs__item\" id=\"gb-tab-item-fd1bb83b\" role=\"tabpanel\">\n\n<p>Barcelona Card er simpelt at bruge, men at kende et par n\u00f8gledetaljer vil hj\u00e6lpe dig med at f\u00e5 mest v\u00e6rdi ud af det.<\/p>\n\n\n\n<h3 class=\"gb-text-1b8be78b\"><span class=\"gb-shape\"><svg viewBox=\"0 0 256 256\" fill=\"#000000\" height=\"32\" width=\"32\" xmlns=\"http:\/\/www.w3.org\/2000\/svg\"><path d=\"M232.49,80.49l-128,128a12,12,0,0,1-17,0l-56-56a12,12,0,1,1,17-17L96,183,215.51,63.51a12,12,0,0,1,17,17Z\"><\/path><\/svg><\/span><span class=\"gb-text\">Aktivering<\/span><\/h3>\n\n\n\n<p>Barcelona Card aktiveres, n\u00e5r du bruger det f\u00f8rste gang, for eksempel i offentlig transport eller ved indgangen til en af de deltagende attraktioner.<\/p>\n\n\n\n<p>Barcelona Card f\u00e5s i 3-, 4- eller 5-dages varianter, og det er gyldigt i p\u00e5 hinanden f\u00f8lgende dage, ikke 24-timers perioder. Hvis du for eksempel aktiverer et 5-dages Barcelona Card mandag middag, udl\u00f8ber det fredag ved midnat.<\/p>\n\n\n\n<h3 class=\"gb-text-1fe6b320\"><span class=\"gb-shape\"><svg viewBox=\"0 0 256 256\" fill=\"#000000\" height=\"32\" width=\"32\" xmlns=\"http:\/\/www.w3.org\/2000\/svg\"><path d=\"M184,20H72A36,36,0,0,0,36,56V184a36,36,0,0,0,36,36h0l-9.6,12.8a12,12,0,1,0,19.2,14.4L102,220h52l20.4,27.2a12,12,0,0,0,19.2-14.4L184,220h0a36,36,0,0,0,36-36V56A36,36,0,0,0,184,20ZM72,44H184a12,12,0,0,1,12,12v60H60V56A12,12,0,0,1,72,44ZM184,196H72a12,12,0,0,1-12-12V140H196v44A12,12,0,0,1,184,196Zm-80-28a16,16,0,1,1-16-16A16,16,0,0,1,104,168Zm80,0a16,16,0,1,1-16-16A16,16,0,0,1,184,168Z\"><\/path><\/svg><\/span><span class=\"gb-text\">Brug af offentlig transport<\/span><\/h3>\n\n\n\n<p>N\u00e5r det er aktiveret, skal du trykke dit Barcelona Card ved en af disse transportmuligheder:<\/p>\n\n\n\n<ul class=\"wp-block-list\">\n<li>Metro (TMB)<\/li>\n\n\n\n<li>Sporvogn (TMB)<\/li>\n\n\n\n<li>Dagbusser (TMB)<\/li>\n\n\n\n<li>FGC-jernbane (bylinjer)<\/li>\n\n\n\n<li>Renfe Rodalies-tog (kun zone 1)<\/li>\n<\/ul>\n\n\n\n<p><strong>Bem\u00e6rk:<\/strong> Kortet er ikke gyldigt til natbusser.<\/p>\n\n\n\n<h3 class=\"gb-text-a33c3e33\"><span class=\"gb-shape\"><svg xmlns=\"http:\/\/www.w3.org\/2000\/svg\" width=\"32\" height=\"32\" fill=\"#000000\" viewBox=\"0 0 256 256\"><path d=\"M24,108H44v48H32a12,12,0,0,0,0,24H224a12,12,0,0,0,0-24H212V108h20a12,12,0,0,0,6.29-22.22l-104-64a12,12,0,0,0-12.58,0l-104,64A12,12,0,0,0,24,108Zm44,0H92v48H68Zm72,0v48H116V108Zm48,48H164V108h24ZM128,46.09,189.6,84H66.4ZM252,208a12,12,0,0,1-12,12H16a12,12,0,0,1,0-24H240A12,12,0,0,1,252,208Z\"><\/path><\/svg><\/span><span class=\"gb-text\"><strong>Brug p\u00e5 museer og attraktioner<\/strong><\/span><\/h3>\n\n\n\n<p>Vis eller scan blot dit Barcelona Card ved indgangen til ethvert inkluderet museum eller attraktion. Du f\u00e5r \u00e9n gratis adgang pr. sted i l\u00f8bet af kortets gyldighedsperiode.<\/p>\n\n\n\n<p>Til attraktioner med rabat (som Casa Batll\u00f3 eller La Pedrera) skal du vise dit kort ved billetkontoret for at f\u00e5 din rabat.<\/p>\n\n\n\n<h3 class=\"gb-text-e8105f3d\"><span class=\"gb-shape\"><svg viewBox=\"0 0 256 256\" fill=\"#000000\" height=\"32\" width=\"32\" xmlns=\"http:\/\/www.w3.org\/2000\/svg\"><path d=\"M240.26,186.1,152.81,34.23h0a28.74,28.74,0,0,0-49.62,0L15.74,186.1a27.45,27.45,0,0,0,0,27.71A28.31,28.31,0,0,0,40.55,228h174.9a28.31,28.31,0,0,0,24.79-14.19A27.45,27.45,0,0,0,240.26,186.1Zm-20.8,15.7a4.46,4.46,0,0,1-4,2.2H40.55a4.46,4.46,0,0,1-4-2.2,3.56,3.56,0,0,1,0-3.73L124,46.2a4.77,4.77,0,0,1,8,0l87.44,151.87A3.56,3.56,0,0,1,219.46,201.8ZM116,136V104a12,12,0,0,1,24,0v32a12,12,0,0,1-24,0Zm28,40a16,16,0,1,1-16-16A16,16,0,0,1,144,176Z\"><\/path><\/svg><\/span><span class=\"gb-text\">Godt at vide f\u00f8r du tager afsted<\/span><\/h3>\n\n\n\n<ul class=\"wp-block-list\">\n<li>\u00c9n adgang pr. sted: Du kan bes\u00f8ge hvert gratis museum eller attraktion \u00e9n gang med dit kort.<\/li>\n\n\n\n<li>Ingen kumulation af rabatter: Rabatter kan ikke kombineres med andre kampagner eller tilbud.<\/li>\n\n\n\n<li>Gyldig til \u00e5rets udgang: Kortet er gyldigt til udgangen af indev\u00e6rende kalender\u00e5r.<\/li>\n\n\n\n<li>Skal aktiveres: Gratis adgang og rabatter virker kun, n\u00e5r kortet er aktiveret og inden for dets gyldighedsperiode.<\/li>\n<\/ul>\n\n\n\n<p>Tag nu Barcelona Card-udfordringen og se, hvor mange uforglemmelige oplevelser du kan f\u00e5!<\/p>\n\n\n<div class=\"gb-container gb-container-655a7a2c ms-alert--primary ms-p ms-rounded ms-mb-last-child-0 ms-mb-children-condensed ms-mb-block\">\n\n<p>L\u00e6s mere:&nbsp;<a href=\"https:\/\/www.barcelonacard.org\/da\/discounts\/\">rabatter <\/a>&nbsp;&#8211;&nbsp;<a href=\"https:\/\/www.barcelonacard.org\/da\/prices\/\">priser <\/a>&nbsp;&#8211;&nbsp;<a href=\"https:\/\/www.barcelonacard.org\/da\/faq\/\">ofte stillede sp\u00f8rgsm\u00e5l<\/a><\/p>\n\n<\/div>\n<\/div>\n<\/div>\n<\/div>\n\n\n<p><\/p>\n","protected":false},"excerpt":{"rendered":"","protected":false},"author":4,"featured_media":932,"parent":0,"menu_order":2,"comment_status":"closed","ping_status":"closed","template":"","meta":{"_acf_changed":false,"footnotes":"","button_url":"https:\/\/www.tiqets.com\/da\/barcelona-attractions-c66342\/tickets-for-barcelona-card-72-Hour-96-Hour-120-Hour-p975758\/?partner=barcelonacard","ms_product_id":"975758","ms_product_name":"Barcelona Card: Public Transport + 40 Attractions","ms_price":"39","ms_currency":"EUR","ms_rating_value":"4.3","ms_review_count":"2312","rank_math_title":"%title% - Det Officielle Bypas %currentyear%","rank_math_description":"Spar tid og penge med Barcelona Card - Barcelonas officielle turistpas. Barcelona Card tilbyder over 350 \u20ac i rabatter p\u00e5 museer, attraktioner, guidede ture, restauranter og meget mere. Klik her for at booke din nu."},"post-style":[7],"producer":[],"class_list":["post-587","page","type-page","status-publish","has-post-thumbnail"],"acf":[],"product_schema":{"ms_product_id":"975758","ms_product_name":"Barcelona Card: Public Transport + 40 Attractions","ms_price":"39","ms_currency":"EUR","ms_rating_value":"4.3","ms_review_count":"2312"},"_links":{"self":[{"href":"https:\/\/www.barcelonacard.org\/da\/wp-json\/wp\/v2\/pages\/587","targetHints":{"allow":["GET"]}}],"collection":[{"href":"https:\/\/www.barcelonacard.org\/da\/wp-json\/wp\/v2\/pages"}],"about":[{"href":"https:\/\/www.barcelonacard.org\/da\/wp-json\/wp\/v2\/types\/page"}],"author":[{"embeddable":true,"href":"https:\/\/www.barcelonacard.org\/da\/wp-json\/wp\/v2\/users\/4"}],"replies":[{"embeddable":true,"href":"https:\/\/www.barcelonacard.org\/da\/wp-json\/wp\/v2\/comments?post=587"}],"version-history":[{"count":3,"href":"https:\/\/www.barcelonacard.org\/da\/wp-json\/wp\/v2\/pages\/587\/revisions"}],"predecessor-version":[{"id":1264,"href":"https:\/\/www.barcelonacard.org\/da\/wp-json\/wp\/v2\/pages\/587\/revisions\/1264"}],"wp:featuredmedia":[{"embeddable":true,"href":"https:\/\/www.barcelonacard.org\/da\/wp-json\/wp\/v2\/media\/932"}],"wp:attachment":[{"href":"https:\/\/www.barcelonacard.org\/da\/wp-json\/wp\/v2\/media?parent=587"}],"wp:term":[{"taxonomy":"post-style","embeddable":true,"href":"https:\/\/www.barcelonacard.org\/da\/wp-json\/wp\/v2\/post-style?post=587"},{"taxonomy":"producer","embeddable":true,"href":"https:\/\/www.barcelonacard.org\/da\/wp-json\/wp\/v2\/producer?post=587"}],"curies":[{"name":"wp","href":"https:\/\/api.w.org\/{rel}","templated":true}]}}