{"id":13,"date":"2013-10-25T17:23:53","date_gmt":"2013-10-25T15:23:53","guid":{"rendered":"https:\/\/www.barcelonacard.org\/da\/?page_id=13"},"modified":"2026-01-20T22:17:53","modified_gmt":"2026-01-20T21:17:53","slug":"turistinformation","status":"publish","type":"page","link":"https:\/\/www.barcelonacard.org\/da\/turistinformation\/","title":{"rendered":"Turistinformationskontorer"},"content":{"rendered":"\n<p>Uanset hvor du befinder dig i Barcelona, er der altid et turistkontor i n\u00e6rheden. Hovedkontoret ligger p\u00e5 Pla\u00e7a de Catalunya, men der er mange andre informationssteder rundt om i byen.<\/p>\n\n\n\n<p>Der er ogs\u00e5 informationskontorer i begge terminaler i Barcelona Lufthavn. Du kan nemt k\u00f8be dit Barcelona Card online p\u00e5 forh\u00e5nd og hente det i lufthavnen. En yderligere fordel er, at du kan bruge lufthavnstoget til at komme ind til byen.<\/p>\n\n\n\n<p>Nedenfor finder du en liste over turistinformationskontorer med kontaktoplysninger, adresser og \u00e5bningstider:<\/p>\n\n\n\n<h3 class=\"wp-block-heading\"><strong>Pla\u00e7a de Catalunya<\/strong><\/h3>\n\n\n\n<p>Dette informationscenter ligger lige i hjertet af Barcelona og tilbyder hj\u00e6lp p\u00e5 flere sprog, en gavebutik og momsrefusion. Det er ogs\u00e5 m\u00f8dested for\u00a0<a href=\"https:\/\/www.tiqets.com\/da\/barcelona-attractions-c66342\/tickets-for-picasso-walking-tour-picasso-museum-skip-the-line-p977198\/?partner=barcelonacard\" rel=\"nofollow noopener\">Picasso-museet spring k\u00f8en over-billet + rundvisning til fods i byen<\/a>.<\/p>\n\n\n\n<ul class=\"wp-block-list\">\n<li>Adresse: Pla\u00e7a de Catalunya, 17-S, 08002, Barcelona<\/li>\n\n\n\n<li>Tlf: 932 853 834<\/li>\n\n\n\n<li>\u00c5bningstider: Dagligt fra kl. 8:30 til 20:30<\/li>\n<\/ul>\n\n\n\n<h3 class=\"wp-block-heading\"><strong>Lufthavnsterminal 1 &amp; 2<\/strong><\/h3>\n\n\n\n<p>Et nyttigt turistinformationscenter i Barcelona \u2013 El Prat Lufthavn.<\/p>\n\n\n\n<ul class=\"wp-block-list\">\n<li>Adresse: Aeroport del Prat &#8211; Terminal 1 og 2 (B)<\/li>\n\n\n\n<li>\u00c5bningstider:<\/li>\n<\/ul>\n\n\n\n<p>T1: Mandag til s\u00f8ndag, fra kl. 8:30 til 19:30<br>T2: Mandag til s\u00f8ndag, fra kl. 8:30 til 19:30<\/p>\n\n\n\n<h3 class=\"wp-block-heading\"><strong>Metro L9-lobbyen i Barcelonas lufthavnsterminaler<\/strong><\/h3>\n\n\n\n<p>En turistinformationsskranke ved Metro L9 i lobbyen i Barcelonas lufthavn (T1 &amp; T2).<\/p>\n\n\n\n<ul class=\"wp-block-list\">\n<li>Adresse: Aeroport del Prat &#8211; Metro L9, Barcelona<\/li>\n\n\n\n<li>\u00c5bningstider:<\/li>\n<\/ul>\n\n\n\n<p>T1: Mandag til s\u00f8ndag, fra kl. 8:30 til 14:30<br>T2: Mandag til s\u00f8ndag, fra kl. 8:30 til 14:30<\/p>\n\n\n\n<h3 class=\"wp-block-heading\"><strong>Oficina Catedral<\/strong><\/h3>\n\n\n\n<p>Et informationscenter i det gotiske kvarter, lige ved Barcelonas katedral.<\/p>\n\n\n\n<ul class=\"wp-block-list\">\n<li>Adresse: Pla de la Seu s\/n, Barcelona<\/li>\n\n\n\n<li>\u00c5bningstider<\/li>\n<\/ul>\n\n\n\n<p>Mandag til l\u00f8rdag: 9:00\u201317:00<br>S\u00f8ndag: Lukket<\/p>\n\n\n\n<h3 class=\"wp-block-heading\"><strong>Mirador de Colom<\/strong><\/h3>\n\n\n\n<p>Et turistinformationssted inde i Columbus-monumentet, lige ved den gamle havn, et fantastisk sted at g\u00e5 en tur. Her kan du ogs\u00e5 f\u00e5 hj\u00e6lp, billetter og tips til udflugter.<\/p>\n\n\n\n<ul class=\"wp-block-list\">\n<li>Adresse: Pla\u00e7a del Portal de la Pau, s\/n, 08002, Barcelona<\/li>\n\n\n\n<li>\u00c5bningstider: Mandag til s\u00f8ndag fra kl. 8:30 til 14:30<\/li>\n\n\n\n<li>Sidste adgang til Mirador er 30 minutter f\u00f8r lukketid<\/li>\n<\/ul>\n\n\n\n<h3 class=\"wp-block-heading\"><strong>Estaci\u00f3 del Nord<\/strong><\/h3>\n\n\n\n<p>Hvis du ankommer med bus, er der et informationscenter i l&#8217;Espai Mediterr\u00e0nia i Estaci\u00f3 del Nord.<\/p>\n\n\n\n<ul class=\"wp-block-list\">\n<li>Adresse: Estaci\u00f3 del Nord &#8211; Espai Mediterr\u00e0nia, 08013, Barcelona<\/li>\n\n\n\n<li>\u00c5bningstider: Mandag til s\u00f8ndag, kl. 8:30 til 14:00<\/li>\n<\/ul>\n\n\n\n<h3 class=\"wp-block-heading\"><strong>Turistinformationsboder<\/strong><\/h3>\n\n\n\n<p>Du finder turistinformationsboder p\u00e5 centrale steder i Barcelona, hvor personalet st\u00e5r klar til at give dig personlig r\u00e5dgivning og tips.<\/p>\n\n\n\n<ul class=\"wp-block-list\">\n<li><strong><strong>Cabina Colom<\/strong><\/strong><\/li>\n<\/ul>\n\n\n\n<p>Adresse: Pla\u00e7a Portal de la Pau, s\/n<br>\u00c5bningstider: Mandag til s\u00f8ndag, kl. 8:30-14:30<\/p>\n\n\n\n<ul class=\"wp-block-list\">\n<li><strong><strong>Cabina Pla\u00e7a Catalunya Bergara<\/strong><\/strong><\/li>\n<\/ul>\n\n\n\n<p>Adresse: Pla\u00e7a de Catalunya, s\/n<br>\u00c5bningstider: Mandag til s\u00f8ndag, kl. 8:30-20:00<\/p>\n\n\n\n<ul class=\"wp-block-list\">\n<li><strong><strong>Cabina Pla\u00e7a de Catalunya Nord<\/strong><\/strong><\/li>\n<\/ul>\n\n\n\n<p>Adresse: Pla\u00e7a de Catalunya, s\/n (foran \u00bbEl Corte Ingl\u00e9s\u00ab)<br>\u00c5bningstider: Tirsdag til l\u00f8rdag: 8:30\u201320:00, Mandag og s\u00f8ndag: 8:30\u201314:30<\/p>\n\n\n\n<ul class=\"wp-block-list\">\n<li><strong><strong>Cabina Pla\u00e7a de Catalunya Sud<\/strong><\/strong><\/li>\n<\/ul>\n\n\n\n<p>Adresse: Pla\u00e7a de Catalunya, s\/n (foran \u00bbEl Triangle\u00ab)<br>\u00c5bningstider: Mandag til s\u00f8ndag, kl. 8:30-20:00<\/p>\n\n\n\n<ul class=\"wp-block-list\">\n<li><strong>Cabina Pla\u00e7a Espanya<\/strong><\/li>\n<\/ul>\n\n\n\n<p>Adresse: Pla\u00e7a Espanya\/ Maria Cristina Av<br>\u00c5bningstider: Mandag til s\u00f8ndag, kl. 8:30-14:30<\/p>\n\n\n\n<ul class=\"wp-block-list\">\n<li><strong><strong>Cabina Sagrada Fam\u00edlia<\/strong><\/strong><\/li>\n<\/ul>\n\n\n\n<p>Adresse: Pla\u00e7a de la Sagrada Fam\u00edlia<br>\u00c5bningstider: Mandag til s\u00f8ndag fra kl. 8:30 til 20:00<\/p>\n\n\n\n<ul class=\"wp-block-list\">\n<li><strong><strong>Cabina Sagrada Fam\u00edlia 2<\/strong><\/strong><\/li>\n<\/ul>\n\n\n\n<p>Adresse: Pla\u00e7a de la Sagrada Fam\u00edlia<br>\u00c5bningstider: S\u00f8ndag: 8:30\u201314:30. Mandag til l\u00f8rdag: 8:30\u201320:00<\/p>\n\n\n\n<div class=\"ms-p ms-rounded ms-mb-last-child-0 ms-mb-children-condensed ms-mb-block ms-alert--neutral\">\n<h4 class=\"gb-text-2314d7d2\"><span class=\"gb-shape\"><svg viewBox=\"0 0 256 256\" fill=\"#000000\" height=\"32\" width=\"32\" xmlns=\"http:\/\/www.w3.org\/2000\/svg\"><path d=\"M108,84a16,16,0,1,1,16,16A16,16,0,0,1,108,84Zm128,44A108,108,0,1,1,128,20,108.12,108.12,0,0,1,236,128Zm-24,0a84,84,0,1,0-84,84A84.09,84.09,0,0,0,212,128Zm-72,36.68V132a20,20,0,0,0-20-20,12,12,0,0,0-4,23.32V168a20,20,0,0,0,20,20,12,12,0,0,0,4-23.32Z\"><\/path><\/svg><\/span><span class=\"gb-text\">Bem\u00e6rk<\/span><\/h4>\n\n\n\n<p class=\"gb-text\">Informationskontorernes \u00e5bningstider kan \u00e6ndres p\u00e5 grund af omst\u00e6ndigheder, som Turisme de Barcelona ikke har indflydelse p\u00e5.<\/p>\n\n\n\n<p>For mere information <a href=\"https:\/\/www.barcelonaturisme.com\/wv3\/en\/page\/38\/tourist-information-points.html\" data-type=\"link\" data-id=\"https:\/\/www.barcelonaturisme.com\/wv3\/en\/page\/38\/tourist-information-points.html\" target=\"_blank\" rel=\"noreferrer noopener nofollow\">klik her<\/a>.<\/p>\n<\/div>\n\n\n\n<p><\/p>\n","protected":false},"excerpt":{"rendered":"","protected":false},"author":4,"featured_media":0,"parent":0,"menu_order":6,"comment_status":"closed","ping_status":"closed","template":"","meta":{"_acf_changed":false,"footnotes":"","button_url":"https:\/\/www.tiqets.com\/da\/barcelona-attractions-c66342\/tickets-for-barcelona-card-72-Hour-96-Hour-120-Hour-p975758\/?partner=barcelonacard","ms_product_id":"","ms_product_name":"","ms_price":"","ms_currency":"","ms_rating_value":"","ms_review_count":"","rank_math_title":"%title% %sep% %sitename%","rank_math_description":"Liste over turistinformationskontorer i Barcelona."},"post-style":[],"producer":[],"class_list":["post-13","page","type-page","status-publish","has-post-thumbnail"],"acf":[],"product_schema":{"ms_product_id":"","ms_product_name":"","ms_price":"","ms_currency":"","ms_rating_value":"","ms_review_count":""},"_links":{"self":[{"href":"https:\/\/www.barcelonacard.org\/da\/wp-json\/wp\/v2\/pages\/13","targetHints":{"allow":["GET"]}}],"collection":[{"href":"https:\/\/www.barcelonacard.org\/da\/wp-json\/wp\/v2\/pages"}],"about":[{"href":"https:\/\/www.barcelonacard.org\/da\/wp-json\/wp\/v2\/types\/page"}],"author":[{"embeddable":true,"href":"https:\/\/www.barcelonacard.org\/da\/wp-json\/wp\/v2\/users\/4"}],"replies":[{"embeddable":true,"href":"https:\/\/www.barcelonacard.org\/da\/wp-json\/wp\/v2\/comments?post=13"}],"version-history":[{"count":3,"href":"https:\/\/www.barcelonacard.org\/da\/wp-json\/wp\/v2\/pages\/13\/revisions"}],"predecessor-version":[{"id":1248,"href":"https:\/\/www.barcelonacard.org\/da\/wp-json\/wp\/v2\/pages\/13\/revisions\/1248"}],"wp:attachment":[{"href":"https:\/\/www.barcelonacard.org\/da\/wp-json\/wp\/v2\/media?parent=13"}],"wp:term":[{"taxonomy":"post-style","embeddable":true,"href":"https:\/\/www.barcelonacard.org\/da\/wp-json\/wp\/v2\/post-style?post=13"},{"taxonomy":"producer","embeddable":true,"href":"https:\/\/www.barcelonacard.org\/da\/wp-json\/wp\/v2\/producer?post=13"}],"curies":[{"name":"wp","href":"https:\/\/api.w.org\/{rel}","templated":true}]}}