{"id":7,"date":"2013-10-20T16:23:00","date_gmt":"2013-10-20T14:23:00","guid":{"rendered":"https:\/\/www.barcelonacard.org\/cs\/?page_id=7"},"modified":"2025-08-25T17:36:57","modified_gmt":"2025-08-25T15:36:57","slug":"faq","status":"publish","type":"page","link":"https:\/\/www.barcelonacard.org\/cs\/faq\/","title":{"rendered":"\u010casto kladen\u00e9 ot\u00e1zky"},"content":{"rendered":"<div id=\"rank-math-faq\" class=\"rank-math-block\">\n<div class=\"rank-math-list \">\n<div id=\"faq-question-1717062476605\" class=\"rank-math-list-item\">\n<h3 class=\"rank-math-question \">Co je Barcelona Card?<\/h3>\n<div class=\"rank-math-answer \">\n\n<p><strong>Barcelona Card<\/strong> je ofici\u00e1ln\u00ed turistick\u00e1 karta m\u011bsta, kter\u00e1 funguje jako bal\u00ed\u010dek 3 v 1: kombinuje <strong>j\u00edzdenku na MHD<\/strong>, <strong>vstupenku do muze\u00ed<\/strong> a <strong>slevovou kartu<\/strong>. Ke kart\u011b nav\u00edc dostanete mal\u00e9ho pr\u016fvodce a mapu. Je to skv\u011bl\u00fd zp\u016fsob, jak <strong>u\u0161et\u0159it \u010das i pen\u00edze<\/strong> a u\u017e\u00edt si Barcelonu naplno.<\/p>\n\n<\/div>\n<\/div>\n<div id=\"faq-question-1717062505033\" class=\"rank-math-list-item\">\n<h3 class=\"rank-math-question \">Jak\u00e9 m\u00e1 Barcelona Card v\u00fdhody?<\/h3>\n<div class=\"rank-math-answer \">\n\n<p>Barcelona Card v\u00e1m umo\u017en\u00ed <strong>u\u0161et\u0159it pen\u00edze<\/strong> za dopravu, vstupn\u00e9, z\u00e1bavu a d\u00e1rky, <strong>u\u0161et\u0159it \u010das<\/strong> t\u00edm, \u017ee se vyhnete dlouh\u00fdm front\u00e1m u obl\u00edben\u00fdch atrakc\u00ed, a <strong>vid\u011bt v\u00edce<\/strong> d\u00edky slev\u00e1m a v\u00fdhod\u00e1m v hodnot\u011b p\u0159es 320 eur.<\/p>\n\n<\/div>\n<\/div>\n<div id=\"faq-question-1717062519392\" class=\"rank-math-list-item\">\n<h3 class=\"rank-math-question \">Jak\u00e9 slevy karta nab\u00edz\u00ed?<\/h3>\n<div class=\"rank-math-answer \">\n\n<p>Barcelona Card nab\u00edz\u00ed v\u00edce ne\u017e 70 slev na atrakce a muzea, prohl\u00eddky a v\u00fdlety, voln\u00fd \u010das a z\u00e1bavu, bary a restaurace, dopravu a nakupov\u00e1n\u00ed. Celkov\u00e1 hodnota v\u0161ech slev p\u0159esahuje 320 eur. Kompletn\u00ed seznam slev si m\u016f\u017eete prohl\u00e9dnout <a href=\"https:\/\/www.barcelonacard.org\/cs\/slevy\/\" target=\"_blank\" rel=\"noreferrer noopener\"><u>zde<\/u><\/a>.<\/p>\n\n<\/div>\n<\/div>\n<div id=\"faq-question-1726543860899\" class=\"rank-math-list-item\">\n<h3 class=\"rank-math-question \">Vyplat\u00ed se mi Barcelona Card?<\/h3>\n<div class=\"rank-math-answer \">\n\n<p>To, zda se v\u00e1m karta vyplat\u00ed, z\u00e1le\u017e\u00ed hlavn\u011b na va\u0161ich pl\u00e1nech a na tom, jak moc si cen\u00edte pohodl\u00ed. Obecn\u011b plat\u00ed, \u017ee Barcelona Card je v\u00fdhodn\u00e1, pokud pl\u00e1nujete hodn\u011b cestovat MHD a nav\u0161t\u00edvit denn\u011b alespo\u0148 dv\u011b a\u017e t\u0159i muzea nebo atrakce. P\u0159i rozhodov\u00e1n\u00ed zva\u017ete n\u00e1sleduj\u00edc\u00ed:<\/p>\n<p><strong>1. <strong>Cena<\/strong><\/strong><br \/>Spo\u010d\u00edtat si, kolik by v\u00e1s st\u00e1ly vstupy a doprava bez karty, je ten nejlep\u0161\u00ed zp\u016fsob, jak zjistit, jestli se v\u00e1m investice vyplat\u00ed. Nezapome\u0148te, \u017ee nejv\u00fdhodn\u011bj\u0161\u00ed jsou karty na 4 a 5 dn\u00ed.<\/p>\n<p><strong>2.<\/strong> <strong>\u00daspora \u010dasu<\/strong><br \/>S kartou se vyhnete dlouh\u00fdm front\u00e1m, co\u017e v\u00e1m b\u011bhem nabit\u00e9ho programu u\u0161et\u0159\u00ed drahocenn\u00fd \u010das.<\/p>\n<p><strong>3. Flexibilita<\/strong><br \/>Karta v\u00e1m d\u00e1v\u00e1 svobodu d\u011blat, co chcete, kdykoli chcete. Nemus\u00edte neust\u00e1le myslet na n\u00e1kup dal\u0161\u00edch j\u00edzdenek nebo vstupenek. <br \/>Pokud cestujete s omezen\u00fdm rozpo\u010dtem, zva\u017ete propo\u010d\u00edt\u00e1n\u00ed n\u00e1klad\u016f. Pokud si ale cen\u00edte <strong>volnosti<\/strong>, <strong>flexibility <\/strong>a <strong>pohodl\u00ed<\/strong>, Barcelona Card je pro v\u00e1s ide\u00e1ln\u00ed volbou.<\/p>\n\n<\/div>\n<\/div>\n<div id=\"faq-question-1726543883267\" class=\"rank-math-list-item\">\n<h3 class=\"rank-math-question \">Jak\u00fd je rozd\u00edl mezi Barcelona Card a kartou T-casual?<\/h3>\n<div class=\"rank-math-answer \">\n\n<p>T-casual je jen dopravn\u00ed karta pro 10 j\u00edzd v r\u00e1mci barcelonsk\u00e9 MHD. Barcelona Card je mnohem komplexn\u011bj\u0161\u00ed. Krom\u011b neomezen\u00e9 dopravy nab\u00edz\u00ed tak\u00e9 vstupy zdarma a v\u00edce ne\u017e 70 slev na r\u016fzn\u00e9 atrakce.<\/p>\n\n<\/div>\n<\/div>\n<div id=\"faq-question-1726543889362\" class=\"rank-math-list-item\">\n<h3 class=\"rank-math-question \">Mohu s kartou vyu\u017e\u00edvat turistick\u00fd autobus?<\/h3>\n<div class=\"rank-math-answer \">\n\n<p>Barcelona Card v\u00e1m umo\u017e\u0148uje zdarma cestovat m\u011bstskou hromadnou dopravou, jako jsou autobusy, metro, tramvaje a region\u00e1ln\u00ed vlaky, v\u010detn\u011b leti\u0161tn\u00edho vlaku. J\u00edzdy turistick\u00fdmi okru\u017en\u00edmi autobusy, jako je\u00a0<a href=\"https:\/\/www.hoponhopoffbarcelona.org\/\" target=\"_blank\" rel=\"noreferrer noopener\">Barcelona Bus Turist\u00edc<\/a>, ale bohu\u017eel v cen\u011b karty nejsou.<\/p>\n\n<\/div>\n<\/div>\n<div id=\"faq-question-1726543893043\" class=\"rank-math-list-item\">\n<h3 class=\"rank-math-question \">Kolik stoj\u00ed Barcelona Card?<\/h3>\n<div class=\"rank-math-answer \">\n\n<p>Cena Barcelona Card z\u00e1vis\u00ed na po\u010dtu dn\u00ed, po kter\u00e9 je platn\u00e1. D\u011bti maj\u00ed na n\u00e1kup kartu n\u00e1rok na dal\u0161\u00ed slevu.<br \/>P\u0159i porovn\u00e1v\u00e1n\u00ed r\u016fzn\u00fdch karet se pod\u00edvejte na cenu za den. Nap\u0159\u00edklad 5denn\u00ed Barcelona Card je o 2,90 \u20ac levn\u011bj\u0161\u00ed ne\u017e 3denn\u00ed karta. V\u0161echny ceny Barcelona Card najdete v <a href=\"https:\/\/www.barcelonacard.org\/cs\/ceny\/\" target=\"_blank\" rel=\"noreferrer noopener\"><u>cen\u00edku<\/u><\/a>.<\/p>\n\n<\/div>\n<\/div>\n<div id=\"faq-question-1726543901952\" class=\"rank-math-list-item\">\n<h3 class=\"rank-math-question \">Kde si mohu kartu vyzvednout?<\/h3>\n<div class=\"rank-math-answer \">\n\n<p>Po zakoupen\u00ed si m\u016f\u017eete kartu vyzvednout v jednom z <a href=\"https:\/\/www.barcelonacard.org\/cs\/tourist-information-offices\/\" target=\"_blank\" rel=\"noreferrer noopener\"><u>turistick\u00fdch informa\u010dn\u00edch kancel\u00e1\u0159\u00ed<\/u><\/a>  v Barcelon\u011b, v\u010detn\u011b leti\u0161t\u011b. Nezapome\u0148te si s sebou vz\u00edt vyti\u0161t\u011bn\u00fd voucher, kter\u00fd v\u00e1m dorazil na e-mail, a platn\u00fd doklad toto\u017enosti.<\/p>\n<p><\/p>\n\n<\/div>\n<\/div>\n<\/div>\n<\/div>\n\n\n<p><\/p>\n","protected":false},"excerpt":{"rendered":"","protected":false},"author":4,"featured_media":0,"parent":0,"menu_order":6,"comment_status":"closed","ping_status":"closed","template":"","meta":{"_acf_changed":false,"footnotes":"","button_url":"https:\/\/www.tiqets.com\/cs\/barcelona-attractions-c66342\/tickets-for-barcelona-card-72-Hour-96-Hour-120-Hour-p975758\/?partner=barcelonacard","ms_product_id":"","ms_product_name":"","ms_price":"","ms_currency":"","ms_rating_value":"","ms_review_count":"","rank_math_title":"%title% %sep% %sitename%","rank_math_description":"\u010casto kladen\u00e9 ot\u00e1zky o kart\u011b Barcelona Card: jak\u00e9 slevy karta nab\u00edz\u00ed, kolik stoj\u00ed a vyplat\u00ed se?"},"post-style":[],"producer":[],"class_list":["post-7","page","type-page","status-publish","has-post-thumbnail"],"acf":[],"product_schema":{"ms_product_id":"","ms_product_name":"","ms_price":"","ms_currency":"","ms_rating_value":"","ms_review_count":""},"_links":{"self":[{"href":"https:\/\/www.barcelonacard.org\/cs\/wp-json\/wp\/v2\/pages\/7","targetHints":{"allow":["GET"]}}],"collection":[{"href":"https:\/\/www.barcelonacard.org\/cs\/wp-json\/wp\/v2\/pages"}],"about":[{"href":"https:\/\/www.barcelonacard.org\/cs\/wp-json\/wp\/v2\/types\/page"}],"author":[{"embeddable":true,"href":"https:\/\/www.barcelonacard.org\/cs\/wp-json\/wp\/v2\/users\/4"}],"replies":[{"embeddable":true,"href":"https:\/\/www.barcelonacard.org\/cs\/wp-json\/wp\/v2\/comments?post=7"}],"version-history":[{"count":3,"href":"https:\/\/www.barcelonacard.org\/cs\/wp-json\/wp\/v2\/pages\/7\/revisions"}],"predecessor-version":[{"id":1200,"href":"https:\/\/www.barcelonacard.org\/cs\/wp-json\/wp\/v2\/pages\/7\/revisions\/1200"}],"wp:attachment":[{"href":"https:\/\/www.barcelonacard.org\/cs\/wp-json\/wp\/v2\/media?parent=7"}],"wp:term":[{"taxonomy":"post-style","embeddable":true,"href":"https:\/\/www.barcelonacard.org\/cs\/wp-json\/wp\/v2\/post-style?post=7"},{"taxonomy":"producer","embeddable":true,"href":"https:\/\/www.barcelonacard.org\/cs\/wp-json\/wp\/v2\/producer?post=7"}],"curies":[{"name":"wp","href":"https:\/\/api.w.org\/{rel}","templated":true}]}}