{"id":6,"date":"2013-10-20T16:22:05","date_gmt":"2013-10-20T14:22:05","guid":{"rendered":"https:\/\/www.barcelonacard.org\/cs\/?page_id=6"},"modified":"2026-01-08T18:02:58","modified_gmt":"2026-01-08T17:02:58","slug":"ceny","status":"publish","type":"page","link":"https:\/\/www.barcelonacard.org\/cs\/ceny\/","title":{"rendered":"Ceny Karty Barcelona Card"},"content":{"rendered":"\n<p>Cena karty Barcelona Card se odv\u00edj\u00ed od po\u010dtu dn\u00ed, na kter\u00e9 si ji po\u0159\u00edd\u00edte. K dispozici jsou varianty na 3, 4 nebo 5 dn\u016f. Ceny se pohybuj\u00ed od 59 \u20ac (za 3denn\u00ed kartu) do 79 \u20ac (za 5denn\u00ed kartu).<\/p>\n\n\n<div class=\"gb-container gb-container-7d45ff9c ms-alert--primary ms-p ms-rounded ms-mb-last-child-0 ms-mb-children-condensed ms-mb-block\">\n\n<p>Nejv\u00fdhodn\u011bj\u0161\u00ed je 5denn\u00ed karta, kter\u00e1 v\u00e1s vyjde jen na 15,80 \u20ac na den.<\/p>\n\n<\/div>\n\n\n<p>D\u011bti ve v\u011bku 4 a\u017e 12 let maj\u00ed n\u00e1rok na speci\u00e1ln\u00ed slevu. D\u011bti do 3 let maj\u00ed vstup na v\u0161echny atrakce zdarma.<\/p>\n\n\n\n<h3 class=\"wp-block-heading\"><span class=\"notion-enable-hover\" data-token-index=\"0\"><strong>Cen\u00edk<\/strong><\/span><\/h3>\n\n\n<div class=\"ms-table\"><table><tr><th><\/th><th>72 hodin<\/th><th>96 hodin<\/th><th>120 hodin<\/th><\/tr><tr><td>Dosp\u011bl\u00ed<\/td><td>59,00 \u20ac (19,67 \u20ac za den)<\/td><td>69,00 \u20ac (17,25 \u20ac za den)<\/td><td>79,00 \u20ac (15,80 \u20ac za den)<\/td><\/tr><tr><td>D\u011bti<\/td><td>37,00 \u20ac (12,33 \u20ac za den)<\/td><td>46,00 \u20ac (11,50 \u20ac za den)<\/td><td>54,00 \u20ac (10,80 \u20ac za den)<\/td><\/tr><\/table><\/div>","protected":false},"excerpt":{"rendered":"","protected":false},"author":4,"featured_media":0,"parent":0,"menu_order":5,"comment_status":"closed","ping_status":"closed","template":"","meta":{"_acf_changed":false,"footnotes":"","button_url":"https:\/\/www.tiqets.com\/cs\/barcelona-attractions-c66342\/tickets-for-barcelona-card-72-Hour-96-Hour-120-Hour-p975758\/?partner=barcelonacard","ms_product_id":"","ms_product_name":"","ms_price":"","ms_currency":"","ms_rating_value":"","ms_review_count":"","rank_math_title":"Barcelona Card - Ceny v %currentyear%","rank_math_description":"Kolik stoj\u00ed Barcelona Card? Pod\u00edvejte se na aktu\u00e1ln\u00ed ceny Barcelona Card."},"post-style":[],"producer":[],"class_list":["post-6","page","type-page","status-publish","has-post-thumbnail"],"acf":[],"product_schema":{"ms_product_id":"","ms_product_name":"","ms_price":"","ms_currency":"","ms_rating_value":"","ms_review_count":""},"_links":{"self":[{"href":"https:\/\/www.barcelonacard.org\/cs\/wp-json\/wp\/v2\/pages\/6","targetHints":{"allow":["GET"]}}],"collection":[{"href":"https:\/\/www.barcelonacard.org\/cs\/wp-json\/wp\/v2\/pages"}],"about":[{"href":"https:\/\/www.barcelonacard.org\/cs\/wp-json\/wp\/v2\/types\/page"}],"author":[{"embeddable":true,"href":"https:\/\/www.barcelonacard.org\/cs\/wp-json\/wp\/v2\/users\/4"}],"replies":[{"embeddable":true,"href":"https:\/\/www.barcelonacard.org\/cs\/wp-json\/wp\/v2\/comments?post=6"}],"version-history":[{"count":3,"href":"https:\/\/www.barcelonacard.org\/cs\/wp-json\/wp\/v2\/pages\/6\/revisions"}],"predecessor-version":[{"id":1268,"href":"https:\/\/www.barcelonacard.org\/cs\/wp-json\/wp\/v2\/pages\/6\/revisions\/1268"}],"wp:attachment":[{"href":"https:\/\/www.barcelonacard.org\/cs\/wp-json\/wp\/v2\/media?parent=6"}],"wp:term":[{"taxonomy":"post-style","embeddable":true,"href":"https:\/\/www.barcelonacard.org\/cs\/wp-json\/wp\/v2\/post-style?post=6"},{"taxonomy":"producer","embeddable":true,"href":"https:\/\/www.barcelonacard.org\/cs\/wp-json\/wp\/v2\/producer?post=6"}],"curies":[{"name":"wp","href":"https:\/\/api.w.org\/{rel}","templated":true}]}}