{"id":587,"date":"2013-10-20T14:05:29","date_gmt":"2013-10-20T14:05:29","guid":{"rendered":"https:\/\/www.barcelonacard.org\/cs\/?page_id=4"},"modified":"2026-05-07T16:58:38","modified_gmt":"2026-05-07T14:58:38","slug":"barcelona-card","status":"publish","type":"page","link":"https:\/\/www.barcelonacard.org\/cs\/","title":{"rendered":"Barcelona Card"},"content":{"rendered":"\n<figure><div class=\"ms-credits\">\n<img decoding=\"async\" class=\"gb-media-25603cfa\" alt=\"Aerial view of Barcelona\" src=\"https:\/\/www.barcelonacard.org\/cs\/wp-content\/uploads\/sites\/16\/barcelona-card-homepage-1746806969.jpg\" title=\"barcelona-card-homepage-1746806969\"\/>\n<span class='ms-credits__info' id='media932'><svg xmlns=\"http:\/\/www.w3.org\/2000\/svg\" width=\"20\" height=\"22\" fill=\"#000000\" viewBox=\"0 0 256 256\"><path d=\"M128,24A104,104,0,1,0,232,128,104.11,104.11,0,0,0,128,24Zm0,192a88,88,0,1,1,88-88A88.1,88.1,0,0,1,128,216ZM96,128a32,32,0,0,0,57.6,19.2,8,8,0,0,1,12.8,9.61,48,48,0,1,1,0-57.62,8,8,0,0,1-12.8,9.61A32,32,0,0,0,96,128Z\"><\/path><\/svg>rabbit75_dep\/<a href=https:\/\/depositphotos.com\/editorial\/sagrada-familia-basilica-aerial-view-famous-landmark-barcelona-spain-374286208.html rel='nofollow' target='_blank'>Depositphotos<\/a><\/span><span class='ms-credits__btn' id='btn_media932' onclick='ms_credits_trigger(\"#media932\", this)'><svg xmlns=\"http:\/\/www.w3.org\/2000\/svg\" class=\"info_icon\" width=\"28\" height=\"28\" fill=\"#FFF\" viewBox=\"0 0 256 256\"><path d=\"M128,24A104,104,0,1,0,232,128,104.11,104.11,0,0,0,128,24Zm0,192a88,88,0,1,1,88-88A88.1,88.1,0,0,1,128,216Zm16-40a8,8,0,0,1-8,8,16,16,0,0,1-16-16V128a8,8,0,0,1,0-16,16,16,0,0,1,16,16v40A8,8,0,0,1,144,176ZM112,84a12,12,0,1,1,12,12A12,12,0,0,1,112,84Z\"><\/path><\/svg><svg xmlns=\"http:\/\/www.w3.org\/2000\/svg\" class=\"close_icon\" width=\"28\" height=\"28\" fill=\"#FFF\" viewBox=\"0 0 256 256\"><path d=\"M165.66,101.66,139.31,128l26.35,26.34a8,8,0,0,1-11.32,11.32L128,139.31l-26.34,26.35a8,8,0,0,1-11.32-11.32L116.69,128,90.34,101.66a8,8,0,0,1,11.32-11.32L128,116.69l26.34-26.35a8,8,0,0,1,11.32,11.32ZM232,128A104,104,0,1,1,128,24,104.11,104.11,0,0,1,232,128Zm-16,0a88,88,0,1,0-88,88A88.1,88.1,0,0,0,216,128Z\"><\/path><\/svg><\/span><\/div><\/figure>\n\n\n\n<h1 class=\"gb-headline gb-headline-1c55328e gb-headline-text\">Barcelona Card  <br><mark style=\"background-color:var(--ms-color-white)\" class=\"has-inline-color has-ms-color-neutral-darker-color\">U\u0161et\u0159ete \u010das i pen\u00edze s kartou Barcelona Card <\/mark><\/h1>\n\n\n\n<p>Objevte to nejlep\u0161\u00ed z Barcelony s ofici\u00e1ln\u00ed turistickou kartou Barcelona Card. Z\u00edskejte neomezenou dopravu (v\u010detn\u011b vlaku a metra z leti\u0161t\u011b), vstup zdarma do p\u0159edn\u00edch muze\u00ed a \u0159adu exkluzivn\u00edch slev a nab\u00eddek.<\/p>\n\n\n\n<div class=\"ms-p ms-rounded ms-mb-last-child-0 ms-mb-children-condensed ms-alert--contrast ms-mb-block\">\n<h4 class=\"gb-text-26a71c5b\"><span class=\"gb-shape\"><svg viewBox=\"0 0 256 256\" fill=\"#000000\" height=\"32\" width=\"32\" xmlns=\"http:\/\/www.w3.org\/2000\/svg\"><path d=\"M108,84a16,16,0,1,1,16,16A16,16,0,0,1,108,84Zm128,44A108,108,0,1,1,128,20,108.12,108.12,0,0,1,236,128Zm-24,0a84,84,0,1,0-84,84A84.09,84.09,0,0,0,212,128Zm-72,36.68V132a20,20,0,0,0-20-20,12,12,0,0,0-4,23.32V168a20,20,0,0,0,20,20,12,12,0,0,0,4-23.32Z\"><\/path><\/svg><\/span><span class=\"gb-text\">NOVINKA: S kartou Barcelona Card u\u0161et\u0159\u00edte je\u0161t\u011b v\u00edc!<\/span><\/h4>\n\n\n\n<p class=\"gb-text gb-text-2c41ecab\">Z\u00edskejte slevu, kdy\u017e si ke kart\u011b Barcelona Card rovnou p\u0159ikoup\u00edte vstupenky do Sagrada Fam\u00edlia a Park G\u00fcell. Dostupnost si ov\u011b\u0159te p\u0159edem.<\/p>\n\n\n\n<p class=\"gb-text gb-text-0788af3c\"><a href=\"https:\/\/www.tiqets.com\/cs\/barcelona-attractions-c66342\/tickets-for-barcelona-card-72-hour-96-hour-120-hour-p975758\/?partner=barcelonacard\" rel=\"nofollow noopener\">Zkontrolovat dostupnost nyn\u00ed \u00bb<\/a><\/p>\n<\/div>\n\n\n<div class=\"gb-container gb-container-1e1905d6 gb-tabs\" role=\"tablist\" data-opened-tab=\"1\">\n<div class=\"gb-container gb-container-c0d25ee5 gb-tabs__buttons\" role=\"list\">\n\n<button class=\"gb-button gb-button-38b6d7d4 gb-button-text gb-tabs__button gb-block-is-current\" id=\"gb-tab-button-38b6d7d4\" role=\"tab\">V\u00fdhody<\/button>\n\n\n\n<button class=\"gb-button gb-button-c40a7253 gb-button-text gb-tabs__button\" id=\"gb-tab-button-c40a7253\" role=\"tab\"><strong>Co to je<\/strong><\/button>\n\n\n\n<button class=\"gb-button gb-button-5c438a47 gb-button-text gb-tabs__button\" id=\"gb-tab-button-5c438a47\" role=\"tab\">Kde koupit<\/button>\n\n\n\n<button class=\"gb-button gb-button-7d2dbf03 gb-button-text gb-tabs__button\" id=\"gb-tab-button-7d2dbf03\" role=\"tab\">Jak kartu pou\u017e\u00edvat<\/button>\n\n<\/div>\n\n<div class=\"gb-container gb-container-8fcce89b gb-tabs__items\">\n<div class=\"gb-container gb-container-2e268732 gb-tabs__item gb-tabs__item-open\" id=\"gb-tab-item-2e268732\" role=\"tabpanel\">\n<div class=\"gb-grid-wrapper gb-grid-wrapper-b173452e\">\n<div class=\"gb-grid-column gb-grid-column-2d6c95fd\"><div class=\"gb-container gb-container-2d6c95fd\">\n\n<h5 class=\"gb-headline gb-headline-f5371835\"><span class=\"gb-icon\"><svg viewBox=\"0 0 256 256\" fill=\"#000000\" height=\"32\" width=\"32\" xmlns=\"http:\/\/www.w3.org\/2000\/svg\"><path d=\"M232.49,80.49l-128,128a12,12,0,0,1-17,0l-56-56a12,12,0,1,1,17-17L96,183,215.51,63.51a12,12,0,0,1,17,17Z\"><\/path><\/svg><\/span><span class=\"gb-headline-text\">Doprava zdarma<\/span><\/h5>\n\n\n\n<p>Neomezen\u011b cestujte metrem, autobusem i vlakem, a to v\u010detn\u011b spojen\u00ed na leti\u0161t\u011b.<\/p>\n\n<\/div><\/div>\n\n<div class=\"gb-grid-column gb-grid-column-d53518b7\"><div class=\"gb-container gb-container-d53518b7\">\n\n<h5 class=\"gb-headline gb-headline-fa732612\"><span class=\"gb-icon\"><svg viewBox=\"0 0 256 256\" fill=\"#000000\" height=\"32\" width=\"32\" xmlns=\"http:\/\/www.w3.org\/2000\/svg\"><path d=\"M232.49,80.49l-128,128a12,12,0,0,1-17,0l-56-56a12,12,0,1,1,17-17L96,183,215.51,63.51a12,12,0,0,1,17,17Z\"><\/path><\/svg><\/span><span class=\"gb-headline-text\"><strong>Vstup zdarma<\/strong><\/span><\/h5>\n\n\n\n<p>Vstupte zdarma do v\u00edce ne\u017e 25 nejlep\u0161\u00edch barcelonsk\u00fdch pam\u00e1tek.<\/p>\n\n<\/div><\/div>\n\n<div class=\"gb-grid-column gb-grid-column-6dad0888\"><div class=\"gb-container gb-container-6dad0888\">\n\n<h5 class=\"gb-headline gb-headline-97f3175e\"><span class=\"gb-icon\"><svg viewBox=\"0 0 256 256\" fill=\"#000000\" height=\"32\" width=\"32\" xmlns=\"http:\/\/www.w3.org\/2000\/svg\"><path d=\"M232.49,80.49l-128,128a12,12,0,0,1-17,0l-56-56a12,12,0,1,1,17-17L96,183,215.51,63.51a12,12,0,0,1,17,17Z\"><\/path><\/svg><\/span><span class=\"gb-headline-text\"><strong>V\u00edce ne\u017e 70 slev<\/strong><\/span><\/h5>\n\n\n\n<p>U\u0161et\u0159ete a\u017e 350 \u20ac na prohl\u00eddk\u00e1ch, n\u00e1kupech, j\u00eddle a z\u00e1bav\u011b.<\/p>\n\n<\/div><\/div>\n\n<div class=\"gb-grid-column gb-grid-column-0c7beed3\"><div class=\"gb-container gb-container-0c7beed3\">\n\n<h5 class=\"gb-headline gb-headline-23cc7b9e\"><span class=\"gb-icon\"><svg viewBox=\"0 0 256 256\" fill=\"#000000\" height=\"32\" width=\"32\" xmlns=\"http:\/\/www.w3.org\/2000\/svg\"><path d=\"M232.49,80.49l-128,128a12,12,0,0,1-17,0l-56-56a12,12,0,1,1,17-17L96,183,215.51,63.51a12,12,0,0,1,17,17Z\"><\/path><\/svg><\/span><span class=\"gb-headline-text\"><strong><strong>Pr\u016fvodce zdarma<\/strong><\/strong><\/span><\/h5>\n\n\n\n<p>Pr\u016fvodce v 6 jazyc\u00edch (bezplatn\u00e9 nab\u00eddky, slevy a um\u00edst\u011bn\u00ed v cen\u011b).<\/p>\n\n<\/div><\/div>\n\n<div class=\"gb-grid-column gb-grid-column-3cecd77c\"><div class=\"gb-container gb-container-3cecd77c\">\n\n<h5 class=\"gb-headline gb-headline-cd1f3d4e\"><span class=\"gb-icon\"><svg viewBox=\"0 0 256 256\" fill=\"#000000\" height=\"32\" width=\"32\" xmlns=\"http:\/\/www.w3.org\/2000\/svg\"><path d=\"M232.49,80.49l-128,128a12,12,0,0,1-17,0l-56-56a12,12,0,1,1,17-17L96,183,215.51,63.51a12,12,0,0,1,17,17Z\"><\/path><\/svg><\/span><span class=\"gb-headline-text\"><strong>\u017d\u00e1dn\u00e9 \u010dek\u00e1n\u00ed ve front\u00e1ch<\/strong><\/span><\/h5>\n\n\n\n<p>U\u0161et\u0159ete drahocenn\u00fd \u010das a vyhn\u011bte se front\u00e1m u nejobl\u00edben\u011bj\u0161\u00edch muze\u00ed a atrakc\u00ed.<\/p>\n\n<\/div><\/div>\n\n<div class=\"gb-grid-column gb-grid-column-ff07f982\"><div class=\"gb-container gb-container-ff07f982\">\n\n<h5 class=\"gb-headline gb-headline-d7adc504\"><span class=\"gb-icon\"><svg viewBox=\"0 0 256 256\" fill=\"#000000\" height=\"32\" width=\"32\" xmlns=\"http:\/\/www.w3.org\/2000\/svg\"><path d=\"M232.49,80.49l-128,128a12,12,0,0,1-17,0l-56-56a12,12,0,1,1,17-17L96,183,215.51,63.51a12,12,0,0,1,17,17Z\"><\/path><\/svg><\/span><span class=\"gb-headline-text\"><strong>Flexibiln\u00ed rezervace<\/strong><\/span><\/h5>\n\n\n\n<p>Kupte online a zru\u0161te zdarma a\u017e do dne p\u0159ed n\u00e1v\u0161t\u011bvou.<\/p>\n\n<\/div><\/div>\n<\/div>\n<\/div>\n\n<div class=\"gb-container gb-container-3bccd8b9 gb-tabs__item\" id=\"gb-tab-item-3bccd8b9\" role=\"tabpanel\">\n\n<p>Barcelona Card je ofici\u00e1ln\u00ed turistick\u00e1 karta Barcelony. Vypad\u00e1 jako kreditn\u00ed karta, je velmi snadno dostupn\u00e1 a pom\u00e1h\u00e1 cestovatel\u016fm <strong>u\u0161et\u0159it \u010das a pen\u00edze<\/strong> b\u011bhem dovolen\u00e9.<\/p>\n\n\n<div class=\"gb-container gb-container-50c2abda ms-alert--primary ms-p ms-rounded ms-mb-last-child-0 ms-mb-children-condensed ms-mb-block\">\n\n<p>Barcelona Card je <strong>dopravn\u00ed karta<\/strong>, <strong>vstupenka do muze\u00ed<\/strong> a <strong>slevov\u00e1 karta<\/strong> v jednom.<\/p>\n\n<\/div>\n\n\n<p>Dr\u017eitel\u00e9 Barcelona Card maj\u00ed neomezenou <strong>bezplatnou dopravu<\/strong> ve\u0159ejnou dopravou, <strong>vstup zdarma<\/strong> do v\u00edce ne\u017e 25 nejlep\u0161\u00edch muze\u00ed a kulturn\u00edch pam\u00e1tek v Barcelon\u011b, <strong>v\u00edce ne\u017e 70 nab\u00eddek a slev<\/strong> na prohl\u00eddky, v\u00fdlety, z\u00e1bavu, nakupov\u00e1n\u00ed, stravov\u00e1n\u00ed a no\u010dn\u00ed \u017eivot.<\/p>\n\n\n\n<p>Tato popul\u00e1rn\u00ed karta v\u00e1m nejen otev\u0159e dve\u0159e k nejzaj\u00edmav\u011bj\u0161\u00edm barcelonsk\u00fdm atrakc\u00edm, ale pom\u016f\u017ee v\u00e1m tak\u00e9 <strong>vyhnout se front\u00e1m<\/strong> u mnoha obl\u00edben\u00fdch pam\u00e1tek, \u010d\u00edm\u017e u\u0161et\u0159\u00edte drahocenn\u00fd \u010das b\u011bhem nabit\u00e9ho programu.<\/p>\n\n\n\n<p>Karta obsahuje i praktick\u00e9ho pr\u016fvodce v \u0161esti jazyc\u00edch s mapou metra a p\u0159ehledem v\u0161ech v\u00fdhod (nap\u0159. pam\u00e1tky od Gaud\u00edho, Casa Amatller a L\u2019Aqu\u00e0rium).<\/p>\n\n\n\n<p>Pokud kartu naplno vyu\u017eijete, m\u016f\u017eete celkov\u011b u\u0161et\u0159it v\u00edce ne\u017e <strong>350 \u20ac<\/strong>.<\/p>\n\n<\/div>\n\n<div class=\"gb-container gb-container-b7be09ec gb-tabs__item\" id=\"gb-tab-item-b7be09ec\" role=\"tabpanel\">\n\n<p>Zakoupen\u00ed Barcelona Card je jednoduch\u00e9 a pohodln\u00e9.<\/p>\n\n\n\n<ol class=\"wp-block-list\">\n<li>M\u016f\u017eete si ji koupit online za sn\u00ed\u017eenou cenu p\u0159ed cestou nebo v <strong><a href=\"https:\/\/www.barcelonacard.org\/cs\/turisticke-informacni-centrum\/\" data-type=\"link\" data-id=\"https:\/\/www.barcelonacard.org\/tourist-information-offices\/\">turistick\u00fdch informa\u010dn\u00edch centrech<\/a><\/strong> v Barcelon\u011b za plnou cenu.<\/li>\n\n\n\n<li>Pou\u017eijte rezerva\u010dn\u00ed modul k rychl\u00e9 a bezpe\u010dn\u00e9 objedn\u00e1vce.<\/li>\n\n\n\n<li>Po n\u00e1kupu obdr\u017e\u00edte voucher e-mailem, kter\u00fd m\u016f\u017eete vytisknout a vym\u011bnit za fyzickou kartu.<\/li>\n\n\n\n<li>Jd\u011bte na jedno z m\u00edst vyzvednut\u00ed a uka\u017ete voucher ve smartphonu, abyste obdr\u017eeli Barcelona Card:<\/li>\n<\/ol>\n\n\n\n<p class=\"gb-text-6f121588\"><span class=\"gb-shape\"><svg viewBox=\"0 0 256 256\" fill=\"#000000\" height=\"32\" width=\"32\" xmlns=\"http:\/\/www.w3.org\/2000\/svg\"><path d=\"M128,60a44,44,0,1,0,44,44A44.05,44.05,0,0,0,128,60Zm0,64a20,20,0,1,1,20-20A20,20,0,0,1,128,124Zm0-112a92.1,92.1,0,0,0-92,92c0,77.36,81.64,135.4,85.12,137.83a12,12,0,0,0,13.76,0,259,259,0,0,0,42.18-39C205.15,170.57,220,136.37,220,104A92.1,92.1,0,0,0,128,12Zm31.3,174.71A249.35,249.35,0,0,1,128,216.89a249.35,249.35,0,0,1-31.3-30.18C80,167.37,60,137.31,60,104a68,68,0,0,1,136,0C196,137.31,176,167.37,159.3,186.71Z\"><\/path><\/svg><\/span><span class=\"gb-text\"><strong>Kancel\u00e1\u0159e na leti\u0161ti Barcelona<\/strong><\/span><\/p>\n\n\n\n<ul class=\"wp-block-list\">\n<li><strong>Leti\u0161t\u011b Termin\u00e1l T1 (stanice metra):<\/strong> Leti\u0161t\u011b Barcelona, Metro termin\u00e1l T1 | Otev\u00edrac\u00ed doba: Denn\u011b 8:30 \u2013 14:30<\/li>\n\n\n\n<li><strong>Leti\u0161t\u011b Termin\u00e1l T2 (stanice metra)<\/strong>: Leti\u0161t\u011b Barcelona, Metro termin\u00e1l T2 | Otev\u00edrac\u00ed doba: Denn\u011b 8:30 \u2013 14:30<\/li>\n\n\n\n<li><strong>Leti\u0161t\u011b Termin\u00e1l T1 (hlavn\u00ed termin\u00e1l):<\/strong> Leti\u0161t\u011b Barcelona, Termin\u00e1l T1 | Otev\u00edrac\u00ed doba: Denn\u011b 8:30 \u2013 19:30<\/li>\n\n\n\n<li><strong>Leti\u0161t\u011b Termin\u00e1l T2 (hlavn\u00ed termin\u00e1l):<\/strong> Leti\u0161t\u011b Barcelona, Termin\u00e1l T2 | Otev\u00edrac\u00ed doba: Denn\u011b 8:30 \u2013 19:30<\/li>\n<\/ul>\n\n\n\n<p class=\"gb-text-ad1a384b\"><span class=\"gb-shape\"><svg viewBox=\"0 0 256 256\" fill=\"#000000\" height=\"32\" width=\"32\" xmlns=\"http:\/\/www.w3.org\/2000\/svg\"><path d=\"M128,60a44,44,0,1,0,44,44A44.05,44.05,0,0,0,128,60Zm0,64a20,20,0,1,1,20-20A20,20,0,0,1,128,124Zm0-112a92.1,92.1,0,0,0-92,92c0,77.36,81.64,135.4,85.12,137.83a12,12,0,0,0,13.76,0,259,259,0,0,0,42.18-39C205.15,170.57,220,136.37,220,104A92.1,92.1,0,0,0,128,12Zm31.3,174.71A249.35,249.35,0,0,1,128,216.89a249.35,249.35,0,0,1-31.3-30.18C80,167.37,60,137.31,60,104a68,68,0,0,1,136,0C196,137.31,176,167.37,159.3,186.71Z\"><\/path><\/svg><\/span><span class=\"gb-text\"><strong>Kancel\u00e1\u0159e v centru m\u011bsta<\/strong><\/span><\/p>\n\n\n\n<ul class=\"wp-block-list\">\n<li><strong>Pla\u00e7a de Catalunya (hlavn\u00ed kancel\u00e1\u0159):<\/strong> Pla\u00e7a de Catalunya, 17 (suter\u00e9n) | Otev\u00edrac\u00ed doba: Denn\u011b 8:30 \u2013 20:30<\/li>\n\n\n\n<li><strong>Pla\u00e7a de Catalunya (informa\u010dn\u00ed st\u00e1nek): <\/strong>P\u0159ed obchodn\u00edm domem El Corte Ingl\u00e9s | Otev\u00edrac\u00ed doba: Denn\u011b 8:30 \u2013 14:30<\/li>\n\n\n\n<li><strong>Pla\u00e7a Espanya:<\/strong> Pla\u00e7a Espanya (Avinguda Maria Cristina) | Otev\u00edrac\u00ed doba: Denn\u011b 8:30 \u2013 14:30<\/li>\n\n\n\n<li><strong>Sagrada Fam\u00edlia (informa\u010dn\u00ed st\u00e1nek):<\/strong> U baziliky Sagrada Fam\u00edlia | Otev\u00edrac\u00ed doba: Denn\u011b 8:30 \u2013 20:00<\/li>\n\n\n\n<li><strong>Mirador de Colom (Kolumb\u016fv monument):<\/strong> Pla\u00e7a Portal de la Pau | Otev\u00edrac\u00ed doba: Denn\u011b 8:30 \u2013 14:30 (posledn\u00ed vstup na vyhl\u00eddkovou galerii ve 13.30)<\/li>\n<\/ul>\n\n\n\n<p>Objevte kr\u00e1snou Barcelonu s omezen\u00fdm rozpo\u010dtem, sta\u010d\u00ed jedna mal\u00e1 karta!<\/p>\n\n\n<div class=\"gb-container gb-container-050170bc ms-alert--primary ms-p ms-rounded ms-mb-last-child-0 ms-mb-children-condensed ms-mb-block\">\n\n<p>Karta se aktivuje a\u017e p\u0159i prvn\u00edm pou\u017eit\u00ed, tak\u017ee se nemus\u00edte b\u00e1t, \u017ee v\u00e1m vypr\u0161\u00ed platnost p\u0159ed p\u0159\u00edjezdem.<\/p>\n\n<\/div>\n<\/div>\n\n<div class=\"gb-container gb-container-fd1bb83b gb-tabs__item\" id=\"gb-tab-item-fd1bb83b\" role=\"tabpanel\">\n\n<p>Barcelona Card se snadno pou\u017e\u00edv\u00e1, ale znalost n\u011bkolika kl\u00ed\u010dov\u00fdch detail\u016f v\u00e1m pom\u016f\u017ee vyt\u011b\u017eit z n\u00ed maximum.<\/p>\n\n\n\n<h3 class=\"gb-text-1b8be78b\"><span class=\"gb-shape\"><svg viewBox=\"0 0 256 256\" fill=\"#000000\" height=\"32\" width=\"32\" xmlns=\"http:\/\/www.w3.org\/2000\/svg\"><path d=\"M232.49,80.49l-128,128a12,12,0,0,1-17,0l-56-56a12,12,0,1,1,17-17L96,183,215.51,63.51a12,12,0,0,1,17,17Z\"><\/path><\/svg><\/span><span class=\"gb-text\">Aktivace<\/span><\/h3>\n\n\n\n<p>Barcelona Card se aktivuje p\u0159i prvn\u00edm pou\u017eit\u00ed, nap\u0159\u00edklad ve ve\u0159ejn\u00e9 doprav\u011b nebo u vchodu do jedn\u00e9 z \u00fa\u010dastnick\u00fdch atrakc\u00ed.<\/p>\n\n\n\n<p>Barcelona Card je k dispozici ve 2, 3, 4 nebo 5denn\u00ed variant\u011b a plat\u00ed pro po sob\u011b jdouc\u00ed dny, nikoli 24hodinov\u00e1 obdob\u00ed. Pokud nap\u0159\u00edklad aktivujete 5denn\u00ed Barcelona Card vpond\u011bl\u00ed v poledne, vypr\u0161\u00ed v p\u00e1tek o p\u016flnoci.<\/p>\n\n\n\n<h3 class=\"gb-text-1fe6b320\"><span class=\"gb-shape\"><svg viewBox=\"0 0 256 256\" fill=\"#000000\" height=\"32\" width=\"32\" xmlns=\"http:\/\/www.w3.org\/2000\/svg\"><path d=\"M184,20H72A36,36,0,0,0,36,56V184a36,36,0,0,0,36,36h0l-9.6,12.8a12,12,0,1,0,19.2,14.4L102,220h52l20.4,27.2a12,12,0,0,0,19.2-14.4L184,220h0a36,36,0,0,0,36-36V56A36,36,0,0,0,184,20ZM72,44H184a12,12,0,0,1,12,12v60H60V56A12,12,0,0,1,72,44ZM184,196H72a12,12,0,0,1-12-12V140H196v44A12,12,0,0,1,184,196Zm-80-28a16,16,0,1,1-16-16A16,16,0,0,1,104,168Zm80,0a16,16,0,1,1-16-16A16,16,0,0,1,184,168Z\"><\/path><\/svg><\/span><span class=\"gb-text\">Pou\u017e\u00edv\u00e1n\u00ed ve\u0159ejn\u00e9 dopravy<\/span><\/h3>\n\n\n\n<p>Po aktivaci p\u0159ilo\u017ete Barcelona Card k \u010dte\u010dce u jak\u00e9koli z t\u011bchto dopravn\u00edch mo\u017enost\u00ed:<\/p>\n\n\n\n<ul class=\"wp-block-list\">\n<li>Metro (TMB)<\/li>\n\n\n\n<li>Tramvaj (TMB)<\/li>\n\n\n\n<li>Denn\u00ed autobusy (TMB)<\/li>\n\n\n\n<li>\u017deleznice FGC (m\u011bstsk\u00e9 linky)<\/li>\n\n\n\n<li>Vlaky Renfe Rodalies (pouze z\u00f3na 1)<\/li>\n<\/ul>\n\n\n\n<p><strong>Pozn\u00e1mka:<\/strong> Karta nen\u00ed platn\u00e1 pro no\u010dn\u00ed autobusy.<\/p>\n\n\n\n<h3 class=\"gb-text-a33c3e33\"><span class=\"gb-shape\"><svg xmlns=\"http:\/\/www.w3.org\/2000\/svg\" width=\"32\" height=\"32\" fill=\"#000000\" viewBox=\"0 0 256 256\"><path d=\"M24,108H44v48H32a12,12,0,0,0,0,24H224a12,12,0,0,0,0-24H212V108h20a12,12,0,0,0,6.29-22.22l-104-64a12,12,0,0,0-12.58,0l-104,64A12,12,0,0,0,24,108Zm44,0H92v48H68Zm72,0v48H116V108Zm48,48H164V108h24ZM128,46.09,189.6,84H66.4ZM252,208a12,12,0,0,1-12,12H16a12,12,0,0,1,0-24H240A12,12,0,0,1,252,208Z\"><\/path><\/svg><\/span><span class=\"gb-text\"><strong>Pou\u017e\u00edv\u00e1n\u00ed v muze\u00edch a atrakc\u00edch<\/strong><\/span><\/h3>\n\n\n\n<p>Jednodu\u0161e uka\u017ete nebo naskenujte Barcelona Card u vchodu do jak\u00e9hokoli zahrnut\u00e9ho muzea nebo atrakce. Z\u00edsk\u00e1te jeden vstup zdarma na m\u00edsto b\u011bhem platnosti karty.<\/p>\n\n\n\n<p>U zlevn\u011bn\u00fdch atrakc\u00ed (jako Casa Batll\u00f3 nebo La Pedrera) p\u0159edlo\u017ete kartu u pokladny, abyste z\u00edskali slevu.<\/p>\n\n\n\n<h3 class=\"gb-text-e8105f3d\"><span class=\"gb-shape\"><svg viewBox=\"0 0 256 256\" fill=\"#000000\" height=\"32\" width=\"32\" xmlns=\"http:\/\/www.w3.org\/2000\/svg\"><path d=\"M240.26,186.1,152.81,34.23h0a28.74,28.74,0,0,0-49.62,0L15.74,186.1a27.45,27.45,0,0,0,0,27.71A28.31,28.31,0,0,0,40.55,228h174.9a28.31,28.31,0,0,0,24.79-14.19A27.45,27.45,0,0,0,240.26,186.1Zm-20.8,15.7a4.46,4.46,0,0,1-4,2.2H40.55a4.46,4.46,0,0,1-4-2.2,3.56,3.56,0,0,1,0-3.73L124,46.2a4.77,4.77,0,0,1,8,0l87.44,151.87A3.56,3.56,0,0,1,219.46,201.8ZM116,136V104a12,12,0,0,1,24,0v32a12,12,0,0,1-24,0Zm28,40a16,16,0,1,1-16-16A16,16,0,0,1,144,176Z\"><\/path><\/svg><\/span><span class=\"gb-text\">Ne\u017e vyraz\u00edte<\/span><\/h3>\n\n\n\n<ul class=\"wp-block-list\">\n<li>Jeden vstup na m\u00edsto: Ka\u017ed\u00e9 muzeum nebo atrakci zdarma m\u016f\u017eete s kartou nav\u0161t\u00edvit jednou.<\/li>\n\n\n\n<li>Bez kumulace slev: Slevy nelze kombinovat s jin\u00fdmi akcemi nebo nab\u00eddkami.<\/li>\n\n\n\n<li>Platn\u00e1 do konce roku: Karta je platn\u00e1 do konce b\u011b\u017en\u00e9ho kalend\u00e1\u0159n\u00edho roku.<\/li>\n\n\n\n<li>Mus\u00ed b\u00fdt aktivovan\u00e1: Vstupy zdarma a slevy funguj\u00ed pouze po aktivaci karty a b\u011bhem jej\u00ed platnosti.<\/li>\n<\/ul>\n\n\n\n<p>Nyn\u00ed p\u0159ijm\u011bte v\u00fdzvu Barcelona Card a zjist\u011bte, kolik nezapomenuteln\u00fdch z\u00e1\u017eitk\u016f m\u016f\u017eete pro\u017e\u00edt!<\/p>\n\n\n<div class=\"gb-container gb-container-655a7a2c ms-alert--primary ms-p ms-rounded ms-mb-last-child-0 ms-mb-children-condensed ms-mb-block\">\n\n<p>Dal\u0161\u00ed informace:&nbsp;<a href=\"https:\/\/www.barcelonacard.org\/cs\/discounts\/\">slevy<\/a>&nbsp;&#8211;&nbsp;<a href=\"https:\/\/www.barcelonacard.org\/cs\/prices\/\">ceny<\/a>&nbsp;&#8211;&nbsp;<a href=\"https:\/\/www.barcelonacard.org\/cs\/faq\/\">nej\u010dast\u011bj\u0161\u00ed dotazy (FAQ)<\/a><\/p>\n\n<\/div>\n<\/div>\n<\/div>\n<\/div>\n\n\n<p><\/p>\n","protected":false},"excerpt":{"rendered":"","protected":false},"author":4,"featured_media":932,"parent":0,"menu_order":3,"comment_status":"closed","ping_status":"closed","template":"","meta":{"_acf_changed":false,"footnotes":"","button_url":"https:\/\/www.tiqets.com\/cs\/barcelona-attractions-c66342\/tickets-for-barcelona-card-72-Hour-96-Hour-120-Hour-p975758\/?partner=barcelonacard","ms_product_id":"975758","ms_product_name":"Barcelona Card: Public Transport + 40 Attractions","ms_price":"39","ms_currency":"EUR","ms_rating_value":"4.3","ms_review_count":"2316","rank_math_title":"%title% - Ofici\u00e1ln\u00ed m\u011bstsk\u00fd pr\u016fkaz %currentyear%","rank_math_description":"U\u0161et\u0159ete \u010das a pen\u00edze s Barcelona Card \u2013 ofici\u00e1ln\u00ed turistickou kartou Barcelony. Barcelona Card nab\u00edz\u00ed slevy p\u0159es 350 \u20ac na muzea, atrakce, prohl\u00eddky s pr\u016fvodcem, restaurace a dal\u0161\u00ed. Klikn\u011bte zde a rezervujte si svou kartu hned te\u010f."},"post-style":[7],"producer":[],"class_list":["post-587","page","type-page","status-publish","has-post-thumbnail"],"acf":[],"product_schema":{"ms_product_id":"975758","ms_product_name":"Barcelona Card: Public Transport + 40 Attractions","ms_price":"39","ms_currency":"EUR","ms_rating_value":"4.3","ms_review_count":"2316"},"_links":{"self":[{"href":"https:\/\/www.barcelonacard.org\/cs\/wp-json\/wp\/v2\/pages\/587","targetHints":{"allow":["GET"]}}],"collection":[{"href":"https:\/\/www.barcelonacard.org\/cs\/wp-json\/wp\/v2\/pages"}],"about":[{"href":"https:\/\/www.barcelonacard.org\/cs\/wp-json\/wp\/v2\/types\/page"}],"author":[{"embeddable":true,"href":"https:\/\/www.barcelonacard.org\/cs\/wp-json\/wp\/v2\/users\/4"}],"replies":[{"embeddable":true,"href":"https:\/\/www.barcelonacard.org\/cs\/wp-json\/wp\/v2\/comments?post=587"}],"version-history":[{"count":3,"href":"https:\/\/www.barcelonacard.org\/cs\/wp-json\/wp\/v2\/pages\/587\/revisions"}],"predecessor-version":[{"id":1311,"href":"https:\/\/www.barcelonacard.org\/cs\/wp-json\/wp\/v2\/pages\/587\/revisions\/1311"}],"wp:featuredmedia":[{"embeddable":true,"href":"https:\/\/www.barcelonacard.org\/cs\/wp-json\/wp\/v2\/media\/932"}],"wp:attachment":[{"href":"https:\/\/www.barcelonacard.org\/cs\/wp-json\/wp\/v2\/media?parent=587"}],"wp:term":[{"taxonomy":"post-style","embeddable":true,"href":"https:\/\/www.barcelonacard.org\/cs\/wp-json\/wp\/v2\/post-style?post=587"},{"taxonomy":"producer","embeddable":true,"href":"https:\/\/www.barcelonacard.org\/cs\/wp-json\/wp\/v2\/producer?post=587"}],"curies":[{"name":"wp","href":"https:\/\/api.w.org\/{rel}","templated":true}]}}