{"id":5,"date":"2013-10-20T16:20:48","date_gmt":"2013-10-20T14:20:48","guid":{"rendered":"https:\/\/www.barcelonacard.org\/cs\/?page_id=5"},"modified":"2026-01-16T06:35:28","modified_gmt":"2026-01-16T05:35:28","slug":"slevy","status":"publish","type":"page","link":"https:\/\/www.barcelonacard.org\/cs\/slevy\/","title":{"rendered":"Slevy s kartou Barcelona Card"},"content":{"rendered":"\n<div class=\"ms-p ms-rounded ms-mb-last-child-0 ms-mb-children-condensed ms-alert--contrast ms-mb-block\">\n<ul class=\"wp-block-list\">\n<li>Barcelona Card zahrnuje neomezenou dopravu po Barcelon\u011b (metro, autobus, tramvaj, p\u0159\u00edm\u011bstsk\u00e9 vlaky, v\u010detn\u011b na leti\u0161t\u011b).<\/li>\n\n\n\n<li>Vstup zdarma do v\u00edce ne\u017e 25 muze\u00ed a kulturn\u00edch center jako Picassovo muzeum, MNAC, Nadace Joan Mir\u00f3 a MACBA.<\/li>\n\n\n\n<li>Vstup bez fronty do top muze\u00ed plus jedna j\u00edzda zdarma na lodi Las Golondrinas. U\u0161et\u0159ete 10-50 % na ikonick\u00e9 atrakce jako Casa Batll\u00f3, La Pedrera, Casa Vicens a Barcelona Aquarium.<\/li>\n\n\n\n<li>Nav\u00edc slevy na v\u00edce ne\u017e 70 prohl\u00eddek, p\u0159edstaven\u00ed a z\u00e1\u017eitk\u016f po cel\u00e9m m\u011bst\u011b.<\/li>\n<\/ul>\n\n\n\n<p class=\"gb-text-fb1a3135\"><span class=\"gb-shape\"><svg xmlns=\"http:\/\/www.w3.org\/2000\/svg\" width=\"32\" height=\"32\" fill=\"#000000\" viewBox=\"0 0 256 256\"><path d=\"M228,144v64a12,12,0,0,1-12,12H40a12,12,0,0,1-12-12V144a12,12,0,0,1,24,0v52H204V144a12,12,0,0,1,24,0Zm-108.49,8.49a12,12,0,0,0,17,0l40-40a12,12,0,0,0-17-17L140,115V32a12,12,0,0,0-24,0v83L96.49,95.51a12,12,0,0,0-17,17Z\"><\/path><\/svg><\/span><span class=\"gb-text\"><a href=\"https:\/\/www.barcelonacard.org\/wp-content\/uploads\/FolletoBarcelonaCard2026.pdf\" target=\"_blank\" data-type=\"link\" data-id=\"https:\/\/drive.google.com\/file\/d\/16o2S8Uo9wpknZP7nHiZxyDS21InCpXhC\/view?usp=sharing\" rel=\"noreferrer noopener nofollow\">St\u00e1hnout \u00fapln\u00fd seznam slev (PDF)<\/a><\/span><\/p>\n<\/div>\n\n\n\n<h2 class=\"wp-block-heading\"><strong>Zdarma<\/strong><\/h2>\n\n\n\n<h3 class=\"wp-block-heading\"><strong>Ve\u0159ejn\u00e1 doprava<\/strong><\/h3>\n\n\n<div class=\"ms-table\"><table><tr><th>Polo\u017eka<\/th><th>B\u011b\u017en\u00e1 cena<\/th><th>S kartou<\/th><\/tr><tr><td>48 hodin<\/td><td>18,01 \u20ac<\/td><td>Zdarma<\/td><\/tr><tr><td>72 hodin<\/td><td>26,30 \u20ac<\/td><td>Zdarma<\/td><\/tr><tr><td>96 hodin<\/td><td>34,40 \u20ac<\/td><td>Zdarma<\/td><\/tr><tr><td>120 hodin<\/td><td>42,10 \u20ac<\/td><td>Zdarma<\/td><\/tr><tr><td>Leti\u0161tn\u00ed vlak<\/td><td>4,20 \u20ac<\/td><td>Zdarma<\/td><\/tr><tr><td>Metro na leti\u0161t\u011b<\/td><td>4,60 \u20ac<\/td><td>Zdarma<\/td><\/tr><\/table><\/div>\n\n\n<div class=\"gb-accordion\"><\/div>\n\n\n\n<h3 class=\"wp-block-heading\"><strong>Muzea a atrakce<\/strong><\/h3>\n\n\n<div class=\"ms-table\"><table><tr><th>Atrakce<\/th><th>B\u011b\u017en\u00e1 cena<\/th><th>S kartou<\/th><\/tr><tr><td>CaixaForum<\/td><td>6,00 \u20ac<\/td><td>Zdarma<\/td><\/tr><tr><td>Castell de Montju\u00efc*<\/td><td>12,00 \u20ac<\/td><td>Zdarma<\/td><\/tr><tr><td>Centre de Cultura Contempor\u00e0nia de Barcelona (CCCB)**<\/td><td>6,00 \u20ac<\/td><td>Zdarma<\/td><\/tr><tr><td>Centre Martorell d\u2019Exposicions<\/td><td>6,50 \u20ac<\/td><td>Zdarma<\/td><\/tr><tr><td>Disseny Hub Barcelona DHUB<\/td><td>6,00 \u20ac<\/td><td>Zdarma<\/td><\/tr><tr><td>El Born Museu d&#8217;Historia de Barcelona<\/td><td>7,00 \u20ac<\/td><td>Zdarma<\/td><\/tr><tr><td>El Call Museu d&#8217;Historia de Barcelona<\/td><td>2,00 \u20ac<\/td><td>Zdarma<\/td><\/tr><tr><td>Fundaci\u00f3 Joan Mir\u00f3**<\/td><td>15,00 \u20ac<\/td><td>Zdarma<\/td><\/tr><tr><td>Jard\u00ed Bot\u00e0nic de Barcelona<\/td><td>3,50 \u20ac<\/td><td>Zdarma<\/td><\/tr><tr><td>MOCO Museum Barcelona<\/td><td>19,50 \u20ac<\/td><td>Zdarma<\/td><\/tr><tr><td>Museu d&#8217;Historia de Barcelona Refugi 307<\/td><td>2,00 \u20ac<\/td><td>Zdarma<\/td><\/tr><tr><td>Museu d&#8217;Historia de Pla\u00e7a del Rei<\/td><td>7,30 \u20ac<\/td><td>Zdarma<\/td><\/tr><tr><td>Museu d&#8217;Historia de Barcelona Via Sepulcral Romana<\/td><td>2,00 \u20ac<\/td><td>Zdarma<\/td><\/tr><tr><td>Museu Banksy Barcelona<\/td><td>14,00 \u20ac<\/td><td>Zdarma<\/td><\/tr><tr><td>Museu d\u2019Art Contemporani de Barcelona (MACBA)**<\/td><td>12,00 \u20ac<\/td><td>Zdarma<\/td><\/tr><tr><td>Museu de la Ci\u00e8ncia CosmoCaixa<\/td><td>8,00 \u20ac<\/td><td>Zdarma<\/td><\/tr><tr><td>Museu de la M\u00fasica<\/td><td>6,00 \u20ac<\/td><td>Zdarma<\/td><\/tr><tr><td>Museu de la Xocolata**<\/td><td>7,00 \u20ac<\/td><td>Zdarma<\/td><\/tr><tr><td>Museu de Ci\u00e8ncies Naturals de Barcelona<\/td><td>6,00 \u20ac<\/td><td>Zdarma<\/td><\/tr><tr><td>Museu Egipci de Barcelona**<\/td><td>13,00 \u20ac<\/td><td>Zdarma<\/td><\/tr><tr><td>Museu Etnol\u00f2gic i de Cultures del M\u00f3n &#8211; Montcada<\/td><td>5,00 \u20ac<\/td><td>Zdarma<\/td><\/tr><tr><td>Museu Etnol\u00f2gic i de Cultures del M\u00f3n &#8211; Parc de Montju\u00efc<\/td><td>5,00 \u20ac<\/td><td>Zdarma<\/td><\/tr><tr><td>Museu Frederic Mar\u00e8s<\/td><td>4,20 \u20ac<\/td><td>Zdarma<\/td><\/tr><tr><td>Museu Nacional d\u2019Art de Catalunya**<\/td><td>12,00 \u20ac<\/td><td>Zdarma<\/td><\/tr><tr><td>Museu Ol\u00edmpic i de l\u2019Esport Joan Antoni Samaranch**<\/td><td>6,30 \u20ac<\/td><td>Zdarma<\/td><\/tr><tr><td>Museu Picasso<\/td><td>12,00 \u20ac<\/td><td>Zdarma<\/td><\/tr><tr><td>Museu T\u00e0pies**<\/td><td>8,00 \u20ac<\/td><td>Zdarma<\/td><\/tr><tr><td>Reial Monestir de Santa Maria de Pedralbes<\/td><td>5,00 \u20ac<\/td><td>Zdarma<\/td><\/tr><\/table><\/div>\n\n\n<h2 class=\"wp-block-heading\"><strong>Slevy<\/strong><\/h2>\n\n\n\n<h3 class=\"wp-block-heading\"><strong>Muzea a atrakce<\/strong><\/h3>\n\n\n<div class=\"ms-table\"><table><tr><th>Atrakce<\/th><th>Sleva<\/th><\/tr><tr><td>Biblioteca Ar\u00fas<\/td><td>-20%<\/td><\/tr><tr><td>Casa Amatller<\/td><td>-20%<\/td><\/tr><tr><td>Casa Batll\u00f3<\/td><td>-7\u20ac<\/td><\/tr><tr><td>Casa Mil\u00e0 &#8211; La Pedrera (La Pedrera Essencial adult) (Entry from 14h)<\/td><td>-7\u20ac<\/td><\/tr><tr><td>Casa Rocamora<\/td><td>-20%<\/td><\/tr><tr><td>Casa Vicens<\/td><td>-20%<\/td><\/tr><tr><td>Cripta Gaud\u00ed de la Col\u00f2nia G\u00fcell<\/td><td>-20%<\/td><\/tr><tr><td>Fundaci\u00f3 Vila Casas: Museu Can Framis i Espais Volart<\/td><td>-25%<\/td><\/tr><tr><td>KBR Fundaci\u00f3n MAPFRE Barcelona Photo Center<\/td><td>5\u20ac \u2192 3\u20ac<\/td><\/tr><tr><td>Gaud\u00ed Experi\u00e8ncia*<\/td><td>-20%<\/td><\/tr><tr><td>Mirador de Colom<\/td><td>-20%<\/td><\/tr><tr><td>Mirador Torre Gl\u00f2ries<\/td><td>-20%<\/td><\/tr><tr><td>Museu d\u2019Arqueologia de Catalunya<\/td><td>-25%<\/td><\/tr><tr><td>Museu d\u2019Hist\u00f2ria de Catalunya<\/td><td>-20%<\/td><\/tr><tr><td>Museu de la Cera de Barcelona<\/td><td>-20%<\/td><\/tr><tr><td>Museu de l\u2019Er\u00f2tica<\/td><td>-25%<\/td><\/tr><tr><td>Museu del Torr\u00f3 i la Xocolata de Barcelona<\/td><td>-25%<\/td><\/tr><tr><td>Museu Europeu d\u2019Art Modern (MEAM)<\/td><td>-25%<\/td><\/tr><tr><td>Museu Mar\u00edtim de Barcelona<\/td><td>-20%<\/td><\/tr><tr><td>Palau Bar\u00f3 Quadra<\/td><td>-20%<\/td><\/tr><tr><td>Palau de la M\u00fasica Catalana<\/td><td>-25%<\/td><\/tr><tr><td>Palau G\u00fcell<\/td><td>-20%<\/td><\/tr><tr><td>Paradox Museum<\/td><td>-20% (online rezerva\u010dn\u00ed k\u00f3d: TCPDX)<\/td><\/tr><tr><td>Pavell\u00f3 Mies van der Rohe<\/td><td>-25%<\/td><\/tr><tr><td>Poble Espanyol de Barcelona<\/td><td>-20%<\/td><\/tr><tr><td>Rock Museum Barcelona<\/td><td>-25%<\/td><\/tr><tr><td>Sant Pau Recinte Modernista<\/td><td>-20%<\/td><\/tr><\/table><\/div>\n\n\n<h3 class=\"wp-block-heading\"><span class=\"notion-enable-hover\" data-token-index=\"0\"><strong>N\u00e1v\u0161t\u011bvy a prohl\u00eddky<\/strong><\/span><\/h3>\n\n\n<div class=\"ms-table-error\">Unable to fetch Google Sheet data.<\/div>\n\n\n<h3 class=\"wp-block-heading\"><span class=\"notion-enable-hover\" data-token-index=\"0\">Voln\u00fd \u010das<\/span><\/h3>\n\n\n<div class=\"ms-table\"><table><tr><th>Voln\u00fd \u010das<\/th><th>Sleva<\/th><\/tr><tr><td>Casino de Barcelona<\/td><td>Vstup zdarma + drink na uv\u00edtanou<\/td><\/tr><tr><td>House of Candy<\/td><td>-50%<\/td><\/tr><tr><td>Icebarcelona*<\/td><td>-20% (pouze online rezervace)<\/td><\/tr><tr><td>L\u2019Aqu\u00e0rium de Barcelona<\/td><td>-20%<\/td><\/tr><tr><td>Parc d\u2019Atraccions del Tibidabo<\/td><td>-20%<\/td><\/tr><tr><td>Telef\u00e8ric de Montju\u00efc<\/td><td>-15% (zp\u00e1te\u010dn\u00ed j\u00edzdenka)<\/td><\/tr><tr><td>White Rabbit Barcelona*<\/td><td>-50%<\/td><\/tr><tr><td>Zoo de Barcelona<\/td><td>-20%<\/td><\/tr><\/table><\/div>\n\n\n<h3 class=\"wp-block-heading\"><span class=\"notion-enable-hover\" data-token-index=\"0\">Z\u00e1bava<\/span><\/h3>\n\n\n<div class=\"ms-table\"><table><tr><th>Z\u00e1bava<\/th><th>Sleva<\/th><\/tr><tr><td>Classical concert in Basilica de la Merc\u00e8<\/td><td>-20%<\/td><\/tr><tr><td>El Duende<\/td><td>  <\/td><\/tr><tr><td>\u2014 n\u00e1poj a show (dosp\u011bl\u00ed)<\/td><td>-10%<\/td><\/tr><tr><td>Tablao Flamenco Cordob\u00e9s<\/td><td>    <\/td><\/tr><tr><td>\u2014 n\u00e1poj a show<\/td><td>-20%<\/td><\/tr><tr><td>\u2014 ve\u010de\u0159e a p\u0159edstaven\u00ed (dosp\u011bl\u00ed)<\/td><td>-8%<\/td><\/tr><tr><td>Tablao Flamenco Patio Andaluz<\/td><td>-10,00 \u20ac<\/td><\/tr><\/table><\/div>\n\n\n<h3 class=\"wp-block-heading\">Dal\u0161\u00ed slu\u017eby<\/h3>\n\n\n<div class=\"ms-table\"><table><tr><th>Ostatn\u00ed slu\u017eby<\/th><th>Sleva<\/th><\/tr><tr><td>Locker Barcelona<\/td><td>-10%<\/td><\/tr><\/table><\/div>\n\n\n<p>*Online rezervace k dispozici<\/p>\n\n\n\n<p>**P\u0159esko\u010dte frontu<\/p>\n\n\n\n<p><strong>Aktualizov\u00e1no:<\/strong> 1. \u010dtvrtlet\u00ed 2026. Slevy se mohou zm\u011bnit bez p\u0159edchoz\u00edho upozorn\u011bn\u00ed. Bro\u017euru se v\u0161emi aktu\u00e1ln\u00edmi slevami obdr\u017e\u00edte p\u0159i vyzvednut\u00ed karty.<\/p>\n","protected":false},"excerpt":{"rendered":"","protected":false},"author":4,"featured_media":0,"parent":0,"menu_order":4,"comment_status":"closed","ping_status":"closed","template":"","meta":{"_acf_changed":false,"footnotes":"","button_url":"https:\/\/www.tiqets.com\/cs\/barcelona-attractions-c66342\/tickets-for-barcelona-card-72-Hour-96-Hour-120-Hour-p975758\/?partner=barcelonacard","ms_product_id":"","ms_product_name":"","ms_price":"","ms_currency":"","ms_rating_value":"","ms_review_count":"","rank_math_title":"%title% (Updated %currentyear%)","rank_math_description":"Barcelona Card nab\u00edz\u00ed v\u00edce ne\u017e 70 slev na obl\u00edben\u00e9 atrakce, prohl\u00eddky m\u011bsta, z\u00e1bavu, nakupov\u00e1n\u00ed a no\u010dn\u00ed \u017eivot."},"post-style":[],"producer":[],"class_list":["post-5","page","type-page","status-publish","has-post-thumbnail"],"acf":[],"product_schema":{"ms_product_id":"","ms_product_name":"","ms_price":"","ms_currency":"","ms_rating_value":"","ms_review_count":""},"_links":{"self":[{"href":"https:\/\/www.barcelonacard.org\/cs\/wp-json\/wp\/v2\/pages\/5","targetHints":{"allow":["GET"]}}],"collection":[{"href":"https:\/\/www.barcelonacard.org\/cs\/wp-json\/wp\/v2\/pages"}],"about":[{"href":"https:\/\/www.barcelonacard.org\/cs\/wp-json\/wp\/v2\/types\/page"}],"author":[{"embeddable":true,"href":"https:\/\/www.barcelonacard.org\/cs\/wp-json\/wp\/v2\/users\/4"}],"replies":[{"embeddable":true,"href":"https:\/\/www.barcelonacard.org\/cs\/wp-json\/wp\/v2\/comments?post=5"}],"version-history":[{"count":3,"href":"https:\/\/www.barcelonacard.org\/cs\/wp-json\/wp\/v2\/pages\/5\/revisions"}],"predecessor-version":[{"id":1272,"href":"https:\/\/www.barcelonacard.org\/cs\/wp-json\/wp\/v2\/pages\/5\/revisions\/1272"}],"wp:attachment":[{"href":"https:\/\/www.barcelonacard.org\/cs\/wp-json\/wp\/v2\/media?parent=5"}],"wp:term":[{"taxonomy":"post-style","embeddable":true,"href":"https:\/\/www.barcelonacard.org\/cs\/wp-json\/wp\/v2\/post-style?post=5"},{"taxonomy":"producer","embeddable":true,"href":"https:\/\/www.barcelonacard.org\/cs\/wp-json\/wp\/v2\/producer?post=5"}],"curies":[{"name":"wp","href":"https:\/\/api.w.org\/{rel}","templated":true}]}}