{"id":13,"date":"2013-10-25T17:23:53","date_gmt":"2013-10-25T15:23:53","guid":{"rendered":"https:\/\/www.barcelonacard.org\/cs\/?page_id=13"},"modified":"2026-01-20T22:15:13","modified_gmt":"2026-01-20T21:15:13","slug":"turisticke-informacni-centrum","status":"publish","type":"page","link":"https:\/\/www.barcelonacard.org\/cs\/turisticke-informacni-centrum\/","title":{"rendered":"Turistick\u00e1 informa\u010dn\u00ed centra v Barcelon\u011b"},"content":{"rendered":"\n<p>A\u0165 u\u017e jste v Barcelon\u011b kdekoli, pobl\u00ed\u017e v\u017edy najdete turistickou kancel\u00e1\u0159. Hlavn\u00ed informa\u010dn\u00ed centrum se nach\u00e1z\u00ed na n\u00e1m\u011bst\u00ed Pla\u00e7a de Catalunya, ale po cel\u00e9m m\u011bst\u011b je spousta dal\u0161\u00edch m\u00edst, kde v\u00e1m r\u00e1di pomohou.<\/p>\n\n\n\n<p>Na leti\u0161ti v Barcelon\u011b najdete turistick\u00e9 kancel\u00e1\u0159e v obou termin\u00e1lech. Kartu Barcelona Card si m\u016f\u017eete snadno koupit online p\u0159edem a vyzvednout si ji pr\u00e1v\u011b na leti\u0161ti. Dal\u0161\u00ed v\u00fdhodou je, \u017ee m\u016f\u017eete vyu\u017e\u00edt leti\u0161tn\u00ed vlak do m\u011bsta.<\/p>\n\n\n\n<p>N\u00ed\u017ee uv\u00e1d\u00edme seznam turistick\u00fdch informa\u010dn\u00edch center s kontaktn\u00edmi \u00fadaji, adresami a otev\u00edrac\u00ed dobou:<\/p>\n\n\n\n<p><strong>Pla\u00e7a de Catalunya<\/strong><\/p>\n\n\n\n<p>Toto informa\u010dn\u00ed centrum se nach\u00e1z\u00ed p\u0159\u00edmo v centru Barcelony. Nab\u00edz\u00ed pomoc v n\u011bkolika jazyc\u00edch, obchod se suven\u00fdry a slu\u017ebu vr\u00e1cen\u00ed DPH. Je tak\u00e9 v\u00fdchoz\u00edm m\u00edstem pro prohl\u00eddku \u00a0<a href=\"https:\/\/www.tiqets.com\/cs\/barcelona-attractions-c66342\/tickets-for-picasso-walking-tour-picasso-museum-skip-the-line-p977198\/?partner=barcelonacard\" rel=\"nofollow noopener\">Picassovo muzeum p\u0159esko\u010d\u00ed frontu + p\u011b\u0161\u00ed prohl\u00eddka m\u011bsta<\/a>.<\/p>\n\n\n\n<ul class=\"wp-block-list\">\n<li>Adresa: Pla\u00e7a de Catalunya, 17-S, 08002, Barcelona<\/li>\n\n\n\n<li>Tel: 932 853 834 <\/li>\n\n\n\n<li>Otev\u00edrac\u00ed doba: denn\u011b 8:30\u201320:30<\/li>\n<\/ul>\n\n\n\n<h3 class=\"wp-block-heading\"><strong>Leti\u0161tn\u00ed termin\u00e1ly 1 a 2<\/strong><\/h3>\n\n\n\n<p>Praktick\u00e9 turistick\u00e9 informa\u010dn\u00ed centrum na leti\u0161ti Barcelona \u2013 El Prat.<\/p>\n\n\n\n<ul class=\"wp-block-list\">\n<li>Adresa: Aeroport del Prat &#8211; Terminal 1 a 2 (B) <\/li>\n\n\n\n<li>Otev\u00edrac\u00ed doba:<\/li>\n<\/ul>\n\n\n\n<p>T1: pond\u011bl\u00ed\u2013ned\u011ble, 8:30\u201319:30<br>T2: pond\u011bl\u00ed\u2013ned\u011ble, 8:30\u201319:30<\/p>\n\n\n\n<h3 class=\"wp-block-heading\"><strong>Hala metra L9 na termin\u00e1lech barcelonsk\u00e9ho leti\u0161t\u011b<\/strong><\/h3>\n\n\n\n<p>Turistick\u00e9 informa\u010dn\u00ed st\u00e1nky u metra L9 v hale barcelonsk\u00e9ho leti\u0161t\u011b (T1 a T2).<\/p>\n\n\n\n<ul class=\"wp-block-list\">\n<li>Adresa: Aeroport del Prat &#8211; Metro L9, Barcelona. <\/li>\n\n\n\n<li>Otev\u00edrac\u00ed doba:<\/li>\n<\/ul>\n\n\n\n<p>T1: pond\u011bl\u00ed\u2013ned\u011ble, 8:30\u201314:30<br>T2: pond\u011bl\u00ed\u2013ned\u011ble, 8:30\u201314:30<\/p>\n\n\n\n<h3 class=\"wp-block-heading\"><strong>Oficina Catedral<\/strong><\/h3>\n\n\n\n<p>Informa\u010dn\u00ed centrum v gotick\u00e9 \u010dtvrti, p\u0159\u00edmo u barcelonsk\u00e9 katedr\u00e1ly.<\/p>\n\n\n\n<ul class=\"wp-block-list\">\n<li>Adresa: Pla de la Seu s\/n, Barcelona<\/li>\n\n\n\n<li>Otev\u00edrac\u00ed doba:<\/li>\n<\/ul>\n\n\n\n<p>Pond\u011bl\u00ed\u2013sobota: 9:00\u201317:00<br>Ned\u011ble: zav\u0159eno<\/p>\n\n\n\n<h3 class=\"wp-block-heading\"><strong>Mirador de Colom<\/strong><\/h3>\n\n\n\n<p>Turistick\u00e9 informa\u010dn\u00ed centrum uvnit\u0159 Kolumbova pam\u00e1tn\u00edku, u star\u00e9ho p\u0159\u00edstavu. Ide\u00e1ln\u00ed m\u00edsto na proch\u00e1zku. Z\u00edsk\u00e1te zde tak\u00e9 pomoc, vstupenky a tipy na v\u00fdlety.<\/p>\n\n\n\n<ul class=\"wp-block-list\">\n<li>Adresa: Pla\u00e7a del Portal de la Pau, s\/n, 08002, Barcelona<\/li>\n\n\n\n<li>Otev\u00edrac\u00ed doba: pond\u011bl\u00ed\u2013ned\u011ble, 8:30\u201314:30<\/li>\n\n\n\n<li>Posledn\u00ed vstup na Mirador je 30 minut p\u0159ed zav\u00edrac\u00ed dobou<\/li>\n<\/ul>\n\n\n\n<h3 class=\"wp-block-heading\"><strong>Estaci\u00f3 del Nord<\/strong><\/h3>\n\n\n\n<p>Pokud p\u0159ij\u00ed\u017ed\u00edte autobusem, informa\u010dn\u00ed centrum se nach\u00e1z\u00ed v l\u2019Espai Mediterr\u00e0nia v Estaci\u00f3 del Nord.<\/p>\n\n\n\n<ul class=\"wp-block-list\">\n<li>Adresa<strong>:<\/strong> Estaci\u00f3 del Nord &#8211; Espai Mediterr\u00e0nia, 08013, Barcelona<\/li>\n\n\n\n<li>Otev\u00edrac\u00ed doba: pond\u011bl\u00ed\u2013ned\u011ble, 8:30\u201314:00<\/li>\n<\/ul>\n\n\n\n<h3 class=\"wp-block-heading\"><strong>Turistick\u00e9 informa\u010dn\u00ed st\u00e1nky<\/strong><\/h3>\n\n\n\n<p>Tyto st\u00e1nky najdete na kl\u00ed\u010dov\u00fdch m\u00edstech v Barcelon\u011b, kde v\u00e1m person\u00e1l r\u00e1d pom\u016f\u017ee s osobn\u00edmi radami a tipy.<\/p>\n\n\n\n<ul class=\"wp-block-list\">\n<li><strong>Cabina Colom<\/strong><\/li>\n<\/ul>\n\n\n\n<p>Adresa: Pla\u00e7a Portal de la Pau, s\/n<br>Otev\u00edrac\u00ed doba: pond\u011bl\u00ed\u2013ned\u011ble, 8:30\u201314:30<\/p>\n\n\n\n<ul class=\"wp-block-list\">\n<li><strong>Cabina Pla\u00e7a Catalunya Bergara<\/strong><\/li>\n<\/ul>\n\n\n\n<p>Adresa: Pla\u00e7a de Catalunya, s\/n<br>Otev\u00edrac\u00ed doba: pond\u011bl\u00ed\u2013ned\u011ble, 8:30\u201320:00<\/p>\n\n\n\n<ul class=\"wp-block-list\">\n<li><strong>Cabina Pla\u00e7a de Catalunya Nord<\/strong> <\/li>\n<\/ul>\n\n\n\n<p>Adresa: Pla\u00e7a de Catalunya, s\/n (naproti \u201eEl Corte Ingl\u00e9s\u201c)<br>Otev\u00edrac\u00ed doba: Pond\u011bl\u00ed a ned\u011ble: 8:30\u201314:30. \u00dater\u00fd\u2013sobota: 8:30\u201320:00<\/p>\n\n\n\n<ul class=\"wp-block-list\">\n<li><strong>Cabina Pla\u00e7a de Catalunya Sud<\/strong>  <\/li>\n<\/ul>\n\n\n\n<p>Adresa: Pla\u00e7a de Catalunya, s\/n (naproti \u201eEl Triangle\u201c)<br>Otev\u00edrac\u00ed doba: pond\u011bl\u00ed\u2013ned\u011ble, 8:30\u201320:00<\/p>\n\n\n\n<ul class=\"wp-block-list\">\n<li><strong>Cabina Pla\u00e7a Espanya<\/strong> <\/li>\n<\/ul>\n\n\n\n<p>Adresa: Pla\u00e7a Espanya\/ Maria Cristina Av<br>Otev\u00edrac\u00ed doba: pond\u011bl\u00ed\u2013ned\u011ble, 8:30\u201314:30<\/p>\n\n\n\n<ul class=\"wp-block-list\">\n<li><strong>Cabina Sagrada Fam\u00edlia<\/strong> <\/li>\n<\/ul>\n\n\n\n<p>Adresa: Pla\u00e7a de la Sagrada Fam\u00edlia<br>Otev\u00edrac\u00ed doba: pond\u011bl\u00ed\u2013ned\u011ble, 8:30\u201320:00<\/p>\n\n\n\n<ul class=\"wp-block-list\">\n<li><strong>Cabina Sagrada Fam\u00edlia 2<\/strong> <\/li>\n<\/ul>\n\n\n\n<p>Adresa: Pla\u00e7a de la Sagrada Fam\u00edlia<br>Otev\u00edrac\u00ed doba: Ned\u011ble: 8:30\u201314:30. Pond\u011bl\u00ed\u2013sobota: 8:30\u201320:00<\/p>\n\n\n\n<div class=\"ms-p ms-rounded ms-mb-last-child-0 ms-mb-children-condensed ms-mb-block ms-alert--neutral\">\n<h4 class=\"gb-text-2314d7d2\"><span class=\"gb-shape\"><svg viewBox=\"0 0 256 256\" fill=\"#000000\" height=\"32\" width=\"32\" xmlns=\"http:\/\/www.w3.org\/2000\/svg\"><path d=\"M108,84a16,16,0,1,1,16,16A16,16,0,0,1,108,84Zm128,44A108,108,0,1,1,128,20,108.12,108.12,0,0,1,236,128Zm-24,0a84,84,0,1,0-84,84A84.09,84.09,0,0,0,212,128Zm-72,36.68V132a20,20,0,0,0-20-20,12,12,0,0,0-4,23.32V168a20,20,0,0,0,20,20,12,12,0,0,0,4-23.32Z\"><\/path><\/svg><\/span><span class=\"gb-text\">Pozn\u00e1mka<\/span><\/h4>\n\n\n\n<p class=\"gb-text\">Otev\u00edrac\u00ed doba informa\u010dn\u00edch kancel\u00e1\u0159\u00ed se m\u016f\u017ee zm\u011bnit z d\u016fvod\u016f, kter\u00e9 Turisme de Barcelona nem\u016f\u017ee ovlivnit.<\/p>\n\n\n\n<p>V\u00edce informac\u00ed najdete <a href=\"https:\/\/www.barcelonaturisme.com\/wv3\/en\/page\/38\/tourist-information-points.html\" target=\"_blank\" rel=\"noreferrer noopener nofollow\">zde<\/a>.<\/p>\n<\/div>\n\n\n\n<p><\/p>\n","protected":false},"excerpt":{"rendered":"","protected":false},"author":1,"featured_media":0,"parent":0,"menu_order":6,"comment_status":"closed","ping_status":"closed","template":"","meta":{"_acf_changed":false,"footnotes":"","button_url":"https:\/\/www.tiqets.com\/cs\/barcelona-attractions-c66342\/tickets-for-barcelona-card-72-Hour-96-Hour-120-Hour-p975758\/?partner=barcelonacard","ms_product_id":"","ms_product_name":"","ms_price":"","ms_currency":"","ms_rating_value":"","ms_review_count":"","rank_math_title":"%title% %sep% %sitename%","rank_math_description":"Seznam turistick\u00fdch informa\u010dn\u00edch kancel\u00e1\u0159\u00ed v Barcelon\u011b."},"post-style":[],"producer":[],"class_list":["post-13","page","type-page","status-publish","has-post-thumbnail"],"acf":[],"product_schema":{"ms_product_id":"","ms_product_name":"","ms_price":"","ms_currency":"","ms_rating_value":"","ms_review_count":""},"_links":{"self":[{"href":"https:\/\/www.barcelonacard.org\/cs\/wp-json\/wp\/v2\/pages\/13","targetHints":{"allow":["GET"]}}],"collection":[{"href":"https:\/\/www.barcelonacard.org\/cs\/wp-json\/wp\/v2\/pages"}],"about":[{"href":"https:\/\/www.barcelonacard.org\/cs\/wp-json\/wp\/v2\/types\/page"}],"author":[{"embeddable":true,"href":"https:\/\/www.barcelonacard.org\/cs\/wp-json\/wp\/v2\/users\/1"}],"replies":[{"embeddable":true,"href":"https:\/\/www.barcelonacard.org\/cs\/wp-json\/wp\/v2\/comments?post=13"}],"version-history":[{"count":3,"href":"https:\/\/www.barcelonacard.org\/cs\/wp-json\/wp\/v2\/pages\/13\/revisions"}],"predecessor-version":[{"id":1278,"href":"https:\/\/www.barcelonacard.org\/cs\/wp-json\/wp\/v2\/pages\/13\/revisions\/1278"}],"wp:attachment":[{"href":"https:\/\/www.barcelonacard.org\/cs\/wp-json\/wp\/v2\/media?parent=13"}],"wp:term":[{"taxonomy":"post-style","embeddable":true,"href":"https:\/\/www.barcelonacard.org\/cs\/wp-json\/wp\/v2\/post-style?post=13"},{"taxonomy":"producer","embeddable":true,"href":"https:\/\/www.barcelonacard.org\/cs\/wp-json\/wp\/v2\/producer?post=13"}],"curies":[{"name":"wp","href":"https:\/\/api.w.org\/{rel}","templated":true}]}}